{"id":207718,"date":"2024-09-25T23:54:11","date_gmt":"2024-09-25T21:54:11","guid":{"rendered":"http:\/\/test2.michel-promo.com\/en\/product\/business-narrow-wall-planner-calendar-12-sheets-dim-11x61-5-cm-pvc-bag-pointer-p-100\/"},"modified":"2025-10-08T15:32:46","modified_gmt":"2025-10-08T13:32:46","slug":"business-narrow-wall-planner-calendar-12-sheets-dim-11x61-5-cm-pvc-bag-pointer-p-100","status":"publish","type":"product","link":"https:\/\/test2.michel-promo.com\/en\/product\/business-narrow-wall-planner-calendar-12-sheets-dim-11x61-5-cm-pvc-bag-pointer-p-100\/","title":{"rendered":"&#8221; Poslovni USKI zidni planer kalendar&#8221;, 12 list., dim: 11&#215;61,5 cm, PVC vre\u0107ica, pokaziva\u010d, P\/100"},"content":{"rendered":"<p>Scope: 12 sheets \/ Dimensions: 11 x 61.5 cm (sheets) \/ Print area: 11 x 12 cm \/ Description: One-month calendar and planner, indicator, bag \/ Languages: HR \/ Paper type: 100 g\/m\u00b2 sheets, 350 g\/m\u00b2 backing \/ Binding: Glued \/ Packaging: 50 pcs<\/p>\n","protected":false},"excerpt":{"rendered":"<p>opseg: 12 listovandimenzija: 11 x 61,5 cm (listovi)nprostor za dotisak: 11 x 12 cmnopis:  jednomjese\u010dni kalendarij i planer, pokaziva\u010d, vre\u0107icanjezici: HRnvrsta papira: 100 g\/m2 listovi, 350 g\/m2 podloga nuvez: ljepljenonpakiranje: 50 kom<\/p>\n","protected":false},"featured_media":400423,"template":"","meta":{"_acf_changed":false},"product_brand":[],"product_cat":[72],"product_tag":[],"class_list":{"0":"post-207718","1":"product","2":"type-product","3":"status-publish","4":"has-post-thumbnail","6":"product_cat-nema-kategoriju","8":"first","9":"outofstock","10":"taxable","11":"shipping-taxable","12":"purchasable","13":"product-type-simple"},"acf":[],"yoast_head":"<!-- This site is optimized with the Yoast SEO plugin v26.4 - https:\/\/yoast.com\/wordpress\/plugins\/seo\/ -->\n<title>&quot; Poslovni USKI zidni planer kalendar&quot;, 12 list., dim: 11x61,5 cm, PVC vre\u0107ica, pokaziva\u010d, P\/100 &#8212; Michel Promo<\/title>\n<meta name=\"robots\" content=\"noindex, follow, max-snippet:-1, max-image-preview:large, max-video-preview:-1\" \/>\n<meta property=\"og:locale\" content=\"en_US\" \/>\n<meta property=\"og:type\" content=\"article\" \/>\n<meta property=\"og:title\" content=\"&quot; Poslovni USKI zidni planer kalendar&quot;, 12 list., dim: 11x61,5 cm, PVC vre\u0107ica, pokaziva\u010d, P\/100 &#8212; Michel Promo\" \/>\n<meta property=\"og:description\" content=\"opseg: 12 listovandimenzija: 11 x 61,5 cm (listovi)nprostor za dotisak: 11 x 12 cmnopis: jednomjese\u010dni kalendarij i planer, pokaziva\u010d, vre\u0107icanjezici: HRnvrsta papira: 100 g\/m2 listovi, 350 g\/m2 podloga nuvez: ljepljenonpakiranje: 50 kom\" \/>\n<meta property=\"og:url\" content=\"https:\/\/test2.michel-promo.com\/en\/product\/business-narrow-wall-planner-calendar-12-sheets-dim-11x61-5-cm-pvc-bag-pointer-p-100\/\" \/>\n<meta property=\"og:site_name\" content=\"Michel Promo\" \/>\n<meta property=\"article:modified_time\" content=\"2025-10-08T13:32:46+00:00\" \/>\n<meta property=\"og:image\" content=\"https:\/\/test2.michel-promo.com\/wp-content\/uploads\/2024\/09\/0-02og000170.jpeg\" \/>\n\t<meta property=\"og:image:width\" content=\"1024\" \/>\n\t<meta property=\"og:image:height\" content=\"1024\" \/>\n\t<meta property=\"og:image:type\" content=\"image\/jpeg\" \/>\n<meta name=\"twitter:card\" content=\"summary_large_image\" \/>\n<script type=\"application\/ld+json\" class=\"yoast-schema-graph\">{\"@context\":\"https:\/\/schema.org\",\"@graph\":[{\"@type\":\"WebPage\",\"@id\":\"https:\/\/test2.michel-promo.com\/en\/product\/business-narrow-wall-planner-calendar-12-sheets-dim-11x61-5-cm-pvc-bag-pointer-p-100\/\",\"url\":\"https:\/\/test2.michel-promo.com\/en\/product\/business-narrow-wall-planner-calendar-12-sheets-dim-11x61-5-cm-pvc-bag-pointer-p-100\/\",\"name\":\"\\\" Poslovni USKI zidni planer kalendar\\\", 12 list., dim: 11x61,5 cm, PVC vre\u0107ica, pokaziva\u010d, P\/100 &#8212; Michel Promo\",\"isPartOf\":{\"@id\":\"https:\/\/test2.michel-promo.com\/hr\/#website\"},\"primaryImageOfPage\":{\"@id\":\"https:\/\/test2.michel-promo.com\/en\/product\/business-narrow-wall-planner-calendar-12-sheets-dim-11x61-5-cm-pvc-bag-pointer-p-100\/#primaryimage\"},\"image\":{\"@id\":\"https:\/\/test2.michel-promo.com\/en\/product\/business-narrow-wall-planner-calendar-12-sheets-dim-11x61-5-cm-pvc-bag-pointer-p-100\/#primaryimage\"},\"thumbnailUrl\":\"https:\/\/test2.michel-promo.com\/wp-content\/uploads\/2024\/09\/0-02og000170-4739128b3c.jpg\",\"datePublished\":\"2024-09-25T21:54:11+00:00\",\"dateModified\":\"2025-10-08T13:32:46+00:00\",\"breadcrumb\":{\"@id\":\"https:\/\/test2.michel-promo.com\/en\/product\/business-narrow-wall-planner-calendar-12-sheets-dim-11x61-5-cm-pvc-bag-pointer-p-100\/#breadcrumb\"},\"inLanguage\":\"en-US\",\"potentialAction\":[{\"@type\":\"ReadAction\",\"target\":[\"https:\/\/test2.michel-promo.com\/en\/product\/business-narrow-wall-planner-calendar-12-sheets-dim-11x61-5-cm-pvc-bag-pointer-p-100\/\"]}]},{\"@type\":\"ImageObject\",\"inLanguage\":\"en-US\",\"@id\":\"https:\/\/test2.michel-promo.com\/en\/product\/business-narrow-wall-planner-calendar-12-sheets-dim-11x61-5-cm-pvc-bag-pointer-p-100\/#primaryimage\",\"url\":\"https:\/\/test2.michel-promo.com\/wp-content\/uploads\/2024\/09\/0-02og000170-4739128b3c.jpg\",\"contentUrl\":\"https:\/\/test2.michel-promo.com\/wp-content\/uploads\/2024\/09\/0-02og000170-4739128b3c.jpg\",\"width\":1024,\"height\":1024,\"caption\":\"\\\" Poslovni USKI zidni planer kalendar\\\", 12 list., dim: 11x61,5 cm, PVC vre\u0107ica, pokaziva\u010d, P\/100\"},{\"@type\":\"BreadcrumbList\",\"@id\":\"https:\/\/test2.michel-promo.com\/en\/product\/business-narrow-wall-planner-calendar-12-sheets-dim-11x61-5-cm-pvc-bag-pointer-p-100\/#breadcrumb\",\"itemListElement\":[{\"@type\":\"ListItem\",\"position\":1,\"name\":\"Po\u010detna stranica\",\"item\":\"https:\/\/test2.michel-promo.com\/\"},{\"@type\":\"ListItem\",\"position\":2,\"name\":\"Shop\",\"item\":\"https:\/\/test2.michel-promo.com\/shop\/\"},{\"@type\":\"ListItem\",\"position\":3,\"name\":\"&#8221; Poslovni USKI zidni planer kalendar&#8221;, 12 list., dim: 11&#215;61,5 cm, PVC vre\u0107ica, pokaziva\u010d, P\/100\"}]},{\"@type\":\"WebSite\",\"@id\":\"https:\/\/test2.michel-promo.com\/hr\/#website\",\"url\":\"https:\/\/test2.michel-promo.com\/hr\/\",\"name\":\"Michel Promo\",\"description\":\"Promotional Products with Personality\",\"publisher\":{\"@id\":\"https:\/\/test2.michel-promo.com\/hr\/#organization\"},\"potentialAction\":[{\"@type\":\"SearchAction\",\"target\":{\"@type\":\"EntryPoint\",\"urlTemplate\":\"https:\/\/test2.michel-promo.com\/hr\/?s={search_term_string}\"},\"query-input\":{\"@type\":\"PropertyValueSpecification\",\"valueRequired\":true,\"valueName\":\"search_term_string\"}}],\"inLanguage\":\"en-US\"},{\"@type\":\"Organization\",\"@id\":\"https:\/\/test2.michel-promo.com\/hr\/#organization\",\"name\":\"Michel Promo\",\"url\":\"https:\/\/test2.michel-promo.com\/hr\/\",\"logo\":{\"@type\":\"ImageObject\",\"inLanguage\":\"en-US\",\"@id\":\"https:\/\/test2.michel-promo.com\/hr\/#\/schema\/logo\/image\/\",\"url\":\"https:\/\/test2.michel-promo.com\/wp-content\/uploads\/2024\/05\/cropped-Widget-logo.png\",\"contentUrl\":\"https:\/\/test2.michel-promo.com\/wp-content\/uploads\/2024\/05\/cropped-Widget-logo.png\",\"width\":512,\"height\":512,\"caption\":\"Michel Promo\"},\"image\":{\"@id\":\"https:\/\/test2.michel-promo.com\/hr\/#\/schema\/logo\/image\/\"},\"sameAs\":[\"https:\/\/www.instagram.com\/promo_michel\/\",\"https:\/\/www.linkedin.com\/company\/michel-promo\/\"]}]}<\/script>\n<!-- \/ Yoast SEO plugin. -->","yoast_head_json":{"title":"\" Poslovni USKI zidni planer kalendar\", 12 list., dim: 11x61,5 cm, PVC vre\u0107ica, pokaziva\u010d, P\/100 &#8212; Michel Promo","robots":{"index":"noindex","follow":"follow","max-snippet":"max-snippet:-1","max-image-preview":"max-image-preview:large","max-video-preview":"max-video-preview:-1"},"og_locale":"en_US","og_type":"article","og_title":"\" Poslovni USKI zidni planer kalendar\", 12 list., dim: 11x61,5 cm, PVC vre\u0107ica, pokaziva\u010d, P\/100 &#8212; Michel Promo","og_description":"opseg: 12 listovandimenzija: 11 x 61,5 cm (listovi)nprostor za dotisak: 11 x 12 cmnopis: jednomjese\u010dni kalendarij i planer, pokaziva\u010d, vre\u0107icanjezici: HRnvrsta papira: 100 g\/m2 listovi, 350 g\/m2 podloga nuvez: ljepljenonpakiranje: 50 kom","og_url":"https:\/\/test2.michel-promo.com\/en\/product\/business-narrow-wall-planner-calendar-12-sheets-dim-11x61-5-cm-pvc-bag-pointer-p-100\/","og_site_name":"Michel Promo","article_modified_time":"2025-10-08T13:32:46+00:00","og_image":[{"width":1024,"height":1024,"url":"https:\/\/test2.michel-promo.com\/wp-content\/uploads\/2024\/09\/0-02og000170.jpeg","type":"image\/jpeg"}],"twitter_card":"summary_large_image","schema":{"@context":"https:\/\/schema.org","@graph":[{"@type":"WebPage","@id":"https:\/\/test2.michel-promo.com\/en\/product\/business-narrow-wall-planner-calendar-12-sheets-dim-11x61-5-cm-pvc-bag-pointer-p-100\/","url":"https:\/\/test2.michel-promo.com\/en\/product\/business-narrow-wall-planner-calendar-12-sheets-dim-11x61-5-cm-pvc-bag-pointer-p-100\/","name":"\" Poslovni USKI zidni planer kalendar\", 12 list., dim: 11x61,5 cm, PVC vre\u0107ica, pokaziva\u010d, P\/100 &#8212; Michel Promo","isPartOf":{"@id":"https:\/\/test2.michel-promo.com\/hr\/#website"},"primaryImageOfPage":{"@id":"https:\/\/test2.michel-promo.com\/en\/product\/business-narrow-wall-planner-calendar-12-sheets-dim-11x61-5-cm-pvc-bag-pointer-p-100\/#primaryimage"},"image":{"@id":"https:\/\/test2.michel-promo.com\/en\/product\/business-narrow-wall-planner-calendar-12-sheets-dim-11x61-5-cm-pvc-bag-pointer-p-100\/#primaryimage"},"thumbnailUrl":"https:\/\/test2.michel-promo.com\/wp-content\/uploads\/2024\/09\/0-02og000170-4739128b3c.jpg","datePublished":"2024-09-25T21:54:11+00:00","dateModified":"2025-10-08T13:32:46+00:00","breadcrumb":{"@id":"https:\/\/test2.michel-promo.com\/en\/product\/business-narrow-wall-planner-calendar-12-sheets-dim-11x61-5-cm-pvc-bag-pointer-p-100\/#breadcrumb"},"inLanguage":"en-US","potentialAction":[{"@type":"ReadAction","target":["https:\/\/test2.michel-promo.com\/en\/product\/business-narrow-wall-planner-calendar-12-sheets-dim-11x61-5-cm-pvc-bag-pointer-p-100\/"]}]},{"@type":"ImageObject","inLanguage":"en-US","@id":"https:\/\/test2.michel-promo.com\/en\/product\/business-narrow-wall-planner-calendar-12-sheets-dim-11x61-5-cm-pvc-bag-pointer-p-100\/#primaryimage","url":"https:\/\/test2.michel-promo.com\/wp-content\/uploads\/2024\/09\/0-02og000170-4739128b3c.jpg","contentUrl":"https:\/\/test2.michel-promo.com\/wp-content\/uploads\/2024\/09\/0-02og000170-4739128b3c.jpg","width":1024,"height":1024,"caption":"\" Poslovni USKI zidni planer kalendar\", 12 list., dim: 11x61,5 cm, PVC vre\u0107ica, pokaziva\u010d, P\/100"},{"@type":"BreadcrumbList","@id":"https:\/\/test2.michel-promo.com\/en\/product\/business-narrow-wall-planner-calendar-12-sheets-dim-11x61-5-cm-pvc-bag-pointer-p-100\/#breadcrumb","itemListElement":[{"@type":"ListItem","position":1,"name":"Po\u010detna stranica","item":"https:\/\/test2.michel-promo.com\/"},{"@type":"ListItem","position":2,"name":"Shop","item":"https:\/\/test2.michel-promo.com\/shop\/"},{"@type":"ListItem","position":3,"name":"&#8221; Poslovni USKI zidni planer kalendar&#8221;, 12 list., dim: 11&#215;61,5 cm, PVC vre\u0107ica, pokaziva\u010d, P\/100"}]},{"@type":"WebSite","@id":"https:\/\/test2.michel-promo.com\/hr\/#website","url":"https:\/\/test2.michel-promo.com\/hr\/","name":"Michel Promo","description":"Promotional Products with Personality","publisher":{"@id":"https:\/\/test2.michel-promo.com\/hr\/#organization"},"potentialAction":[{"@type":"SearchAction","target":{"@type":"EntryPoint","urlTemplate":"https:\/\/test2.michel-promo.com\/hr\/?s={search_term_string}"},"query-input":{"@type":"PropertyValueSpecification","valueRequired":true,"valueName":"search_term_string"}}],"inLanguage":"en-US"},{"@type":"Organization","@id":"https:\/\/test2.michel-promo.com\/hr\/#organization","name":"Michel Promo","url":"https:\/\/test2.michel-promo.com\/hr\/","logo":{"@type":"ImageObject","inLanguage":"en-US","@id":"https:\/\/test2.michel-promo.com\/hr\/#\/schema\/logo\/image\/","url":"https:\/\/test2.michel-promo.com\/wp-content\/uploads\/2024\/05\/cropped-Widget-logo.png","contentUrl":"https:\/\/test2.michel-promo.com\/wp-content\/uploads\/2024\/05\/cropped-Widget-logo.png","width":512,"height":512,"caption":"Michel Promo"},"image":{"@id":"https:\/\/test2.michel-promo.com\/hr\/#\/schema\/logo\/image\/"},"sameAs":["https:\/\/www.instagram.com\/promo_michel\/","https:\/\/www.linkedin.com\/company\/michel-promo\/"]}]}},"_links":{"self":[{"href":"https:\/\/test2.michel-promo.com\/en\/wp-json\/wp\/v2\/product\/207718","targetHints":{"allow":["GET"]}}],"collection":[{"href":"https:\/\/test2.michel-promo.com\/en\/wp-json\/wp\/v2\/product"}],"about":[{"href":"https:\/\/test2.michel-promo.com\/en\/wp-json\/wp\/v2\/types\/product"}],"version-history":[{"count":1,"href":"https:\/\/test2.michel-promo.com\/en\/wp-json\/wp\/v2\/product\/207718\/revisions"}],"predecessor-version":[{"id":399456,"href":"https:\/\/test2.michel-promo.com\/en\/wp-json\/wp\/v2\/product\/207718\/revisions\/399456"}],"wp:featuredmedia":[{"embeddable":true,"href":"https:\/\/test2.michel-promo.com\/en\/wp-json\/wp\/v2\/media\/400423"}],"wp:attachment":[{"href":"https:\/\/test2.michel-promo.com\/en\/wp-json\/wp\/v2\/media?parent=207718"}],"wp:term":[{"taxonomy":"product_brand","embeddable":true,"href":"https:\/\/test2.michel-promo.com\/en\/wp-json\/wp\/v2\/product_brand?post=207718"},{"taxonomy":"product_cat","embeddable":true,"href":"https:\/\/test2.michel-promo.com\/en\/wp-json\/wp\/v2\/product_cat?post=207718"},{"taxonomy":"product_tag","embeddable":true,"href":"https:\/\/test2.michel-promo.com\/en\/wp-json\/wp\/v2\/product_tag?post=207718"}],"curies":[{"name":"wp","href":"https:\/\/api.w.org\/{rel}","templated":true}]}}