{"id":207889,"date":"2024-09-25T23:57:28","date_gmt":"2024-09-25T21:57:28","guid":{"rendered":"http:\/\/test2.michel-promo.com\/en\/product\/talis-a5-brown-notebook-dim-14x21-cm-192-pages-p-20\/"},"modified":"2025-10-08T15:33:52","modified_gmt":"2025-10-08T13:33:52","slug":"talis-a5-brown-notebook-dim-14x21-cm-192-pages-p-20","status":"publish","type":"product","link":"https:\/\/test2.michel-promo.com\/en\/product\/talis-a5-brown-notebook-dim-14x21-cm-192-pages-p-20\/","title":{"rendered":"&#8220;TALIS A5&#8221; sme\u0111i rokovnik, dim: 14&#215;21 cm, 192 str., P\/20"},"content":{"rendered":"<p>Scope: 192 pages \/ Dimensions: ~14.8 x 21 cm \/ Languages: HR \/ Paper type: 80 g\/m\u00b2 sheets \/ Print: Two colors \/ Binding: Sewn, ribbon marker \/ Cover enhanced with dry embossing detail \/ Content: Part one contains basic information, 4-year calendar (2023, 2024, 2025, 2026), annual planner by months, time zones, distances between European capitals, metric measurements. Part two contains notes.<\/p>\n","protected":false},"excerpt":{"rendered":"<p>opseg: 192 stranicendimenzija: ~ 14,8 x 21 cmnjezici: HRnvrsta papira: 80 g\/m2 listovintisak: dvije bojenuvez: \u0161ivano, kapital vrpca, pokazna vrpcanKorica je oboga\u0107ena detaljom u tehnici suhog \u017eiganPreporu\u010dena vrsta tiska: sitotisak, foliotisak, termotisak i UV tisaknSadr\u017eaj: Prvi dio sadr\u017ei osnovne podatke, kalendarij za 4 godine, godi\u0161nji planer po mjesecima, vremenske zone, me\u0111usobne udaljenosti izme\u0111u glavnih europskih dr\u017eava, metri\u010dke mjere. Drugi dio sadr\u017ei bilje\u0161ke.<\/p>\n","protected":false},"featured_media":400543,"template":"","meta":{"_acf_changed":false},"product_brand":[],"product_cat":[119],"product_tag":[],"class_list":{"0":"post-207889","1":"product","2":"type-product","3":"status-publish","4":"has-post-thumbnail","6":"product_cat-notebooks-and-notepads","8":"first","9":"outofstock","10":"taxable","11":"shipping-taxable","12":"purchasable","13":"product-type-simple"},"acf":[],"yoast_head":"<!-- This site is optimized with the Yoast SEO plugin v26.4 - https:\/\/yoast.com\/wordpress\/plugins\/seo\/ -->\n<title>&quot;TALIS A5&quot; sme\u0111i rokovnik, dim: 14x21 cm, 192 str., P\/20 &#8212; Michel Promo<\/title>\n<meta name=\"robots\" content=\"noindex, follow, max-snippet:-1, max-image-preview:large, max-video-preview:-1\" \/>\n<meta property=\"og:locale\" content=\"en_US\" \/>\n<meta property=\"og:type\" content=\"article\" \/>\n<meta property=\"og:title\" content=\"&quot;TALIS A5&quot; sme\u0111i rokovnik, dim: 14x21 cm, 192 str., P\/20 &#8212; Michel Promo\" \/>\n<meta property=\"og:description\" content=\"opseg: 192 stranicendimenzija: ~ 14,8 x 21 cmnjezici: HRnvrsta papira: 80 g\/m2 listovintisak: dvije bojenuvez: \u0161ivano, kapital vrpca, pokazna vrpcanKorica je oboga\u0107ena detaljom u tehnici suhog \u017eiganPreporu\u010dena vrsta tiska: sitotisak, foliotisak, termotisak i UV tisaknSadr\u017eaj: Prvi dio sadr\u017ei osnovne podatke, kalendarij za 4 godine, godi\u0161nji planer po mjesecima, vremenske zone, me\u0111usobne udaljenosti izme\u0111u glavnih europskih dr\u017eava, metri\u010dke mjere. Drugi dio sadr\u017ei bilje\u0161ke.\" \/>\n<meta property=\"og:url\" content=\"https:\/\/test2.michel-promo.com\/en\/product\/talis-a5-brown-notebook-dim-14x21-cm-192-pages-p-20\/\" \/>\n<meta property=\"og:site_name\" content=\"Michel Promo\" \/>\n<meta property=\"article:modified_time\" content=\"2025-10-08T13:33:52+00:00\" \/>\n<meta property=\"og:image\" content=\"https:\/\/test2.michel-promo.com\/wp-content\/uploads\/2024\/09\/0-02og000238.jpeg\" \/>\n\t<meta property=\"og:image:width\" content=\"1024\" \/>\n\t<meta property=\"og:image:height\" content=\"1024\" \/>\n\t<meta property=\"og:image:type\" content=\"image\/jpeg\" \/>\n<meta name=\"twitter:card\" content=\"summary_large_image\" \/>\n<script type=\"application\/ld+json\" class=\"yoast-schema-graph\">{\"@context\":\"https:\/\/schema.org\",\"@graph\":[{\"@type\":\"WebPage\",\"@id\":\"https:\/\/test2.michel-promo.com\/en\/product\/talis-a5-brown-notebook-dim-14x21-cm-192-pages-p-20\/\",\"url\":\"https:\/\/test2.michel-promo.com\/en\/product\/talis-a5-brown-notebook-dim-14x21-cm-192-pages-p-20\/\",\"name\":\"\\\"TALIS A5\\\" sme\u0111i rokovnik, dim: 14x21 cm, 192 str., P\/20 &#8212; Michel Promo\",\"isPartOf\":{\"@id\":\"https:\/\/test2.michel-promo.com\/hr\/#website\"},\"primaryImageOfPage\":{\"@id\":\"https:\/\/test2.michel-promo.com\/en\/product\/talis-a5-brown-notebook-dim-14x21-cm-192-pages-p-20\/#primaryimage\"},\"image\":{\"@id\":\"https:\/\/test2.michel-promo.com\/en\/product\/talis-a5-brown-notebook-dim-14x21-cm-192-pages-p-20\/#primaryimage\"},\"thumbnailUrl\":\"https:\/\/test2.michel-promo.com\/wp-content\/uploads\/2024\/09\/0-02og000238-e514db095a.jpg\",\"datePublished\":\"2024-09-25T21:57:28+00:00\",\"dateModified\":\"2025-10-08T13:33:52+00:00\",\"breadcrumb\":{\"@id\":\"https:\/\/test2.michel-promo.com\/en\/product\/talis-a5-brown-notebook-dim-14x21-cm-192-pages-p-20\/#breadcrumb\"},\"inLanguage\":\"en-US\",\"potentialAction\":[{\"@type\":\"ReadAction\",\"target\":[\"https:\/\/test2.michel-promo.com\/en\/product\/talis-a5-brown-notebook-dim-14x21-cm-192-pages-p-20\/\"]}]},{\"@type\":\"ImageObject\",\"inLanguage\":\"en-US\",\"@id\":\"https:\/\/test2.michel-promo.com\/en\/product\/talis-a5-brown-notebook-dim-14x21-cm-192-pages-p-20\/#primaryimage\",\"url\":\"https:\/\/test2.michel-promo.com\/wp-content\/uploads\/2024\/09\/0-02og000238-e514db095a.jpg\",\"contentUrl\":\"https:\/\/test2.michel-promo.com\/wp-content\/uploads\/2024\/09\/0-02og000238-e514db095a.jpg\",\"width\":709,\"height\":709,\"caption\":\"\\\"TALIS A5\\\" sme\u0111i rokovnik, dim: 14x21 cm, 192 str., P\/20\"},{\"@type\":\"BreadcrumbList\",\"@id\":\"https:\/\/test2.michel-promo.com\/en\/product\/talis-a5-brown-notebook-dim-14x21-cm-192-pages-p-20\/#breadcrumb\",\"itemListElement\":[{\"@type\":\"ListItem\",\"position\":1,\"name\":\"Po\u010detna stranica\",\"item\":\"https:\/\/test2.michel-promo.com\/hr\/\"},{\"@type\":\"ListItem\",\"position\":2,\"name\":\"Shop\",\"item\":\"https:\/\/test2.michel-promo.com\/shop\/\"},{\"@type\":\"ListItem\",\"position\":3,\"name\":\"&#8220;TALIS A5&#8221; sme\u0111i rokovnik, dim: 14&#215;21 cm, 192 str., P\/20\"}]},{\"@type\":\"WebSite\",\"@id\":\"https:\/\/test2.michel-promo.com\/hr\/#website\",\"url\":\"https:\/\/test2.michel-promo.com\/hr\/\",\"name\":\"Michel Promo\",\"description\":\"Promotional Products with Personality\",\"publisher\":{\"@id\":\"https:\/\/test2.michel-promo.com\/hr\/#organization\"},\"potentialAction\":[{\"@type\":\"SearchAction\",\"target\":{\"@type\":\"EntryPoint\",\"urlTemplate\":\"https:\/\/test2.michel-promo.com\/hr\/?s={search_term_string}\"},\"query-input\":{\"@type\":\"PropertyValueSpecification\",\"valueRequired\":true,\"valueName\":\"search_term_string\"}}],\"inLanguage\":\"en-US\"},{\"@type\":\"Organization\",\"@id\":\"https:\/\/test2.michel-promo.com\/hr\/#organization\",\"name\":\"Michel Promo\",\"url\":\"https:\/\/test2.michel-promo.com\/hr\/\",\"logo\":{\"@type\":\"ImageObject\",\"inLanguage\":\"en-US\",\"@id\":\"https:\/\/test2.michel-promo.com\/hr\/#\/schema\/logo\/image\/\",\"url\":\"https:\/\/test2.michel-promo.com\/wp-content\/uploads\/2024\/05\/cropped-Widget-logo.png\",\"contentUrl\":\"https:\/\/test2.michel-promo.com\/wp-content\/uploads\/2024\/05\/cropped-Widget-logo.png\",\"width\":512,\"height\":512,\"caption\":\"Michel Promo\"},\"image\":{\"@id\":\"https:\/\/test2.michel-promo.com\/hr\/#\/schema\/logo\/image\/\"},\"sameAs\":[\"https:\/\/www.instagram.com\/promo_michel\/\",\"https:\/\/www.linkedin.com\/company\/michel-promo\/\"]}]}<\/script>\n<!-- \/ Yoast SEO plugin. -->","yoast_head_json":{"title":"\"TALIS A5\" sme\u0111i rokovnik, dim: 14x21 cm, 192 str., P\/20 &#8212; Michel Promo","robots":{"index":"noindex","follow":"follow","max-snippet":"max-snippet:-1","max-image-preview":"max-image-preview:large","max-video-preview":"max-video-preview:-1"},"og_locale":"en_US","og_type":"article","og_title":"\"TALIS A5\" sme\u0111i rokovnik, dim: 14x21 cm, 192 str., P\/20 &#8212; Michel Promo","og_description":"opseg: 192 stranicendimenzija: ~ 14,8 x 21 cmnjezici: HRnvrsta papira: 80 g\/m2 listovintisak: dvije bojenuvez: \u0161ivano, kapital vrpca, pokazna vrpcanKorica je oboga\u0107ena detaljom u tehnici suhog \u017eiganPreporu\u010dena vrsta tiska: sitotisak, foliotisak, termotisak i UV tisaknSadr\u017eaj: Prvi dio sadr\u017ei osnovne podatke, kalendarij za 4 godine, godi\u0161nji planer po mjesecima, vremenske zone, me\u0111usobne udaljenosti izme\u0111u glavnih europskih dr\u017eava, metri\u010dke mjere. Drugi dio sadr\u017ei bilje\u0161ke.","og_url":"https:\/\/test2.michel-promo.com\/en\/product\/talis-a5-brown-notebook-dim-14x21-cm-192-pages-p-20\/","og_site_name":"Michel Promo","article_modified_time":"2025-10-08T13:33:52+00:00","og_image":[{"width":1024,"height":1024,"url":"https:\/\/test2.michel-promo.com\/wp-content\/uploads\/2024\/09\/0-02og000238.jpeg","type":"image\/jpeg"}],"twitter_card":"summary_large_image","schema":{"@context":"https:\/\/schema.org","@graph":[{"@type":"WebPage","@id":"https:\/\/test2.michel-promo.com\/en\/product\/talis-a5-brown-notebook-dim-14x21-cm-192-pages-p-20\/","url":"https:\/\/test2.michel-promo.com\/en\/product\/talis-a5-brown-notebook-dim-14x21-cm-192-pages-p-20\/","name":"\"TALIS A5\" sme\u0111i rokovnik, dim: 14x21 cm, 192 str., P\/20 &#8212; Michel Promo","isPartOf":{"@id":"https:\/\/test2.michel-promo.com\/hr\/#website"},"primaryImageOfPage":{"@id":"https:\/\/test2.michel-promo.com\/en\/product\/talis-a5-brown-notebook-dim-14x21-cm-192-pages-p-20\/#primaryimage"},"image":{"@id":"https:\/\/test2.michel-promo.com\/en\/product\/talis-a5-brown-notebook-dim-14x21-cm-192-pages-p-20\/#primaryimage"},"thumbnailUrl":"https:\/\/test2.michel-promo.com\/wp-content\/uploads\/2024\/09\/0-02og000238-e514db095a.jpg","datePublished":"2024-09-25T21:57:28+00:00","dateModified":"2025-10-08T13:33:52+00:00","breadcrumb":{"@id":"https:\/\/test2.michel-promo.com\/en\/product\/talis-a5-brown-notebook-dim-14x21-cm-192-pages-p-20\/#breadcrumb"},"inLanguage":"en-US","potentialAction":[{"@type":"ReadAction","target":["https:\/\/test2.michel-promo.com\/en\/product\/talis-a5-brown-notebook-dim-14x21-cm-192-pages-p-20\/"]}]},{"@type":"ImageObject","inLanguage":"en-US","@id":"https:\/\/test2.michel-promo.com\/en\/product\/talis-a5-brown-notebook-dim-14x21-cm-192-pages-p-20\/#primaryimage","url":"https:\/\/test2.michel-promo.com\/wp-content\/uploads\/2024\/09\/0-02og000238-e514db095a.jpg","contentUrl":"https:\/\/test2.michel-promo.com\/wp-content\/uploads\/2024\/09\/0-02og000238-e514db095a.jpg","width":709,"height":709,"caption":"\"TALIS A5\" sme\u0111i rokovnik, dim: 14x21 cm, 192 str., P\/20"},{"@type":"BreadcrumbList","@id":"https:\/\/test2.michel-promo.com\/en\/product\/talis-a5-brown-notebook-dim-14x21-cm-192-pages-p-20\/#breadcrumb","itemListElement":[{"@type":"ListItem","position":1,"name":"Po\u010detna stranica","item":"https:\/\/test2.michel-promo.com\/hr\/"},{"@type":"ListItem","position":2,"name":"Shop","item":"https:\/\/test2.michel-promo.com\/shop\/"},{"@type":"ListItem","position":3,"name":"&#8220;TALIS A5&#8221; sme\u0111i rokovnik, dim: 14&#215;21 cm, 192 str., P\/20"}]},{"@type":"WebSite","@id":"https:\/\/test2.michel-promo.com\/hr\/#website","url":"https:\/\/test2.michel-promo.com\/hr\/","name":"Michel Promo","description":"Promotional Products with Personality","publisher":{"@id":"https:\/\/test2.michel-promo.com\/hr\/#organization"},"potentialAction":[{"@type":"SearchAction","target":{"@type":"EntryPoint","urlTemplate":"https:\/\/test2.michel-promo.com\/hr\/?s={search_term_string}"},"query-input":{"@type":"PropertyValueSpecification","valueRequired":true,"valueName":"search_term_string"}}],"inLanguage":"en-US"},{"@type":"Organization","@id":"https:\/\/test2.michel-promo.com\/hr\/#organization","name":"Michel Promo","url":"https:\/\/test2.michel-promo.com\/hr\/","logo":{"@type":"ImageObject","inLanguage":"en-US","@id":"https:\/\/test2.michel-promo.com\/hr\/#\/schema\/logo\/image\/","url":"https:\/\/test2.michel-promo.com\/wp-content\/uploads\/2024\/05\/cropped-Widget-logo.png","contentUrl":"https:\/\/test2.michel-promo.com\/wp-content\/uploads\/2024\/05\/cropped-Widget-logo.png","width":512,"height":512,"caption":"Michel Promo"},"image":{"@id":"https:\/\/test2.michel-promo.com\/hr\/#\/schema\/logo\/image\/"},"sameAs":["https:\/\/www.instagram.com\/promo_michel\/","https:\/\/www.linkedin.com\/company\/michel-promo\/"]}]}},"_links":{"self":[{"href":"https:\/\/test2.michel-promo.com\/en\/wp-json\/wp\/v2\/product\/207889","targetHints":{"allow":["GET"]}}],"collection":[{"href":"https:\/\/test2.michel-promo.com\/en\/wp-json\/wp\/v2\/product"}],"about":[{"href":"https:\/\/test2.michel-promo.com\/en\/wp-json\/wp\/v2\/types\/product"}],"version-history":[{"count":1,"href":"https:\/\/test2.michel-promo.com\/en\/wp-json\/wp\/v2\/product\/207889\/revisions"}],"predecessor-version":[{"id":399477,"href":"https:\/\/test2.michel-promo.com\/en\/wp-json\/wp\/v2\/product\/207889\/revisions\/399477"}],"wp:featuredmedia":[{"embeddable":true,"href":"https:\/\/test2.michel-promo.com\/en\/wp-json\/wp\/v2\/media\/400543"}],"wp:attachment":[{"href":"https:\/\/test2.michel-promo.com\/en\/wp-json\/wp\/v2\/media?parent=207889"}],"wp:term":[{"taxonomy":"product_brand","embeddable":true,"href":"https:\/\/test2.michel-promo.com\/en\/wp-json\/wp\/v2\/product_brand?post=207889"},{"taxonomy":"product_cat","embeddable":true,"href":"https:\/\/test2.michel-promo.com\/en\/wp-json\/wp\/v2\/product_cat?post=207889"},{"taxonomy":"product_tag","embeddable":true,"href":"https:\/\/test2.michel-promo.com\/en\/wp-json\/wp\/v2\/product_tag?post=207889"}],"curies":[{"name":"wp","href":"https:\/\/api.w.org\/{rel}","templated":true}]}}