{"id":209414,"date":"2024-09-26T00:26:43","date_gmt":"2024-09-25T22:26:43","guid":{"rendered":"http:\/\/test2.michel-promo.com\/en\/product\/porto-kiwi-green-notebook-a4-dim-21x26-5-cm-192-pages-p-25\/"},"modified":"2025-10-08T22:14:57","modified_gmt":"2025-10-08T20:14:57","slug":"porto-kiwi-green-notebook-a4-dim-21x26-5-cm-192-pages-p-25","status":"publish","type":"product","link":"https:\/\/test2.michel-promo.com\/en\/product\/porto-kiwi-green-notebook-a4-dim-21x26-5-cm-192-pages-p-25\/","title":{"rendered":"&#8220;PORTO&#8221; KIWI ZELENI rokovnik A4, dim: 21&#215;26,5cm, 192 str., P\/25"},"content":{"rendered":"<p>Scope: ~A4 \/ 21 x 26.5 cm \/ Pages: 192 \/ Languages: HR \/ Paper type: 80 g\/m\u00b2 sheets \/ Print: Two colors \/ Binding: Sewn, capital ribbon, bookmark ribbon, covers made from thermolabile PU material \/ Recommended printing methods: Silkscreen, foil stamping, dry embossing, UV printing \/ Content: The first part contains basic information, a 4-year calendar, a monthly planner, time zones, distances between major cities in European countries, and metric measures. The second part contains notes.<\/p>\n","protected":false},"excerpt":{"rendered":"<p>dimenzija: ~ A4 \/ 21 x 26,5 cm nopseg: 192 stranicenjezici: HRnvrsta papira:  80 g\/m2 listovintisak:  dvije bojenuvez:  \u0161ivano, kapital vrpca, pokazna vrpca, korice su izra\u0111ene od termolabilnog PU materijalanpreporu\u010dena vrsta tiska: sitotisak, foliotisak, suhi \u017eg, UV tisaknSadr\u017eajnPrvi dio sadr\u017ei osnovne podatke, kalendarij za 4ngodine, godi\u0161nji planer po mjesecima, vremenska zone,nme\u0111usobne udaljenosi izme\u0111u glavnih gradova Europskihndr\u017eava, metri\u010dke mjere. Drugi dio sadr\u017ei bilje\u0161ke.<\/p>\n","protected":false},"featured_media":401859,"template":"","meta":{"_acf_changed":false},"product_brand":[],"product_cat":[119],"product_tag":[],"class_list":{"0":"post-209414","1":"product","2":"type-product","3":"status-publish","4":"has-post-thumbnail","6":"product_cat-notebooks-and-notepads","8":"first","9":"outofstock","10":"taxable","11":"shipping-taxable","12":"purchasable","13":"product-type-simple"},"acf":[],"yoast_head":"<!-- This site is optimized with the Yoast SEO plugin v26.4 - https:\/\/yoast.com\/wordpress\/plugins\/seo\/ -->\n<title>&quot;PORTO&quot; KIWI ZELENI rokovnik A4, dim: 21x26,5cm, 192 str., P\/25 &#8212; Michel Promo<\/title>\n<meta name=\"robots\" content=\"noindex, follow, max-snippet:-1, max-image-preview:large, max-video-preview:-1\" \/>\n<meta property=\"og:locale\" content=\"en_US\" \/>\n<meta property=\"og:type\" content=\"article\" \/>\n<meta property=\"og:title\" content=\"&quot;PORTO&quot; KIWI ZELENI rokovnik A4, dim: 21x26,5cm, 192 str., P\/25 &#8212; Michel Promo\" \/>\n<meta property=\"og:description\" content=\"dimenzija: ~ A4 \/ 21 x 26,5 cm nopseg: 192 stranicenjezici: HRnvrsta papira: 80 g\/m2 listovintisak: dvije bojenuvez: \u0161ivano, kapital vrpca, pokazna vrpca, korice su izra\u0111ene od termolabilnog PU materijalanpreporu\u010dena vrsta tiska: sitotisak, foliotisak, suhi \u017eg, UV tisaknSadr\u017eajnPrvi dio sadr\u017ei osnovne podatke, kalendarij za 4ngodine, godi\u0161nji planer po mjesecima, vremenska zone,nme\u0111usobne udaljenosi izme\u0111u glavnih gradova Europskihndr\u017eava, metri\u010dke mjere. Drugi dio sadr\u017ei bilje\u0161ke.\" \/>\n<meta property=\"og:url\" content=\"https:\/\/test2.michel-promo.com\/en\/product\/porto-kiwi-green-notebook-a4-dim-21x26-5-cm-192-pages-p-25\/\" \/>\n<meta property=\"og:site_name\" content=\"Michel Promo\" \/>\n<meta property=\"article:modified_time\" content=\"2025-10-08T20:14:57+00:00\" \/>\n<meta property=\"og:image\" content=\"https:\/\/test2.michel-promo.com\/wp-content\/uploads\/2024\/09\/0-02og006664.jpeg\" \/>\n\t<meta property=\"og:image:width\" content=\"1024\" \/>\n\t<meta property=\"og:image:height\" content=\"1024\" \/>\n\t<meta property=\"og:image:type\" content=\"image\/jpeg\" \/>\n<meta name=\"twitter:card\" content=\"summary_large_image\" \/>\n<script type=\"application\/ld+json\" class=\"yoast-schema-graph\">{\"@context\":\"https:\/\/schema.org\",\"@graph\":[{\"@type\":\"WebPage\",\"@id\":\"https:\/\/test2.michel-promo.com\/en\/product\/porto-kiwi-green-notebook-a4-dim-21x26-5-cm-192-pages-p-25\/\",\"url\":\"https:\/\/test2.michel-promo.com\/en\/product\/porto-kiwi-green-notebook-a4-dim-21x26-5-cm-192-pages-p-25\/\",\"name\":\"\\\"PORTO\\\" KIWI ZELENI rokovnik A4, dim: 21x26,5cm, 192 str., P\/25 &#8212; Michel Promo\",\"isPartOf\":{\"@id\":\"https:\/\/test2.michel-promo.com\/hr\/#website\"},\"primaryImageOfPage\":{\"@id\":\"https:\/\/test2.michel-promo.com\/en\/product\/porto-kiwi-green-notebook-a4-dim-21x26-5-cm-192-pages-p-25\/#primaryimage\"},\"image\":{\"@id\":\"https:\/\/test2.michel-promo.com\/en\/product\/porto-kiwi-green-notebook-a4-dim-21x26-5-cm-192-pages-p-25\/#primaryimage\"},\"thumbnailUrl\":\"https:\/\/test2.michel-promo.com\/wp-content\/uploads\/2024\/09\/0-02og006664-054cae31.jpeg\",\"datePublished\":\"2024-09-25T22:26:43+00:00\",\"dateModified\":\"2025-10-08T20:14:57+00:00\",\"breadcrumb\":{\"@id\":\"https:\/\/test2.michel-promo.com\/en\/product\/porto-kiwi-green-notebook-a4-dim-21x26-5-cm-192-pages-p-25\/#breadcrumb\"},\"inLanguage\":\"en-US\",\"potentialAction\":[{\"@type\":\"ReadAction\",\"target\":[\"https:\/\/test2.michel-promo.com\/en\/product\/porto-kiwi-green-notebook-a4-dim-21x26-5-cm-192-pages-p-25\/\"]}]},{\"@type\":\"ImageObject\",\"inLanguage\":\"en-US\",\"@id\":\"https:\/\/test2.michel-promo.com\/en\/product\/porto-kiwi-green-notebook-a4-dim-21x26-5-cm-192-pages-p-25\/#primaryimage\",\"url\":\"https:\/\/test2.michel-promo.com\/wp-content\/uploads\/2024\/09\/0-02og006664-054cae31.jpeg\",\"contentUrl\":\"https:\/\/test2.michel-promo.com\/wp-content\/uploads\/2024\/09\/0-02og006664-054cae31.jpeg\",\"width\":1024,\"height\":1024},{\"@type\":\"BreadcrumbList\",\"@id\":\"https:\/\/test2.michel-promo.com\/en\/product\/porto-kiwi-green-notebook-a4-dim-21x26-5-cm-192-pages-p-25\/#breadcrumb\",\"itemListElement\":[{\"@type\":\"ListItem\",\"position\":1,\"name\":\"Po\u010detna stranica\",\"item\":\"https:\/\/test2.michel-promo.com\/hr\/\"},{\"@type\":\"ListItem\",\"position\":2,\"name\":\"Shop\",\"item\":\"https:\/\/test2.michel-promo.com\/shop\/\"},{\"@type\":\"ListItem\",\"position\":3,\"name\":\"&#8220;PORTO&#8221; KIWI ZELENI rokovnik A4, dim: 21&#215;26,5cm, 192 str., P\/25\"}]},{\"@type\":\"WebSite\",\"@id\":\"https:\/\/test2.michel-promo.com\/hr\/#website\",\"url\":\"https:\/\/test2.michel-promo.com\/hr\/\",\"name\":\"Michel Promo\",\"description\":\"Promotional Products with Personality\",\"publisher\":{\"@id\":\"https:\/\/test2.michel-promo.com\/hr\/#organization\"},\"potentialAction\":[{\"@type\":\"SearchAction\",\"target\":{\"@type\":\"EntryPoint\",\"urlTemplate\":\"https:\/\/test2.michel-promo.com\/hr\/?s={search_term_string}\"},\"query-input\":{\"@type\":\"PropertyValueSpecification\",\"valueRequired\":true,\"valueName\":\"search_term_string\"}}],\"inLanguage\":\"en-US\"},{\"@type\":\"Organization\",\"@id\":\"https:\/\/test2.michel-promo.com\/hr\/#organization\",\"name\":\"Michel Promo\",\"url\":\"https:\/\/test2.michel-promo.com\/hr\/\",\"logo\":{\"@type\":\"ImageObject\",\"inLanguage\":\"en-US\",\"@id\":\"https:\/\/test2.michel-promo.com\/hr\/#\/schema\/logo\/image\/\",\"url\":\"https:\/\/test2.michel-promo.com\/wp-content\/uploads\/2024\/05\/cropped-Widget-logo.png\",\"contentUrl\":\"https:\/\/test2.michel-promo.com\/wp-content\/uploads\/2024\/05\/cropped-Widget-logo.png\",\"width\":512,\"height\":512,\"caption\":\"Michel Promo\"},\"image\":{\"@id\":\"https:\/\/test2.michel-promo.com\/hr\/#\/schema\/logo\/image\/\"},\"sameAs\":[\"https:\/\/www.instagram.com\/promo_michel\/\",\"https:\/\/www.linkedin.com\/company\/michel-promo\/\"]}]}<\/script>\n<!-- \/ Yoast SEO plugin. -->","yoast_head_json":{"title":"\"PORTO\" KIWI ZELENI rokovnik A4, dim: 21x26,5cm, 192 str., P\/25 &#8212; Michel Promo","robots":{"index":"noindex","follow":"follow","max-snippet":"max-snippet:-1","max-image-preview":"max-image-preview:large","max-video-preview":"max-video-preview:-1"},"og_locale":"en_US","og_type":"article","og_title":"\"PORTO\" KIWI ZELENI rokovnik A4, dim: 21x26,5cm, 192 str., P\/25 &#8212; Michel Promo","og_description":"dimenzija: ~ A4 \/ 21 x 26,5 cm nopseg: 192 stranicenjezici: HRnvrsta papira: 80 g\/m2 listovintisak: dvije bojenuvez: \u0161ivano, kapital vrpca, pokazna vrpca, korice su izra\u0111ene od termolabilnog PU materijalanpreporu\u010dena vrsta tiska: sitotisak, foliotisak, suhi \u017eg, UV tisaknSadr\u017eajnPrvi dio sadr\u017ei osnovne podatke, kalendarij za 4ngodine, godi\u0161nji planer po mjesecima, vremenska zone,nme\u0111usobne udaljenosi izme\u0111u glavnih gradova Europskihndr\u017eava, metri\u010dke mjere. Drugi dio sadr\u017ei bilje\u0161ke.","og_url":"https:\/\/test2.michel-promo.com\/en\/product\/porto-kiwi-green-notebook-a4-dim-21x26-5-cm-192-pages-p-25\/","og_site_name":"Michel Promo","article_modified_time":"2025-10-08T20:14:57+00:00","og_image":[{"width":1024,"height":1024,"url":"https:\/\/test2.michel-promo.com\/wp-content\/uploads\/2024\/09\/0-02og006664.jpeg","type":"image\/jpeg"}],"twitter_card":"summary_large_image","schema":{"@context":"https:\/\/schema.org","@graph":[{"@type":"WebPage","@id":"https:\/\/test2.michel-promo.com\/en\/product\/porto-kiwi-green-notebook-a4-dim-21x26-5-cm-192-pages-p-25\/","url":"https:\/\/test2.michel-promo.com\/en\/product\/porto-kiwi-green-notebook-a4-dim-21x26-5-cm-192-pages-p-25\/","name":"\"PORTO\" KIWI ZELENI rokovnik A4, dim: 21x26,5cm, 192 str., P\/25 &#8212; Michel Promo","isPartOf":{"@id":"https:\/\/test2.michel-promo.com\/hr\/#website"},"primaryImageOfPage":{"@id":"https:\/\/test2.michel-promo.com\/en\/product\/porto-kiwi-green-notebook-a4-dim-21x26-5-cm-192-pages-p-25\/#primaryimage"},"image":{"@id":"https:\/\/test2.michel-promo.com\/en\/product\/porto-kiwi-green-notebook-a4-dim-21x26-5-cm-192-pages-p-25\/#primaryimage"},"thumbnailUrl":"https:\/\/test2.michel-promo.com\/wp-content\/uploads\/2024\/09\/0-02og006664-054cae31.jpeg","datePublished":"2024-09-25T22:26:43+00:00","dateModified":"2025-10-08T20:14:57+00:00","breadcrumb":{"@id":"https:\/\/test2.michel-promo.com\/en\/product\/porto-kiwi-green-notebook-a4-dim-21x26-5-cm-192-pages-p-25\/#breadcrumb"},"inLanguage":"en-US","potentialAction":[{"@type":"ReadAction","target":["https:\/\/test2.michel-promo.com\/en\/product\/porto-kiwi-green-notebook-a4-dim-21x26-5-cm-192-pages-p-25\/"]}]},{"@type":"ImageObject","inLanguage":"en-US","@id":"https:\/\/test2.michel-promo.com\/en\/product\/porto-kiwi-green-notebook-a4-dim-21x26-5-cm-192-pages-p-25\/#primaryimage","url":"https:\/\/test2.michel-promo.com\/wp-content\/uploads\/2024\/09\/0-02og006664-054cae31.jpeg","contentUrl":"https:\/\/test2.michel-promo.com\/wp-content\/uploads\/2024\/09\/0-02og006664-054cae31.jpeg","width":1024,"height":1024},{"@type":"BreadcrumbList","@id":"https:\/\/test2.michel-promo.com\/en\/product\/porto-kiwi-green-notebook-a4-dim-21x26-5-cm-192-pages-p-25\/#breadcrumb","itemListElement":[{"@type":"ListItem","position":1,"name":"Po\u010detna stranica","item":"https:\/\/test2.michel-promo.com\/hr\/"},{"@type":"ListItem","position":2,"name":"Shop","item":"https:\/\/test2.michel-promo.com\/shop\/"},{"@type":"ListItem","position":3,"name":"&#8220;PORTO&#8221; KIWI ZELENI rokovnik A4, dim: 21&#215;26,5cm, 192 str., P\/25"}]},{"@type":"WebSite","@id":"https:\/\/test2.michel-promo.com\/hr\/#website","url":"https:\/\/test2.michel-promo.com\/hr\/","name":"Michel Promo","description":"Promotional Products with Personality","publisher":{"@id":"https:\/\/test2.michel-promo.com\/hr\/#organization"},"potentialAction":[{"@type":"SearchAction","target":{"@type":"EntryPoint","urlTemplate":"https:\/\/test2.michel-promo.com\/hr\/?s={search_term_string}"},"query-input":{"@type":"PropertyValueSpecification","valueRequired":true,"valueName":"search_term_string"}}],"inLanguage":"en-US"},{"@type":"Organization","@id":"https:\/\/test2.michel-promo.com\/hr\/#organization","name":"Michel Promo","url":"https:\/\/test2.michel-promo.com\/hr\/","logo":{"@type":"ImageObject","inLanguage":"en-US","@id":"https:\/\/test2.michel-promo.com\/hr\/#\/schema\/logo\/image\/","url":"https:\/\/test2.michel-promo.com\/wp-content\/uploads\/2024\/05\/cropped-Widget-logo.png","contentUrl":"https:\/\/test2.michel-promo.com\/wp-content\/uploads\/2024\/05\/cropped-Widget-logo.png","width":512,"height":512,"caption":"Michel Promo"},"image":{"@id":"https:\/\/test2.michel-promo.com\/hr\/#\/schema\/logo\/image\/"},"sameAs":["https:\/\/www.instagram.com\/promo_michel\/","https:\/\/www.linkedin.com\/company\/michel-promo\/"]}]}},"_links":{"self":[{"href":"https:\/\/test2.michel-promo.com\/en\/wp-json\/wp\/v2\/product\/209414","targetHints":{"allow":["GET"]}}],"collection":[{"href":"https:\/\/test2.michel-promo.com\/en\/wp-json\/wp\/v2\/product"}],"about":[{"href":"https:\/\/test2.michel-promo.com\/en\/wp-json\/wp\/v2\/types\/product"}],"version-history":[{"count":1,"href":"https:\/\/test2.michel-promo.com\/en\/wp-json\/wp\/v2\/product\/209414\/revisions"}],"predecessor-version":[{"id":399789,"href":"https:\/\/test2.michel-promo.com\/en\/wp-json\/wp\/v2\/product\/209414\/revisions\/399789"}],"wp:featuredmedia":[{"embeddable":true,"href":"https:\/\/test2.michel-promo.com\/en\/wp-json\/wp\/v2\/media\/401859"}],"wp:attachment":[{"href":"https:\/\/test2.michel-promo.com\/en\/wp-json\/wp\/v2\/media?parent=209414"}],"wp:term":[{"taxonomy":"product_brand","embeddable":true,"href":"https:\/\/test2.michel-promo.com\/en\/wp-json\/wp\/v2\/product_brand?post=209414"},{"taxonomy":"product_cat","embeddable":true,"href":"https:\/\/test2.michel-promo.com\/en\/wp-json\/wp\/v2\/product_cat?post=209414"},{"taxonomy":"product_tag","embeddable":true,"href":"https:\/\/test2.michel-promo.com\/en\/wp-json\/wp\/v2\/product_tag?post=209414"}],"curies":[{"name":"wp","href":"https:\/\/api.w.org\/{rel}","templated":true}]}}