{"id":29840,"date":"2024-04-19T13:49:21","date_gmt":"2024-04-19T11:49:21","guid":{"rendered":"https:\/\/test2.michel-promo.com\/product\/bbm-wireless-speaker\/"},"modified":"2024-05-31T10:29:41","modified_gmt":"2024-05-31T08:29:41","slug":"bbm-wireless-speaker","status":"publish","type":"product","link":"https:\/\/test2.michel-promo.com\/en\/product\/bbm-wireless-speaker\/","title":{"rendered":"BBM be\u017ei\u010dni zvu\u010dnik"},"content":{"rendered":"<p>Aluminijski zvu\u010dnik od 3W s ugra\u0111enom litijskom baterijom od 300 mAh. S vremenom sviranja do 4 sata s jednim punjenjem i radnom udaljeno\u0161\u0107u od 10 m. Uklju\u010duju\u0107i ambijentalno plavo svjetlo na dnu. S funkcijom javljanja za odgovaranje na dolazne pozive.<\/p>\n","protected":false},"excerpt":{"rendered":"<p>Aluminijski zvu\u010dnik od 3W s ugra\u0111enom litijskom baterijom od 300 mAh. S vremenom sviranja do 4 sata s jednim punjenjem<\/p>\n","protected":false},"featured_media":29842,"template":"","meta":{"_acf_changed":false},"product_brand":[],"product_cat":[114,82],"product_tag":[],"class_list":{"0":"post-29840","1":"product","2":"type-product","3":"status-publish","4":"has-post-thumbnail","6":"product_cat-music-and-audio","7":"product_cat-technology-and-electronics","9":"first","10":"instock","11":"taxable","12":"shipping-taxable","13":"purchasable","14":"product-type-simple"},"acf":[],"yoast_head":"<!-- This site is optimized with the Yoast SEO plugin v26.4 - https:\/\/yoast.com\/wordpress\/plugins\/seo\/ -->\n<title>BBM be\u017ei\u010dni zvu\u010dnik &#8212; Michel Promo<\/title>\n<meta name=\"robots\" content=\"noindex, follow, max-snippet:-1, max-image-preview:large, max-video-preview:-1\" \/>\n<meta property=\"og:locale\" content=\"en_US\" \/>\n<meta property=\"og:type\" content=\"article\" \/>\n<meta property=\"og:title\" content=\"BBM be\u017ei\u010dni zvu\u010dnik &#8212; Michel Promo\" \/>\n<meta property=\"og:description\" content=\"Aluminijski zvu\u010dnik od 3W s ugra\u0111enom litijskom baterijom od 300 mAh. S vremenom sviranja do 4 sata s jednim punjenjem\" \/>\n<meta property=\"og:url\" content=\"https:\/\/test2.michel-promo.com\/en\/product\/bbm-wireless-speaker\/\" \/>\n<meta property=\"og:site_name\" content=\"Michel Promo\" \/>\n<meta property=\"article:modified_time\" content=\"2024-05-31T08:29:41+00:00\" \/>\n<meta property=\"og:image\" content=\"https:\/\/test2.michel-promo.com\/wp-content\/uploads\/2024\/04\/p326.853__b_1__7a26c4f008b549acaf5bd2b747ba2bfd.jpg\" \/>\n\t<meta property=\"og:image:width\" content=\"1024\" \/>\n\t<meta property=\"og:image:height\" content=\"1024\" \/>\n\t<meta property=\"og:image:type\" content=\"image\/jpeg\" \/>\n<meta name=\"twitter:card\" content=\"summary_large_image\" \/>\n<script type=\"application\/ld+json\" class=\"yoast-schema-graph\">{\"@context\":\"https:\/\/schema.org\",\"@graph\":[{\"@type\":\"WebPage\",\"@id\":\"https:\/\/test2.michel-promo.com\/product\/bbm-wireless-speaker\/\",\"url\":\"https:\/\/test2.michel-promo.com\/product\/bbm-wireless-speaker\/\",\"name\":\"BBM be\u017ei\u010dni zvu\u010dnik &#8212; Michel Promo\",\"isPartOf\":{\"@id\":\"https:\/\/test2.michel-promo.com\/hr\/#website\"},\"primaryImageOfPage\":{\"@id\":\"https:\/\/test2.michel-promo.com\/product\/bbm-wireless-speaker\/#primaryimage\"},\"image\":{\"@id\":\"https:\/\/test2.michel-promo.com\/product\/bbm-wireless-speaker\/#primaryimage\"},\"thumbnailUrl\":\"https:\/\/test2.michel-promo.com\/wp-content\/uploads\/2024\/04\/p326.853__b_1__7a26c4f008b549acaf5bd2b747ba2bfd.jpg\",\"datePublished\":\"2024-04-19T11:49:21+00:00\",\"dateModified\":\"2024-05-31T08:29:41+00:00\",\"breadcrumb\":{\"@id\":\"https:\/\/test2.michel-promo.com\/product\/bbm-wireless-speaker\/#breadcrumb\"},\"inLanguage\":\"en-US\",\"potentialAction\":[{\"@type\":\"ReadAction\",\"target\":[\"https:\/\/test2.michel-promo.com\/product\/bbm-wireless-speaker\/\"]}]},{\"@type\":\"ImageObject\",\"inLanguage\":\"en-US\",\"@id\":\"https:\/\/test2.michel-promo.com\/product\/bbm-wireless-speaker\/#primaryimage\",\"url\":\"https:\/\/test2.michel-promo.com\/wp-content\/uploads\/2024\/04\/p326.853__b_1__7a26c4f008b549acaf5bd2b747ba2bfd.jpg\",\"contentUrl\":\"https:\/\/test2.michel-promo.com\/wp-content\/uploads\/2024\/04\/p326.853__b_1__7a26c4f008b549acaf5bd2b747ba2bfd.jpg\",\"width\":1024,\"height\":1024},{\"@type\":\"BreadcrumbList\",\"@id\":\"https:\/\/test2.michel-promo.com\/product\/bbm-wireless-speaker\/#breadcrumb\",\"itemListElement\":[{\"@type\":\"ListItem\",\"position\":1,\"name\":\"Po\u010detna stranica\",\"item\":\"https:\/\/test2.michel-promo.com\/hr\/\"},{\"@type\":\"ListItem\",\"position\":2,\"name\":\"Shop\",\"item\":\"https:\/\/test2.michel-promo.com\/shop\/\"},{\"@type\":\"ListItem\",\"position\":3,\"name\":\"BBM be\u017ei\u010dni zvu\u010dnik\"}]},{\"@type\":\"WebSite\",\"@id\":\"https:\/\/test2.michel-promo.com\/hr\/#website\",\"url\":\"https:\/\/test2.michel-promo.com\/hr\/\",\"name\":\"Michel Promo\",\"description\":\"Promotional Products with Personality\",\"publisher\":{\"@id\":\"https:\/\/test2.michel-promo.com\/hr\/#organization\"},\"potentialAction\":[{\"@type\":\"SearchAction\",\"target\":{\"@type\":\"EntryPoint\",\"urlTemplate\":\"https:\/\/test2.michel-promo.com\/hr\/?s={search_term_string}\"},\"query-input\":{\"@type\":\"PropertyValueSpecification\",\"valueRequired\":true,\"valueName\":\"search_term_string\"}}],\"inLanguage\":\"en-US\"},{\"@type\":\"Organization\",\"@id\":\"https:\/\/test2.michel-promo.com\/hr\/#organization\",\"name\":\"Michel Promo\",\"url\":\"https:\/\/test2.michel-promo.com\/hr\/\",\"logo\":{\"@type\":\"ImageObject\",\"inLanguage\":\"en-US\",\"@id\":\"https:\/\/test2.michel-promo.com\/hr\/#\/schema\/logo\/image\/\",\"url\":\"https:\/\/test2.michel-promo.com\/wp-content\/uploads\/2024\/05\/cropped-Widget-logo.png\",\"contentUrl\":\"https:\/\/test2.michel-promo.com\/wp-content\/uploads\/2024\/05\/cropped-Widget-logo.png\",\"width\":512,\"height\":512,\"caption\":\"Michel Promo\"},\"image\":{\"@id\":\"https:\/\/test2.michel-promo.com\/hr\/#\/schema\/logo\/image\/\"},\"sameAs\":[\"https:\/\/www.instagram.com\/promo_michel\/\",\"https:\/\/www.linkedin.com\/company\/michel-promo\/\"]}]}<\/script>\n<!-- \/ Yoast SEO plugin. -->","yoast_head_json":{"title":"BBM be\u017ei\u010dni zvu\u010dnik &#8212; Michel Promo","robots":{"index":"noindex","follow":"follow","max-snippet":"max-snippet:-1","max-image-preview":"max-image-preview:large","max-video-preview":"max-video-preview:-1"},"og_locale":"en_US","og_type":"article","og_title":"BBM be\u017ei\u010dni zvu\u010dnik &#8212; Michel Promo","og_description":"Aluminijski zvu\u010dnik od 3W s ugra\u0111enom litijskom baterijom od 300 mAh. S vremenom sviranja do 4 sata s jednim punjenjem","og_url":"https:\/\/test2.michel-promo.com\/en\/product\/bbm-wireless-speaker\/","og_site_name":"Michel Promo","article_modified_time":"2024-05-31T08:29:41+00:00","og_image":[{"width":1024,"height":1024,"url":"https:\/\/test2.michel-promo.com\/wp-content\/uploads\/2024\/04\/p326.853__b_1__7a26c4f008b549acaf5bd2b747ba2bfd.jpg","type":"image\/jpeg"}],"twitter_card":"summary_large_image","schema":{"@context":"https:\/\/schema.org","@graph":[{"@type":"WebPage","@id":"https:\/\/test2.michel-promo.com\/product\/bbm-wireless-speaker\/","url":"https:\/\/test2.michel-promo.com\/product\/bbm-wireless-speaker\/","name":"BBM be\u017ei\u010dni zvu\u010dnik &#8212; Michel Promo","isPartOf":{"@id":"https:\/\/test2.michel-promo.com\/hr\/#website"},"primaryImageOfPage":{"@id":"https:\/\/test2.michel-promo.com\/product\/bbm-wireless-speaker\/#primaryimage"},"image":{"@id":"https:\/\/test2.michel-promo.com\/product\/bbm-wireless-speaker\/#primaryimage"},"thumbnailUrl":"https:\/\/test2.michel-promo.com\/wp-content\/uploads\/2024\/04\/p326.853__b_1__7a26c4f008b549acaf5bd2b747ba2bfd.jpg","datePublished":"2024-04-19T11:49:21+00:00","dateModified":"2024-05-31T08:29:41+00:00","breadcrumb":{"@id":"https:\/\/test2.michel-promo.com\/product\/bbm-wireless-speaker\/#breadcrumb"},"inLanguage":"en-US","potentialAction":[{"@type":"ReadAction","target":["https:\/\/test2.michel-promo.com\/product\/bbm-wireless-speaker\/"]}]},{"@type":"ImageObject","inLanguage":"en-US","@id":"https:\/\/test2.michel-promo.com\/product\/bbm-wireless-speaker\/#primaryimage","url":"https:\/\/test2.michel-promo.com\/wp-content\/uploads\/2024\/04\/p326.853__b_1__7a26c4f008b549acaf5bd2b747ba2bfd.jpg","contentUrl":"https:\/\/test2.michel-promo.com\/wp-content\/uploads\/2024\/04\/p326.853__b_1__7a26c4f008b549acaf5bd2b747ba2bfd.jpg","width":1024,"height":1024},{"@type":"BreadcrumbList","@id":"https:\/\/test2.michel-promo.com\/product\/bbm-wireless-speaker\/#breadcrumb","itemListElement":[{"@type":"ListItem","position":1,"name":"Po\u010detna stranica","item":"https:\/\/test2.michel-promo.com\/hr\/"},{"@type":"ListItem","position":2,"name":"Shop","item":"https:\/\/test2.michel-promo.com\/shop\/"},{"@type":"ListItem","position":3,"name":"BBM be\u017ei\u010dni zvu\u010dnik"}]},{"@type":"WebSite","@id":"https:\/\/test2.michel-promo.com\/hr\/#website","url":"https:\/\/test2.michel-promo.com\/hr\/","name":"Michel Promo","description":"Promotional Products with Personality","publisher":{"@id":"https:\/\/test2.michel-promo.com\/hr\/#organization"},"potentialAction":[{"@type":"SearchAction","target":{"@type":"EntryPoint","urlTemplate":"https:\/\/test2.michel-promo.com\/hr\/?s={search_term_string}"},"query-input":{"@type":"PropertyValueSpecification","valueRequired":true,"valueName":"search_term_string"}}],"inLanguage":"en-US"},{"@type":"Organization","@id":"https:\/\/test2.michel-promo.com\/hr\/#organization","name":"Michel Promo","url":"https:\/\/test2.michel-promo.com\/hr\/","logo":{"@type":"ImageObject","inLanguage":"en-US","@id":"https:\/\/test2.michel-promo.com\/hr\/#\/schema\/logo\/image\/","url":"https:\/\/test2.michel-promo.com\/wp-content\/uploads\/2024\/05\/cropped-Widget-logo.png","contentUrl":"https:\/\/test2.michel-promo.com\/wp-content\/uploads\/2024\/05\/cropped-Widget-logo.png","width":512,"height":512,"caption":"Michel Promo"},"image":{"@id":"https:\/\/test2.michel-promo.com\/hr\/#\/schema\/logo\/image\/"},"sameAs":["https:\/\/www.instagram.com\/promo_michel\/","https:\/\/www.linkedin.com\/company\/michel-promo\/"]}]}},"_links":{"self":[{"href":"https:\/\/test2.michel-promo.com\/en\/wp-json\/wp\/v2\/product\/29840","targetHints":{"allow":["GET"]}}],"collection":[{"href":"https:\/\/test2.michel-promo.com\/en\/wp-json\/wp\/v2\/product"}],"about":[{"href":"https:\/\/test2.michel-promo.com\/en\/wp-json\/wp\/v2\/types\/product"}],"version-history":[{"count":0,"href":"https:\/\/test2.michel-promo.com\/en\/wp-json\/wp\/v2\/product\/29840\/revisions"}],"wp:featuredmedia":[{"embeddable":true,"href":"https:\/\/test2.michel-promo.com\/en\/wp-json\/wp\/v2\/media\/29842"}],"wp:attachment":[{"href":"https:\/\/test2.michel-promo.com\/en\/wp-json\/wp\/v2\/media?parent=29840"}],"wp:term":[{"taxonomy":"product_brand","embeddable":true,"href":"https:\/\/test2.michel-promo.com\/en\/wp-json\/wp\/v2\/product_brand?post=29840"},{"taxonomy":"product_cat","embeddable":true,"href":"https:\/\/test2.michel-promo.com\/en\/wp-json\/wp\/v2\/product_cat?post=29840"},{"taxonomy":"product_tag","embeddable":true,"href":"https:\/\/test2.michel-promo.com\/en\/wp-json\/wp\/v2\/product_tag?post=29840"}],"curies":[{"name":"wp","href":"https:\/\/api.w.org\/{rel}","templated":true}]}}