{"id":32925,"date":"2024-04-19T14:14:25","date_gmt":"2024-04-19T12:14:25","guid":{"rendered":"https:\/\/test2.michel-promo.com\/product\/light-up-logo-tumbler\/"},"modified":"2024-05-31T10:29:10","modified_gmt":"2024-05-31T08:29:10","slug":"light-up-logo-tumbler","status":"publish","type":"product","link":"https:\/\/test2.michel-promo.com\/en\/product\/light-up-logo-tumbler\/","title":{"rendered":"Osvijetljena \u010da\u0161a s logotipom"},"content":{"rendered":"<p>\u010ca\u0161a s dvostrukom stijenkom. 304 SS iznutra i ABS plastika izvana. Ugravirajte svoj logo i kad se uzme i protrese, \u010da\u0161a \u0107e osvijetliti va\u0161 logo. Uklju\u010duju\u0107i 2 baterije CR2032 Sadr\u017eaj: 480 ml.<\/p>\n","protected":false},"excerpt":{"rendered":"<p>\u010ca\u0161a s dvostrukom stijenkom. 304 SS iznutra i ABS plastika izvana. Ugravirajte svoj logo i kad se uzme i protrese,<\/p>\n","protected":false},"featured_media":32927,"template":"","meta":{"_acf_changed":false},"product_brand":[],"product_cat":[101,81],"product_tag":[],"class_list":{"0":"post-32925","1":"product","2":"type-product","3":"status-publish","4":"has-post-thumbnail","6":"product_cat-bottles-and-drink-accessories","7":"product_cat-food-and-drink","9":"first","10":"instock","11":"taxable","12":"shipping-taxable","13":"purchasable","14":"product-type-simple"},"acf":[],"yoast_head":"<!-- This site is optimized with the Yoast SEO plugin v26.4 - https:\/\/yoast.com\/wordpress\/plugins\/seo\/ -->\n<title>Osvijetljena \u010da\u0161a s logotipom &#8212; Michel Promo<\/title>\n<meta name=\"robots\" content=\"noindex, follow, max-snippet:-1, max-image-preview:large, max-video-preview:-1\" \/>\n<meta property=\"og:locale\" content=\"en_US\" \/>\n<meta property=\"og:type\" content=\"article\" \/>\n<meta property=\"og:title\" content=\"Osvijetljena \u010da\u0161a s logotipom &#8212; Michel Promo\" \/>\n<meta property=\"og:description\" content=\"\u010ca\u0161a s dvostrukom stijenkom. 304 SS iznutra i ABS plastika izvana. Ugravirajte svoj logo i kad se uzme i protrese,\" \/>\n<meta property=\"og:url\" content=\"https:\/\/test2.michel-promo.com\/en\/product\/light-up-logo-tumbler\/\" \/>\n<meta property=\"og:site_name\" content=\"Michel Promo\" \/>\n<meta property=\"article:modified_time\" content=\"2024-05-31T08:29:10+00:00\" \/>\n<meta property=\"og:image\" content=\"https:\/\/test2.michel-promo.com\/wp-content\/uploads\/2024\/04\/P432.911__B_1__0447769507f2405ab2e25244feed153c.jpg\" \/>\n\t<meta property=\"og:image:width\" content=\"1024\" \/>\n\t<meta property=\"og:image:height\" content=\"1024\" \/>\n\t<meta property=\"og:image:type\" content=\"image\/jpeg\" \/>\n<meta name=\"twitter:card\" content=\"summary_large_image\" \/>\n<script type=\"application\/ld+json\" class=\"yoast-schema-graph\">{\"@context\":\"https:\/\/schema.org\",\"@graph\":[{\"@type\":\"WebPage\",\"@id\":\"https:\/\/test2.michel-promo.com\/product\/light-up-logo-tumbler\/\",\"url\":\"https:\/\/test2.michel-promo.com\/product\/light-up-logo-tumbler\/\",\"name\":\"Osvijetljena \u010da\u0161a s logotipom &#8212; Michel Promo\",\"isPartOf\":{\"@id\":\"https:\/\/test2.michel-promo.com\/hr\/#website\"},\"primaryImageOfPage\":{\"@id\":\"https:\/\/test2.michel-promo.com\/product\/light-up-logo-tumbler\/#primaryimage\"},\"image\":{\"@id\":\"https:\/\/test2.michel-promo.com\/product\/light-up-logo-tumbler\/#primaryimage\"},\"thumbnailUrl\":\"https:\/\/test2.michel-promo.com\/wp-content\/uploads\/2024\/04\/P432.911__B_1__0447769507f2405ab2e25244feed153c.jpg\",\"datePublished\":\"2024-04-19T12:14:25+00:00\",\"dateModified\":\"2024-05-31T08:29:10+00:00\",\"breadcrumb\":{\"@id\":\"https:\/\/test2.michel-promo.com\/product\/light-up-logo-tumbler\/#breadcrumb\"},\"inLanguage\":\"en-US\",\"potentialAction\":[{\"@type\":\"ReadAction\",\"target\":[\"https:\/\/test2.michel-promo.com\/product\/light-up-logo-tumbler\/\"]}]},{\"@type\":\"ImageObject\",\"inLanguage\":\"en-US\",\"@id\":\"https:\/\/test2.michel-promo.com\/product\/light-up-logo-tumbler\/#primaryimage\",\"url\":\"https:\/\/test2.michel-promo.com\/wp-content\/uploads\/2024\/04\/P432.911__B_1__0447769507f2405ab2e25244feed153c.jpg\",\"contentUrl\":\"https:\/\/test2.michel-promo.com\/wp-content\/uploads\/2024\/04\/P432.911__B_1__0447769507f2405ab2e25244feed153c.jpg\",\"width\":1024,\"height\":1024},{\"@type\":\"BreadcrumbList\",\"@id\":\"https:\/\/test2.michel-promo.com\/product\/light-up-logo-tumbler\/#breadcrumb\",\"itemListElement\":[{\"@type\":\"ListItem\",\"position\":1,\"name\":\"Po\u010detna stranica\",\"item\":\"https:\/\/test2.michel-promo.com\/hr\/\"},{\"@type\":\"ListItem\",\"position\":2,\"name\":\"Shop\",\"item\":\"https:\/\/test2.michel-promo.com\/shop\/\"},{\"@type\":\"ListItem\",\"position\":3,\"name\":\"Osvijetljena \u010da\u0161a s logotipom\"}]},{\"@type\":\"WebSite\",\"@id\":\"https:\/\/test2.michel-promo.com\/hr\/#website\",\"url\":\"https:\/\/test2.michel-promo.com\/hr\/\",\"name\":\"Michel Promo\",\"description\":\"Promotional Products with Personality\",\"publisher\":{\"@id\":\"https:\/\/test2.michel-promo.com\/hr\/#organization\"},\"potentialAction\":[{\"@type\":\"SearchAction\",\"target\":{\"@type\":\"EntryPoint\",\"urlTemplate\":\"https:\/\/test2.michel-promo.com\/hr\/?s={search_term_string}\"},\"query-input\":{\"@type\":\"PropertyValueSpecification\",\"valueRequired\":true,\"valueName\":\"search_term_string\"}}],\"inLanguage\":\"en-US\"},{\"@type\":\"Organization\",\"@id\":\"https:\/\/test2.michel-promo.com\/hr\/#organization\",\"name\":\"Michel Promo\",\"url\":\"https:\/\/test2.michel-promo.com\/hr\/\",\"logo\":{\"@type\":\"ImageObject\",\"inLanguage\":\"en-US\",\"@id\":\"https:\/\/test2.michel-promo.com\/hr\/#\/schema\/logo\/image\/\",\"url\":\"https:\/\/test2.michel-promo.com\/wp-content\/uploads\/2024\/05\/cropped-Widget-logo.png\",\"contentUrl\":\"https:\/\/test2.michel-promo.com\/wp-content\/uploads\/2024\/05\/cropped-Widget-logo.png\",\"width\":512,\"height\":512,\"caption\":\"Michel Promo\"},\"image\":{\"@id\":\"https:\/\/test2.michel-promo.com\/hr\/#\/schema\/logo\/image\/\"},\"sameAs\":[\"https:\/\/www.instagram.com\/promo_michel\/\",\"https:\/\/www.linkedin.com\/company\/michel-promo\/\"]}]}<\/script>\n<!-- \/ Yoast SEO plugin. -->","yoast_head_json":{"title":"Osvijetljena \u010da\u0161a s logotipom &#8212; Michel Promo","robots":{"index":"noindex","follow":"follow","max-snippet":"max-snippet:-1","max-image-preview":"max-image-preview:large","max-video-preview":"max-video-preview:-1"},"og_locale":"en_US","og_type":"article","og_title":"Osvijetljena \u010da\u0161a s logotipom &#8212; Michel Promo","og_description":"\u010ca\u0161a s dvostrukom stijenkom. 304 SS iznutra i ABS plastika izvana. Ugravirajte svoj logo i kad se uzme i protrese,","og_url":"https:\/\/test2.michel-promo.com\/en\/product\/light-up-logo-tumbler\/","og_site_name":"Michel Promo","article_modified_time":"2024-05-31T08:29:10+00:00","og_image":[{"width":1024,"height":1024,"url":"https:\/\/test2.michel-promo.com\/wp-content\/uploads\/2024\/04\/P432.911__B_1__0447769507f2405ab2e25244feed153c.jpg","type":"image\/jpeg"}],"twitter_card":"summary_large_image","schema":{"@context":"https:\/\/schema.org","@graph":[{"@type":"WebPage","@id":"https:\/\/test2.michel-promo.com\/product\/light-up-logo-tumbler\/","url":"https:\/\/test2.michel-promo.com\/product\/light-up-logo-tumbler\/","name":"Osvijetljena \u010da\u0161a s logotipom &#8212; Michel Promo","isPartOf":{"@id":"https:\/\/test2.michel-promo.com\/hr\/#website"},"primaryImageOfPage":{"@id":"https:\/\/test2.michel-promo.com\/product\/light-up-logo-tumbler\/#primaryimage"},"image":{"@id":"https:\/\/test2.michel-promo.com\/product\/light-up-logo-tumbler\/#primaryimage"},"thumbnailUrl":"https:\/\/test2.michel-promo.com\/wp-content\/uploads\/2024\/04\/P432.911__B_1__0447769507f2405ab2e25244feed153c.jpg","datePublished":"2024-04-19T12:14:25+00:00","dateModified":"2024-05-31T08:29:10+00:00","breadcrumb":{"@id":"https:\/\/test2.michel-promo.com\/product\/light-up-logo-tumbler\/#breadcrumb"},"inLanguage":"en-US","potentialAction":[{"@type":"ReadAction","target":["https:\/\/test2.michel-promo.com\/product\/light-up-logo-tumbler\/"]}]},{"@type":"ImageObject","inLanguage":"en-US","@id":"https:\/\/test2.michel-promo.com\/product\/light-up-logo-tumbler\/#primaryimage","url":"https:\/\/test2.michel-promo.com\/wp-content\/uploads\/2024\/04\/P432.911__B_1__0447769507f2405ab2e25244feed153c.jpg","contentUrl":"https:\/\/test2.michel-promo.com\/wp-content\/uploads\/2024\/04\/P432.911__B_1__0447769507f2405ab2e25244feed153c.jpg","width":1024,"height":1024},{"@type":"BreadcrumbList","@id":"https:\/\/test2.michel-promo.com\/product\/light-up-logo-tumbler\/#breadcrumb","itemListElement":[{"@type":"ListItem","position":1,"name":"Po\u010detna stranica","item":"https:\/\/test2.michel-promo.com\/hr\/"},{"@type":"ListItem","position":2,"name":"Shop","item":"https:\/\/test2.michel-promo.com\/shop\/"},{"@type":"ListItem","position":3,"name":"Osvijetljena \u010da\u0161a s logotipom"}]},{"@type":"WebSite","@id":"https:\/\/test2.michel-promo.com\/hr\/#website","url":"https:\/\/test2.michel-promo.com\/hr\/","name":"Michel Promo","description":"Promotional Products with Personality","publisher":{"@id":"https:\/\/test2.michel-promo.com\/hr\/#organization"},"potentialAction":[{"@type":"SearchAction","target":{"@type":"EntryPoint","urlTemplate":"https:\/\/test2.michel-promo.com\/hr\/?s={search_term_string}"},"query-input":{"@type":"PropertyValueSpecification","valueRequired":true,"valueName":"search_term_string"}}],"inLanguage":"en-US"},{"@type":"Organization","@id":"https:\/\/test2.michel-promo.com\/hr\/#organization","name":"Michel Promo","url":"https:\/\/test2.michel-promo.com\/hr\/","logo":{"@type":"ImageObject","inLanguage":"en-US","@id":"https:\/\/test2.michel-promo.com\/hr\/#\/schema\/logo\/image\/","url":"https:\/\/test2.michel-promo.com\/wp-content\/uploads\/2024\/05\/cropped-Widget-logo.png","contentUrl":"https:\/\/test2.michel-promo.com\/wp-content\/uploads\/2024\/05\/cropped-Widget-logo.png","width":512,"height":512,"caption":"Michel Promo"},"image":{"@id":"https:\/\/test2.michel-promo.com\/hr\/#\/schema\/logo\/image\/"},"sameAs":["https:\/\/www.instagram.com\/promo_michel\/","https:\/\/www.linkedin.com\/company\/michel-promo\/"]}]}},"_links":{"self":[{"href":"https:\/\/test2.michel-promo.com\/en\/wp-json\/wp\/v2\/product\/32925","targetHints":{"allow":["GET"]}}],"collection":[{"href":"https:\/\/test2.michel-promo.com\/en\/wp-json\/wp\/v2\/product"}],"about":[{"href":"https:\/\/test2.michel-promo.com\/en\/wp-json\/wp\/v2\/types\/product"}],"version-history":[{"count":0,"href":"https:\/\/test2.michel-promo.com\/en\/wp-json\/wp\/v2\/product\/32925\/revisions"}],"wp:featuredmedia":[{"embeddable":true,"href":"https:\/\/test2.michel-promo.com\/en\/wp-json\/wp\/v2\/media\/32927"}],"wp:attachment":[{"href":"https:\/\/test2.michel-promo.com\/en\/wp-json\/wp\/v2\/media?parent=32925"}],"wp:term":[{"taxonomy":"product_brand","embeddable":true,"href":"https:\/\/test2.michel-promo.com\/en\/wp-json\/wp\/v2\/product_brand?post=32925"},{"taxonomy":"product_cat","embeddable":true,"href":"https:\/\/test2.michel-promo.com\/en\/wp-json\/wp\/v2\/product_cat?post=32925"},{"taxonomy":"product_tag","embeddable":true,"href":"https:\/\/test2.michel-promo.com\/en\/wp-json\/wp\/v2\/product_tag?post=32925"}],"curies":[{"name":"wp","href":"https:\/\/api.w.org\/{rel}","templated":true}]}}