{"id":33785,"date":"2024-04-19T14:21:09","date_gmt":"2024-04-19T12:21:09","guid":{"rendered":"https:\/\/test2.michel-promo.com\/product\/grs-rpet-motivational-water-bottle\/"},"modified":"2024-05-29T10:22:31","modified_gmt":"2024-05-29T08:22:31","slug":"grs-rpet-motivational-water-bottle","status":"publish","type":"product","link":"https:\/\/test2.michel-promo.com\/en\/product\/grs-rpet-motivational-water-bottle\/","title":{"rendered":"GRS RPET Motivacijska boca za vodu"},"content":{"rendered":"<p>Ova velika boca vode pobrinut \u0107e se da postignete svoje dnevne ciljeve hidratacije! Elegantna bo\u010dica ima vremensku liniju. U kratkom pregledu vremenska traka \u0107e vam re\u0107i kada da popijete sljede\u0107i gutljaj tijekom dana. Nema vi\u0161e naga\u0111anja, va\u0161 dnevni unos vode bit \u0107e kao podmazan! Tijelo boce izra\u0111eno je od 100% GRS certificiranog RPET-a. GRS certifikat osigurava potpuno certificirani opskrbni lanac recikliranih materijala. Samo ru\u010dno pranje. Ovaj proizvod je samo za hladna pi\u0107a. Ukupni reciklirani sadr\u017eaj: 86% na temelju ukupne te\u017eine predmeta. Bez BPA. Kapacitet 1000ml.<\/p>\n","protected":false},"excerpt":{"rendered":"<p>Ova velika boca vode pobrinut \u0107e se da postignete svoje dnevne ciljeve hidratacije! Elegantna bo\u010dica ima vremensku liniju. U kratkom<\/p>\n","protected":false},"featured_media":33787,"template":"","meta":{"_acf_changed":false},"product_brand":[],"product_cat":[101,81],"product_tag":[],"class_list":{"0":"post-33785","1":"product","2":"type-product","3":"status-publish","4":"has-post-thumbnail","6":"product_cat-bottles-and-drink-accessories","7":"product_cat-food-and-drink","9":"first","10":"outofstock","11":"taxable","12":"shipping-taxable","13":"purchasable","14":"product-type-simple"},"acf":[],"_links":{"self":[{"href":"https:\/\/test2.michel-promo.com\/en\/wp-json\/wp\/v2\/product\/33785","targetHints":{"allow":["GET"]}}],"collection":[{"href":"https:\/\/test2.michel-promo.com\/en\/wp-json\/wp\/v2\/product"}],"about":[{"href":"https:\/\/test2.michel-promo.com\/en\/wp-json\/wp\/v2\/types\/product"}],"version-history":[{"count":0,"href":"https:\/\/test2.michel-promo.com\/en\/wp-json\/wp\/v2\/product\/33785\/revisions"}],"wp:featuredmedia":[{"embeddable":true,"href":"https:\/\/test2.michel-promo.com\/en\/wp-json\/wp\/v2\/media\/33787"}],"wp:attachment":[{"href":"https:\/\/test2.michel-promo.com\/en\/wp-json\/wp\/v2\/media?parent=33785"}],"wp:term":[{"taxonomy":"product_brand","embeddable":true,"href":"https:\/\/test2.michel-promo.com\/en\/wp-json\/wp\/v2\/product_brand?post=33785"},{"taxonomy":"product_cat","embeddable":true,"href":"https:\/\/test2.michel-promo.com\/en\/wp-json\/wp\/v2\/product_cat?post=33785"},{"taxonomy":"product_tag","embeddable":true,"href":"https:\/\/test2.michel-promo.com\/en\/wp-json\/wp\/v2\/product_tag?post=33785"}],"curies":[{"name":"wp","href":"https:\/\/api.w.org\/{rel}","templated":true}]}}