{"id":399922,"date":"2026-03-09T15:37:26","date_gmt":"2026-03-09T13:37:26","guid":{"rendered":"https:\/\/test2.michel-promo.com\/?post_type=product&#038;p=399922"},"modified":"2026-03-09T15:37:26","modified_gmt":"2026-03-09T13:37:26","slug":"poklon-set-umami-crni-organski-cesnjak-i-masline","status":"publish","type":"product","link":"https:\/\/test2.michel-promo.com\/en\/product\/poklon-set-umami-crni-organski-cesnjak-i-masline\/","title":{"rendered":"Poklon set Umami crni organski \u010de\u0161njak i masline"},"content":{"rendered":"","protected":false},"excerpt":{"rendered":"<p>Magnetna kutija 33x22x10<br \/>\nUmami crni bio \u010de\u0161njak 60g &#8211; re\u017eanj<br \/>\nUmami crni bio \u010de\u0161njak 100g &#8211; pasta<br \/>\nUmami premium maslinovo ulje 250ml<br \/>\nUmami olivo set pribor za jelo<\/p>\n","protected":false},"featured_media":399923,"template":"","meta":{"_acf_changed":false},"product_brand":[11796],"product_cat":[81,11795],"product_tag":[],"class_list":{"0":"post-399922","1":"product","2":"type-product","3":"status-publish","4":"has-post-thumbnail","6":"product_brand-umami","7":"product_cat-food-and-drink","8":"product_cat-gift-sets","10":"first","11":"instock","12":"taxable","13":"shipping-taxable","14":"purchasable","15":"product-type-simple"},"acf":[],"_links":{"self":[{"href":"https:\/\/test2.michel-promo.com\/en\/wp-json\/wp\/v2\/product\/399922","targetHints":{"allow":["GET"]}}],"collection":[{"href":"https:\/\/test2.michel-promo.com\/en\/wp-json\/wp\/v2\/product"}],"about":[{"href":"https:\/\/test2.michel-promo.com\/en\/wp-json\/wp\/v2\/types\/product"}],"version-history":[{"count":4,"href":"https:\/\/test2.michel-promo.com\/en\/wp-json\/wp\/v2\/product\/399922\/revisions"}],"predecessor-version":[{"id":400023,"href":"https:\/\/test2.michel-promo.com\/en\/wp-json\/wp\/v2\/product\/399922\/revisions\/400023"}],"wp:featuredmedia":[{"embeddable":true,"href":"https:\/\/test2.michel-promo.com\/en\/wp-json\/wp\/v2\/media\/399923"}],"wp:attachment":[{"href":"https:\/\/test2.michel-promo.com\/en\/wp-json\/wp\/v2\/media?parent=399922"}],"wp:term":[{"taxonomy":"product_brand","embeddable":true,"href":"https:\/\/test2.michel-promo.com\/en\/wp-json\/wp\/v2\/product_brand?post=399922"},{"taxonomy":"product_cat","embeddable":true,"href":"https:\/\/test2.michel-promo.com\/en\/wp-json\/wp\/v2\/product_cat?post=399922"},{"taxonomy":"product_tag","embeddable":true,"href":"https:\/\/test2.michel-promo.com\/en\/wp-json\/wp\/v2\/product_tag?post=399922"}],"curies":[{"name":"wp","href":"https:\/\/api.w.org\/{rel}","templated":true}]}}