{"id":404492,"date":"2026-04-07T12:05:30","date_gmt":"2026-04-07T10:05:30","guid":{"rendered":"https:\/\/test2.michel-promo.com\/en\/product\/zorr-bbq-brener-upaljac\/"},"modified":"2026-04-07T12:42:16","modified_gmt":"2026-04-07T10:42:16","slug":"zorr-bbq-brener-upaljac","status":"publish","type":"product","link":"https:\/\/test2.michel-promo.com\/en\/product\/zorr-bbq-brener-upaljac\/","title":{"rendered":"ZORR BBQ brener upalja\u010d"},"content":{"rendered":"<p>Upalja\u010d marke ZORR. Veliki, visokokvalitetni upalja\u010d s brenner plamenom i jakim, vjetrootpornim plamenom. Idealan za paljenje kamina, ro\u0161tilja ili za upotrebu u kuhinji (npr. cr\u00e8me br\u00fbl\u00e9e). Elegantni dizajn i neklizaju\u0107a dr\u0161ka osiguravaju sigurno dr\u017eanje i posebno sofisticiran izgled. Svestrani vrhunski upalja\u010d za svakodnevnu upotrebu i avanture na otvorenom.<\/p>\n<p class=\"sp-printing-notice\" style=\"margin-top:0.5rem; font-size:18px; font-weight: 600;\">Popust na koli\u010dinu. Po\u0161aljite upit za dostavu i otisak na proizvod.<\/p>\n","protected":false},"excerpt":{"rendered":"<p>Upalja\u010d marke ZORR. Veliki, visokokvalitetni upalja\u010d s brenner plamenom i jakim, vjetrootpornim plamenom. Idealan za paljenje kamina, ro\u0161tilja ili za<\/p>\n","protected":false},"featured_media":404685,"template":"","meta":{"_acf_changed":false},"product_brand":[],"product_cat":[85,153,238],"product_tag":[],"class_list":{"0":"post-404492","1":"product","2":"type-product","3":"status-publish","4":"has-post-thumbnail","6":"product_cat-keys-tools-and-auto-accessories","7":"product_cat-lighters","8":"product_cat-kataloski","10":"first","11":"instock","12":"taxable","13":"shipping-taxable","14":"purchasable","15":"product-type-simple"},"acf":[],"yoast_head":"<!-- This site is optimized with the Yoast SEO plugin v26.4 - https:\/\/yoast.com\/wordpress\/plugins\/seo\/ -->\n<title>ZORR BBQ brener upalja\u010d &#8212; Michel Promo<\/title>\n<meta name=\"robots\" content=\"noindex, follow, max-snippet:-1, max-image-preview:large, max-video-preview:-1\" \/>\n<meta property=\"og:locale\" content=\"en_US\" \/>\n<meta property=\"og:type\" content=\"article\" \/>\n<meta property=\"og:title\" content=\"ZORR BBQ brener upalja\u010d &#8212; Michel Promo\" \/>\n<meta property=\"og:description\" content=\"Upalja\u010d marke ZORR. Veliki, visokokvalitetni upalja\u010d s brenner plamenom i jakim, vjetrootpornim plamenom. Idealan za paljenje kamina, ro\u0161tilja ili za\" \/>\n<meta property=\"og:url\" content=\"https:\/\/test2.michel-promo.com\/en\/product\/zorr-bbq-brener-upaljac\/\" \/>\n<meta property=\"og:site_name\" content=\"Michel Promo\" \/>\n<meta property=\"article:modified_time\" content=\"2026-04-07T10:42:16+00:00\" \/>\n<meta name=\"twitter:card\" content=\"summary_large_image\" \/>\n<script type=\"application\/ld+json\" class=\"yoast-schema-graph\">{\"@context\":\"https:\/\/schema.org\",\"@graph\":[{\"@type\":\"WebPage\",\"@id\":\"https:\/\/test2.michel-promo.com\/en\/product\/zorr-bbq-brener-upaljac\/\",\"url\":\"https:\/\/test2.michel-promo.com\/en\/product\/zorr-bbq-brener-upaljac\/\",\"name\":\"ZORR BBQ brener upalja\u010d &#8212; Michel Promo\",\"isPartOf\":{\"@id\":\"https:\/\/test2.michel-promo.com\/hr\/#website\"},\"primaryImageOfPage\":{\"@id\":\"https:\/\/test2.michel-promo.com\/en\/product\/zorr-bbq-brener-upaljac\/#primaryimage\"},\"image\":{\"@id\":\"https:\/\/test2.michel-promo.com\/en\/product\/zorr-bbq-brener-upaljac\/#primaryimage\"},\"thumbnailUrl\":\"https:\/\/test2.michel-promo.com\/wp-content\/uploads\/2026\/04\/70848.jpg\",\"datePublished\":\"2026-04-07T10:05:30+00:00\",\"dateModified\":\"2026-04-07T10:42:16+00:00\",\"breadcrumb\":{\"@id\":\"https:\/\/test2.michel-promo.com\/en\/product\/zorr-bbq-brener-upaljac\/#breadcrumb\"},\"inLanguage\":\"en-US\",\"potentialAction\":[{\"@type\":\"ReadAction\",\"target\":[\"https:\/\/test2.michel-promo.com\/en\/product\/zorr-bbq-brener-upaljac\/\"]}]},{\"@type\":\"ImageObject\",\"inLanguage\":\"en-US\",\"@id\":\"https:\/\/test2.michel-promo.com\/en\/product\/zorr-bbq-brener-upaljac\/#primaryimage\",\"url\":\"https:\/\/test2.michel-promo.com\/wp-content\/uploads\/2026\/04\/70848.jpg\",\"contentUrl\":\"https:\/\/test2.michel-promo.com\/wp-content\/uploads\/2026\/04\/70848.jpg\",\"width\":1024,\"height\":1024},{\"@type\":\"BreadcrumbList\",\"@id\":\"https:\/\/test2.michel-promo.com\/en\/product\/zorr-bbq-brener-upaljac\/#breadcrumb\",\"itemListElement\":[{\"@type\":\"ListItem\",\"position\":1,\"name\":\"Po\u010detna stranica\",\"item\":\"https:\/\/test2.michel-promo.com\/hr\/\"},{\"@type\":\"ListItem\",\"position\":2,\"name\":\"Shop\",\"item\":\"https:\/\/test2.michel-promo.com\/shop\/\"},{\"@type\":\"ListItem\",\"position\":3,\"name\":\"ZORR BBQ brener upalja\u010d\"}]},{\"@type\":\"WebSite\",\"@id\":\"https:\/\/test2.michel-promo.com\/hr\/#website\",\"url\":\"https:\/\/test2.michel-promo.com\/hr\/\",\"name\":\"Michel Promo\",\"description\":\"Promotional Products with Personality\",\"publisher\":{\"@id\":\"https:\/\/test2.michel-promo.com\/hr\/#organization\"},\"potentialAction\":[{\"@type\":\"SearchAction\",\"target\":{\"@type\":\"EntryPoint\",\"urlTemplate\":\"https:\/\/test2.michel-promo.com\/hr\/?s={search_term_string}\"},\"query-input\":{\"@type\":\"PropertyValueSpecification\",\"valueRequired\":true,\"valueName\":\"search_term_string\"}}],\"inLanguage\":\"en-US\"},{\"@type\":\"Organization\",\"@id\":\"https:\/\/test2.michel-promo.com\/hr\/#organization\",\"name\":\"Michel Promo\",\"url\":\"https:\/\/test2.michel-promo.com\/hr\/\",\"logo\":{\"@type\":\"ImageObject\",\"inLanguage\":\"en-US\",\"@id\":\"https:\/\/test2.michel-promo.com\/hr\/#\/schema\/logo\/image\/\",\"url\":\"https:\/\/test2.michel-promo.com\/wp-content\/uploads\/2024\/05\/cropped-Widget-logo.png\",\"contentUrl\":\"https:\/\/test2.michel-promo.com\/wp-content\/uploads\/2024\/05\/cropped-Widget-logo.png\",\"width\":512,\"height\":512,\"caption\":\"Michel Promo\"},\"image\":{\"@id\":\"https:\/\/test2.michel-promo.com\/hr\/#\/schema\/logo\/image\/\"},\"sameAs\":[\"https:\/\/www.instagram.com\/promo_michel\/\",\"https:\/\/www.linkedin.com\/company\/michel-promo\/\"]}]}<\/script>\n<!-- \/ Yoast SEO plugin. -->","yoast_head_json":{"title":"ZORR BBQ brener upalja\u010d &#8212; Michel Promo","robots":{"index":"noindex","follow":"follow","max-snippet":"max-snippet:-1","max-image-preview":"max-image-preview:large","max-video-preview":"max-video-preview:-1"},"og_locale":"en_US","og_type":"article","og_title":"ZORR BBQ brener upalja\u010d &#8212; Michel Promo","og_description":"Upalja\u010d marke ZORR. Veliki, visokokvalitetni upalja\u010d s brenner plamenom i jakim, vjetrootpornim plamenom. Idealan za paljenje kamina, ro\u0161tilja ili za","og_url":"https:\/\/test2.michel-promo.com\/en\/product\/zorr-bbq-brener-upaljac\/","og_site_name":"Michel Promo","article_modified_time":"2026-04-07T10:42:16+00:00","twitter_card":"summary_large_image","schema":{"@context":"https:\/\/schema.org","@graph":[{"@type":"WebPage","@id":"https:\/\/test2.michel-promo.com\/en\/product\/zorr-bbq-brener-upaljac\/","url":"https:\/\/test2.michel-promo.com\/en\/product\/zorr-bbq-brener-upaljac\/","name":"ZORR BBQ brener upalja\u010d &#8212; Michel Promo","isPartOf":{"@id":"https:\/\/test2.michel-promo.com\/hr\/#website"},"primaryImageOfPage":{"@id":"https:\/\/test2.michel-promo.com\/en\/product\/zorr-bbq-brener-upaljac\/#primaryimage"},"image":{"@id":"https:\/\/test2.michel-promo.com\/en\/product\/zorr-bbq-brener-upaljac\/#primaryimage"},"thumbnailUrl":"https:\/\/test2.michel-promo.com\/wp-content\/uploads\/2026\/04\/70848.jpg","datePublished":"2026-04-07T10:05:30+00:00","dateModified":"2026-04-07T10:42:16+00:00","breadcrumb":{"@id":"https:\/\/test2.michel-promo.com\/en\/product\/zorr-bbq-brener-upaljac\/#breadcrumb"},"inLanguage":"en-US","potentialAction":[{"@type":"ReadAction","target":["https:\/\/test2.michel-promo.com\/en\/product\/zorr-bbq-brener-upaljac\/"]}]},{"@type":"ImageObject","inLanguage":"en-US","@id":"https:\/\/test2.michel-promo.com\/en\/product\/zorr-bbq-brener-upaljac\/#primaryimage","url":"https:\/\/test2.michel-promo.com\/wp-content\/uploads\/2026\/04\/70848.jpg","contentUrl":"https:\/\/test2.michel-promo.com\/wp-content\/uploads\/2026\/04\/70848.jpg","width":1024,"height":1024},{"@type":"BreadcrumbList","@id":"https:\/\/test2.michel-promo.com\/en\/product\/zorr-bbq-brener-upaljac\/#breadcrumb","itemListElement":[{"@type":"ListItem","position":1,"name":"Po\u010detna stranica","item":"https:\/\/test2.michel-promo.com\/hr\/"},{"@type":"ListItem","position":2,"name":"Shop","item":"https:\/\/test2.michel-promo.com\/shop\/"},{"@type":"ListItem","position":3,"name":"ZORR BBQ brener upalja\u010d"}]},{"@type":"WebSite","@id":"https:\/\/test2.michel-promo.com\/hr\/#website","url":"https:\/\/test2.michel-promo.com\/hr\/","name":"Michel Promo","description":"Promotional Products with Personality","publisher":{"@id":"https:\/\/test2.michel-promo.com\/hr\/#organization"},"potentialAction":[{"@type":"SearchAction","target":{"@type":"EntryPoint","urlTemplate":"https:\/\/test2.michel-promo.com\/hr\/?s={search_term_string}"},"query-input":{"@type":"PropertyValueSpecification","valueRequired":true,"valueName":"search_term_string"}}],"inLanguage":"en-US"},{"@type":"Organization","@id":"https:\/\/test2.michel-promo.com\/hr\/#organization","name":"Michel Promo","url":"https:\/\/test2.michel-promo.com\/hr\/","logo":{"@type":"ImageObject","inLanguage":"en-US","@id":"https:\/\/test2.michel-promo.com\/hr\/#\/schema\/logo\/image\/","url":"https:\/\/test2.michel-promo.com\/wp-content\/uploads\/2024\/05\/cropped-Widget-logo.png","contentUrl":"https:\/\/test2.michel-promo.com\/wp-content\/uploads\/2024\/05\/cropped-Widget-logo.png","width":512,"height":512,"caption":"Michel Promo"},"image":{"@id":"https:\/\/test2.michel-promo.com\/hr\/#\/schema\/logo\/image\/"},"sameAs":["https:\/\/www.instagram.com\/promo_michel\/","https:\/\/www.linkedin.com\/company\/michel-promo\/"]}]}},"_links":{"self":[{"href":"https:\/\/test2.michel-promo.com\/en\/wp-json\/wp\/v2\/product\/404492","targetHints":{"allow":["GET"]}}],"collection":[{"href":"https:\/\/test2.michel-promo.com\/en\/wp-json\/wp\/v2\/product"}],"about":[{"href":"https:\/\/test2.michel-promo.com\/en\/wp-json\/wp\/v2\/types\/product"}],"version-history":[{"count":0,"href":"https:\/\/test2.michel-promo.com\/en\/wp-json\/wp\/v2\/product\/404492\/revisions"}],"wp:featuredmedia":[{"embeddable":true,"href":"https:\/\/test2.michel-promo.com\/en\/wp-json\/wp\/v2\/media\/404685"}],"wp:attachment":[{"href":"https:\/\/test2.michel-promo.com\/en\/wp-json\/wp\/v2\/media?parent=404492"}],"wp:term":[{"taxonomy":"product_brand","embeddable":true,"href":"https:\/\/test2.michel-promo.com\/en\/wp-json\/wp\/v2\/product_brand?post=404492"},{"taxonomy":"product_cat","embeddable":true,"href":"https:\/\/test2.michel-promo.com\/en\/wp-json\/wp\/v2\/product_cat?post=404492"},{"taxonomy":"product_tag","embeddable":true,"href":"https:\/\/test2.michel-promo.com\/en\/wp-json\/wp\/v2\/product_tag?post=404492"}],"curies":[{"name":"wp","href":"https:\/\/api.w.org\/{rel}","templated":true}]}}