{"id":41288,"date":"2024-04-19T15:53:26","date_gmt":"2024-04-19T13:53:26","guid":{"rendered":"https:\/\/test2.michel-promo.com\/product\/softcover-pu-notebook-with-coloured-edge\/"},"modified":"2024-06-10T04:02:29","modified_gmt":"2024-06-10T02:02:29","slug":"softcover-pu-notebook-with-coloured-edge","status":"publish","type":"product","link":"https:\/\/test2.michel-promo.com\/en\/product\/softcover-pu-notebook-with-coloured-edge\/","title":{"rendered":"PU bilje\u017enica s mekim uvezom i rubom u boji"},"content":{"rendered":"<p>Ova PU bilje\u017enica s mekim uvezom je lagana i fleksibilna, savr\u0161en papirnati pratilac za va\u0161e svakodnevne bilje\u0161ke. Bilje\u017enica sadr\u017ei 32 lista\/64 stranice i 88 g\/m2 crnog papira krem \u200b\u200bboje. Nagla\u0161eni rub u boji i \u0161avovi na hrptu.<\/p>\n","protected":false},"excerpt":{"rendered":"<p>Ova PU bilje\u017enica s mekim uvezom je lagana i fleksibilna, savr\u0161en papirnati pratilac za va\u0161e svakodnevne bilje\u0161ke. Bilje\u017enica sadr\u017ei 32<\/p>\n","protected":false},"featured_media":41289,"template":"","meta":{"_acf_changed":false},"product_brand":[],"product_cat":[119,83],"product_tag":[],"class_list":{"0":"post-41288","1":"product","2":"type-product","3":"status-publish","4":"has-post-thumbnail","6":"product_cat-notebooks-and-notepads","7":"product_cat-office-and-desk-supplies","9":"first","10":"outofstock","11":"taxable","12":"shipping-taxable","13":"purchasable","14":"product-type-variable"},"acf":[],"yoast_head":"<!-- This site is optimized with the Yoast SEO plugin v26.4 - https:\/\/yoast.com\/wordpress\/plugins\/seo\/ -->\n<title>PU bilje\u017enica s mekim uvezom i rubom u boji &#8212; Michel Promo<\/title>\n<meta name=\"robots\" content=\"noindex, follow, max-snippet:-1, max-image-preview:large, max-video-preview:-1\" \/>\n<meta property=\"og:locale\" content=\"en_US\" \/>\n<meta property=\"og:type\" content=\"article\" \/>\n<meta property=\"og:title\" content=\"PU bilje\u017enica s mekim uvezom i rubom u boji &#8212; Michel Promo\" \/>\n<meta property=\"og:description\" content=\"Ova PU bilje\u017enica s mekim uvezom je lagana i fleksibilna, savr\u0161en papirnati pratilac za va\u0161e svakodnevne bilje\u0161ke. Bilje\u017enica sadr\u017ei 32\" \/>\n<meta property=\"og:url\" content=\"https:\/\/test2.michel-promo.com\/en\/product\/softcover-pu-notebook-with-coloured-edge\/\" \/>\n<meta property=\"og:site_name\" content=\"Michel Promo\" \/>\n<meta property=\"article:modified_time\" content=\"2024-06-10T02:02:29+00:00\" \/>\n<meta property=\"og:image\" content=\"https:\/\/test2.michel-promo.com\/wp-content\/uploads\/2024\/04\/P774.020__S_0__893608efc5fa4dd3b07806df29b04e73.jpg\" \/>\n\t<meta property=\"og:image:width\" content=\"1024\" \/>\n\t<meta property=\"og:image:height\" content=\"1024\" \/>\n\t<meta property=\"og:image:type\" content=\"image\/jpeg\" \/>\n<meta name=\"twitter:card\" content=\"summary_large_image\" \/>\n<script type=\"application\/ld+json\" class=\"yoast-schema-graph\">{\"@context\":\"https:\/\/schema.org\",\"@graph\":[{\"@type\":\"WebPage\",\"@id\":\"https:\/\/test2.michel-promo.com\/product\/softcover-pu-notebook-with-coloured-edge\/\",\"url\":\"https:\/\/test2.michel-promo.com\/product\/softcover-pu-notebook-with-coloured-edge\/\",\"name\":\"PU bilje\u017enica s mekim uvezom i rubom u boji &#8212; Michel Promo\",\"isPartOf\":{\"@id\":\"https:\/\/test2.michel-promo.com\/hr\/#website\"},\"primaryImageOfPage\":{\"@id\":\"https:\/\/test2.michel-promo.com\/product\/softcover-pu-notebook-with-coloured-edge\/#primaryimage\"},\"image\":{\"@id\":\"https:\/\/test2.michel-promo.com\/product\/softcover-pu-notebook-with-coloured-edge\/#primaryimage\"},\"thumbnailUrl\":\"https:\/\/test2.michel-promo.com\/wp-content\/uploads\/2024\/04\/P774.020__S_0__893608efc5fa4dd3b07806df29b04e73.jpg\",\"datePublished\":\"2024-04-19T13:53:26+00:00\",\"dateModified\":\"2024-06-10T02:02:29+00:00\",\"breadcrumb\":{\"@id\":\"https:\/\/test2.michel-promo.com\/product\/softcover-pu-notebook-with-coloured-edge\/#breadcrumb\"},\"inLanguage\":\"en-US\",\"potentialAction\":[{\"@type\":\"ReadAction\",\"target\":[\"https:\/\/test2.michel-promo.com\/product\/softcover-pu-notebook-with-coloured-edge\/\"]}]},{\"@type\":\"ImageObject\",\"inLanguage\":\"en-US\",\"@id\":\"https:\/\/test2.michel-promo.com\/product\/softcover-pu-notebook-with-coloured-edge\/#primaryimage\",\"url\":\"https:\/\/test2.michel-promo.com\/wp-content\/uploads\/2024\/04\/P774.020__S_0__893608efc5fa4dd3b07806df29b04e73.jpg\",\"contentUrl\":\"https:\/\/test2.michel-promo.com\/wp-content\/uploads\/2024\/04\/P774.020__S_0__893608efc5fa4dd3b07806df29b04e73.jpg\",\"width\":1024,\"height\":1024},{\"@type\":\"BreadcrumbList\",\"@id\":\"https:\/\/test2.michel-promo.com\/product\/softcover-pu-notebook-with-coloured-edge\/#breadcrumb\",\"itemListElement\":[{\"@type\":\"ListItem\",\"position\":1,\"name\":\"Po\u010detna stranica\",\"item\":\"https:\/\/test2.michel-promo.com\/\"},{\"@type\":\"ListItem\",\"position\":2,\"name\":\"Shop\",\"item\":\"https:\/\/test2.michel-promo.com\/shop\/\"},{\"@type\":\"ListItem\",\"position\":3,\"name\":\"PU bilje\u017enica s mekim uvezom i rubom u boji\"}]},{\"@type\":\"WebSite\",\"@id\":\"https:\/\/test2.michel-promo.com\/hr\/#website\",\"url\":\"https:\/\/test2.michel-promo.com\/hr\/\",\"name\":\"Michel Promo\",\"description\":\"Promotional Products with Personality\",\"publisher\":{\"@id\":\"https:\/\/test2.michel-promo.com\/hr\/#organization\"},\"potentialAction\":[{\"@type\":\"SearchAction\",\"target\":{\"@type\":\"EntryPoint\",\"urlTemplate\":\"https:\/\/test2.michel-promo.com\/hr\/?s={search_term_string}\"},\"query-input\":{\"@type\":\"PropertyValueSpecification\",\"valueRequired\":true,\"valueName\":\"search_term_string\"}}],\"inLanguage\":\"en-US\"},{\"@type\":\"Organization\",\"@id\":\"https:\/\/test2.michel-promo.com\/hr\/#organization\",\"name\":\"Michel Promo\",\"url\":\"https:\/\/test2.michel-promo.com\/hr\/\",\"logo\":{\"@type\":\"ImageObject\",\"inLanguage\":\"en-US\",\"@id\":\"https:\/\/test2.michel-promo.com\/hr\/#\/schema\/logo\/image\/\",\"url\":\"https:\/\/test2.michel-promo.com\/wp-content\/uploads\/2024\/05\/cropped-Widget-logo.png\",\"contentUrl\":\"https:\/\/test2.michel-promo.com\/wp-content\/uploads\/2024\/05\/cropped-Widget-logo.png\",\"width\":512,\"height\":512,\"caption\":\"Michel Promo\"},\"image\":{\"@id\":\"https:\/\/test2.michel-promo.com\/hr\/#\/schema\/logo\/image\/\"},\"sameAs\":[\"https:\/\/www.instagram.com\/promo_michel\/\",\"https:\/\/www.linkedin.com\/company\/michel-promo\/\"]}]}<\/script>\n<!-- \/ Yoast SEO plugin. -->","yoast_head_json":{"title":"PU bilje\u017enica s mekim uvezom i rubom u boji &#8212; Michel Promo","robots":{"index":"noindex","follow":"follow","max-snippet":"max-snippet:-1","max-image-preview":"max-image-preview:large","max-video-preview":"max-video-preview:-1"},"og_locale":"en_US","og_type":"article","og_title":"PU bilje\u017enica s mekim uvezom i rubom u boji &#8212; Michel Promo","og_description":"Ova PU bilje\u017enica s mekim uvezom je lagana i fleksibilna, savr\u0161en papirnati pratilac za va\u0161e svakodnevne bilje\u0161ke. Bilje\u017enica sadr\u017ei 32","og_url":"https:\/\/test2.michel-promo.com\/en\/product\/softcover-pu-notebook-with-coloured-edge\/","og_site_name":"Michel Promo","article_modified_time":"2024-06-10T02:02:29+00:00","og_image":[{"width":1024,"height":1024,"url":"https:\/\/test2.michel-promo.com\/wp-content\/uploads\/2024\/04\/P774.020__S_0__893608efc5fa4dd3b07806df29b04e73.jpg","type":"image\/jpeg"}],"twitter_card":"summary_large_image","schema":{"@context":"https:\/\/schema.org","@graph":[{"@type":"WebPage","@id":"https:\/\/test2.michel-promo.com\/product\/softcover-pu-notebook-with-coloured-edge\/","url":"https:\/\/test2.michel-promo.com\/product\/softcover-pu-notebook-with-coloured-edge\/","name":"PU bilje\u017enica s mekim uvezom i rubom u boji &#8212; Michel Promo","isPartOf":{"@id":"https:\/\/test2.michel-promo.com\/hr\/#website"},"primaryImageOfPage":{"@id":"https:\/\/test2.michel-promo.com\/product\/softcover-pu-notebook-with-coloured-edge\/#primaryimage"},"image":{"@id":"https:\/\/test2.michel-promo.com\/product\/softcover-pu-notebook-with-coloured-edge\/#primaryimage"},"thumbnailUrl":"https:\/\/test2.michel-promo.com\/wp-content\/uploads\/2024\/04\/P774.020__S_0__893608efc5fa4dd3b07806df29b04e73.jpg","datePublished":"2024-04-19T13:53:26+00:00","dateModified":"2024-06-10T02:02:29+00:00","breadcrumb":{"@id":"https:\/\/test2.michel-promo.com\/product\/softcover-pu-notebook-with-coloured-edge\/#breadcrumb"},"inLanguage":"en-US","potentialAction":[{"@type":"ReadAction","target":["https:\/\/test2.michel-promo.com\/product\/softcover-pu-notebook-with-coloured-edge\/"]}]},{"@type":"ImageObject","inLanguage":"en-US","@id":"https:\/\/test2.michel-promo.com\/product\/softcover-pu-notebook-with-coloured-edge\/#primaryimage","url":"https:\/\/test2.michel-promo.com\/wp-content\/uploads\/2024\/04\/P774.020__S_0__893608efc5fa4dd3b07806df29b04e73.jpg","contentUrl":"https:\/\/test2.michel-promo.com\/wp-content\/uploads\/2024\/04\/P774.020__S_0__893608efc5fa4dd3b07806df29b04e73.jpg","width":1024,"height":1024},{"@type":"BreadcrumbList","@id":"https:\/\/test2.michel-promo.com\/product\/softcover-pu-notebook-with-coloured-edge\/#breadcrumb","itemListElement":[{"@type":"ListItem","position":1,"name":"Po\u010detna stranica","item":"https:\/\/test2.michel-promo.com\/"},{"@type":"ListItem","position":2,"name":"Shop","item":"https:\/\/test2.michel-promo.com\/shop\/"},{"@type":"ListItem","position":3,"name":"PU bilje\u017enica s mekim uvezom i rubom u boji"}]},{"@type":"WebSite","@id":"https:\/\/test2.michel-promo.com\/hr\/#website","url":"https:\/\/test2.michel-promo.com\/hr\/","name":"Michel Promo","description":"Promotional Products with Personality","publisher":{"@id":"https:\/\/test2.michel-promo.com\/hr\/#organization"},"potentialAction":[{"@type":"SearchAction","target":{"@type":"EntryPoint","urlTemplate":"https:\/\/test2.michel-promo.com\/hr\/?s={search_term_string}"},"query-input":{"@type":"PropertyValueSpecification","valueRequired":true,"valueName":"search_term_string"}}],"inLanguage":"en-US"},{"@type":"Organization","@id":"https:\/\/test2.michel-promo.com\/hr\/#organization","name":"Michel Promo","url":"https:\/\/test2.michel-promo.com\/hr\/","logo":{"@type":"ImageObject","inLanguage":"en-US","@id":"https:\/\/test2.michel-promo.com\/hr\/#\/schema\/logo\/image\/","url":"https:\/\/test2.michel-promo.com\/wp-content\/uploads\/2024\/05\/cropped-Widget-logo.png","contentUrl":"https:\/\/test2.michel-promo.com\/wp-content\/uploads\/2024\/05\/cropped-Widget-logo.png","width":512,"height":512,"caption":"Michel Promo"},"image":{"@id":"https:\/\/test2.michel-promo.com\/hr\/#\/schema\/logo\/image\/"},"sameAs":["https:\/\/www.instagram.com\/promo_michel\/","https:\/\/www.linkedin.com\/company\/michel-promo\/"]}]}},"_links":{"self":[{"href":"https:\/\/test2.michel-promo.com\/en\/wp-json\/wp\/v2\/product\/41288","targetHints":{"allow":["GET"]}}],"collection":[{"href":"https:\/\/test2.michel-promo.com\/en\/wp-json\/wp\/v2\/product"}],"about":[{"href":"https:\/\/test2.michel-promo.com\/en\/wp-json\/wp\/v2\/types\/product"}],"version-history":[{"count":0,"href":"https:\/\/test2.michel-promo.com\/en\/wp-json\/wp\/v2\/product\/41288\/revisions"}],"wp:featuredmedia":[{"embeddable":true,"href":"https:\/\/test2.michel-promo.com\/en\/wp-json\/wp\/v2\/media\/41289"}],"wp:attachment":[{"href":"https:\/\/test2.michel-promo.com\/en\/wp-json\/wp\/v2\/media?parent=41288"}],"wp:term":[{"taxonomy":"product_brand","embeddable":true,"href":"https:\/\/test2.michel-promo.com\/en\/wp-json\/wp\/v2\/product_brand?post=41288"},{"taxonomy":"product_cat","embeddable":true,"href":"https:\/\/test2.michel-promo.com\/en\/wp-json\/wp\/v2\/product_cat?post=41288"},{"taxonomy":"product_tag","embeddable":true,"href":"https:\/\/test2.michel-promo.com\/en\/wp-json\/wp\/v2\/product_tag?post=41288"}],"curies":[{"name":"wp","href":"https:\/\/api.w.org\/{rel}","templated":true}]}}