{"id":193222,"date":"2024-08-12T11:43:16","date_gmt":"2024-08-12T09:43:16","guid":{"rendered":"https:\/\/test2.michel-promo.com\/en\/product\/vinga-timo-rcs-recycled-aluminium-pen\/"},"modified":"2025-11-18T13:48:31","modified_gmt":"2025-11-18T11:48:31","slug":"vinga-timo-rcs-recycled-aluminium-pen","status":"publish","type":"product","link":"https:\/\/test2.michel-promo.com\/hr\/proizvod\/vinga-timo-rcs-recycled-aluminium-pen\/","title":{"rendered":"VINGA Timo RCS olovka od recikliranog aluminija"},"content":{"rendered":"<p>Elegantan pisa\u0107i instrument s okretnim mehanizmom s plavom tintom koja se temelji na dokumentima, pru\u017ea du\u017einu pisanja od oko 1200 metara i \u0161irinu pisanja od 1,0 mm. Izra\u0111en od reciklirane aluminijske cijevi, mjedenih komponenti i PU materijala. Serija Timo nudi minimalisti\u010dke stolne dodatke izra\u0111ene od recikliranih materijala s RCS certifikatom, spajaju\u0107i elegantan dizajn s modernom estetikom radnog mjesta. Certificiran od strane RCS (Recycled Claim Standard), RSC certifikat jam\u010di da je cijeli opskrbni lanac recikliranih materijala certificiran. Ukupni reciklirani sadr\u017eaj temelji se na ukupnoj te\u017eini proizvoda. Ovaj proizvod sadr\u017ei 27% RCS certificirani reciklirani aluminij.<\/p>","protected":false},"excerpt":{"rendered":"<p>Elegantan pisa\u0107i instrument s okretnim mehanizmom s plavom tintom koja se temelji na dokumentima, pru\u017ea duljinu pisanja od oko 1200 metara i 1.0<\/p>","protected":false},"featured_media":350030,"template":"","meta":{"_acf_changed":false},"product_brand":[],"product_cat":[167,83,121],"product_tag":[],"class_list":{"0":"post-193222","1":"product","2":"type-product","3":"status-publish","4":"has-post-thumbnail","6":"product_cat-eco-friendly","7":"product_cat-office-and-desk-supplies","8":"product_cat-pens-and-pen-sets","10":"first","11":"instock","12":"taxable","13":"shipping-taxable","14":"purchasable","15":"product-type-variable","16":"has-default-attributes"},"acf":[],"yoast_head":"<!-- This site is optimized with the Yoast SEO plugin v26.4 - https:\/\/yoast.com\/wordpress\/plugins\/seo\/ -->\n<title>VINGA Timo RCS recycled aluminium pen &#8212; Michel Promo<\/title>\n<meta name=\"robots\" content=\"noindex, follow, max-snippet:-1, max-image-preview:large, max-video-preview:-1\" \/>\n<meta property=\"og:locale\" content=\"hr_HR\" \/>\n<meta property=\"og:type\" content=\"article\" \/>\n<meta property=\"og:title\" content=\"VINGA Timo RCS recycled aluminium pen &#8212; Michel Promo\" \/>\n<meta property=\"og:description\" content=\"A sleek writing instrument featuring a twist-action mechanism with documental-based blue ink, providing around 1200-metre writing length and a 1.0\" \/>\n<meta property=\"og:url\" content=\"https:\/\/test2.michel-promo.com\/hr\/proizvod\/vinga-timo-rcs-recycled-aluminium-pen\/\" \/>\n<meta property=\"og:site_name\" content=\"Michel Promo\" \/>\n<meta property=\"article:modified_time\" content=\"2025-11-18T11:48:31+00:00\" \/>\n<meta property=\"og:image\" content=\"https:\/\/test2.michel-promo.com\/wp-content\/uploads\/2024\/08\/x00v16902-v1690209-1.jpg\" \/>\n\t<meta property=\"og:image:width\" content=\"1024\" \/>\n\t<meta property=\"og:image:height\" content=\"1024\" \/>\n\t<meta property=\"og:image:type\" content=\"image\/jpeg\" \/>\n<meta name=\"twitter:card\" content=\"summary_large_image\" \/>\n<script type=\"application\/ld+json\" class=\"yoast-schema-graph\">{\"@context\":\"https:\/\/schema.org\",\"@graph\":[{\"@type\":\"WebPage\",\"@id\":\"https:\/\/test2.michel-promo.com\/product\/vinga-timo-rcs-recycled-aluminium-pen\/\",\"url\":\"https:\/\/test2.michel-promo.com\/product\/vinga-timo-rcs-recycled-aluminium-pen\/\",\"name\":\"VINGA Timo RCS recycled aluminium pen &#8212; Michel Promo\",\"isPartOf\":{\"@id\":\"https:\/\/test2.michel-promo.com\/hr\/#website\"},\"primaryImageOfPage\":{\"@id\":\"https:\/\/test2.michel-promo.com\/product\/vinga-timo-rcs-recycled-aluminium-pen\/#primaryimage\"},\"image\":{\"@id\":\"https:\/\/test2.michel-promo.com\/product\/vinga-timo-rcs-recycled-aluminium-pen\/#primaryimage\"},\"thumbnailUrl\":\"https:\/\/test2.michel-promo.com\/wp-content\/uploads\/2024\/08\/x00v16902-v1690209-1.jpg\",\"datePublished\":\"2024-08-12T09:43:16+00:00\",\"dateModified\":\"2025-11-18T11:48:31+00:00\",\"breadcrumb\":{\"@id\":\"https:\/\/test2.michel-promo.com\/product\/vinga-timo-rcs-recycled-aluminium-pen\/#breadcrumb\"},\"inLanguage\":\"hr\",\"potentialAction\":[{\"@type\":\"ReadAction\",\"target\":[\"https:\/\/test2.michel-promo.com\/product\/vinga-timo-rcs-recycled-aluminium-pen\/\"]}]},{\"@type\":\"ImageObject\",\"inLanguage\":\"hr\",\"@id\":\"https:\/\/test2.michel-promo.com\/product\/vinga-timo-rcs-recycled-aluminium-pen\/#primaryimage\",\"url\":\"https:\/\/test2.michel-promo.com\/wp-content\/uploads\/2024\/08\/x00v16902-v1690209-1.jpg\",\"contentUrl\":\"https:\/\/test2.michel-promo.com\/wp-content\/uploads\/2024\/08\/x00v16902-v1690209-1.jpg\",\"width\":1024,\"height\":1024},{\"@type\":\"BreadcrumbList\",\"@id\":\"https:\/\/test2.michel-promo.com\/product\/vinga-timo-rcs-recycled-aluminium-pen\/#breadcrumb\",\"itemListElement\":[{\"@type\":\"ListItem\",\"position\":1,\"name\":\"Po\u010detna stranica\",\"item\":\"https:\/\/test2.michel-promo.com\/\"},{\"@type\":\"ListItem\",\"position\":2,\"name\":\"Shop\",\"item\":\"https:\/\/test2.michel-promo.com\/shop\/\"},{\"@type\":\"ListItem\",\"position\":3,\"name\":\"VINGA Timo RCS recycled aluminium pen\"}]},{\"@type\":\"WebSite\",\"@id\":\"https:\/\/test2.michel-promo.com\/hr\/#website\",\"url\":\"https:\/\/test2.michel-promo.com\/hr\/\",\"name\":\"Michel Promo\",\"description\":\"Promotional Products with Personality\",\"publisher\":{\"@id\":\"https:\/\/test2.michel-promo.com\/hr\/#organization\"},\"potentialAction\":[{\"@type\":\"SearchAction\",\"target\":{\"@type\":\"EntryPoint\",\"urlTemplate\":\"https:\/\/test2.michel-promo.com\/hr\/?s={search_term_string}\"},\"query-input\":{\"@type\":\"PropertyValueSpecification\",\"valueRequired\":true,\"valueName\":\"search_term_string\"}}],\"inLanguage\":\"hr\"},{\"@type\":\"Organization\",\"@id\":\"https:\/\/test2.michel-promo.com\/hr\/#organization\",\"name\":\"Michel Promo\",\"url\":\"https:\/\/test2.michel-promo.com\/hr\/\",\"logo\":{\"@type\":\"ImageObject\",\"inLanguage\":\"hr\",\"@id\":\"https:\/\/test2.michel-promo.com\/hr\/#\/schema\/logo\/image\/\",\"url\":\"https:\/\/test2.michel-promo.com\/wp-content\/uploads\/2024\/05\/cropped-Widget-logo.png\",\"contentUrl\":\"https:\/\/test2.michel-promo.com\/wp-content\/uploads\/2024\/05\/cropped-Widget-logo.png\",\"width\":512,\"height\":512,\"caption\":\"Michel Promo\"},\"image\":{\"@id\":\"https:\/\/test2.michel-promo.com\/hr\/#\/schema\/logo\/image\/\"},\"sameAs\":[\"https:\/\/www.instagram.com\/promo_michel\/\",\"https:\/\/www.linkedin.com\/company\/michel-promo\/\"]}]}<\/script>\n<!-- \/ Yoast SEO plugin. -->","yoast_head_json":{"title":"VINGA Timo RCS olovka od recikliranog aluminija \u2014 Michel Promo","robots":{"index":"noindex","follow":"follow","max-snippet":"max-snippet:-1","max-image-preview":"max-image-preview:large","max-video-preview":"max-video-preview:-1"},"og_locale":"hr_HR","og_type":"article","og_title":"VINGA Timo RCS recycled aluminium pen &#8212; Michel Promo","og_description":"A sleek writing instrument featuring a twist-action mechanism with documental-based blue ink, providing around 1200-metre writing length and a 1.0","og_url":"https:\/\/test2.michel-promo.com\/hr\/proizvod\/vinga-timo-rcs-recycled-aluminium-pen\/","og_site_name":"Michel Promo","article_modified_time":"2025-11-18T11:48:31+00:00","og_image":[{"width":1024,"height":1024,"url":"https:\/\/test2.michel-promo.com\/wp-content\/uploads\/2024\/08\/x00v16902-v1690209-1.jpg","type":"image\/jpeg"}],"twitter_card":"summary_large_image","schema":{"@context":"https:\/\/schema.org","@graph":[{"@type":"WebPage","@id":"https:\/\/test2.michel-promo.com\/product\/vinga-timo-rcs-recycled-aluminium-pen\/","url":"https:\/\/test2.michel-promo.com\/product\/vinga-timo-rcs-recycled-aluminium-pen\/","name":"VINGA Timo RCS olovka od recikliranog aluminija \u2014 Michel Promo","isPartOf":{"@id":"https:\/\/test2.michel-promo.com\/hr\/#website"},"primaryImageOfPage":{"@id":"https:\/\/test2.michel-promo.com\/product\/vinga-timo-rcs-recycled-aluminium-pen\/#primaryimage"},"image":{"@id":"https:\/\/test2.michel-promo.com\/product\/vinga-timo-rcs-recycled-aluminium-pen\/#primaryimage"},"thumbnailUrl":"https:\/\/test2.michel-promo.com\/wp-content\/uploads\/2024\/08\/x00v16902-v1690209-1.jpg","datePublished":"2024-08-12T09:43:16+00:00","dateModified":"2025-11-18T11:48:31+00:00","breadcrumb":{"@id":"https:\/\/test2.michel-promo.com\/product\/vinga-timo-rcs-recycled-aluminium-pen\/#breadcrumb"},"inLanguage":"hr","potentialAction":[{"@type":"ReadAction","target":["https:\/\/test2.michel-promo.com\/product\/vinga-timo-rcs-recycled-aluminium-pen\/"]}]},{"@type":"ImageObject","inLanguage":"hr","@id":"https:\/\/test2.michel-promo.com\/product\/vinga-timo-rcs-recycled-aluminium-pen\/#primaryimage","url":"https:\/\/test2.michel-promo.com\/wp-content\/uploads\/2024\/08\/x00v16902-v1690209-1.jpg","contentUrl":"https:\/\/test2.michel-promo.com\/wp-content\/uploads\/2024\/08\/x00v16902-v1690209-1.jpg","width":1024,"height":1024},{"@type":"BreadcrumbList","@id":"https:\/\/test2.michel-promo.com\/product\/vinga-timo-rcs-recycled-aluminium-pen\/#breadcrumb","itemListElement":[{"@type":"ListItem","position":1,"name":"Po\u010detna stranica","item":"https:\/\/test2.michel-promo.com\/"},{"@type":"ListItem","position":2,"name":"Shop","item":"https:\/\/test2.michel-promo.com\/shop\/"},{"@type":"ListItem","position":3,"name":"VINGA Timo RCS recycled aluminium pen"}]},{"@type":"WebSite","@id":"https:\/\/test2.michel-promo.com\/hr\/#website","url":"https:\/\/test2.michel-promo.com\/hr\/","name":"Michel Promo","description":"Studio promotivnih proizvoda s karakterom","publisher":{"@id":"https:\/\/test2.michel-promo.com\/hr\/#organization"},"potentialAction":[{"@type":"SearchAction","target":{"@type":"EntryPoint","urlTemplate":"https:\/\/test2.michel-promo.com\/hr\/?s={search_term_string}"},"query-input":{"@type":"PropertyValueSpecification","valueRequired":true,"valueName":"search_term_string"}}],"inLanguage":"hr"},{"@type":"Organization","@id":"https:\/\/test2.michel-promo.com\/hr\/#organization","name":"Michel Promo","url":"https:\/\/test2.michel-promo.com\/hr\/","logo":{"@type":"ImageObject","inLanguage":"hr","@id":"https:\/\/test2.michel-promo.com\/hr\/#\/schema\/logo\/image\/","url":"https:\/\/test2.michel-promo.com\/wp-content\/uploads\/2024\/05\/cropped-Widget-logo.png","contentUrl":"https:\/\/test2.michel-promo.com\/wp-content\/uploads\/2024\/05\/cropped-Widget-logo.png","width":512,"height":512,"caption":"Michel Promo"},"image":{"@id":"https:\/\/test2.michel-promo.com\/hr\/#\/schema\/logo\/image\/"},"sameAs":["https:\/\/www.instagram.com\/promo_michel\/","https:\/\/www.linkedin.com\/company\/michel-promo\/"]}]}},"_links":{"self":[{"href":"https:\/\/test2.michel-promo.com\/hr\/wp-json\/wp\/v2\/product\/193222","targetHints":{"allow":["GET"]}}],"collection":[{"href":"https:\/\/test2.michel-promo.com\/hr\/wp-json\/wp\/v2\/product"}],"about":[{"href":"https:\/\/test2.michel-promo.com\/hr\/wp-json\/wp\/v2\/types\/product"}],"version-history":[{"count":0,"href":"https:\/\/test2.michel-promo.com\/hr\/wp-json\/wp\/v2\/product\/193222\/revisions"}],"wp:featuredmedia":[{"embeddable":true,"href":"https:\/\/test2.michel-promo.com\/hr\/wp-json\/wp\/v2\/media\/350030"}],"wp:attachment":[{"href":"https:\/\/test2.michel-promo.com\/hr\/wp-json\/wp\/v2\/media?parent=193222"}],"wp:term":[{"taxonomy":"product_brand","embeddable":true,"href":"https:\/\/test2.michel-promo.com\/hr\/wp-json\/wp\/v2\/product_brand?post=193222"},{"taxonomy":"product_cat","embeddable":true,"href":"https:\/\/test2.michel-promo.com\/hr\/wp-json\/wp\/v2\/product_cat?post=193222"},{"taxonomy":"product_tag","embeddable":true,"href":"https:\/\/test2.michel-promo.com\/hr\/wp-json\/wp\/v2\/product_tag?post=193222"}],"curies":[{"name":"radni list","href":"https:\/\/api.w.org\/{rel}","templated":true}]}}