{"id":193438,"date":"2024-08-12T11:47:10","date_gmt":"2024-08-12T09:47:10","guid":{"rendered":"https:\/\/test2.michel-promo.com\/en\/product\/vinga-tara-rcs-recycled-steel-chefs-knife\/"},"modified":"2025-11-18T13:48:31","modified_gmt":"2025-11-18T11:48:31","slug":"vinga-tara-rcs-recycled-steel-chefs-knife","status":"publish","type":"product","link":"https:\/\/test2.michel-promo.com\/hr\/proizvod\/vinga-tara-rcs-recycled-steel-chefs-knife\/","title":{"rendered":"VINGA Tara RCS kuharski no\u017e od recikliranog \u010delika"},"content":{"rendered":"<p>No\u017e Tara Chef, izra\u0111en od recikliranog nehr\u0111aju\u0107eg \u010delika s RCS certifikatom, nudi stil i svestranost. Kuharski no\u017e nevjerojatno je svestran i mo\u017ee se koristiti za \u0161irok raspon zadataka, uklju\u010duju\u0107i sjeckanje, rezanje na kri\u0161ke, kockice i mljevenje. Njegova velika o\u0161trica omogu\u0107uje u\u010dinkovito rezanje. Veli\u010dina: 33 cm (o\u0161trica 21 cm). Izra\u0111eni od visokokvalitetnog nehr\u0111aju\u0107eg \u010delika 5Cr15Mov, ovi se no\u017eevi mogu pohvaliti iznimnom izdr\u017eljivo\u0161\u0107u i performansama. Prekrasna pakkawood dr\u0161ka pru\u017ea udoban i siguran zahvat, dok vrhunska ravnote\u017ea u o\u0161trici osigurava jednostavnost kori\u0161tenja. Perite samo ru\u010dno kako biste osigurali dug \u017eivot. Certificiran od strane RCS (Recycled Claim Standard), RSC certifikat jam\u010di da je cijeli opskrbni lanac recikliranih materijala certificiran. Ukupni reciklirani sadr\u017eaj temelji se na ukupnoj te\u017eini proizvoda. Ovaj proizvod sadr\u017ei 27% RCS-certificirani reciklirani nehr\u0111aju\u0107i \u010delik.<\/p>","protected":false},"excerpt":{"rendered":"<p>No\u017e Tara Chef, izra\u0111en od recikliranog nehr\u0111aju\u0107eg \u010delika s RCS certifikatom, nudi stil i svestranost. Kuharski no\u017e je nevjerojatan<\/p>","protected":false},"featured_media":350192,"template":"","meta":{"_acf_changed":false},"product_brand":[],"product_cat":[167,104,86],"product_tag":[],"class_list":{"0":"post-193438","1":"product","2":"type-product","3":"status-publish","4":"has-post-thumbnail","6":"product_cat-eco-friendly","7":"product_cat-kitchen-utensils","8":"product_cat-wellness-health-and-home","10":"first","11":"instock","12":"taxable","13":"shipping-taxable","14":"purchasable","15":"product-type-variable","16":"has-default-attributes"},"acf":[],"yoast_head":"<!-- This site is optimized with the Yoast SEO plugin v26.4 - https:\/\/yoast.com\/wordpress\/plugins\/seo\/ -->\n<title>VINGA Tara RCS recycled steel chef&#039;s knife &#8212; Michel Promo<\/title>\n<meta name=\"robots\" content=\"noindex, follow, max-snippet:-1, max-image-preview:large, max-video-preview:-1\" \/>\n<meta property=\"og:locale\" content=\"hr_HR\" \/>\n<meta property=\"og:type\" content=\"article\" \/>\n<meta property=\"og:title\" content=\"VINGA Tara RCS recycled steel chef&#039;s knife &#8212; Michel Promo\" \/>\n<meta property=\"og:description\" content=\"The Tara Chef\u2019s knife, made from RCS-certified recycled stainless steel offers both style and versatility. The chef\u2019s knife is incredibly\" \/>\n<meta property=\"og:url\" content=\"https:\/\/test2.michel-promo.com\/hr\/proizvod\/vinga-tara-rcs-recycled-steel-chefs-knife\/\" \/>\n<meta property=\"og:site_name\" content=\"Michel Promo\" \/>\n<meta property=\"article:modified_time\" content=\"2025-11-18T11:48:31+00:00\" \/>\n<meta property=\"og:image\" content=\"https:\/\/test2.michel-promo.com\/wp-content\/uploads\/2024\/08\/x00v26131-v2613109-1.jpg\" \/>\n\t<meta property=\"og:image:width\" content=\"1024\" \/>\n\t<meta property=\"og:image:height\" content=\"1024\" \/>\n\t<meta property=\"og:image:type\" content=\"image\/jpeg\" \/>\n<meta name=\"twitter:card\" content=\"summary_large_image\" \/>\n<meta name=\"twitter:label1\" content=\"Procijenjeno vrijeme \u010ditanja\" \/>\n\t<meta name=\"twitter:data1\" content=\"1 minuta\" \/>\n<script type=\"application\/ld+json\" class=\"yoast-schema-graph\">{\"@context\":\"https:\/\/schema.org\",\"@graph\":[{\"@type\":\"WebPage\",\"@id\":\"https:\/\/test2.michel-promo.com\/en\/product\/vinga-tara-rcs-recycled-steel-chefs-knife\/\",\"url\":\"https:\/\/test2.michel-promo.com\/en\/product\/vinga-tara-rcs-recycled-steel-chefs-knife\/\",\"name\":\"VINGA Tara RCS recycled steel chef's knife &#8212; Michel Promo\",\"isPartOf\":{\"@id\":\"https:\/\/test2.michel-promo.com\/hr\/#website\"},\"primaryImageOfPage\":{\"@id\":\"https:\/\/test2.michel-promo.com\/en\/product\/vinga-tara-rcs-recycled-steel-chefs-knife\/#primaryimage\"},\"image\":{\"@id\":\"https:\/\/test2.michel-promo.com\/en\/product\/vinga-tara-rcs-recycled-steel-chefs-knife\/#primaryimage\"},\"thumbnailUrl\":\"https:\/\/test2.michel-promo.com\/wp-content\/uploads\/2024\/08\/x00v26131-v2613109-1.jpg\",\"datePublished\":\"2024-08-12T09:47:10+00:00\",\"dateModified\":\"2025-11-18T11:48:31+00:00\",\"breadcrumb\":{\"@id\":\"https:\/\/test2.michel-promo.com\/en\/product\/vinga-tara-rcs-recycled-steel-chefs-knife\/#breadcrumb\"},\"inLanguage\":\"hr\",\"potentialAction\":[{\"@type\":\"ReadAction\",\"target\":[\"https:\/\/test2.michel-promo.com\/en\/product\/vinga-tara-rcs-recycled-steel-chefs-knife\/\"]}]},{\"@type\":\"ImageObject\",\"inLanguage\":\"hr\",\"@id\":\"https:\/\/test2.michel-promo.com\/en\/product\/vinga-tara-rcs-recycled-steel-chefs-knife\/#primaryimage\",\"url\":\"https:\/\/test2.michel-promo.com\/wp-content\/uploads\/2024\/08\/x00v26131-v2613109-1.jpg\",\"contentUrl\":\"https:\/\/test2.michel-promo.com\/wp-content\/uploads\/2024\/08\/x00v26131-v2613109-1.jpg\",\"width\":1024,\"height\":1024},{\"@type\":\"BreadcrumbList\",\"@id\":\"https:\/\/test2.michel-promo.com\/en\/product\/vinga-tara-rcs-recycled-steel-chefs-knife\/#breadcrumb\",\"itemListElement\":[{\"@type\":\"ListItem\",\"position\":1,\"name\":\"Po\u010detna stranica\",\"item\":\"https:\/\/test2.michel-promo.com\/\"},{\"@type\":\"ListItem\",\"position\":2,\"name\":\"Shop\",\"item\":\"https:\/\/test2.michel-promo.com\/shop\/\"},{\"@type\":\"ListItem\",\"position\":3,\"name\":\"VINGA Tara RCS recycled steel chef&#8217;s knife\"}]},{\"@type\":\"WebSite\",\"@id\":\"https:\/\/test2.michel-promo.com\/hr\/#website\",\"url\":\"https:\/\/test2.michel-promo.com\/hr\/\",\"name\":\"Michel Promo\",\"description\":\"Promotional Products with Personality\",\"publisher\":{\"@id\":\"https:\/\/test2.michel-promo.com\/hr\/#organization\"},\"potentialAction\":[{\"@type\":\"SearchAction\",\"target\":{\"@type\":\"EntryPoint\",\"urlTemplate\":\"https:\/\/test2.michel-promo.com\/hr\/?s={search_term_string}\"},\"query-input\":{\"@type\":\"PropertyValueSpecification\",\"valueRequired\":true,\"valueName\":\"search_term_string\"}}],\"inLanguage\":\"hr\"},{\"@type\":\"Organization\",\"@id\":\"https:\/\/test2.michel-promo.com\/hr\/#organization\",\"name\":\"Michel Promo\",\"url\":\"https:\/\/test2.michel-promo.com\/hr\/\",\"logo\":{\"@type\":\"ImageObject\",\"inLanguage\":\"hr\",\"@id\":\"https:\/\/test2.michel-promo.com\/hr\/#\/schema\/logo\/image\/\",\"url\":\"https:\/\/test2.michel-promo.com\/wp-content\/uploads\/2024\/05\/cropped-Widget-logo.png\",\"contentUrl\":\"https:\/\/test2.michel-promo.com\/wp-content\/uploads\/2024\/05\/cropped-Widget-logo.png\",\"width\":512,\"height\":512,\"caption\":\"Michel Promo\"},\"image\":{\"@id\":\"https:\/\/test2.michel-promo.com\/hr\/#\/schema\/logo\/image\/\"},\"sameAs\":[\"https:\/\/www.instagram.com\/promo_michel\/\",\"https:\/\/www.linkedin.com\/company\/michel-promo\/\"]}]}<\/script>\n<!-- \/ Yoast SEO plugin. -->","yoast_head_json":{"title":"VINGA Tara RCS kuharski no\u017e od recikliranog \u010delika \u2014 Michel Promo","robots":{"index":"noindex","follow":"follow","max-snippet":"max-snippet:-1","max-image-preview":"max-image-preview:large","max-video-preview":"max-video-preview:-1"},"og_locale":"hr_HR","og_type":"article","og_title":"VINGA Tara RCS recycled steel chef's knife &#8212; Michel Promo","og_description":"The Tara Chef\u2019s knife, made from RCS-certified recycled stainless steel offers both style and versatility. The chef\u2019s knife is incredibly","og_url":"https:\/\/test2.michel-promo.com\/hr\/proizvod\/vinga-tara-rcs-recycled-steel-chefs-knife\/","og_site_name":"Michel Promo","article_modified_time":"2025-11-18T11:48:31+00:00","og_image":[{"width":1024,"height":1024,"url":"https:\/\/test2.michel-promo.com\/wp-content\/uploads\/2024\/08\/x00v26131-v2613109-1.jpg","type":"image\/jpeg"}],"twitter_card":"summary_large_image","twitter_misc":{"Procijenjeno vrijeme \u010ditanja":"1 minuta"},"schema":{"@context":"https:\/\/schema.org","@graph":[{"@type":"WebPage","@id":"https:\/\/test2.michel-promo.com\/en\/product\/vinga-tara-rcs-recycled-steel-chefs-knife\/","url":"https:\/\/test2.michel-promo.com\/en\/product\/vinga-tara-rcs-recycled-steel-chefs-knife\/","name":"VINGA Tara RCS kuharski no\u017e od recikliranog \u010delika \u2014 Michel Promo","isPartOf":{"@id":"https:\/\/test2.michel-promo.com\/hr\/#website"},"primaryImageOfPage":{"@id":"https:\/\/test2.michel-promo.com\/en\/product\/vinga-tara-rcs-recycled-steel-chefs-knife\/#primaryimage"},"image":{"@id":"https:\/\/test2.michel-promo.com\/en\/product\/vinga-tara-rcs-recycled-steel-chefs-knife\/#primaryimage"},"thumbnailUrl":"https:\/\/test2.michel-promo.com\/wp-content\/uploads\/2024\/08\/x00v26131-v2613109-1.jpg","datePublished":"2024-08-12T09:47:10+00:00","dateModified":"2025-11-18T11:48:31+00:00","breadcrumb":{"@id":"https:\/\/test2.michel-promo.com\/en\/product\/vinga-tara-rcs-recycled-steel-chefs-knife\/#breadcrumb"},"inLanguage":"hr","potentialAction":[{"@type":"ReadAction","target":["https:\/\/test2.michel-promo.com\/en\/product\/vinga-tara-rcs-recycled-steel-chefs-knife\/"]}]},{"@type":"ImageObject","inLanguage":"hr","@id":"https:\/\/test2.michel-promo.com\/en\/product\/vinga-tara-rcs-recycled-steel-chefs-knife\/#primaryimage","url":"https:\/\/test2.michel-promo.com\/wp-content\/uploads\/2024\/08\/x00v26131-v2613109-1.jpg","contentUrl":"https:\/\/test2.michel-promo.com\/wp-content\/uploads\/2024\/08\/x00v26131-v2613109-1.jpg","width":1024,"height":1024},{"@type":"BreadcrumbList","@id":"https:\/\/test2.michel-promo.com\/en\/product\/vinga-tara-rcs-recycled-steel-chefs-knife\/#breadcrumb","itemListElement":[{"@type":"ListItem","position":1,"name":"Po\u010detna stranica","item":"https:\/\/test2.michel-promo.com\/"},{"@type":"ListItem","position":2,"name":"Shop","item":"https:\/\/test2.michel-promo.com\/shop\/"},{"@type":"ListItem","position":3,"name":"VINGA Tara RCS recycled steel chef&#8217;s knife"}]},{"@type":"WebSite","@id":"https:\/\/test2.michel-promo.com\/hr\/#website","url":"https:\/\/test2.michel-promo.com\/hr\/","name":"Michel Promo","description":"Studio promotivnih proizvoda s karakterom","publisher":{"@id":"https:\/\/test2.michel-promo.com\/hr\/#organization"},"potentialAction":[{"@type":"SearchAction","target":{"@type":"EntryPoint","urlTemplate":"https:\/\/test2.michel-promo.com\/hr\/?s={search_term_string}"},"query-input":{"@type":"PropertyValueSpecification","valueRequired":true,"valueName":"search_term_string"}}],"inLanguage":"hr"},{"@type":"Organization","@id":"https:\/\/test2.michel-promo.com\/hr\/#organization","name":"Michel Promo","url":"https:\/\/test2.michel-promo.com\/hr\/","logo":{"@type":"ImageObject","inLanguage":"hr","@id":"https:\/\/test2.michel-promo.com\/hr\/#\/schema\/logo\/image\/","url":"https:\/\/test2.michel-promo.com\/wp-content\/uploads\/2024\/05\/cropped-Widget-logo.png","contentUrl":"https:\/\/test2.michel-promo.com\/wp-content\/uploads\/2024\/05\/cropped-Widget-logo.png","width":512,"height":512,"caption":"Michel Promo"},"image":{"@id":"https:\/\/test2.michel-promo.com\/hr\/#\/schema\/logo\/image\/"},"sameAs":["https:\/\/www.instagram.com\/promo_michel\/","https:\/\/www.linkedin.com\/company\/michel-promo\/"]}]}},"_links":{"self":[{"href":"https:\/\/test2.michel-promo.com\/hr\/wp-json\/wp\/v2\/product\/193438","targetHints":{"allow":["GET"]}}],"collection":[{"href":"https:\/\/test2.michel-promo.com\/hr\/wp-json\/wp\/v2\/product"}],"about":[{"href":"https:\/\/test2.michel-promo.com\/hr\/wp-json\/wp\/v2\/types\/product"}],"version-history":[{"count":0,"href":"https:\/\/test2.michel-promo.com\/hr\/wp-json\/wp\/v2\/product\/193438\/revisions"}],"wp:featuredmedia":[{"embeddable":true,"href":"https:\/\/test2.michel-promo.com\/hr\/wp-json\/wp\/v2\/media\/350192"}],"wp:attachment":[{"href":"https:\/\/test2.michel-promo.com\/hr\/wp-json\/wp\/v2\/media?parent=193438"}],"wp:term":[{"taxonomy":"product_brand","embeddable":true,"href":"https:\/\/test2.michel-promo.com\/hr\/wp-json\/wp\/v2\/product_brand?post=193438"},{"taxonomy":"product_cat","embeddable":true,"href":"https:\/\/test2.michel-promo.com\/hr\/wp-json\/wp\/v2\/product_cat?post=193438"},{"taxonomy":"product_tag","embeddable":true,"href":"https:\/\/test2.michel-promo.com\/hr\/wp-json\/wp\/v2\/product_tag?post=193438"}],"curies":[{"name":"radni list","href":"https:\/\/api.w.org\/{rel}","templated":true}]}}