{"id":196050,"date":"2024-08-12T12:32:13","date_gmt":"2024-08-12T10:32:13","guid":{"rendered":"https:\/\/test2.michel-promo.com\/en\/product\/vinga-one-memory-a-day-grs-recycled-paper-journal\/"},"modified":"2025-11-18T13:48:29","modified_gmt":"2025-11-18T11:48:29","slug":"vinga-one-memory-a-day-grs-recycled-paper-journal","status":"publish","type":"product","link":"https:\/\/test2.michel-promo.com\/hr\/proizvod\/vinga-one-memory-a-day-grs-recycled-paper-journal\/","title":{"rendered":"VINGA Jedna uspomena na dan GRS \u010dasopis od recikliranog papira"},"content":{"rendered":"<p>Zapo\u010dnite svoje putovanje samospoznaje danas s na\u0161im dnevnikom Jedno sje\u0107anje na dan na papiru s certifikatom GRS. Ovaj jedinstveni A5 dnevnik omogu\u0107uje vam da dokumentirate svakodnevne misli i iskustva tijekom tri godine, s tri stupca u crti i oznakama datuma na svakoj stranici. Zabilje\u017eite svoja razmi\u0161ljanja, uvide i nezaboravne trenutke, pretvaraju\u0107i svaku re\u010denicu u dragocjenu uspomenu koju \u0107ete ponovno posjetiti. Zajedno s vrpcom za oznake i platnenom navlakom, funkcionalan je i elegantan, savr\u0161en za va\u0161 radni stol ili no\u0107ni ormari\u0107. Certificiran od strane GRS (Global Recycled Standard), GRS certifikat jam\u010di da je certificiran cijeli opskrbni lanac recikliranih materijala. Ukupni reciklirani sadr\u017eaj temelji se na ukupnoj te\u017eini proizvoda. Ovaj proizvod sadr\u017ei 83% GRS certificirani reciklirani papir.<\/p>","protected":false},"excerpt":{"rendered":"<p>Zapo\u010dnite svoje putovanje samospoznaje danas s na\u0161im dnevnikom Jedno sje\u0107anje na dan na papiru s certifikatom GRS. Ovaj jedinstveni A5<\/p>","protected":false},"featured_media":352318,"template":"","meta":{"_acf_changed":false},"product_brand":[],"product_cat":[167,119,83],"product_tag":[],"class_list":{"0":"post-196050","1":"product","2":"type-product","3":"status-publish","4":"has-post-thumbnail","6":"product_cat-eco-friendly","7":"product_cat-notebooks-and-notepads","8":"product_cat-office-and-desk-supplies","10":"first","11":"instock","12":"taxable","13":"shipping-taxable","14":"purchasable","15":"product-type-variable","16":"has-default-attributes"},"acf":[],"yoast_head":"<!-- This site is optimized with the Yoast SEO plugin v26.4 - https:\/\/yoast.com\/wordpress\/plugins\/seo\/ -->\n<title>VINGA One memory a day GRS recycled paper journal &#8212; Michel Promo<\/title>\n<meta name=\"robots\" content=\"noindex, follow, max-snippet:-1, max-image-preview:large, max-video-preview:-1\" \/>\n<meta property=\"og:locale\" content=\"hr_HR\" \/>\n<meta property=\"og:type\" content=\"article\" \/>\n<meta property=\"og:title\" content=\"VINGA One memory a day GRS recycled paper journal &#8212; Michel Promo\" \/>\n<meta property=\"og:description\" content=\"Start your journey of self-discovery today with our One Memory a Day journal in GRS certified paper. This unique A5\" \/>\n<meta property=\"og:url\" content=\"https:\/\/test2.michel-promo.com\/hr\/proizvod\/vinga-one-memory-a-day-grs-recycled-paper-journal\/\" \/>\n<meta property=\"og:site_name\" content=\"Michel Promo\" \/>\n<meta property=\"article:modified_time\" content=\"2025-11-18T11:48:29+00:00\" \/>\n<meta property=\"og:image\" content=\"https:\/\/test2.michel-promo.com\/wp-content\/uploads\/2024\/08\/x00v77302-v7730205-1.jpg\" \/>\n\t<meta property=\"og:image:width\" content=\"1024\" \/>\n\t<meta property=\"og:image:height\" content=\"1024\" \/>\n\t<meta property=\"og:image:type\" content=\"image\/jpeg\" \/>\n<meta name=\"twitter:card\" content=\"summary_large_image\" \/>\n<meta name=\"twitter:label1\" content=\"Procijenjeno vrijeme \u010ditanja\" \/>\n\t<meta name=\"twitter:data1\" content=\"1 minuta\" \/>\n<script type=\"application\/ld+json\" class=\"yoast-schema-graph\">{\"@context\":\"https:\/\/schema.org\",\"@graph\":[{\"@type\":\"WebPage\",\"@id\":\"https:\/\/test2.michel-promo.com\/product\/vinga-one-memory-a-day-grs-recycled-paper-journal\/\",\"url\":\"https:\/\/test2.michel-promo.com\/product\/vinga-one-memory-a-day-grs-recycled-paper-journal\/\",\"name\":\"VINGA One memory a day GRS recycled paper journal &#8212; Michel Promo\",\"isPartOf\":{\"@id\":\"https:\/\/test2.michel-promo.com\/hr\/#website\"},\"primaryImageOfPage\":{\"@id\":\"https:\/\/test2.michel-promo.com\/product\/vinga-one-memory-a-day-grs-recycled-paper-journal\/#primaryimage\"},\"image\":{\"@id\":\"https:\/\/test2.michel-promo.com\/product\/vinga-one-memory-a-day-grs-recycled-paper-journal\/#primaryimage\"},\"thumbnailUrl\":\"https:\/\/test2.michel-promo.com\/wp-content\/uploads\/2024\/08\/x00v77302-v7730205-1.jpg\",\"datePublished\":\"2024-08-12T10:32:13+00:00\",\"dateModified\":\"2025-11-18T11:48:29+00:00\",\"breadcrumb\":{\"@id\":\"https:\/\/test2.michel-promo.com\/product\/vinga-one-memory-a-day-grs-recycled-paper-journal\/#breadcrumb\"},\"inLanguage\":\"hr\",\"potentialAction\":[{\"@type\":\"ReadAction\",\"target\":[\"https:\/\/test2.michel-promo.com\/product\/vinga-one-memory-a-day-grs-recycled-paper-journal\/\"]}]},{\"@type\":\"ImageObject\",\"inLanguage\":\"hr\",\"@id\":\"https:\/\/test2.michel-promo.com\/product\/vinga-one-memory-a-day-grs-recycled-paper-journal\/#primaryimage\",\"url\":\"https:\/\/test2.michel-promo.com\/wp-content\/uploads\/2024\/08\/x00v77302-v7730205-1.jpg\",\"contentUrl\":\"https:\/\/test2.michel-promo.com\/wp-content\/uploads\/2024\/08\/x00v77302-v7730205-1.jpg\",\"width\":1024,\"height\":1024},{\"@type\":\"BreadcrumbList\",\"@id\":\"https:\/\/test2.michel-promo.com\/product\/vinga-one-memory-a-day-grs-recycled-paper-journal\/#breadcrumb\",\"itemListElement\":[{\"@type\":\"ListItem\",\"position\":1,\"name\":\"Po\u010detna stranica\",\"item\":\"https:\/\/test2.michel-promo.com\/\"},{\"@type\":\"ListItem\",\"position\":2,\"name\":\"Shop\",\"item\":\"https:\/\/test2.michel-promo.com\/shop\/\"},{\"@type\":\"ListItem\",\"position\":3,\"name\":\"VINGA One memory a day GRS recycled paper journal\"}]},{\"@type\":\"WebSite\",\"@id\":\"https:\/\/test2.michel-promo.com\/hr\/#website\",\"url\":\"https:\/\/test2.michel-promo.com\/hr\/\",\"name\":\"Michel Promo\",\"description\":\"Promotional Products with Personality\",\"publisher\":{\"@id\":\"https:\/\/test2.michel-promo.com\/hr\/#organization\"},\"potentialAction\":[{\"@type\":\"SearchAction\",\"target\":{\"@type\":\"EntryPoint\",\"urlTemplate\":\"https:\/\/test2.michel-promo.com\/hr\/?s={search_term_string}\"},\"query-input\":{\"@type\":\"PropertyValueSpecification\",\"valueRequired\":true,\"valueName\":\"search_term_string\"}}],\"inLanguage\":\"hr\"},{\"@type\":\"Organization\",\"@id\":\"https:\/\/test2.michel-promo.com\/hr\/#organization\",\"name\":\"Michel Promo\",\"url\":\"https:\/\/test2.michel-promo.com\/hr\/\",\"logo\":{\"@type\":\"ImageObject\",\"inLanguage\":\"hr\",\"@id\":\"https:\/\/test2.michel-promo.com\/hr\/#\/schema\/logo\/image\/\",\"url\":\"https:\/\/test2.michel-promo.com\/wp-content\/uploads\/2024\/05\/cropped-Widget-logo.png\",\"contentUrl\":\"https:\/\/test2.michel-promo.com\/wp-content\/uploads\/2024\/05\/cropped-Widget-logo.png\",\"width\":512,\"height\":512,\"caption\":\"Michel Promo\"},\"image\":{\"@id\":\"https:\/\/test2.michel-promo.com\/hr\/#\/schema\/logo\/image\/\"},\"sameAs\":[\"https:\/\/www.instagram.com\/promo_michel\/\",\"https:\/\/www.linkedin.com\/company\/michel-promo\/\"]}]}<\/script>\n<!-- \/ Yoast SEO plugin. -->","yoast_head_json":{"title":"VINGA Jedno sje\u0107anje na dan GRS \u010dasopis o recikliranom papiru \u2014 Michel Promo","robots":{"index":"noindex","follow":"follow","max-snippet":"max-snippet:-1","max-image-preview":"max-image-preview:large","max-video-preview":"max-video-preview:-1"},"og_locale":"hr_HR","og_type":"article","og_title":"VINGA One memory a day GRS recycled paper journal &#8212; Michel Promo","og_description":"Start your journey of self-discovery today with our One Memory a Day journal in GRS certified paper. This unique A5","og_url":"https:\/\/test2.michel-promo.com\/hr\/proizvod\/vinga-one-memory-a-day-grs-recycled-paper-journal\/","og_site_name":"Michel Promo","article_modified_time":"2025-11-18T11:48:29+00:00","og_image":[{"width":1024,"height":1024,"url":"https:\/\/test2.michel-promo.com\/wp-content\/uploads\/2024\/08\/x00v77302-v7730205-1.jpg","type":"image\/jpeg"}],"twitter_card":"summary_large_image","twitter_misc":{"Procijenjeno vrijeme \u010ditanja":"1 minuta"},"schema":{"@context":"https:\/\/schema.org","@graph":[{"@type":"WebPage","@id":"https:\/\/test2.michel-promo.com\/product\/vinga-one-memory-a-day-grs-recycled-paper-journal\/","url":"https:\/\/test2.michel-promo.com\/product\/vinga-one-memory-a-day-grs-recycled-paper-journal\/","name":"VINGA Jedno sje\u0107anje na dan GRS \u010dasopis o recikliranom papiru \u2014 Michel Promo","isPartOf":{"@id":"https:\/\/test2.michel-promo.com\/hr\/#website"},"primaryImageOfPage":{"@id":"https:\/\/test2.michel-promo.com\/product\/vinga-one-memory-a-day-grs-recycled-paper-journal\/#primaryimage"},"image":{"@id":"https:\/\/test2.michel-promo.com\/product\/vinga-one-memory-a-day-grs-recycled-paper-journal\/#primaryimage"},"thumbnailUrl":"https:\/\/test2.michel-promo.com\/wp-content\/uploads\/2024\/08\/x00v77302-v7730205-1.jpg","datePublished":"2024-08-12T10:32:13+00:00","dateModified":"2025-11-18T11:48:29+00:00","breadcrumb":{"@id":"https:\/\/test2.michel-promo.com\/product\/vinga-one-memory-a-day-grs-recycled-paper-journal\/#breadcrumb"},"inLanguage":"hr","potentialAction":[{"@type":"ReadAction","target":["https:\/\/test2.michel-promo.com\/product\/vinga-one-memory-a-day-grs-recycled-paper-journal\/"]}]},{"@type":"ImageObject","inLanguage":"hr","@id":"https:\/\/test2.michel-promo.com\/product\/vinga-one-memory-a-day-grs-recycled-paper-journal\/#primaryimage","url":"https:\/\/test2.michel-promo.com\/wp-content\/uploads\/2024\/08\/x00v77302-v7730205-1.jpg","contentUrl":"https:\/\/test2.michel-promo.com\/wp-content\/uploads\/2024\/08\/x00v77302-v7730205-1.jpg","width":1024,"height":1024},{"@type":"BreadcrumbList","@id":"https:\/\/test2.michel-promo.com\/product\/vinga-one-memory-a-day-grs-recycled-paper-journal\/#breadcrumb","itemListElement":[{"@type":"ListItem","position":1,"name":"Po\u010detna stranica","item":"https:\/\/test2.michel-promo.com\/"},{"@type":"ListItem","position":2,"name":"Shop","item":"https:\/\/test2.michel-promo.com\/shop\/"},{"@type":"ListItem","position":3,"name":"VINGA One memory a day GRS recycled paper journal"}]},{"@type":"WebSite","@id":"https:\/\/test2.michel-promo.com\/hr\/#website","url":"https:\/\/test2.michel-promo.com\/hr\/","name":"Michel Promo","description":"Studio promotivnih proizvoda s karakterom","publisher":{"@id":"https:\/\/test2.michel-promo.com\/hr\/#organization"},"potentialAction":[{"@type":"SearchAction","target":{"@type":"EntryPoint","urlTemplate":"https:\/\/test2.michel-promo.com\/hr\/?s={search_term_string}"},"query-input":{"@type":"PropertyValueSpecification","valueRequired":true,"valueName":"search_term_string"}}],"inLanguage":"hr"},{"@type":"Organization","@id":"https:\/\/test2.michel-promo.com\/hr\/#organization","name":"Michel Promo","url":"https:\/\/test2.michel-promo.com\/hr\/","logo":{"@type":"ImageObject","inLanguage":"hr","@id":"https:\/\/test2.michel-promo.com\/hr\/#\/schema\/logo\/image\/","url":"https:\/\/test2.michel-promo.com\/wp-content\/uploads\/2024\/05\/cropped-Widget-logo.png","contentUrl":"https:\/\/test2.michel-promo.com\/wp-content\/uploads\/2024\/05\/cropped-Widget-logo.png","width":512,"height":512,"caption":"Michel Promo"},"image":{"@id":"https:\/\/test2.michel-promo.com\/hr\/#\/schema\/logo\/image\/"},"sameAs":["https:\/\/www.instagram.com\/promo_michel\/","https:\/\/www.linkedin.com\/company\/michel-promo\/"]}]}},"_links":{"self":[{"href":"https:\/\/test2.michel-promo.com\/hr\/wp-json\/wp\/v2\/product\/196050","targetHints":{"allow":["GET"]}}],"collection":[{"href":"https:\/\/test2.michel-promo.com\/hr\/wp-json\/wp\/v2\/product"}],"about":[{"href":"https:\/\/test2.michel-promo.com\/hr\/wp-json\/wp\/v2\/types\/product"}],"version-history":[{"count":0,"href":"https:\/\/test2.michel-promo.com\/hr\/wp-json\/wp\/v2\/product\/196050\/revisions"}],"wp:featuredmedia":[{"embeddable":true,"href":"https:\/\/test2.michel-promo.com\/hr\/wp-json\/wp\/v2\/media\/352318"}],"wp:attachment":[{"href":"https:\/\/test2.michel-promo.com\/hr\/wp-json\/wp\/v2\/media?parent=196050"}],"wp:term":[{"taxonomy":"product_brand","embeddable":true,"href":"https:\/\/test2.michel-promo.com\/hr\/wp-json\/wp\/v2\/product_brand?post=196050"},{"taxonomy":"product_cat","embeddable":true,"href":"https:\/\/test2.michel-promo.com\/hr\/wp-json\/wp\/v2\/product_cat?post=196050"},{"taxonomy":"product_tag","embeddable":true,"href":"https:\/\/test2.michel-promo.com\/hr\/wp-json\/wp\/v2\/product_tag?post=196050"}],"curies":[{"name":"radni list","href":"https:\/\/api.w.org\/{rel}","templated":true}]}}