{"id":207721,"date":"2024-09-25T23:54:14","date_gmt":"2024-09-25T21:54:14","guid":{"rendered":"http:\/\/test2.michel-promo.com\/en\/product\/business-sirio-dark-blue-three-part-calendar-3x12-sheets-dim-25x65-cm-bag-pointer-p-50\/"},"modified":"2025-10-08T15:32:48","modified_gmt":"2025-10-08T13:32:48","slug":"business-sirio-dark-blue-three-part-calendar-3x12-sheets-dim-25x65-cm-bag-pointer-p-50","status":"publish","type":"product","link":"https:\/\/test2.michel-promo.com\/hr\/proizvod\/business-sirio-dark-blue-three-part-calendar-3x12-sheets-dim-25x65-cm-bag-pointer-p-50\/","title":{"rendered":"\u201cPoslovni SIRIO Dark Blue\u201d trodjelni kalendar, 3\u00d712 list., dim:25x65cm, vre\u0107ica, pokaziva\u010d, P\/50"},"content":{"rendered":"<p>Opseg: 12 listova x 3 \/ Dimenzije: 25 x 65 cm (cijeli kalendar) \/ Povr\u0161ina ispisa: 25 x 17 cm \/ Opis: Tromjese\u010dni kalendar, indikatorska traka, vre\u0107ica \/ Jezici: HR, GB, DE, IT \/ Vrsta papira : 80 g\/m\u00b2 listova, 290 g\/m\u00b2 zaglavlja i podloge, specijalni Sirio teksturirani papir \/ Uvez: Dupla spirala x 3 \/ Pakiranje: 50 kom<\/p>","protected":false},"excerpt":{"rendered":"<p>opseg: 12 listova x 3ndimenzija: 25 x 65 cm (cijeli kalendar)nprostor za dotisak: 25 x 17 cmnopis: tromjese\u010dni kalendarij, pokazna traka, vre\u0107icanjezici: HR, GB, DE, ITnvrsta papira: 80 g\/m2 listova, 290 g\/m2 zaglavlja i podloga, spec. papir sirio s teksturom nuvez: dvostruka spirala x 3npakiranje: 50 kom<\/p>","protected":false},"featured_media":400426,"template":"","meta":{"_acf_changed":false},"product_brand":[],"product_cat":[72],"product_tag":[],"class_list":{"0":"post-207721","1":"product","2":"type-product","3":"status-publish","4":"has-post-thumbnail","6":"product_cat-nema-kategoriju","8":"first","9":"instock","10":"taxable","11":"shipping-taxable","12":"purchasable","13":"product-type-simple"},"acf":[],"yoast_head":"<!-- This site is optimized with the Yoast SEO plugin v26.4 - https:\/\/yoast.com\/wordpress\/plugins\/seo\/ -->\n<title>&quot;Poslovni SIRIO Dark Blue&quot; trodjelni kalendar, 3x12 list., dim:25x65cm, vre\u0107ica, pokaziva\u010d, P\/50 &#8212; Michel Promo<\/title>\n<meta name=\"robots\" content=\"noindex, follow, max-snippet:-1, max-image-preview:large, max-video-preview:-1\" \/>\n<meta property=\"og:locale\" content=\"hr_HR\" \/>\n<meta property=\"og:type\" content=\"article\" \/>\n<meta property=\"og:title\" content=\"&quot;Poslovni SIRIO Dark Blue&quot; trodjelni kalendar, 3x12 list., dim:25x65cm, vre\u0107ica, pokaziva\u010d, P\/50 &#8212; Michel Promo\" \/>\n<meta property=\"og:description\" content=\"opseg: 12 listova x 3ndimenzija: 25 x 65 cm (cijeli kalendar)nprostor za dotisak: 25 x 17 cmnopis: tromjese\u010dni kalendarij, pokazna traka, vre\u0107icanjezici: HR, GB, DE, ITnvrsta papira: 80 g\/m2 listovi, 290 g\/m2 zaglavlje i podloga, spec. papir sirio s teksturom nuvez: dvostruka spirala x 3npakiranje: 50 kom\" \/>\n<meta property=\"og:url\" content=\"https:\/\/test2.michel-promo.com\/hr\/proizvod\/business-sirio-dark-blue-three-part-calendar-3x12-sheets-dim-25x65-cm-bag-pointer-p-50\/\" \/>\n<meta property=\"og:site_name\" content=\"Michel Promo\" \/>\n<meta property=\"article:modified_time\" content=\"2025-10-08T13:32:48+00:00\" \/>\n<meta property=\"og:image\" content=\"https:\/\/test2.michel-promo.com\/wp-content\/uploads\/2024\/09\/0-02og000172.jpeg\" \/>\n\t<meta property=\"og:image:width\" content=\"1024\" \/>\n\t<meta property=\"og:image:height\" content=\"1024\" \/>\n\t<meta property=\"og:image:type\" content=\"image\/jpeg\" \/>\n<meta name=\"twitter:card\" content=\"summary_large_image\" \/>\n<meta name=\"twitter:label1\" content=\"Procijenjeno vrijeme \u010ditanja\" \/>\n\t<meta name=\"twitter:data1\" content=\"1 minuta\" \/>\n<script type=\"application\/ld+json\" class=\"yoast-schema-graph\">{\"@context\":\"https:\/\/schema.org\",\"@graph\":[{\"@type\":\"WebPage\",\"@id\":\"https:\/\/test2.michel-promo.com\/en\/product\/business-sirio-dark-blue-three-part-calendar-3x12-sheets-dim-25x65-cm-bag-pointer-p-50\/\",\"url\":\"https:\/\/test2.michel-promo.com\/en\/product\/business-sirio-dark-blue-three-part-calendar-3x12-sheets-dim-25x65-cm-bag-pointer-p-50\/\",\"name\":\"\\\"Poslovni SIRIO Dark Blue\\\" trodjelni kalendar, 3x12 list., dim:25x65cm, vre\u0107ica, pokaziva\u010d, P\/50 &#8212; Michel Promo\",\"isPartOf\":{\"@id\":\"https:\/\/test2.michel-promo.com\/hr\/#website\"},\"primaryImageOfPage\":{\"@id\":\"https:\/\/test2.michel-promo.com\/en\/product\/business-sirio-dark-blue-three-part-calendar-3x12-sheets-dim-25x65-cm-bag-pointer-p-50\/#primaryimage\"},\"image\":{\"@id\":\"https:\/\/test2.michel-promo.com\/en\/product\/business-sirio-dark-blue-three-part-calendar-3x12-sheets-dim-25x65-cm-bag-pointer-p-50\/#primaryimage\"},\"thumbnailUrl\":\"https:\/\/test2.michel-promo.com\/wp-content\/uploads\/2024\/09\/0-02og000172-b85448bcc5.jpg\",\"datePublished\":\"2024-09-25T21:54:14+00:00\",\"dateModified\":\"2025-10-08T13:32:48+00:00\",\"breadcrumb\":{\"@id\":\"https:\/\/test2.michel-promo.com\/en\/product\/business-sirio-dark-blue-three-part-calendar-3x12-sheets-dim-25x65-cm-bag-pointer-p-50\/#breadcrumb\"},\"inLanguage\":\"hr\",\"potentialAction\":[{\"@type\":\"ReadAction\",\"target\":[\"https:\/\/test2.michel-promo.com\/en\/product\/business-sirio-dark-blue-three-part-calendar-3x12-sheets-dim-25x65-cm-bag-pointer-p-50\/\"]}]},{\"@type\":\"ImageObject\",\"inLanguage\":\"hr\",\"@id\":\"https:\/\/test2.michel-promo.com\/en\/product\/business-sirio-dark-blue-three-part-calendar-3x12-sheets-dim-25x65-cm-bag-pointer-p-50\/#primaryimage\",\"url\":\"https:\/\/test2.michel-promo.com\/wp-content\/uploads\/2024\/09\/0-02og000172-b85448bcc5.jpg\",\"contentUrl\":\"https:\/\/test2.michel-promo.com\/wp-content\/uploads\/2024\/09\/0-02og000172-b85448bcc5.jpg\",\"width\":1024,\"height\":1024,\"caption\":\"\\\"Poslovni SIRIO Dark Blue\\\" trodjelni kalendar, 3x12 list., dim:25x65cm, vre\u0107ica, pokaziva\u010d, P\/50\"},{\"@type\":\"BreadcrumbList\",\"@id\":\"https:\/\/test2.michel-promo.com\/en\/product\/business-sirio-dark-blue-three-part-calendar-3x12-sheets-dim-25x65-cm-bag-pointer-p-50\/#breadcrumb\",\"itemListElement\":[{\"@type\":\"ListItem\",\"position\":1,\"name\":\"Po\u010detna stranica\",\"item\":\"https:\/\/test2.michel-promo.com\/\"},{\"@type\":\"ListItem\",\"position\":2,\"name\":\"Shop\",\"item\":\"https:\/\/test2.michel-promo.com\/shop\/\"},{\"@type\":\"ListItem\",\"position\":3,\"name\":\"&#8220;Poslovni SIRIO Dark Blue&#8221; trodjelni kalendar, 3&#215;12 list., dim:25x65cm, vre\u0107ica, pokaziva\u010d, P\/50\"}]},{\"@type\":\"WebSite\",\"@id\":\"https:\/\/test2.michel-promo.com\/hr\/#website\",\"url\":\"https:\/\/test2.michel-promo.com\/hr\/\",\"name\":\"Michel Promo\",\"description\":\"Promotional Products with Personality\",\"publisher\":{\"@id\":\"https:\/\/test2.michel-promo.com\/hr\/#organization\"},\"potentialAction\":[{\"@type\":\"SearchAction\",\"target\":{\"@type\":\"EntryPoint\",\"urlTemplate\":\"https:\/\/test2.michel-promo.com\/hr\/?s={search_term_string}\"},\"query-input\":{\"@type\":\"PropertyValueSpecification\",\"valueRequired\":true,\"valueName\":\"search_term_string\"}}],\"inLanguage\":\"hr\"},{\"@type\":\"Organization\",\"@id\":\"https:\/\/test2.michel-promo.com\/hr\/#organization\",\"name\":\"Michel Promo\",\"url\":\"https:\/\/test2.michel-promo.com\/hr\/\",\"logo\":{\"@type\":\"ImageObject\",\"inLanguage\":\"hr\",\"@id\":\"https:\/\/test2.michel-promo.com\/hr\/#\/schema\/logo\/image\/\",\"url\":\"https:\/\/test2.michel-promo.com\/wp-content\/uploads\/2024\/05\/cropped-Widget-logo.png\",\"contentUrl\":\"https:\/\/test2.michel-promo.com\/wp-content\/uploads\/2024\/05\/cropped-Widget-logo.png\",\"width\":512,\"height\":512,\"caption\":\"Michel Promo\"},\"image\":{\"@id\":\"https:\/\/test2.michel-promo.com\/hr\/#\/schema\/logo\/image\/\"},\"sameAs\":[\"https:\/\/www.instagram.com\/promo_michel\/\",\"https:\/\/www.linkedin.com\/company\/michel-promo\/\"]}]}<\/script>\n<!-- \/ Yoast SEO plugin. -->","yoast_head_json":{"title":"&quot;Poslovni SIRIO Dark Blue&quot; trodjelni kalendar, 3x12 list., dim:25x65cm, vre\u0107ica, pokaziva\u010d, P\/50 \u2014 Michel Promo","robots":{"index":"noindex","follow":"follow","max-snippet":"max-snippet:-1","max-image-preview":"max-image-preview:large","max-video-preview":"max-video-preview:-1"},"og_locale":"hr_HR","og_type":"article","og_title":"\"Poslovni SIRIO Dark Blue\" trodjelni kalendar, 3x12 list., dim:25x65cm, vre\u0107ica, pokaziva\u010d, P\/50 &#8212; Michel Promo","og_description":"opseg: 12 listova x 3ndimenzija: 25 x 65 cm (cijeli kalendar)nprostor za dotisak: 25 x 17 cmnopis: tromjese\u010dni kalendarij, pokazna traka, vre\u0107icanjezici: HR, GB, DE, ITnvrsta papira: 80 g\/m2 listovi, 290 g\/m2 zaglavlje i podloga, spec. papir sirio s teksturom nuvez: dvostruka spirala x 3npakiranje: 50 kom","og_url":"https:\/\/test2.michel-promo.com\/hr\/proizvod\/business-sirio-dark-blue-three-part-calendar-3x12-sheets-dim-25x65-cm-bag-pointer-p-50\/","og_site_name":"Michel Promo","article_modified_time":"2025-10-08T13:32:48+00:00","og_image":[{"width":1024,"height":1024,"url":"https:\/\/test2.michel-promo.com\/wp-content\/uploads\/2024\/09\/0-02og000172.jpeg","type":"image\/jpeg"}],"twitter_card":"summary_large_image","twitter_misc":{"Procijenjeno vrijeme \u010ditanja":"1 minuta"},"schema":{"@context":"https:\/\/schema.org","@graph":[{"@type":"WebPage","@id":"https:\/\/test2.michel-promo.com\/en\/product\/business-sirio-dark-blue-three-part-calendar-3x12-sheets-dim-25x65-cm-bag-pointer-p-50\/","url":"https:\/\/test2.michel-promo.com\/en\/product\/business-sirio-dark-blue-three-part-calendar-3x12-sheets-dim-25x65-cm-bag-pointer-p-50\/","name":"&quot;Poslovni SIRIO Dark Blue&quot; trodjelni kalendar, 3x12 list., dim:25x65cm, vre\u0107ica, pokaziva\u010d, P\/50 \u2014 Michel Promo","isPartOf":{"@id":"https:\/\/test2.michel-promo.com\/hr\/#website"},"primaryImageOfPage":{"@id":"https:\/\/test2.michel-promo.com\/en\/product\/business-sirio-dark-blue-three-part-calendar-3x12-sheets-dim-25x65-cm-bag-pointer-p-50\/#primaryimage"},"image":{"@id":"https:\/\/test2.michel-promo.com\/en\/product\/business-sirio-dark-blue-three-part-calendar-3x12-sheets-dim-25x65-cm-bag-pointer-p-50\/#primaryimage"},"thumbnailUrl":"https:\/\/test2.michel-promo.com\/wp-content\/uploads\/2024\/09\/0-02og000172-b85448bcc5.jpg","datePublished":"2024-09-25T21:54:14+00:00","dateModified":"2025-10-08T13:32:48+00:00","breadcrumb":{"@id":"https:\/\/test2.michel-promo.com\/en\/product\/business-sirio-dark-blue-three-part-calendar-3x12-sheets-dim-25x65-cm-bag-pointer-p-50\/#breadcrumb"},"inLanguage":"hr","potentialAction":[{"@type":"ReadAction","target":["https:\/\/test2.michel-promo.com\/en\/product\/business-sirio-dark-blue-three-part-calendar-3x12-sheets-dim-25x65-cm-bag-pointer-p-50\/"]}]},{"@type":"ImageObject","inLanguage":"hr","@id":"https:\/\/test2.michel-promo.com\/en\/product\/business-sirio-dark-blue-three-part-calendar-3x12-sheets-dim-25x65-cm-bag-pointer-p-50\/#primaryimage","url":"https:\/\/test2.michel-promo.com\/wp-content\/uploads\/2024\/09\/0-02og000172-b85448bcc5.jpg","contentUrl":"https:\/\/test2.michel-promo.com\/wp-content\/uploads\/2024\/09\/0-02og000172-b85448bcc5.jpg","width":1024,"height":1024,"caption":"\"Poslovni SIRIO Dark Blue\" trodjelni kalendar, 3x12 list., dim:25x65cm, vre\u0107ica, pokaziva\u010d, P\/50"},{"@type":"BreadcrumbList","@id":"https:\/\/test2.michel-promo.com\/en\/product\/business-sirio-dark-blue-three-part-calendar-3x12-sheets-dim-25x65-cm-bag-pointer-p-50\/#breadcrumb","itemListElement":[{"@type":"ListItem","position":1,"name":"Po\u010detna stranica","item":"https:\/\/test2.michel-promo.com\/"},{"@type":"ListItem","position":2,"name":"Shop","item":"https:\/\/test2.michel-promo.com\/shop\/"},{"@type":"ListItem","position":3,"name":"&#8220;Poslovni SIRIO Dark Blue&#8221; trodjelni kalendar, 3&#215;12 list., dim:25x65cm, vre\u0107ica, pokaziva\u010d, P\/50"}]},{"@type":"WebSite","@id":"https:\/\/test2.michel-promo.com\/hr\/#website","url":"https:\/\/test2.michel-promo.com\/hr\/","name":"Michel Promo","description":"Studio promotivnih proizvoda s karakterom","publisher":{"@id":"https:\/\/test2.michel-promo.com\/hr\/#organization"},"potentialAction":[{"@type":"SearchAction","target":{"@type":"EntryPoint","urlTemplate":"https:\/\/test2.michel-promo.com\/hr\/?s={search_term_string}"},"query-input":{"@type":"PropertyValueSpecification","valueRequired":true,"valueName":"search_term_string"}}],"inLanguage":"hr"},{"@type":"Organization","@id":"https:\/\/test2.michel-promo.com\/hr\/#organization","name":"Michel Promo","url":"https:\/\/test2.michel-promo.com\/hr\/","logo":{"@type":"ImageObject","inLanguage":"hr","@id":"https:\/\/test2.michel-promo.com\/hr\/#\/schema\/logo\/image\/","url":"https:\/\/test2.michel-promo.com\/wp-content\/uploads\/2024\/05\/cropped-Widget-logo.png","contentUrl":"https:\/\/test2.michel-promo.com\/wp-content\/uploads\/2024\/05\/cropped-Widget-logo.png","width":512,"height":512,"caption":"Michel Promo"},"image":{"@id":"https:\/\/test2.michel-promo.com\/hr\/#\/schema\/logo\/image\/"},"sameAs":["https:\/\/www.instagram.com\/promo_michel\/","https:\/\/www.linkedin.com\/company\/michel-promo\/"]}]}},"_links":{"self":[{"href":"https:\/\/test2.michel-promo.com\/hr\/wp-json\/wp\/v2\/product\/207721","targetHints":{"allow":["GET"]}}],"collection":[{"href":"https:\/\/test2.michel-promo.com\/hr\/wp-json\/wp\/v2\/product"}],"about":[{"href":"https:\/\/test2.michel-promo.com\/hr\/wp-json\/wp\/v2\/types\/product"}],"version-history":[{"count":1,"href":"https:\/\/test2.michel-promo.com\/hr\/wp-json\/wp\/v2\/product\/207721\/revisions"}],"predecessor-version":[{"id":399457,"href":"https:\/\/test2.michel-promo.com\/hr\/wp-json\/wp\/v2\/product\/207721\/revisions\/399457"}],"wp:featuredmedia":[{"embeddable":true,"href":"https:\/\/test2.michel-promo.com\/hr\/wp-json\/wp\/v2\/media\/400426"}],"wp:attachment":[{"href":"https:\/\/test2.michel-promo.com\/hr\/wp-json\/wp\/v2\/media?parent=207721"}],"wp:term":[{"taxonomy":"product_brand","embeddable":true,"href":"https:\/\/test2.michel-promo.com\/hr\/wp-json\/wp\/v2\/product_brand?post=207721"},{"taxonomy":"product_cat","embeddable":true,"href":"https:\/\/test2.michel-promo.com\/hr\/wp-json\/wp\/v2\/product_cat?post=207721"},{"taxonomy":"product_tag","embeddable":true,"href":"https:\/\/test2.michel-promo.com\/hr\/wp-json\/wp\/v2\/product_tag?post=207721"}],"curies":[{"name":"radni list","href":"https:\/\/api.w.org\/{rel}","templated":true}]}}