{"id":208836,"date":"2024-09-26T00:15:44","date_gmt":"2024-09-25T22:15:44","guid":{"rendered":"http:\/\/test2.michel-promo.com\/en\/product\/weekly-planner-notebook-donat-pu-black-21x26-5-cm-224-pages-80g-p-20\/"},"modified":"2025-10-08T15:54:29","modified_gmt":"2025-10-08T13:54:29","slug":"weekly-planner-notebook-donat-pu-black-21x26-5-cm-224-pages-80g-p-20","status":"publish","type":"product","link":"https:\/\/test2.michel-promo.com\/hr\/proizvod\/weekly-planner-notebook-donat-pu-black-21x26-5-cm-224-pages-80g-p-20\/","title":{"rendered":"ROKOVNIK TJEDNI BLANJKA \u201cDONAT\u201d PU CRNI 21\u00d726,5 cm 224 str 80gr P\/20"},"content":{"rendered":"<p>Sadr\u017eaj: Prvi dio sadr\u017ei osnovne podatke, kalendar za teku\u0107u i idu\u0107u godinu, popis praznika u zemljama \u010dlanicama EU, godi\u0161nji plan za teku\u0107u godinu. Drugi dio sadr\u017ei tjedni planer sa 106 stranica. Tre\u0107i dio sadr\u017ei godi\u0161nji plan za idu\u0107u godinu. \u010cetvrti dio je prostor za bilje\u0161ke sa 96 stranica. Uvez: \u0160ivani, tvrdi uvez, vrpca za oznake, termolabilna eko ko\u017ea (PU platno) \/ Preporu\u010deni na\u010dini tiska: Sitotisak, \u0161tancanje folijom, termo tisak, UV tisak.<\/p>","protected":false},"excerpt":{"rendered":"<p>Sadr\u017eajnPrvi dio sadr\u017ei osnovne podatke, kalendar za teku\u0107u i posljednju godinu,npopis praznika dr\u017eava \u010dlanica EU, godi\u0161nji planer za teku\u0107u godinu.nDrugi dio sadr\u017ei planer po tjednima na 106 stranica.nTre\u0107i dio sadr\u017ei godi\u0161nji planer za posljednju godinu.n\u010cetvrti dio je prostor za bilje\u0161ke na 96 stranica.nUvez: \u0161ivani, tvrdi uvez, pokazna vrpca, termolabilna eko ko\u017ea (PU platno)nPreporu\u010dena vrsta TISKA: sitotisak, foliotisak, termotisak i UV tisak.<\/p>","protected":false},"featured_media":401334,"template":"","meta":{"_acf_changed":false},"product_brand":[],"product_cat":[119],"product_tag":[],"class_list":{"0":"post-208836","1":"product","2":"type-product","3":"status-publish","4":"has-post-thumbnail","6":"product_cat-notebooks-and-notepads","8":"first","9":"outofstock","10":"taxable","11":"shipping-taxable","12":"purchasable","13":"product-type-simple"},"acf":[],"yoast_head":"<!-- This site is optimized with the Yoast SEO plugin v26.4 - https:\/\/yoast.com\/wordpress\/plugins\/seo\/ -->\n<title>ROKOVNIK TJEDNI PLANER &quot;DONAT&quot; PU CRNI 21x26,5 cm 224 str 80gr P\/20 &#8212; Michel Promo<\/title>\n<meta name=\"robots\" content=\"noindex, follow, max-snippet:-1, max-image-preview:large, max-video-preview:-1\" \/>\n<meta property=\"og:locale\" content=\"hr_HR\" \/>\n<meta property=\"og:type\" content=\"article\" \/>\n<meta property=\"og:title\" content=\"ROKOVNIK TJEDNI PLANER &quot;DONAT&quot; PU CRNI 21x26,5 cm 224 str 80gr P\/20 &#8212; Michel Promo\" \/>\n<meta property=\"og:description\" content=\"Sadr\u017eajnPrvi dio sadr\u017ei osnovne podatke, kalendar za teku\u0107u i sljede\u0107u godinu,npopis praznika dr\u017eava \u010dlanica EU, godi\u0161nji planer za teku\u0107u godinu.nDrugi dio sadr\u017ei planer po tjednima na 106 stranica.nTre\u0107i dio sadr\u017ei godi\u0161nji planer za sljede\u0107u godinu.n\u010cetvrti dio je prostor za bilje\u0161ke na 96 stranica.nUvez: \u0161ivani, tvrdi uvez, pokazna vrpca, termolabilna eko ko\u017ea (PU platno)nPreporu\u010dena vrsta TISKA: sitotisak, foliotisak, termotisak i UV tisak.\" \/>\n<meta property=\"og:url\" content=\"https:\/\/test2.michel-promo.com\/hr\/proizvod\/weekly-planner-notebook-donat-pu-black-21x26-5-cm-224-pages-80g-p-20\/\" \/>\n<meta property=\"og:site_name\" content=\"Michel Promo\" \/>\n<meta property=\"article:modified_time\" content=\"2025-10-08T13:54:29+00:00\" \/>\n<meta property=\"og:image\" content=\"https:\/\/test2.michel-promo.com\/wp-content\/uploads\/2024\/09\/0-02og002178.jpeg\" \/>\n\t<meta property=\"og:image:width\" content=\"1024\" \/>\n\t<meta property=\"og:image:height\" content=\"1024\" \/>\n\t<meta property=\"og:image:type\" content=\"image\/jpeg\" \/>\n<meta name=\"twitter:card\" content=\"summary_large_image\" \/>\n<script type=\"application\/ld+json\" class=\"yoast-schema-graph\">{\"@context\":\"https:\/\/schema.org\",\"@graph\":[{\"@type\":\"WebPage\",\"@id\":\"https:\/\/test2.michel-promo.com\/en\/product\/weekly-planner-notebook-donat-pu-black-21x26-5-cm-224-pages-80g-p-20\/\",\"url\":\"https:\/\/test2.michel-promo.com\/en\/product\/weekly-planner-notebook-donat-pu-black-21x26-5-cm-224-pages-80g-p-20\/\",\"name\":\"ROKOVNIK TJEDNI PLANER \\\"DONAT\\\" PU CRNI 21x26,5 cm 224 str 80gr P\/20 &#8212; Michel Promo\",\"isPartOf\":{\"@id\":\"https:\/\/test2.michel-promo.com\/hr\/#website\"},\"primaryImageOfPage\":{\"@id\":\"https:\/\/test2.michel-promo.com\/en\/product\/weekly-planner-notebook-donat-pu-black-21x26-5-cm-224-pages-80g-p-20\/#primaryimage\"},\"image\":{\"@id\":\"https:\/\/test2.michel-promo.com\/en\/product\/weekly-planner-notebook-donat-pu-black-21x26-5-cm-224-pages-80g-p-20\/#primaryimage\"},\"thumbnailUrl\":\"https:\/\/test2.michel-promo.com\/wp-content\/uploads\/2024\/09\/0-02og002178-980cbe7847.jpg\",\"datePublished\":\"2024-09-25T22:15:44+00:00\",\"dateModified\":\"2025-10-08T13:54:29+00:00\",\"breadcrumb\":{\"@id\":\"https:\/\/test2.michel-promo.com\/en\/product\/weekly-planner-notebook-donat-pu-black-21x26-5-cm-224-pages-80g-p-20\/#breadcrumb\"},\"inLanguage\":\"hr\",\"potentialAction\":[{\"@type\":\"ReadAction\",\"target\":[\"https:\/\/test2.michel-promo.com\/en\/product\/weekly-planner-notebook-donat-pu-black-21x26-5-cm-224-pages-80g-p-20\/\"]}]},{\"@type\":\"ImageObject\",\"inLanguage\":\"hr\",\"@id\":\"https:\/\/test2.michel-promo.com\/en\/product\/weekly-planner-notebook-donat-pu-black-21x26-5-cm-224-pages-80g-p-20\/#primaryimage\",\"url\":\"https:\/\/test2.michel-promo.com\/wp-content\/uploads\/2024\/09\/0-02og002178-980cbe7847.jpg\",\"contentUrl\":\"https:\/\/test2.michel-promo.com\/wp-content\/uploads\/2024\/09\/0-02og002178-980cbe7847.jpg\",\"width\":1024,\"height\":1024,\"caption\":\"ROKOVNIK TJEDNI PLANER \\\"DONAT\\\" PU CRNI 21x26,5 cm 224 str 80gr P\/20\"},{\"@type\":\"BreadcrumbList\",\"@id\":\"https:\/\/test2.michel-promo.com\/en\/product\/weekly-planner-notebook-donat-pu-black-21x26-5-cm-224-pages-80g-p-20\/#breadcrumb\",\"itemListElement\":[{\"@type\":\"ListItem\",\"position\":1,\"name\":\"Po\u010detna stranica\",\"item\":\"https:\/\/test2.michel-promo.com\/hr\/\"},{\"@type\":\"ListItem\",\"position\":2,\"name\":\"Shop\",\"item\":\"https:\/\/test2.michel-promo.com\/shop\/\"},{\"@type\":\"ListItem\",\"position\":3,\"name\":\"ROKOVNIK TJEDNI PLANER &#8220;DONAT&#8221; PU CRNI 21&#215;26,5 cm 224 str 80gr P\/20\"}]},{\"@type\":\"WebSite\",\"@id\":\"https:\/\/test2.michel-promo.com\/hr\/#website\",\"url\":\"https:\/\/test2.michel-promo.com\/hr\/\",\"name\":\"Michel Promo\",\"description\":\"Promotional Products with Personality\",\"publisher\":{\"@id\":\"https:\/\/test2.michel-promo.com\/hr\/#organization\"},\"potentialAction\":[{\"@type\":\"SearchAction\",\"target\":{\"@type\":\"EntryPoint\",\"urlTemplate\":\"https:\/\/test2.michel-promo.com\/hr\/?s={search_term_string}\"},\"query-input\":{\"@type\":\"PropertyValueSpecification\",\"valueRequired\":true,\"valueName\":\"search_term_string\"}}],\"inLanguage\":\"hr\"},{\"@type\":\"Organization\",\"@id\":\"https:\/\/test2.michel-promo.com\/hr\/#organization\",\"name\":\"Michel Promo\",\"url\":\"https:\/\/test2.michel-promo.com\/hr\/\",\"logo\":{\"@type\":\"ImageObject\",\"inLanguage\":\"hr\",\"@id\":\"https:\/\/test2.michel-promo.com\/hr\/#\/schema\/logo\/image\/\",\"url\":\"https:\/\/test2.michel-promo.com\/wp-content\/uploads\/2024\/05\/cropped-Widget-logo.png\",\"contentUrl\":\"https:\/\/test2.michel-promo.com\/wp-content\/uploads\/2024\/05\/cropped-Widget-logo.png\",\"width\":512,\"height\":512,\"caption\":\"Michel Promo\"},\"image\":{\"@id\":\"https:\/\/test2.michel-promo.com\/hr\/#\/schema\/logo\/image\/\"},\"sameAs\":[\"https:\/\/www.instagram.com\/promo_michel\/\",\"https:\/\/www.linkedin.com\/company\/michel-promo\/\"]}]}<\/script>\n<!-- \/ Yoast SEO plugin. -->","yoast_head_json":{"title":"ROKOVNIK TJEDNI BLANJKA &quot;DONAT&quot; PU CRNI 21x26,5 cm 224 str 80gr P\/20 \u2014 Michel Promo","robots":{"index":"noindex","follow":"follow","max-snippet":"max-snippet:-1","max-image-preview":"max-image-preview:large","max-video-preview":"max-video-preview:-1"},"og_locale":"hr_HR","og_type":"article","og_title":"ROKOVNIK TJEDNI PLANER \"DONAT\" PU CRNI 21x26,5 cm 224 str 80gr P\/20 &#8212; Michel Promo","og_description":"Sadr\u017eajnPrvi dio sadr\u017ei osnovne podatke, kalendar za teku\u0107u i sljede\u0107u godinu,npopis praznika dr\u017eava \u010dlanica EU, godi\u0161nji planer za teku\u0107u godinu.nDrugi dio sadr\u017ei planer po tjednima na 106 stranica.nTre\u0107i dio sadr\u017ei godi\u0161nji planer za sljede\u0107u godinu.n\u010cetvrti dio je prostor za bilje\u0161ke na 96 stranica.nUvez: \u0161ivani, tvrdi uvez, pokazna vrpca, termolabilna eko ko\u017ea (PU platno)nPreporu\u010dena vrsta TISKA: sitotisak, foliotisak, termotisak i UV tisak.","og_url":"https:\/\/test2.michel-promo.com\/hr\/proizvod\/weekly-planner-notebook-donat-pu-black-21x26-5-cm-224-pages-80g-p-20\/","og_site_name":"Michel Promo","article_modified_time":"2025-10-08T13:54:29+00:00","og_image":[{"width":1024,"height":1024,"url":"https:\/\/test2.michel-promo.com\/wp-content\/uploads\/2024\/09\/0-02og002178.jpeg","type":"image\/jpeg"}],"twitter_card":"summary_large_image","schema":{"@context":"https:\/\/schema.org","@graph":[{"@type":"WebPage","@id":"https:\/\/test2.michel-promo.com\/en\/product\/weekly-planner-notebook-donat-pu-black-21x26-5-cm-224-pages-80g-p-20\/","url":"https:\/\/test2.michel-promo.com\/en\/product\/weekly-planner-notebook-donat-pu-black-21x26-5-cm-224-pages-80g-p-20\/","name":"ROKOVNIK TJEDNI BLANJKA &quot;DONAT&quot; PU CRNI 21x26,5 cm 224 str 80gr P\/20 \u2014 Michel Promo","isPartOf":{"@id":"https:\/\/test2.michel-promo.com\/hr\/#website"},"primaryImageOfPage":{"@id":"https:\/\/test2.michel-promo.com\/en\/product\/weekly-planner-notebook-donat-pu-black-21x26-5-cm-224-pages-80g-p-20\/#primaryimage"},"image":{"@id":"https:\/\/test2.michel-promo.com\/en\/product\/weekly-planner-notebook-donat-pu-black-21x26-5-cm-224-pages-80g-p-20\/#primaryimage"},"thumbnailUrl":"https:\/\/test2.michel-promo.com\/wp-content\/uploads\/2024\/09\/0-02og002178-980cbe7847.jpg","datePublished":"2024-09-25T22:15:44+00:00","dateModified":"2025-10-08T13:54:29+00:00","breadcrumb":{"@id":"https:\/\/test2.michel-promo.com\/en\/product\/weekly-planner-notebook-donat-pu-black-21x26-5-cm-224-pages-80g-p-20\/#breadcrumb"},"inLanguage":"hr","potentialAction":[{"@type":"ReadAction","target":["https:\/\/test2.michel-promo.com\/en\/product\/weekly-planner-notebook-donat-pu-black-21x26-5-cm-224-pages-80g-p-20\/"]}]},{"@type":"ImageObject","inLanguage":"hr","@id":"https:\/\/test2.michel-promo.com\/en\/product\/weekly-planner-notebook-donat-pu-black-21x26-5-cm-224-pages-80g-p-20\/#primaryimage","url":"https:\/\/test2.michel-promo.com\/wp-content\/uploads\/2024\/09\/0-02og002178-980cbe7847.jpg","contentUrl":"https:\/\/test2.michel-promo.com\/wp-content\/uploads\/2024\/09\/0-02og002178-980cbe7847.jpg","width":1024,"height":1024,"caption":"ROKOVNIK TJEDNI PLANER \"DONAT\" PU CRNI 21x26,5 cm 224 str 80gr P\/20"},{"@type":"BreadcrumbList","@id":"https:\/\/test2.michel-promo.com\/en\/product\/weekly-planner-notebook-donat-pu-black-21x26-5-cm-224-pages-80g-p-20\/#breadcrumb","itemListElement":[{"@type":"ListItem","position":1,"name":"Po\u010detna stranica","item":"https:\/\/test2.michel-promo.com\/hr\/"},{"@type":"ListItem","position":2,"name":"Shop","item":"https:\/\/test2.michel-promo.com\/shop\/"},{"@type":"ListItem","position":3,"name":"ROKOVNIK TJEDNI PLANER &#8220;DONAT&#8221; PU CRNI 21&#215;26,5 cm 224 str 80gr P\/20"}]},{"@type":"WebSite","@id":"https:\/\/test2.michel-promo.com\/hr\/#website","url":"https:\/\/test2.michel-promo.com\/hr\/","name":"Michel Promo","description":"Studio promotivnih proizvoda s karakterom","publisher":{"@id":"https:\/\/test2.michel-promo.com\/hr\/#organization"},"potentialAction":[{"@type":"SearchAction","target":{"@type":"EntryPoint","urlTemplate":"https:\/\/test2.michel-promo.com\/hr\/?s={search_term_string}"},"query-input":{"@type":"PropertyValueSpecification","valueRequired":true,"valueName":"search_term_string"}}],"inLanguage":"hr"},{"@type":"Organization","@id":"https:\/\/test2.michel-promo.com\/hr\/#organization","name":"Michel Promo","url":"https:\/\/test2.michel-promo.com\/hr\/","logo":{"@type":"ImageObject","inLanguage":"hr","@id":"https:\/\/test2.michel-promo.com\/hr\/#\/schema\/logo\/image\/","url":"https:\/\/test2.michel-promo.com\/wp-content\/uploads\/2024\/05\/cropped-Widget-logo.png","contentUrl":"https:\/\/test2.michel-promo.com\/wp-content\/uploads\/2024\/05\/cropped-Widget-logo.png","width":512,"height":512,"caption":"Michel Promo"},"image":{"@id":"https:\/\/test2.michel-promo.com\/hr\/#\/schema\/logo\/image\/"},"sameAs":["https:\/\/www.instagram.com\/promo_michel\/","https:\/\/www.linkedin.com\/company\/michel-promo\/"]}]}},"_links":{"self":[{"href":"https:\/\/test2.michel-promo.com\/hr\/wp-json\/wp\/v2\/product\/208836","targetHints":{"allow":["GET"]}}],"collection":[{"href":"https:\/\/test2.michel-promo.com\/hr\/wp-json\/wp\/v2\/product"}],"about":[{"href":"https:\/\/test2.michel-promo.com\/hr\/wp-json\/wp\/v2\/types\/product"}],"version-history":[{"count":1,"href":"https:\/\/test2.michel-promo.com\/hr\/wp-json\/wp\/v2\/product\/208836\/revisions"}],"predecessor-version":[{"id":399699,"href":"https:\/\/test2.michel-promo.com\/hr\/wp-json\/wp\/v2\/product\/208836\/revisions\/399699"}],"wp:featuredmedia":[{"embeddable":true,"href":"https:\/\/test2.michel-promo.com\/hr\/wp-json\/wp\/v2\/media\/401334"}],"wp:attachment":[{"href":"https:\/\/test2.michel-promo.com\/hr\/wp-json\/wp\/v2\/media?parent=208836"}],"wp:term":[{"taxonomy":"product_brand","embeddable":true,"href":"https:\/\/test2.michel-promo.com\/hr\/wp-json\/wp\/v2\/product_brand?post=208836"},{"taxonomy":"product_cat","embeddable":true,"href":"https:\/\/test2.michel-promo.com\/hr\/wp-json\/wp\/v2\/product_cat?post=208836"},{"taxonomy":"product_tag","embeddable":true,"href":"https:\/\/test2.michel-promo.com\/hr\/wp-json\/wp\/v2\/product_tag?post=208836"}],"curies":[{"name":"radni list","href":"https:\/\/api.w.org\/{rel}","templated":true}]}}