{"id":209371,"date":"2024-09-26T00:25:56","date_gmt":"2024-09-25T22:25:56","guid":{"rendered":"http:\/\/test2.michel-promo.com\/en\/product\/atena-red-notebook-a4-dim-21x26-5-cm-192-pages-elastic-band-pen-holder-p-20\/"},"modified":"2025-10-08T22:14:40","modified_gmt":"2025-10-08T20:14:40","slug":"atena-red-notebook-a4-dim-21x26-5-cm-192-pages-elastic-band-pen-holder-p-20","status":"publish","type":"product","link":"https:\/\/test2.michel-promo.com\/hr\/proizvod\/atena-red-notebook-a4-dim-21x26-5-cm-192-pages-elastic-band-pen-holder-p-20\/","title":{"rendered":"\u201cATENA\u201d CRVENI rokovnik A4, dim: 21\u00d726,5cm, 192 str., gumica, gumica za olovku P\/20"},"content":{"rendered":"<p>Opseg: ~A4 \/ 21 x 26,5 cm \/ Broj stranica: 192 \/ Jezici: HR \/ Vrsta papira: 80 g\/m\u00b2 listova \/ Tisak: Dvije boje \/ Uvez: \u0160ivani, velika vrpca, vrpca za oznake, korice od termolabilnog PU materijala \/ Preporu\u010deno na\u010dini tiska: Sitotisak, \u0161tancanje folijom, suho utiskivanje, UV tisak \/ Sadr\u017eaj: Prvi dio sadr\u017ei osnovne podatke, 4-godi\u0161nji kalendar, mjese\u010dni planer, vremenske zone, udaljenosti izme\u0111u ve\u0107ih gradova u europskim zemljama i metri\u010dke mjere. Drugi dio sadr\u017ei bilje\u0161ke.<\/p>","protected":false},"excerpt":{"rendered":"<p>dimenzija: ~ A4 \/ 21 x 26,5 cm nopseg: 192 stranicenjezici: HRnvrsta papira: 80 g\/m2 listovintisak: dvije bojenuvez: \u0161ivano, kapital vrpca, pokazna vrpca, korice su izra\u0111ene od termolabilnog PU materijalanpreporu\u010dena vrsta tiska: sitotisak, foliotisak, suhi \u017eg, UV tisaknSadr\u017eajnPrvi dio sadr\u017ei osnovne podaci, kalendarij za 4 godine, godi\u0161nji planer po mjesecima, vremenska zona, nme\u0111usobne udaljenosti izme\u0111u glavnih gradova Europskih dr\u017eava, metri\u010dke mjere. Drugi dio sadr\u017ei bilje\u0161ke.<\/p>","protected":false},"featured_media":401853,"template":"","meta":{"_acf_changed":false},"product_brand":[],"product_cat":[119],"product_tag":[],"class_list":{"0":"post-209371","1":"product","2":"type-product","3":"status-publish","4":"has-post-thumbnail","6":"product_cat-notebooks-and-notepads","8":"first","9":"outofstock","10":"taxable","11":"shipping-taxable","12":"purchasable","13":"product-type-simple"},"acf":[],"yoast_head":"<!-- This site is optimized with the Yoast SEO plugin v26.4 - https:\/\/yoast.com\/wordpress\/plugins\/seo\/ -->\n<title>&quot;ATENA&quot; CRVENI rokovnik A4, dim: 21x26,5cm, 192 str., gumica, gumica za olovku P\/20 &#8212; Michel Promo<\/title>\n<meta name=\"robots\" content=\"noindex, follow, max-snippet:-1, max-image-preview:large, max-video-preview:-1\" \/>\n<meta property=\"og:locale\" content=\"hr_HR\" \/>\n<meta property=\"og:type\" content=\"article\" \/>\n<meta property=\"og:title\" content=\"&quot;ATENA&quot; CRVENI rokovnik A4, dim: 21x26,5cm, 192 str., gumica, gumica za olovku P\/20 &#8212; Michel Promo\" \/>\n<meta property=\"og:description\" content=\"dimenzija: ~ A4 \/ 21 x 26,5 cm nopseg: 192 stranicenjezici: HRnvrsta papira: 80 g\/m2 listovintisak: dvije bojenuvez: \u0161ivano, kapital vrpca, pokazna vrpca, korice su izra\u0111ene od termolabilnog PU materijalanpreporu\u010dena vrsta tiska: sitotisak, foliotisak, suhi \u017eg, UV tisaknSadr\u017eajnPrvi dio sadr\u017ei osnovne podatke, kalendarij za 4ngodine, godi\u0161nji planer po mjesecima, vremenska zone,nme\u0111usobne udaljenosi izme\u0111u glavnih gradova Europskihndr\u017eava, metri\u010dke mjere. Drugi dio sadr\u017ei bilje\u0161ke.\" \/>\n<meta property=\"og:url\" content=\"https:\/\/test2.michel-promo.com\/hr\/proizvod\/atena-red-notebook-a4-dim-21x26-5-cm-192-pages-elastic-band-pen-holder-p-20\/\" \/>\n<meta property=\"og:site_name\" content=\"Michel Promo\" \/>\n<meta property=\"article:modified_time\" content=\"2025-10-08T20:14:40+00:00\" \/>\n<meta property=\"og:image\" content=\"https:\/\/test2.michel-promo.com\/wp-content\/uploads\/2024\/09\/0-02og006658.jpeg\" \/>\n\t<meta property=\"og:image:width\" content=\"1024\" \/>\n\t<meta property=\"og:image:height\" content=\"1024\" \/>\n\t<meta property=\"og:image:type\" content=\"image\/jpeg\" \/>\n<meta name=\"twitter:card\" content=\"summary_large_image\" \/>\n<script type=\"application\/ld+json\" class=\"yoast-schema-graph\">{\"@context\":\"https:\/\/schema.org\",\"@graph\":[{\"@type\":\"WebPage\",\"@id\":\"https:\/\/test2.michel-promo.com\/en\/product\/atena-red-notebook-a4-dim-21x26-5-cm-192-pages-elastic-band-pen-holder-p-20\/\",\"url\":\"https:\/\/test2.michel-promo.com\/en\/product\/atena-red-notebook-a4-dim-21x26-5-cm-192-pages-elastic-band-pen-holder-p-20\/\",\"name\":\"\\\"ATENA\\\" CRVENI rokovnik A4, dim: 21x26,5cm, 192 str., gumica, gumica za olovku P\/20 &#8212; Michel Promo\",\"isPartOf\":{\"@id\":\"https:\/\/test2.michel-promo.com\/hr\/#website\"},\"primaryImageOfPage\":{\"@id\":\"https:\/\/test2.michel-promo.com\/en\/product\/atena-red-notebook-a4-dim-21x26-5-cm-192-pages-elastic-band-pen-holder-p-20\/#primaryimage\"},\"image\":{\"@id\":\"https:\/\/test2.michel-promo.com\/en\/product\/atena-red-notebook-a4-dim-21x26-5-cm-192-pages-elastic-band-pen-holder-p-20\/#primaryimage\"},\"thumbnailUrl\":\"https:\/\/test2.michel-promo.com\/wp-content\/uploads\/2024\/09\/0-02og006658-ebe31ba0.jpeg\",\"datePublished\":\"2024-09-25T22:25:56+00:00\",\"dateModified\":\"2025-10-08T20:14:40+00:00\",\"breadcrumb\":{\"@id\":\"https:\/\/test2.michel-promo.com\/en\/product\/atena-red-notebook-a4-dim-21x26-5-cm-192-pages-elastic-band-pen-holder-p-20\/#breadcrumb\"},\"inLanguage\":\"hr\",\"potentialAction\":[{\"@type\":\"ReadAction\",\"target\":[\"https:\/\/test2.michel-promo.com\/en\/product\/atena-red-notebook-a4-dim-21x26-5-cm-192-pages-elastic-band-pen-holder-p-20\/\"]}]},{\"@type\":\"ImageObject\",\"inLanguage\":\"hr\",\"@id\":\"https:\/\/test2.michel-promo.com\/en\/product\/atena-red-notebook-a4-dim-21x26-5-cm-192-pages-elastic-band-pen-holder-p-20\/#primaryimage\",\"url\":\"https:\/\/test2.michel-promo.com\/wp-content\/uploads\/2024\/09\/0-02og006658-ebe31ba0.jpeg\",\"contentUrl\":\"https:\/\/test2.michel-promo.com\/wp-content\/uploads\/2024\/09\/0-02og006658-ebe31ba0.jpeg\",\"width\":1024,\"height\":1024},{\"@type\":\"BreadcrumbList\",\"@id\":\"https:\/\/test2.michel-promo.com\/en\/product\/atena-red-notebook-a4-dim-21x26-5-cm-192-pages-elastic-band-pen-holder-p-20\/#breadcrumb\",\"itemListElement\":[{\"@type\":\"ListItem\",\"position\":1,\"name\":\"Po\u010detna stranica\",\"item\":\"https:\/\/test2.michel-promo.com\/hr\/\"},{\"@type\":\"ListItem\",\"position\":2,\"name\":\"Shop\",\"item\":\"https:\/\/test2.michel-promo.com\/shop\/\"},{\"@type\":\"ListItem\",\"position\":3,\"name\":\"&#8220;ATENA&#8221; CRVENI rokovnik A4, dim: 21&#215;26,5cm, 192 str., gumica, gumica za olovku P\/20\"}]},{\"@type\":\"WebSite\",\"@id\":\"https:\/\/test2.michel-promo.com\/hr\/#website\",\"url\":\"https:\/\/test2.michel-promo.com\/hr\/\",\"name\":\"Michel Promo\",\"description\":\"Promotional Products with Personality\",\"publisher\":{\"@id\":\"https:\/\/test2.michel-promo.com\/hr\/#organization\"},\"potentialAction\":[{\"@type\":\"SearchAction\",\"target\":{\"@type\":\"EntryPoint\",\"urlTemplate\":\"https:\/\/test2.michel-promo.com\/hr\/?s={search_term_string}\"},\"query-input\":{\"@type\":\"PropertyValueSpecification\",\"valueRequired\":true,\"valueName\":\"search_term_string\"}}],\"inLanguage\":\"hr\"},{\"@type\":\"Organization\",\"@id\":\"https:\/\/test2.michel-promo.com\/hr\/#organization\",\"name\":\"Michel Promo\",\"url\":\"https:\/\/test2.michel-promo.com\/hr\/\",\"logo\":{\"@type\":\"ImageObject\",\"inLanguage\":\"hr\",\"@id\":\"https:\/\/test2.michel-promo.com\/hr\/#\/schema\/logo\/image\/\",\"url\":\"https:\/\/test2.michel-promo.com\/wp-content\/uploads\/2024\/05\/cropped-Widget-logo.png\",\"contentUrl\":\"https:\/\/test2.michel-promo.com\/wp-content\/uploads\/2024\/05\/cropped-Widget-logo.png\",\"width\":512,\"height\":512,\"caption\":\"Michel Promo\"},\"image\":{\"@id\":\"https:\/\/test2.michel-promo.com\/hr\/#\/schema\/logo\/image\/\"},\"sameAs\":[\"https:\/\/www.instagram.com\/promo_michel\/\",\"https:\/\/www.linkedin.com\/company\/michel-promo\/\"]}]}<\/script>\n<!-- \/ Yoast SEO plugin. -->","yoast_head_json":{"title":"&quot;ATENA&quot; CRVENI rokovnik A4, dim: 21x26,5cm, 192 str., gumica, gumica za olovku P\/20 \u2014 Michel Promo","robots":{"index":"noindex","follow":"follow","max-snippet":"max-snippet:-1","max-image-preview":"max-image-preview:large","max-video-preview":"max-video-preview:-1"},"og_locale":"hr_HR","og_type":"article","og_title":"\"ATENA\" CRVENI rokovnik A4, dim: 21x26,5cm, 192 str., gumica, gumica za olovku P\/20 &#8212; Michel Promo","og_description":"dimenzija: ~ A4 \/ 21 x 26,5 cm nopseg: 192 stranicenjezici: HRnvrsta papira: 80 g\/m2 listovintisak: dvije bojenuvez: \u0161ivano, kapital vrpca, pokazna vrpca, korice su izra\u0111ene od termolabilnog PU materijalanpreporu\u010dena vrsta tiska: sitotisak, foliotisak, suhi \u017eg, UV tisaknSadr\u017eajnPrvi dio sadr\u017ei osnovne podatke, kalendarij za 4ngodine, godi\u0161nji planer po mjesecima, vremenska zone,nme\u0111usobne udaljenosi izme\u0111u glavnih gradova Europskihndr\u017eava, metri\u010dke mjere. Drugi dio sadr\u017ei bilje\u0161ke.","og_url":"https:\/\/test2.michel-promo.com\/hr\/proizvod\/atena-red-notebook-a4-dim-21x26-5-cm-192-pages-elastic-band-pen-holder-p-20\/","og_site_name":"Michel Promo","article_modified_time":"2025-10-08T20:14:40+00:00","og_image":[{"width":1024,"height":1024,"url":"https:\/\/test2.michel-promo.com\/wp-content\/uploads\/2024\/09\/0-02og006658.jpeg","type":"image\/jpeg"}],"twitter_card":"summary_large_image","schema":{"@context":"https:\/\/schema.org","@graph":[{"@type":"WebPage","@id":"https:\/\/test2.michel-promo.com\/en\/product\/atena-red-notebook-a4-dim-21x26-5-cm-192-pages-elastic-band-pen-holder-p-20\/","url":"https:\/\/test2.michel-promo.com\/en\/product\/atena-red-notebook-a4-dim-21x26-5-cm-192-pages-elastic-band-pen-holder-p-20\/","name":"&quot;ATENA&quot; CRVENI rokovnik A4, dim: 21x26,5cm, 192 str., gumica, gumica za olovku P\/20 \u2014 Michel Promo","isPartOf":{"@id":"https:\/\/test2.michel-promo.com\/hr\/#website"},"primaryImageOfPage":{"@id":"https:\/\/test2.michel-promo.com\/en\/product\/atena-red-notebook-a4-dim-21x26-5-cm-192-pages-elastic-band-pen-holder-p-20\/#primaryimage"},"image":{"@id":"https:\/\/test2.michel-promo.com\/en\/product\/atena-red-notebook-a4-dim-21x26-5-cm-192-pages-elastic-band-pen-holder-p-20\/#primaryimage"},"thumbnailUrl":"https:\/\/test2.michel-promo.com\/wp-content\/uploads\/2024\/09\/0-02og006658-ebe31ba0.jpeg","datePublished":"2024-09-25T22:25:56+00:00","dateModified":"2025-10-08T20:14:40+00:00","breadcrumb":{"@id":"https:\/\/test2.michel-promo.com\/en\/product\/atena-red-notebook-a4-dim-21x26-5-cm-192-pages-elastic-band-pen-holder-p-20\/#breadcrumb"},"inLanguage":"hr","potentialAction":[{"@type":"ReadAction","target":["https:\/\/test2.michel-promo.com\/en\/product\/atena-red-notebook-a4-dim-21x26-5-cm-192-pages-elastic-band-pen-holder-p-20\/"]}]},{"@type":"ImageObject","inLanguage":"hr","@id":"https:\/\/test2.michel-promo.com\/en\/product\/atena-red-notebook-a4-dim-21x26-5-cm-192-pages-elastic-band-pen-holder-p-20\/#primaryimage","url":"https:\/\/test2.michel-promo.com\/wp-content\/uploads\/2024\/09\/0-02og006658-ebe31ba0.jpeg","contentUrl":"https:\/\/test2.michel-promo.com\/wp-content\/uploads\/2024\/09\/0-02og006658-ebe31ba0.jpeg","width":1024,"height":1024},{"@type":"BreadcrumbList","@id":"https:\/\/test2.michel-promo.com\/en\/product\/atena-red-notebook-a4-dim-21x26-5-cm-192-pages-elastic-band-pen-holder-p-20\/#breadcrumb","itemListElement":[{"@type":"ListItem","position":1,"name":"Po\u010detna stranica","item":"https:\/\/test2.michel-promo.com\/hr\/"},{"@type":"ListItem","position":2,"name":"Shop","item":"https:\/\/test2.michel-promo.com\/shop\/"},{"@type":"ListItem","position":3,"name":"&#8220;ATENA&#8221; CRVENI rokovnik A4, dim: 21&#215;26,5cm, 192 str., gumica, gumica za olovku P\/20"}]},{"@type":"WebSite","@id":"https:\/\/test2.michel-promo.com\/hr\/#website","url":"https:\/\/test2.michel-promo.com\/hr\/","name":"Michel Promo","description":"Studio promotivnih proizvoda s karakterom","publisher":{"@id":"https:\/\/test2.michel-promo.com\/hr\/#organization"},"potentialAction":[{"@type":"SearchAction","target":{"@type":"EntryPoint","urlTemplate":"https:\/\/test2.michel-promo.com\/hr\/?s={search_term_string}"},"query-input":{"@type":"PropertyValueSpecification","valueRequired":true,"valueName":"search_term_string"}}],"inLanguage":"hr"},{"@type":"Organization","@id":"https:\/\/test2.michel-promo.com\/hr\/#organization","name":"Michel Promo","url":"https:\/\/test2.michel-promo.com\/hr\/","logo":{"@type":"ImageObject","inLanguage":"hr","@id":"https:\/\/test2.michel-promo.com\/hr\/#\/schema\/logo\/image\/","url":"https:\/\/test2.michel-promo.com\/wp-content\/uploads\/2024\/05\/cropped-Widget-logo.png","contentUrl":"https:\/\/test2.michel-promo.com\/wp-content\/uploads\/2024\/05\/cropped-Widget-logo.png","width":512,"height":512,"caption":"Michel Promo"},"image":{"@id":"https:\/\/test2.michel-promo.com\/hr\/#\/schema\/logo\/image\/"},"sameAs":["https:\/\/www.instagram.com\/promo_michel\/","https:\/\/www.linkedin.com\/company\/michel-promo\/"]}]}},"_links":{"self":[{"href":"https:\/\/test2.michel-promo.com\/hr\/wp-json\/wp\/v2\/product\/209371","targetHints":{"allow":["GET"]}}],"collection":[{"href":"https:\/\/test2.michel-promo.com\/hr\/wp-json\/wp\/v2\/product"}],"about":[{"href":"https:\/\/test2.michel-promo.com\/hr\/wp-json\/wp\/v2\/types\/product"}],"version-history":[{"count":1,"href":"https:\/\/test2.michel-promo.com\/hr\/wp-json\/wp\/v2\/product\/209371\/revisions"}],"predecessor-version":[{"id":399783,"href":"https:\/\/test2.michel-promo.com\/hr\/wp-json\/wp\/v2\/product\/209371\/revisions\/399783"}],"wp:featuredmedia":[{"embeddable":true,"href":"https:\/\/test2.michel-promo.com\/hr\/wp-json\/wp\/v2\/media\/401853"}],"wp:attachment":[{"href":"https:\/\/test2.michel-promo.com\/hr\/wp-json\/wp\/v2\/media?parent=209371"}],"wp:term":[{"taxonomy":"product_brand","embeddable":true,"href":"https:\/\/test2.michel-promo.com\/hr\/wp-json\/wp\/v2\/product_brand?post=209371"},{"taxonomy":"product_cat","embeddable":true,"href":"https:\/\/test2.michel-promo.com\/hr\/wp-json\/wp\/v2\/product_cat?post=209371"},{"taxonomy":"product_tag","embeddable":true,"href":"https:\/\/test2.michel-promo.com\/hr\/wp-json\/wp\/v2\/product_tag?post=209371"}],"curies":[{"name":"radni list","href":"https:\/\/api.w.org\/{rel}","templated":true}]}}