{"id":24262,"date":"2024-04-18T15:34:05","date_gmt":"2024-04-18T13:34:05","guid":{"rendered":"https:\/\/test2.michel-promo.com\/?post_type=product&#038;p=24262"},"modified":"2025-04-03T14:40:37","modified_gmt":"2025-04-03T12:40:37","slug":"sweets","status":"publish","type":"product","link":"https:\/\/test2.michel-promo.com\/hr\/proizvod-2\/sweets\/","title":{"rendered":"Slatki\u0161i"},"content":{"rendered":"<p>Promotivni slatki\u0161i, poput \u010dokoladica i fortune cookiesa, savr\u0161eni su za brendiranje s okusom. Nude mogu\u0107nost razli\u010ditih okusa i razli\u010ditog sadr\u017eaja te mogu\u0107nost tiskanja va\u0161eg logotipa na ambala\u017eu s unutarnje i vanjske strane. Toliko je mogu\u0107ih kombinacija da ih je te\u0161ko izlistati\u2026 zato bez obzira imate li ve\u0107 ideju, po\u0161aljite nam upit i zajedno \u0107emo kreirati ne\u0161to ba\u0161 slatko!<\/p>","protected":false},"excerpt":{"rendered":"<p>Promotivni slatki\u0161i, poput \u010dokoladica i fortune cookiesa, savr\u0161eni su za brendiranje s okusom. Nude mogu\u0107nost razli\u010ditih okusa i razli\u010ditog sadr\u017eaja te mogu\u0107nost tiskanja va\u0161eg logotipa na ambala\u017eu s unutarnje i vanjske strane. Toliko je mogu\u0107ih kombinacija da ih je te\u0161ko izlistati\u2026 zato bez obzira imate li ve\u0107 ideju, po\u0161aljite nam upit i zajedno \u0107emo kreirati ne\u0161to ba\u0161 slatko!<\/p>","protected":false},"featured_media":24314,"template":"","meta":{"_acf_changed":false},"product_brand":[],"product_cat":[239],"product_tag":[],"class_list":{"0":"post-24262","1":"product","2":"type-product","3":"status-publish","4":"has-post-thumbnail","6":"product_cat-custom","7":"product_shipping_class-free-shipping","9":"first","10":"instock","11":"taxable","12":"shipping-taxable","13":"purchasable","14":"product-type-simple"},"acf":[],"_links":{"self":[{"href":"https:\/\/test2.michel-promo.com\/hr\/wp-json\/wp\/v2\/product\/24262","targetHints":{"allow":["GET"]}}],"collection":[{"href":"https:\/\/test2.michel-promo.com\/hr\/wp-json\/wp\/v2\/product"}],"about":[{"href":"https:\/\/test2.michel-promo.com\/hr\/wp-json\/wp\/v2\/types\/product"}],"version-history":[{"count":0,"href":"https:\/\/test2.michel-promo.com\/hr\/wp-json\/wp\/v2\/product\/24262\/revisions"}],"wp:featuredmedia":[{"embeddable":true,"href":"https:\/\/test2.michel-promo.com\/hr\/wp-json\/wp\/v2\/media\/24314"}],"wp:attachment":[{"href":"https:\/\/test2.michel-promo.com\/hr\/wp-json\/wp\/v2\/media?parent=24262"}],"wp:term":[{"taxonomy":"product_brand","embeddable":true,"href":"https:\/\/test2.michel-promo.com\/hr\/wp-json\/wp\/v2\/product_brand?post=24262"},{"taxonomy":"product_cat","embeddable":true,"href":"https:\/\/test2.michel-promo.com\/hr\/wp-json\/wp\/v2\/product_cat?post=24262"},{"taxonomy":"product_tag","embeddable":true,"href":"https:\/\/test2.michel-promo.com\/hr\/wp-json\/wp\/v2\/product_tag?post=24262"}],"curies":[{"name":"radni list","href":"https:\/\/api.w.org\/{rel}","templated":true}]}}