{"id":244517,"date":"2024-10-29T14:59:26","date_gmt":"2024-10-29T12:59:26","guid":{"rendered":"http:\/\/test2.michel-promo.com\/en\/product\/rpet-wireless-fast-charger-mousemat-selene\/"},"modified":"2025-11-18T13:46:20","modified_gmt":"2025-11-18T11:46:20","slug":"rpet-wireless-fast-charger-mousemat-selene","status":"publish","type":"product","link":"https:\/\/test2.michel-promo.com\/hr\/proizvod\/rpet-wireless-fast-charger-mousemat-selene\/","title":{"rendered":"rPET be\u017ei\u010dni brzi punja\u010d Mousemat Selene"},"content":{"rendered":"<p>rPET podloga za mi\u0161a s be\u017ei\u010dnim brzim punja\u010dem (10 W). Sklopiv za kori\u0161tenje kao stalak za telefon. Pakirano po komadu u sme\u0111u kartonsku kutiju. S rPET logom.<\/p>","protected":false},"excerpt":{"rendered":"<p>rPET podloga za mi\u0161a s be\u017ei\u010dnim brzim punja\u010dem (10 W). Sklopiv za kori\u0161tenje kao stalak za telefon. Pakirano po komadu u sme\u0111u kartonsku kutiju. S rPET-om<\/p>","protected":false},"featured_media":363096,"template":"","meta":{"_acf_changed":false},"product_brand":[],"product_cat":[89,167,112,83,126,82,171,111,238],"product_tag":[],"class_list":{"0":"post-244517","1":"product","2":"type-product","3":"status-publish","4":"has-post-thumbnail","6":"product_cat-theme","7":"product_cat-eco-friendly","8":"product_cat-mobile-and-tablet-accessories","9":"product_cat-office-and-desk-supplies","10":"product_cat-other-office-supplies","11":"product_cat-technology-and-electronics","12":"product_cat-trade-shows-and-exhibitions","13":"product_cat-wireless-chargers","14":"product_cat-kataloski","16":"first","17":"instock","18":"taxable","19":"shipping-taxable","20":"purchasable","21":"product-type-variable","22":"has-default-attributes"},"acf":[],"yoast_head":"<!-- This site is optimized with the Yoast SEO plugin v26.4 - https:\/\/yoast.com\/wordpress\/plugins\/seo\/ -->\n<title>rPET wireless fast charger mousemat Selene &#8212; Michel Promo<\/title>\n<meta name=\"robots\" content=\"noindex, follow, max-snippet:-1, max-image-preview:large, max-video-preview:-1\" \/>\n<meta property=\"og:locale\" content=\"hr_HR\" \/>\n<meta property=\"og:type\" content=\"article\" \/>\n<meta property=\"og:title\" content=\"rPET wireless fast charger mousemat Selene &#8212; Michel Promo\" \/>\n<meta property=\"og:description\" content=\"rPET wireless fast charger mousemat (10W). Foldable to use as phonestand. Packed per piece in brown carton box. With rPET\" \/>\n<meta property=\"og:url\" content=\"https:\/\/test2.michel-promo.com\/hr\/proizvod\/rpet-wireless-fast-charger-mousemat-selene\/\" \/>\n<meta property=\"og:site_name\" content=\"Michel Promo\" \/>\n<meta property=\"article:modified_time\" content=\"2025-11-18T11:46:20+00:00\" \/>\n<meta property=\"og:image\" content=\"https:\/\/test2.michel-promo.com\/wp-content\/uploads\/2024\/10\/g00g1015147-1.jpg\" \/>\n\t<meta property=\"og:image:width\" content=\"1024\" \/>\n\t<meta property=\"og:image:height\" content=\"1024\" \/>\n\t<meta property=\"og:image:type\" content=\"image\/jpeg\" \/>\n<meta name=\"twitter:card\" content=\"summary_large_image\" \/>\n<script type=\"application\/ld+json\" class=\"yoast-schema-graph\">{\"@context\":\"https:\/\/schema.org\",\"@graph\":[{\"@type\":\"WebPage\",\"@id\":\"https:\/\/test2.michel-promo.com\/product\/rpet-wireless-fast-charger-mousemat-selene\/\",\"url\":\"https:\/\/test2.michel-promo.com\/product\/rpet-wireless-fast-charger-mousemat-selene\/\",\"name\":\"rPET wireless fast charger mousemat Selene &#8212; Michel Promo\",\"isPartOf\":{\"@id\":\"https:\/\/test2.michel-promo.com\/hr\/#website\"},\"primaryImageOfPage\":{\"@id\":\"https:\/\/test2.michel-promo.com\/product\/rpet-wireless-fast-charger-mousemat-selene\/#primaryimage\"},\"image\":{\"@id\":\"https:\/\/test2.michel-promo.com\/product\/rpet-wireless-fast-charger-mousemat-selene\/#primaryimage\"},\"thumbnailUrl\":\"https:\/\/test2.michel-promo.com\/wp-content\/uploads\/2024\/10\/g00g1015147-1.jpg\",\"datePublished\":\"2024-10-29T12:59:26+00:00\",\"dateModified\":\"2025-11-18T11:46:20+00:00\",\"breadcrumb\":{\"@id\":\"https:\/\/test2.michel-promo.com\/product\/rpet-wireless-fast-charger-mousemat-selene\/#breadcrumb\"},\"inLanguage\":\"hr\",\"potentialAction\":[{\"@type\":\"ReadAction\",\"target\":[\"https:\/\/test2.michel-promo.com\/product\/rpet-wireless-fast-charger-mousemat-selene\/\"]}]},{\"@type\":\"ImageObject\",\"inLanguage\":\"hr\",\"@id\":\"https:\/\/test2.michel-promo.com\/product\/rpet-wireless-fast-charger-mousemat-selene\/#primaryimage\",\"url\":\"https:\/\/test2.michel-promo.com\/wp-content\/uploads\/2024\/10\/g00g1015147-1.jpg\",\"contentUrl\":\"https:\/\/test2.michel-promo.com\/wp-content\/uploads\/2024\/10\/g00g1015147-1.jpg\",\"width\":1024,\"height\":1024},{\"@type\":\"BreadcrumbList\",\"@id\":\"https:\/\/test2.michel-promo.com\/product\/rpet-wireless-fast-charger-mousemat-selene\/#breadcrumb\",\"itemListElement\":[{\"@type\":\"ListItem\",\"position\":1,\"name\":\"Po\u010detna stranica\",\"item\":\"https:\/\/test2.michel-promo.com\/hr\/\"},{\"@type\":\"ListItem\",\"position\":2,\"name\":\"Shop\",\"item\":\"https:\/\/test2.michel-promo.com\/shop\/\"},{\"@type\":\"ListItem\",\"position\":3,\"name\":\"rPET wireless fast charger mousemat Selene\"}]},{\"@type\":\"WebSite\",\"@id\":\"https:\/\/test2.michel-promo.com\/hr\/#website\",\"url\":\"https:\/\/test2.michel-promo.com\/hr\/\",\"name\":\"Michel Promo\",\"description\":\"Promotional Products with Personality\",\"publisher\":{\"@id\":\"https:\/\/test2.michel-promo.com\/hr\/#organization\"},\"potentialAction\":[{\"@type\":\"SearchAction\",\"target\":{\"@type\":\"EntryPoint\",\"urlTemplate\":\"https:\/\/test2.michel-promo.com\/hr\/?s={search_term_string}\"},\"query-input\":{\"@type\":\"PropertyValueSpecification\",\"valueRequired\":true,\"valueName\":\"search_term_string\"}}],\"inLanguage\":\"hr\"},{\"@type\":\"Organization\",\"@id\":\"https:\/\/test2.michel-promo.com\/hr\/#organization\",\"name\":\"Michel Promo\",\"url\":\"https:\/\/test2.michel-promo.com\/hr\/\",\"logo\":{\"@type\":\"ImageObject\",\"inLanguage\":\"hr\",\"@id\":\"https:\/\/test2.michel-promo.com\/hr\/#\/schema\/logo\/image\/\",\"url\":\"https:\/\/test2.michel-promo.com\/wp-content\/uploads\/2024\/05\/cropped-Widget-logo.png\",\"contentUrl\":\"https:\/\/test2.michel-promo.com\/wp-content\/uploads\/2024\/05\/cropped-Widget-logo.png\",\"width\":512,\"height\":512,\"caption\":\"Michel Promo\"},\"image\":{\"@id\":\"https:\/\/test2.michel-promo.com\/hr\/#\/schema\/logo\/image\/\"},\"sameAs\":[\"https:\/\/www.instagram.com\/promo_michel\/\",\"https:\/\/www.linkedin.com\/company\/michel-promo\/\"]}]}<\/script>\n<!-- \/ Yoast SEO plugin. -->","yoast_head_json":{"title":"rPET be\u017ei\u010dni brzi punja\u010d Mousemat Selene \u2014 Michel Promo","robots":{"index":"noindex","follow":"follow","max-snippet":"max-snippet:-1","max-image-preview":"max-image-preview:large","max-video-preview":"max-video-preview:-1"},"og_locale":"hr_HR","og_type":"article","og_title":"rPET wireless fast charger mousemat Selene &#8212; Michel Promo","og_description":"rPET wireless fast charger mousemat (10W). Foldable to use as phonestand. Packed per piece in brown carton box. With rPET","og_url":"https:\/\/test2.michel-promo.com\/hr\/proizvod\/rpet-wireless-fast-charger-mousemat-selene\/","og_site_name":"Michel Promo","article_modified_time":"2025-11-18T11:46:20+00:00","og_image":[{"width":1024,"height":1024,"url":"https:\/\/test2.michel-promo.com\/wp-content\/uploads\/2024\/10\/g00g1015147-1.jpg","type":"image\/jpeg"}],"twitter_card":"summary_large_image","schema":{"@context":"https:\/\/schema.org","@graph":[{"@type":"WebPage","@id":"https:\/\/test2.michel-promo.com\/product\/rpet-wireless-fast-charger-mousemat-selene\/","url":"https:\/\/test2.michel-promo.com\/product\/rpet-wireless-fast-charger-mousemat-selene\/","name":"rPET be\u017ei\u010dni brzi punja\u010d Mousemat Selene \u2014 Michel Promo","isPartOf":{"@id":"https:\/\/test2.michel-promo.com\/hr\/#website"},"primaryImageOfPage":{"@id":"https:\/\/test2.michel-promo.com\/product\/rpet-wireless-fast-charger-mousemat-selene\/#primaryimage"},"image":{"@id":"https:\/\/test2.michel-promo.com\/product\/rpet-wireless-fast-charger-mousemat-selene\/#primaryimage"},"thumbnailUrl":"https:\/\/test2.michel-promo.com\/wp-content\/uploads\/2024\/10\/g00g1015147-1.jpg","datePublished":"2024-10-29T12:59:26+00:00","dateModified":"2025-11-18T11:46:20+00:00","breadcrumb":{"@id":"https:\/\/test2.michel-promo.com\/product\/rpet-wireless-fast-charger-mousemat-selene\/#breadcrumb"},"inLanguage":"hr","potentialAction":[{"@type":"ReadAction","target":["https:\/\/test2.michel-promo.com\/product\/rpet-wireless-fast-charger-mousemat-selene\/"]}]},{"@type":"ImageObject","inLanguage":"hr","@id":"https:\/\/test2.michel-promo.com\/product\/rpet-wireless-fast-charger-mousemat-selene\/#primaryimage","url":"https:\/\/test2.michel-promo.com\/wp-content\/uploads\/2024\/10\/g00g1015147-1.jpg","contentUrl":"https:\/\/test2.michel-promo.com\/wp-content\/uploads\/2024\/10\/g00g1015147-1.jpg","width":1024,"height":1024},{"@type":"BreadcrumbList","@id":"https:\/\/test2.michel-promo.com\/product\/rpet-wireless-fast-charger-mousemat-selene\/#breadcrumb","itemListElement":[{"@type":"ListItem","position":1,"name":"Po\u010detna stranica","item":"https:\/\/test2.michel-promo.com\/hr\/"},{"@type":"ListItem","position":2,"name":"Shop","item":"https:\/\/test2.michel-promo.com\/shop\/"},{"@type":"ListItem","position":3,"name":"rPET wireless fast charger mousemat Selene"}]},{"@type":"WebSite","@id":"https:\/\/test2.michel-promo.com\/hr\/#website","url":"https:\/\/test2.michel-promo.com\/hr\/","name":"Michel Promo","description":"Studio promotivnih proizvoda s karakterom","publisher":{"@id":"https:\/\/test2.michel-promo.com\/hr\/#organization"},"potentialAction":[{"@type":"SearchAction","target":{"@type":"EntryPoint","urlTemplate":"https:\/\/test2.michel-promo.com\/hr\/?s={search_term_string}"},"query-input":{"@type":"PropertyValueSpecification","valueRequired":true,"valueName":"search_term_string"}}],"inLanguage":"hr"},{"@type":"Organization","@id":"https:\/\/test2.michel-promo.com\/hr\/#organization","name":"Michel Promo","url":"https:\/\/test2.michel-promo.com\/hr\/","logo":{"@type":"ImageObject","inLanguage":"hr","@id":"https:\/\/test2.michel-promo.com\/hr\/#\/schema\/logo\/image\/","url":"https:\/\/test2.michel-promo.com\/wp-content\/uploads\/2024\/05\/cropped-Widget-logo.png","contentUrl":"https:\/\/test2.michel-promo.com\/wp-content\/uploads\/2024\/05\/cropped-Widget-logo.png","width":512,"height":512,"caption":"Michel Promo"},"image":{"@id":"https:\/\/test2.michel-promo.com\/hr\/#\/schema\/logo\/image\/"},"sameAs":["https:\/\/www.instagram.com\/promo_michel\/","https:\/\/www.linkedin.com\/company\/michel-promo\/"]}]}},"_links":{"self":[{"href":"https:\/\/test2.michel-promo.com\/hr\/wp-json\/wp\/v2\/product\/244517","targetHints":{"allow":["GET"]}}],"collection":[{"href":"https:\/\/test2.michel-promo.com\/hr\/wp-json\/wp\/v2\/product"}],"about":[{"href":"https:\/\/test2.michel-promo.com\/hr\/wp-json\/wp\/v2\/types\/product"}],"version-history":[{"count":0,"href":"https:\/\/test2.michel-promo.com\/hr\/wp-json\/wp\/v2\/product\/244517\/revisions"}],"wp:featuredmedia":[{"embeddable":true,"href":"https:\/\/test2.michel-promo.com\/hr\/wp-json\/wp\/v2\/media\/363096"}],"wp:attachment":[{"href":"https:\/\/test2.michel-promo.com\/hr\/wp-json\/wp\/v2\/media?parent=244517"}],"wp:term":[{"taxonomy":"product_brand","embeddable":true,"href":"https:\/\/test2.michel-promo.com\/hr\/wp-json\/wp\/v2\/product_brand?post=244517"},{"taxonomy":"product_cat","embeddable":true,"href":"https:\/\/test2.michel-promo.com\/hr\/wp-json\/wp\/v2\/product_cat?post=244517"},{"taxonomy":"product_tag","embeddable":true,"href":"https:\/\/test2.michel-promo.com\/hr\/wp-json\/wp\/v2\/product_tag?post=244517"}],"curies":[{"name":"radni list","href":"https:\/\/api.w.org\/{rel}","templated":true}]}}