{"id":250774,"date":"2025-01-01T03:23:58","date_gmt":"2025-01-01T01:23:58","guid":{"rendered":"http:\/\/test2.michel-promo.com\/en\/product\/fluid-rcs-certified-recycled-steel-tumbler-500ml\/"},"modified":"2025-11-18T13:46:00","modified_gmt":"2025-11-18T11:46:00","slug":"fluid-rcs-certified-recycled-steel-tumbler-500ml","status":"publish","type":"product","link":"https:\/\/test2.michel-promo.com\/hr\/proizvod\/fluid-rcs-certified-recycled-steel-tumbler-500ml\/","title":{"rendered":"Fluid RCS certificirana \u010da\u0161a od recikliranog \u010delika 500 ml"},"content":{"rendered":"<p>Ova \u010da\u0161a od 500 ml ima prepoznatljivu dvobojnu vanj\u0161tinu s elegantnim pola-pola dizajnom. Dvostruka vakuumska konstrukcija od recikliranog nehr\u0111aju\u0107eg \u010delika odr\u017eava napitke hladnima do 15 sati ili toplima do 5 sati. Fluid Tumbler odgovara ve\u0107ini standardnih dr\u017ea\u010da za \u010da\u0161e u automobilu, \u0161to ga \u010dini savr\u0161enim za kori\u0161tenje u pokretu. Izra\u0111en od recikliranih materijala s certifikatom RCS (Recycled Claim Standard), osiguravaju\u0107i potpuno certificirani opskrbni lanac recikliranih materijala. Otporan na prolijevanje i bez BPA. Uklju\u010duje FSC\u00ae certificirano poklon pakiranje od kraft cijevi. Ukupni reciklirani sadr\u017eaj: 81% na temelju ukupne te\u017eine predmeta.<\/p>","protected":false},"excerpt":{"rendered":"<p>Ova \u010da\u0161a od 500 ml ima prepoznatljivu dvobojnu vanj\u0161tinu s elegantnim pola-pola dizajnom. Vakuumska konstrukcija od recikliranog nehr\u0111aju\u0107eg \u010delika s dvostrukom stijenkom<\/p>","protected":false},"featured_media":283003,"template":"","meta":{"_acf_changed":false},"product_brand":[],"product_cat":[102,167,81],"product_tag":[],"class_list":{"0":"post-250774","1":"product","2":"type-product","3":"status-publish","4":"has-post-thumbnail","6":"product_cat-coffee-and-tea-sets-and-accessories","7":"product_cat-eco-friendly","8":"product_cat-food-and-drink","10":"first","11":"instock","12":"taxable","13":"shipping-taxable","14":"purchasable","15":"product-type-variable","16":"has-default-attributes"},"acf":[],"yoast_head":"<!-- This site is optimized with the Yoast SEO plugin v26.4 - https:\/\/yoast.com\/wordpress\/plugins\/seo\/ -->\n<title>Fluid RCS certified recycled steel tumbler 500ml &#8212; Michel Promo<\/title>\n<meta name=\"robots\" content=\"noindex, follow, max-snippet:-1, max-image-preview:large, max-video-preview:-1\" \/>\n<meta property=\"og:locale\" content=\"hr_HR\" \/>\n<meta property=\"og:type\" content=\"article\" \/>\n<meta property=\"og:title\" content=\"Fluid RCS certified recycled steel tumbler 500ml &#8212; Michel Promo\" \/>\n<meta property=\"og:description\" content=\"This 500ml tumbler features a distinctive double-coloured exterior with a stylish half-and-half design. The double-wall recycled stainless steel vacuum construction\" \/>\n<meta property=\"og:url\" content=\"https:\/\/test2.michel-promo.com\/hr\/proizvod\/fluid-rcs-certified-recycled-steel-tumbler-500ml\/\" \/>\n<meta property=\"og:site_name\" content=\"Michel Promo\" \/>\n<meta property=\"article:modified_time\" content=\"2025-11-18T11:46:00+00:00\" \/>\n<meta property=\"og:image\" content=\"https:\/\/test2.michel-promo.com\/wp-content\/uploads\/2025\/01\/x00p437-13-p437-1325-1.jpg\" \/>\n\t<meta property=\"og:image:width\" content=\"1024\" \/>\n\t<meta property=\"og:image:height\" content=\"1024\" \/>\n\t<meta property=\"og:image:type\" content=\"image\/jpeg\" \/>\n<meta name=\"twitter:card\" content=\"summary_large_image\" \/>\n<script type=\"application\/ld+json\" class=\"yoast-schema-graph\">{\"@context\":\"https:\/\/schema.org\",\"@graph\":[{\"@type\":\"WebPage\",\"@id\":\"https:\/\/test2.michel-promo.com\/product\/fluid-rcs-certified-recycled-steel-tumbler-500ml\/\",\"url\":\"https:\/\/test2.michel-promo.com\/product\/fluid-rcs-certified-recycled-steel-tumbler-500ml\/\",\"name\":\"Fluid RCS certified recycled steel tumbler 500ml &#8212; Michel Promo\",\"isPartOf\":{\"@id\":\"https:\/\/test2.michel-promo.com\/hr\/#website\"},\"primaryImageOfPage\":{\"@id\":\"https:\/\/test2.michel-promo.com\/product\/fluid-rcs-certified-recycled-steel-tumbler-500ml\/#primaryimage\"},\"image\":{\"@id\":\"https:\/\/test2.michel-promo.com\/product\/fluid-rcs-certified-recycled-steel-tumbler-500ml\/#primaryimage\"},\"thumbnailUrl\":\"https:\/\/test2.michel-promo.com\/wp-content\/uploads\/2025\/01\/x00p437-13-p437-1325-1.jpg\",\"datePublished\":\"2025-01-01T01:23:58+00:00\",\"dateModified\":\"2025-11-18T11:46:00+00:00\",\"breadcrumb\":{\"@id\":\"https:\/\/test2.michel-promo.com\/product\/fluid-rcs-certified-recycled-steel-tumbler-500ml\/#breadcrumb\"},\"inLanguage\":\"hr\",\"potentialAction\":[{\"@type\":\"ReadAction\",\"target\":[\"https:\/\/test2.michel-promo.com\/product\/fluid-rcs-certified-recycled-steel-tumbler-500ml\/\"]}]},{\"@type\":\"ImageObject\",\"inLanguage\":\"hr\",\"@id\":\"https:\/\/test2.michel-promo.com\/product\/fluid-rcs-certified-recycled-steel-tumbler-500ml\/#primaryimage\",\"url\":\"https:\/\/test2.michel-promo.com\/wp-content\/uploads\/2025\/01\/x00p437-13-p437-1325-1.jpg\",\"contentUrl\":\"https:\/\/test2.michel-promo.com\/wp-content\/uploads\/2025\/01\/x00p437-13-p437-1325-1.jpg\",\"width\":1024,\"height\":1024},{\"@type\":\"BreadcrumbList\",\"@id\":\"https:\/\/test2.michel-promo.com\/product\/fluid-rcs-certified-recycled-steel-tumbler-500ml\/#breadcrumb\",\"itemListElement\":[{\"@type\":\"ListItem\",\"position\":1,\"name\":\"Po\u010detna stranica\",\"item\":\"https:\/\/test2.michel-promo.com\/hr\/\"},{\"@type\":\"ListItem\",\"position\":2,\"name\":\"Shop\",\"item\":\"https:\/\/test2.michel-promo.com\/shop\/\"},{\"@type\":\"ListItem\",\"position\":3,\"name\":\"Fluid RCS certified recycled steel tumbler 500ml\"}]},{\"@type\":\"WebSite\",\"@id\":\"https:\/\/test2.michel-promo.com\/hr\/#website\",\"url\":\"https:\/\/test2.michel-promo.com\/hr\/\",\"name\":\"Michel Promo\",\"description\":\"Promotional Products with Personality\",\"publisher\":{\"@id\":\"https:\/\/test2.michel-promo.com\/hr\/#organization\"},\"potentialAction\":[{\"@type\":\"SearchAction\",\"target\":{\"@type\":\"EntryPoint\",\"urlTemplate\":\"https:\/\/test2.michel-promo.com\/hr\/?s={search_term_string}\"},\"query-input\":{\"@type\":\"PropertyValueSpecification\",\"valueRequired\":true,\"valueName\":\"search_term_string\"}}],\"inLanguage\":\"hr\"},{\"@type\":\"Organization\",\"@id\":\"https:\/\/test2.michel-promo.com\/hr\/#organization\",\"name\":\"Michel Promo\",\"url\":\"https:\/\/test2.michel-promo.com\/hr\/\",\"logo\":{\"@type\":\"ImageObject\",\"inLanguage\":\"hr\",\"@id\":\"https:\/\/test2.michel-promo.com\/hr\/#\/schema\/logo\/image\/\",\"url\":\"https:\/\/test2.michel-promo.com\/wp-content\/uploads\/2024\/05\/cropped-Widget-logo.png\",\"contentUrl\":\"https:\/\/test2.michel-promo.com\/wp-content\/uploads\/2024\/05\/cropped-Widget-logo.png\",\"width\":512,\"height\":512,\"caption\":\"Michel Promo\"},\"image\":{\"@id\":\"https:\/\/test2.michel-promo.com\/hr\/#\/schema\/logo\/image\/\"},\"sameAs\":[\"https:\/\/www.instagram.com\/promo_michel\/\",\"https:\/\/www.linkedin.com\/company\/michel-promo\/\"]}]}<\/script>\n<!-- \/ Yoast SEO plugin. -->","yoast_head_json":{"title":"Fluid RCS certificirana \u010da\u0161a od recikliranog \u010delika 500 ml \u2014 Michel Promo","robots":{"index":"noindex","follow":"follow","max-snippet":"max-snippet:-1","max-image-preview":"max-image-preview:large","max-video-preview":"max-video-preview:-1"},"og_locale":"hr_HR","og_type":"article","og_title":"Fluid RCS certified recycled steel tumbler 500ml &#8212; Michel Promo","og_description":"This 500ml tumbler features a distinctive double-coloured exterior with a stylish half-and-half design. The double-wall recycled stainless steel vacuum construction","og_url":"https:\/\/test2.michel-promo.com\/hr\/proizvod\/fluid-rcs-certified-recycled-steel-tumbler-500ml\/","og_site_name":"Michel Promo","article_modified_time":"2025-11-18T11:46:00+00:00","og_image":[{"width":1024,"height":1024,"url":"https:\/\/test2.michel-promo.com\/wp-content\/uploads\/2025\/01\/x00p437-13-p437-1325-1.jpg","type":"image\/jpeg"}],"twitter_card":"summary_large_image","schema":{"@context":"https:\/\/schema.org","@graph":[{"@type":"WebPage","@id":"https:\/\/test2.michel-promo.com\/product\/fluid-rcs-certified-recycled-steel-tumbler-500ml\/","url":"https:\/\/test2.michel-promo.com\/product\/fluid-rcs-certified-recycled-steel-tumbler-500ml\/","name":"Fluid RCS certificirana \u010da\u0161a od recikliranog \u010delika 500 ml \u2014 Michel Promo","isPartOf":{"@id":"https:\/\/test2.michel-promo.com\/hr\/#website"},"primaryImageOfPage":{"@id":"https:\/\/test2.michel-promo.com\/product\/fluid-rcs-certified-recycled-steel-tumbler-500ml\/#primaryimage"},"image":{"@id":"https:\/\/test2.michel-promo.com\/product\/fluid-rcs-certified-recycled-steel-tumbler-500ml\/#primaryimage"},"thumbnailUrl":"https:\/\/test2.michel-promo.com\/wp-content\/uploads\/2025\/01\/x00p437-13-p437-1325-1.jpg","datePublished":"2025-01-01T01:23:58+00:00","dateModified":"2025-11-18T11:46:00+00:00","breadcrumb":{"@id":"https:\/\/test2.michel-promo.com\/product\/fluid-rcs-certified-recycled-steel-tumbler-500ml\/#breadcrumb"},"inLanguage":"hr","potentialAction":[{"@type":"ReadAction","target":["https:\/\/test2.michel-promo.com\/product\/fluid-rcs-certified-recycled-steel-tumbler-500ml\/"]}]},{"@type":"ImageObject","inLanguage":"hr","@id":"https:\/\/test2.michel-promo.com\/product\/fluid-rcs-certified-recycled-steel-tumbler-500ml\/#primaryimage","url":"https:\/\/test2.michel-promo.com\/wp-content\/uploads\/2025\/01\/x00p437-13-p437-1325-1.jpg","contentUrl":"https:\/\/test2.michel-promo.com\/wp-content\/uploads\/2025\/01\/x00p437-13-p437-1325-1.jpg","width":1024,"height":1024},{"@type":"BreadcrumbList","@id":"https:\/\/test2.michel-promo.com\/product\/fluid-rcs-certified-recycled-steel-tumbler-500ml\/#breadcrumb","itemListElement":[{"@type":"ListItem","position":1,"name":"Po\u010detna stranica","item":"https:\/\/test2.michel-promo.com\/hr\/"},{"@type":"ListItem","position":2,"name":"Shop","item":"https:\/\/test2.michel-promo.com\/shop\/"},{"@type":"ListItem","position":3,"name":"Fluid RCS certified recycled steel tumbler 500ml"}]},{"@type":"WebSite","@id":"https:\/\/test2.michel-promo.com\/hr\/#website","url":"https:\/\/test2.michel-promo.com\/hr\/","name":"Michel Promo","description":"Studio promotivnih proizvoda s karakterom","publisher":{"@id":"https:\/\/test2.michel-promo.com\/hr\/#organization"},"potentialAction":[{"@type":"SearchAction","target":{"@type":"EntryPoint","urlTemplate":"https:\/\/test2.michel-promo.com\/hr\/?s={search_term_string}"},"query-input":{"@type":"PropertyValueSpecification","valueRequired":true,"valueName":"search_term_string"}}],"inLanguage":"hr"},{"@type":"Organization","@id":"https:\/\/test2.michel-promo.com\/hr\/#organization","name":"Michel Promo","url":"https:\/\/test2.michel-promo.com\/hr\/","logo":{"@type":"ImageObject","inLanguage":"hr","@id":"https:\/\/test2.michel-promo.com\/hr\/#\/schema\/logo\/image\/","url":"https:\/\/test2.michel-promo.com\/wp-content\/uploads\/2024\/05\/cropped-Widget-logo.png","contentUrl":"https:\/\/test2.michel-promo.com\/wp-content\/uploads\/2024\/05\/cropped-Widget-logo.png","width":512,"height":512,"caption":"Michel Promo"},"image":{"@id":"https:\/\/test2.michel-promo.com\/hr\/#\/schema\/logo\/image\/"},"sameAs":["https:\/\/www.instagram.com\/promo_michel\/","https:\/\/www.linkedin.com\/company\/michel-promo\/"]}]}},"_links":{"self":[{"href":"https:\/\/test2.michel-promo.com\/hr\/wp-json\/wp\/v2\/product\/250774","targetHints":{"allow":["GET"]}}],"collection":[{"href":"https:\/\/test2.michel-promo.com\/hr\/wp-json\/wp\/v2\/product"}],"about":[{"href":"https:\/\/test2.michel-promo.com\/hr\/wp-json\/wp\/v2\/types\/product"}],"version-history":[{"count":0,"href":"https:\/\/test2.michel-promo.com\/hr\/wp-json\/wp\/v2\/product\/250774\/revisions"}],"wp:featuredmedia":[{"embeddable":true,"href":"https:\/\/test2.michel-promo.com\/hr\/wp-json\/wp\/v2\/media\/283003"}],"wp:attachment":[{"href":"https:\/\/test2.michel-promo.com\/hr\/wp-json\/wp\/v2\/media?parent=250774"}],"wp:term":[{"taxonomy":"product_brand","embeddable":true,"href":"https:\/\/test2.michel-promo.com\/hr\/wp-json\/wp\/v2\/product_brand?post=250774"},{"taxonomy":"product_cat","embeddable":true,"href":"https:\/\/test2.michel-promo.com\/hr\/wp-json\/wp\/v2\/product_cat?post=250774"},{"taxonomy":"product_tag","embeddable":true,"href":"https:\/\/test2.michel-promo.com\/hr\/wp-json\/wp\/v2\/product_tag?post=250774"}],"curies":[{"name":"radni list","href":"https:\/\/api.w.org\/{rel}","templated":true}]}}