{"id":26250,"date":"2024-04-19T13:22:53","date_gmt":"2024-04-19T11:22:53","guid":{"rendered":"https:\/\/test2.michel-promo.com\/product\/eon-rcs-recycled-aluminum-infinity-multitasking-pen\/"},"modified":"2025-03-24T02:04:27","modified_gmt":"2025-03-24T00:04:27","slug":"eon-rcs-recycled-aluminum-infinity-multitasking-pen","status":"publish","type":"product","link":"https:\/\/test2.michel-promo.com\/hr\/proizvod\/eon-rcs-recycled-aluminum-infinity-multitasking-pen\/","title":{"rendered":"Eon RCS beskona\u010dna multitasking olovka od recikliranog aluminija"},"content":{"rendered":"<p>Moderna beskona\u010dna olovka izra\u0111ena od recikliranog aluminija s RCS certifikatom. Ukupni reciklirani sadr\u017eaj: 40% na temelju ukupne te\u017eine predmeta. RCS certifikat osigurava potpuno certificirani opskrbni lanac recikliranih materijala. Tijelo u obliku trokuta s oznakom CM na jednoj strani i in\u010dima na drugoj strani. Tradicionalne drvene olovke pi\u0161u samo do oko 200 metara, ali ova beskona\u010dna olovka bez drve\u0107a ima du\u017einu pisanja do oko 20 000 metara pomo\u0107u grafitnog vrha za stvaranje grafitne linije. Ne samo da pi\u0161e kao olovka, ve\u0107 se i oznake mogu izbrisati. Djeluje tako da ostavlja grafitnu crtu na papiru ba\u0161 kao i obi\u010dna tradicionalna drvena olovka, ali se tro\u0161i tako sporo da bi trebala trajati do 100 tradicionalnih drvenih olovaka! S dodirnim vrhom za upravljanje mobilnim ure\u0111ajem. Pakirano u FSC\u00ae mix ambala\u017eu.<\/p>","protected":false},"excerpt":{"rendered":"<p>Moderna beskona\u010dna olovka izra\u0111ena od recikliranog aluminija s RCS certifikatom. Ukupni reciklirani sadr\u017eaj: 40% na temelju ukupne te\u017eine predmeta. RCS certifikat<\/p>","protected":false},"featured_media":270395,"template":"","meta":{"_acf_changed":false},"product_brand":[],"product_cat":[167,85,125],"product_tag":[],"class_list":{"0":"post-26250","1":"product","2":"type-product","3":"status-publish","4":"has-post-thumbnail","6":"product_cat-eco-friendly","7":"product_cat-keys-tools-and-auto-accessories","8":"product_cat-stylus-pens","10":"first","11":"instock","12":"taxable","13":"shipping-taxable","14":"purchasable","15":"product-type-variable","16":"has-default-attributes"},"acf":[],"yoast_head":"<!-- This site is optimized with the Yoast SEO plugin v26.4 - https:\/\/yoast.com\/wordpress\/plugins\/seo\/ -->\n<title>Eon RCS recycled aluminum infinity multitasking pen &#8212; Michel Promo<\/title>\n<meta name=\"robots\" content=\"noindex, follow, max-snippet:-1, max-image-preview:large, max-video-preview:-1\" \/>\n<meta property=\"og:locale\" content=\"hr_HR\" \/>\n<meta property=\"og:type\" content=\"article\" \/>\n<meta property=\"og:title\" content=\"Eon RCS recycled aluminum infinity multitasking pen &#8212; Michel Promo\" \/>\n<meta property=\"og:description\" content=\"Modern infinity pen made with RCS certified recycled aluminum. Total recycled content: 40% based on total item weight. RCS certification\" \/>\n<meta property=\"og:url\" content=\"https:\/\/test2.michel-promo.com\/hr\/proizvod\/eon-rcs-recycled-aluminum-infinity-multitasking-pen\/\" \/>\n<meta property=\"og:site_name\" content=\"Michel Promo\" \/>\n<meta property=\"article:modified_time\" content=\"2025-03-24T00:04:27+00:00\" \/>\n<meta property=\"og:image\" content=\"https:\/\/test2.michel-promo.com\/wp-content\/uploads\/2024\/04\/x00p221-01-p221-013-1.jpg\" \/>\n\t<meta property=\"og:image:width\" content=\"1024\" \/>\n\t<meta property=\"og:image:height\" content=\"1024\" \/>\n\t<meta property=\"og:image:type\" content=\"image\/jpeg\" \/>\n<meta name=\"twitter:card\" content=\"summary_large_image\" \/>\n<meta name=\"twitter:label1\" content=\"Procijenjeno vrijeme \u010ditanja\" \/>\n\t<meta name=\"twitter:data1\" content=\"1 minuta\" \/>\n<script type=\"application\/ld+json\" class=\"yoast-schema-graph\">{\"@context\":\"https:\/\/schema.org\",\"@graph\":[{\"@type\":\"WebPage\",\"@id\":\"https:\/\/test2.michel-promo.com\/product\/eon-rcs-recycled-aluminum-infinity-multitasking-pen\/\",\"url\":\"https:\/\/test2.michel-promo.com\/product\/eon-rcs-recycled-aluminum-infinity-multitasking-pen\/\",\"name\":\"Eon RCS recycled aluminum infinity multitasking pen &#8212; Michel Promo\",\"isPartOf\":{\"@id\":\"https:\/\/test2.michel-promo.com\/hr\/#website\"},\"primaryImageOfPage\":{\"@id\":\"https:\/\/test2.michel-promo.com\/product\/eon-rcs-recycled-aluminum-infinity-multitasking-pen\/#primaryimage\"},\"image\":{\"@id\":\"https:\/\/test2.michel-promo.com\/product\/eon-rcs-recycled-aluminum-infinity-multitasking-pen\/#primaryimage\"},\"thumbnailUrl\":\"https:\/\/test2.michel-promo.com\/wp-content\/uploads\/2024\/04\/x00p221-01-p221-013-1.jpg\",\"datePublished\":\"2024-04-19T11:22:53+00:00\",\"dateModified\":\"2025-03-24T00:04:27+00:00\",\"breadcrumb\":{\"@id\":\"https:\/\/test2.michel-promo.com\/product\/eon-rcs-recycled-aluminum-infinity-multitasking-pen\/#breadcrumb\"},\"inLanguage\":\"hr\",\"potentialAction\":[{\"@type\":\"ReadAction\",\"target\":[\"https:\/\/test2.michel-promo.com\/product\/eon-rcs-recycled-aluminum-infinity-multitasking-pen\/\"]}]},{\"@type\":\"ImageObject\",\"inLanguage\":\"hr\",\"@id\":\"https:\/\/test2.michel-promo.com\/product\/eon-rcs-recycled-aluminum-infinity-multitasking-pen\/#primaryimage\",\"url\":\"https:\/\/test2.michel-promo.com\/wp-content\/uploads\/2024\/04\/x00p221-01-p221-013-1.jpg\",\"contentUrl\":\"https:\/\/test2.michel-promo.com\/wp-content\/uploads\/2024\/04\/x00p221-01-p221-013-1.jpg\",\"width\":1024,\"height\":1024},{\"@type\":\"BreadcrumbList\",\"@id\":\"https:\/\/test2.michel-promo.com\/product\/eon-rcs-recycled-aluminum-infinity-multitasking-pen\/#breadcrumb\",\"itemListElement\":[{\"@type\":\"ListItem\",\"position\":1,\"name\":\"Po\u010detna stranica\",\"item\":\"https:\/\/test2.michel-promo.com\/\"},{\"@type\":\"ListItem\",\"position\":2,\"name\":\"Shop\",\"item\":\"https:\/\/test2.michel-promo.com\/shop\/\"},{\"@type\":\"ListItem\",\"position\":3,\"name\":\"Eon RCS recycled aluminum infinity multitasking pen\"}]},{\"@type\":\"WebSite\",\"@id\":\"https:\/\/test2.michel-promo.com\/hr\/#website\",\"url\":\"https:\/\/test2.michel-promo.com\/hr\/\",\"name\":\"Michel Promo\",\"description\":\"Promotional Products with Personality\",\"publisher\":{\"@id\":\"https:\/\/test2.michel-promo.com\/hr\/#organization\"},\"potentialAction\":[{\"@type\":\"SearchAction\",\"target\":{\"@type\":\"EntryPoint\",\"urlTemplate\":\"https:\/\/test2.michel-promo.com\/hr\/?s={search_term_string}\"},\"query-input\":{\"@type\":\"PropertyValueSpecification\",\"valueRequired\":true,\"valueName\":\"search_term_string\"}}],\"inLanguage\":\"hr\"},{\"@type\":\"Organization\",\"@id\":\"https:\/\/test2.michel-promo.com\/hr\/#organization\",\"name\":\"Michel Promo\",\"url\":\"https:\/\/test2.michel-promo.com\/hr\/\",\"logo\":{\"@type\":\"ImageObject\",\"inLanguage\":\"hr\",\"@id\":\"https:\/\/test2.michel-promo.com\/hr\/#\/schema\/logo\/image\/\",\"url\":\"https:\/\/test2.michel-promo.com\/wp-content\/uploads\/2024\/05\/cropped-Widget-logo.png\",\"contentUrl\":\"https:\/\/test2.michel-promo.com\/wp-content\/uploads\/2024\/05\/cropped-Widget-logo.png\",\"width\":512,\"height\":512,\"caption\":\"Michel Promo\"},\"image\":{\"@id\":\"https:\/\/test2.michel-promo.com\/hr\/#\/schema\/logo\/image\/\"},\"sameAs\":[\"https:\/\/www.instagram.com\/promo_michel\/\",\"https:\/\/www.linkedin.com\/company\/michel-promo\/\"]}]}<\/script>\n<!-- \/ Yoast SEO plugin. -->","yoast_head_json":{"title":"Eon RCS beskona\u010dna multitasking olovka od recikliranog aluminija \u2014 Michel Promo","robots":{"index":"noindex","follow":"follow","max-snippet":"max-snippet:-1","max-image-preview":"max-image-preview:large","max-video-preview":"max-video-preview:-1"},"og_locale":"hr_HR","og_type":"article","og_title":"Eon RCS recycled aluminum infinity multitasking pen &#8212; Michel Promo","og_description":"Modern infinity pen made with RCS certified recycled aluminum. Total recycled content: 40% based on total item weight. RCS certification","og_url":"https:\/\/test2.michel-promo.com\/hr\/proizvod\/eon-rcs-recycled-aluminum-infinity-multitasking-pen\/","og_site_name":"Michel Promo","article_modified_time":"2025-03-24T00:04:27+00:00","og_image":[{"width":1024,"height":1024,"url":"https:\/\/test2.michel-promo.com\/wp-content\/uploads\/2024\/04\/x00p221-01-p221-013-1.jpg","type":"image\/jpeg"}],"twitter_card":"summary_large_image","twitter_misc":{"Procijenjeno vrijeme \u010ditanja":"1 minuta"},"schema":{"@context":"https:\/\/schema.org","@graph":[{"@type":"WebPage","@id":"https:\/\/test2.michel-promo.com\/product\/eon-rcs-recycled-aluminum-infinity-multitasking-pen\/","url":"https:\/\/test2.michel-promo.com\/product\/eon-rcs-recycled-aluminum-infinity-multitasking-pen\/","name":"Eon RCS beskona\u010dna multitasking olovka od recikliranog aluminija \u2014 Michel Promo","isPartOf":{"@id":"https:\/\/test2.michel-promo.com\/hr\/#website"},"primaryImageOfPage":{"@id":"https:\/\/test2.michel-promo.com\/product\/eon-rcs-recycled-aluminum-infinity-multitasking-pen\/#primaryimage"},"image":{"@id":"https:\/\/test2.michel-promo.com\/product\/eon-rcs-recycled-aluminum-infinity-multitasking-pen\/#primaryimage"},"thumbnailUrl":"https:\/\/test2.michel-promo.com\/wp-content\/uploads\/2024\/04\/x00p221-01-p221-013-1.jpg","datePublished":"2024-04-19T11:22:53+00:00","dateModified":"2025-03-24T00:04:27+00:00","breadcrumb":{"@id":"https:\/\/test2.michel-promo.com\/product\/eon-rcs-recycled-aluminum-infinity-multitasking-pen\/#breadcrumb"},"inLanguage":"hr","potentialAction":[{"@type":"ReadAction","target":["https:\/\/test2.michel-promo.com\/product\/eon-rcs-recycled-aluminum-infinity-multitasking-pen\/"]}]},{"@type":"ImageObject","inLanguage":"hr","@id":"https:\/\/test2.michel-promo.com\/product\/eon-rcs-recycled-aluminum-infinity-multitasking-pen\/#primaryimage","url":"https:\/\/test2.michel-promo.com\/wp-content\/uploads\/2024\/04\/x00p221-01-p221-013-1.jpg","contentUrl":"https:\/\/test2.michel-promo.com\/wp-content\/uploads\/2024\/04\/x00p221-01-p221-013-1.jpg","width":1024,"height":1024},{"@type":"BreadcrumbList","@id":"https:\/\/test2.michel-promo.com\/product\/eon-rcs-recycled-aluminum-infinity-multitasking-pen\/#breadcrumb","itemListElement":[{"@type":"ListItem","position":1,"name":"Po\u010detna stranica","item":"https:\/\/test2.michel-promo.com\/"},{"@type":"ListItem","position":2,"name":"Shop","item":"https:\/\/test2.michel-promo.com\/shop\/"},{"@type":"ListItem","position":3,"name":"Eon RCS recycled aluminum infinity multitasking pen"}]},{"@type":"WebSite","@id":"https:\/\/test2.michel-promo.com\/hr\/#website","url":"https:\/\/test2.michel-promo.com\/hr\/","name":"Michel Promo","description":"Studio promotivnih proizvoda s karakterom","publisher":{"@id":"https:\/\/test2.michel-promo.com\/hr\/#organization"},"potentialAction":[{"@type":"SearchAction","target":{"@type":"EntryPoint","urlTemplate":"https:\/\/test2.michel-promo.com\/hr\/?s={search_term_string}"},"query-input":{"@type":"PropertyValueSpecification","valueRequired":true,"valueName":"search_term_string"}}],"inLanguage":"hr"},{"@type":"Organization","@id":"https:\/\/test2.michel-promo.com\/hr\/#organization","name":"Michel Promo","url":"https:\/\/test2.michel-promo.com\/hr\/","logo":{"@type":"ImageObject","inLanguage":"hr","@id":"https:\/\/test2.michel-promo.com\/hr\/#\/schema\/logo\/image\/","url":"https:\/\/test2.michel-promo.com\/wp-content\/uploads\/2024\/05\/cropped-Widget-logo.png","contentUrl":"https:\/\/test2.michel-promo.com\/wp-content\/uploads\/2024\/05\/cropped-Widget-logo.png","width":512,"height":512,"caption":"Michel Promo"},"image":{"@id":"https:\/\/test2.michel-promo.com\/hr\/#\/schema\/logo\/image\/"},"sameAs":["https:\/\/www.instagram.com\/promo_michel\/","https:\/\/www.linkedin.com\/company\/michel-promo\/"]}]}},"_links":{"self":[{"href":"https:\/\/test2.michel-promo.com\/hr\/wp-json\/wp\/v2\/product\/26250","targetHints":{"allow":["GET"]}}],"collection":[{"href":"https:\/\/test2.michel-promo.com\/hr\/wp-json\/wp\/v2\/product"}],"about":[{"href":"https:\/\/test2.michel-promo.com\/hr\/wp-json\/wp\/v2\/types\/product"}],"version-history":[{"count":0,"href":"https:\/\/test2.michel-promo.com\/hr\/wp-json\/wp\/v2\/product\/26250\/revisions"}],"wp:featuredmedia":[{"embeddable":true,"href":"https:\/\/test2.michel-promo.com\/hr\/wp-json\/wp\/v2\/media\/270395"}],"wp:attachment":[{"href":"https:\/\/test2.michel-promo.com\/hr\/wp-json\/wp\/v2\/media?parent=26250"}],"wp:term":[{"taxonomy":"product_brand","embeddable":true,"href":"https:\/\/test2.michel-promo.com\/hr\/wp-json\/wp\/v2\/product_brand?post=26250"},{"taxonomy":"product_cat","embeddable":true,"href":"https:\/\/test2.michel-promo.com\/hr\/wp-json\/wp\/v2\/product_cat?post=26250"},{"taxonomy":"product_tag","embeddable":true,"href":"https:\/\/test2.michel-promo.com\/hr\/wp-json\/wp\/v2\/product_tag?post=26250"}],"curies":[{"name":"radni list","href":"https:\/\/api.w.org\/{rel}","templated":true}]}}