{"id":264845,"date":"2025-02-01T03:06:15","date_gmt":"2025-02-01T01:06:15","guid":{"rendered":"http:\/\/test2.michel-promo.com\/en\/product\/flash-rcs-recycled-aluminium-keychain-torch\/"},"modified":"2025-11-18T13:45:52","modified_gmt":"2025-11-18T11:45:52","slug":"flash-rcs-recycled-aluminium-keychain-torch","status":"publish","type":"product","link":"https:\/\/test2.michel-promo.com\/hr\/proizvod\/flash-rcs-recycled-aluminium-keychain-torch\/","title":{"rendered":"Flash RCS svjetiljka s privjeskom za klju\u010deve od recikliranog aluminija"},"content":{"rendered":"<p>3 LED svjetiljka d\u017eepne veli\u010dine izra\u0111ena od RCS recikliranog aluminija Ukupni reciklirani sadr\u017eaj: 50% na temelju ukupne te\u017eine predmeta. RCS certifikat osigurava potpuno certificirani opskrbni lanac recikliranih materijala. S 15 lumena koji omogu\u0107uju vrijeme rada do 6 sati na jednom setu baterija (uklju\u010dene) S privjeskom za klju\u010deve. Udaljenost zraka: 3 metra. Pakirano u FSC\u00ae mix kraft ambala\u017ei.<\/p>","protected":false},"excerpt":{"rendered":"<p>3 LED svjetiljka d\u017eepne veli\u010dine izra\u0111ena od RCS recikliranog aluminija Ukupni reciklirani sadr\u017eaj: 50% na temelju ukupne te\u017eine predmeta. RCS<\/p>","protected":false},"featured_media":287363,"template":"","meta":{"_acf_changed":false},"product_brand":[],"product_cat":[167,152,85],"product_tag":[],"class_list":{"0":"post-264845","1":"product","2":"type-product","3":"status-publish","4":"has-post-thumbnail","6":"product_cat-eco-friendly","7":"product_cat-flashlights","8":"product_cat-keys-tools-and-auto-accessories","10":"first","11":"instock","12":"taxable","13":"shipping-taxable","14":"purchasable","15":"product-type-variable","16":"has-default-attributes"},"acf":[],"yoast_head":"<!-- This site is optimized with the Yoast SEO plugin v26.4 - https:\/\/yoast.com\/wordpress\/plugins\/seo\/ -->\n<title>Flash RCS recycled aluminium keychain torch &#8212; Michel Promo<\/title>\n<meta name=\"robots\" content=\"noindex, follow, max-snippet:-1, max-image-preview:large, max-video-preview:-1\" \/>\n<meta property=\"og:locale\" content=\"hr_HR\" \/>\n<meta property=\"og:type\" content=\"article\" \/>\n<meta property=\"og:title\" content=\"Flash RCS recycled aluminium keychain torch &#8212; Michel Promo\" \/>\n<meta property=\"og:description\" content=\"3 LED pocket size torch made with RCS recycled aluminum Total recycled content: 50% based on total item weight. RCS\" \/>\n<meta property=\"og:url\" content=\"https:\/\/test2.michel-promo.com\/hr\/proizvod\/flash-rcs-recycled-aluminium-keychain-torch\/\" \/>\n<meta property=\"og:site_name\" content=\"Michel Promo\" \/>\n<meta property=\"article:modified_time\" content=\"2025-11-18T11:45:52+00:00\" \/>\n<meta property=\"og:image\" content=\"https:\/\/test2.michel-promo.com\/wp-content\/uploads\/2025\/02\/x00p514-04-p514-0408-1.jpg\" \/>\n\t<meta property=\"og:image:width\" content=\"1024\" \/>\n\t<meta property=\"og:image:height\" content=\"1024\" \/>\n\t<meta property=\"og:image:type\" content=\"image\/jpeg\" \/>\n<meta name=\"twitter:card\" content=\"summary_large_image\" \/>\n<script type=\"application\/ld+json\" class=\"yoast-schema-graph\">{\"@context\":\"https:\/\/schema.org\",\"@graph\":[{\"@type\":\"WebPage\",\"@id\":\"https:\/\/test2.michel-promo.com\/product\/flash-rcs-recycled-aluminium-keychain-torch\/\",\"url\":\"https:\/\/test2.michel-promo.com\/product\/flash-rcs-recycled-aluminium-keychain-torch\/\",\"name\":\"Flash RCS recycled aluminium keychain torch &#8212; Michel Promo\",\"isPartOf\":{\"@id\":\"https:\/\/test2.michel-promo.com\/hr\/#website\"},\"primaryImageOfPage\":{\"@id\":\"https:\/\/test2.michel-promo.com\/product\/flash-rcs-recycled-aluminium-keychain-torch\/#primaryimage\"},\"image\":{\"@id\":\"https:\/\/test2.michel-promo.com\/product\/flash-rcs-recycled-aluminium-keychain-torch\/#primaryimage\"},\"thumbnailUrl\":\"https:\/\/test2.michel-promo.com\/wp-content\/uploads\/2025\/02\/x00p514-04-p514-0408-1.jpg\",\"datePublished\":\"2025-02-01T01:06:15+00:00\",\"dateModified\":\"2025-11-18T11:45:52+00:00\",\"breadcrumb\":{\"@id\":\"https:\/\/test2.michel-promo.com\/product\/flash-rcs-recycled-aluminium-keychain-torch\/#breadcrumb\"},\"inLanguage\":\"hr\",\"potentialAction\":[{\"@type\":\"ReadAction\",\"target\":[\"https:\/\/test2.michel-promo.com\/product\/flash-rcs-recycled-aluminium-keychain-torch\/\"]}]},{\"@type\":\"ImageObject\",\"inLanguage\":\"hr\",\"@id\":\"https:\/\/test2.michel-promo.com\/product\/flash-rcs-recycled-aluminium-keychain-torch\/#primaryimage\",\"url\":\"https:\/\/test2.michel-promo.com\/wp-content\/uploads\/2025\/02\/x00p514-04-p514-0408-1.jpg\",\"contentUrl\":\"https:\/\/test2.michel-promo.com\/wp-content\/uploads\/2025\/02\/x00p514-04-p514-0408-1.jpg\",\"width\":1024,\"height\":1024},{\"@type\":\"BreadcrumbList\",\"@id\":\"https:\/\/test2.michel-promo.com\/product\/flash-rcs-recycled-aluminium-keychain-torch\/#breadcrumb\",\"itemListElement\":[{\"@type\":\"ListItem\",\"position\":1,\"name\":\"Po\u010detna stranica\",\"item\":\"https:\/\/test2.michel-promo.com\/hr\/\"},{\"@type\":\"ListItem\",\"position\":2,\"name\":\"Shop\",\"item\":\"https:\/\/test2.michel-promo.com\/shop\/\"},{\"@type\":\"ListItem\",\"position\":3,\"name\":\"Flash RCS recycled aluminium keychain torch\"}]},{\"@type\":\"WebSite\",\"@id\":\"https:\/\/test2.michel-promo.com\/hr\/#website\",\"url\":\"https:\/\/test2.michel-promo.com\/hr\/\",\"name\":\"Michel Promo\",\"description\":\"Promotional Products with Personality\",\"publisher\":{\"@id\":\"https:\/\/test2.michel-promo.com\/hr\/#organization\"},\"potentialAction\":[{\"@type\":\"SearchAction\",\"target\":{\"@type\":\"EntryPoint\",\"urlTemplate\":\"https:\/\/test2.michel-promo.com\/hr\/?s={search_term_string}\"},\"query-input\":{\"@type\":\"PropertyValueSpecification\",\"valueRequired\":true,\"valueName\":\"search_term_string\"}}],\"inLanguage\":\"hr\"},{\"@type\":\"Organization\",\"@id\":\"https:\/\/test2.michel-promo.com\/hr\/#organization\",\"name\":\"Michel Promo\",\"url\":\"https:\/\/test2.michel-promo.com\/hr\/\",\"logo\":{\"@type\":\"ImageObject\",\"inLanguage\":\"hr\",\"@id\":\"https:\/\/test2.michel-promo.com\/hr\/#\/schema\/logo\/image\/\",\"url\":\"https:\/\/test2.michel-promo.com\/wp-content\/uploads\/2024\/05\/cropped-Widget-logo.png\",\"contentUrl\":\"https:\/\/test2.michel-promo.com\/wp-content\/uploads\/2024\/05\/cropped-Widget-logo.png\",\"width\":512,\"height\":512,\"caption\":\"Michel Promo\"},\"image\":{\"@id\":\"https:\/\/test2.michel-promo.com\/hr\/#\/schema\/logo\/image\/\"},\"sameAs\":[\"https:\/\/www.instagram.com\/promo_michel\/\",\"https:\/\/www.linkedin.com\/company\/michel-promo\/\"]}]}<\/script>\n<!-- \/ Yoast SEO plugin. -->","yoast_head_json":{"title":"Flash RCS svjetiljka s privjeskom za klju\u010deve od recikliranog aluminija \u2014 Michel Promo","robots":{"index":"noindex","follow":"follow","max-snippet":"max-snippet:-1","max-image-preview":"max-image-preview:large","max-video-preview":"max-video-preview:-1"},"og_locale":"hr_HR","og_type":"article","og_title":"Flash RCS recycled aluminium keychain torch &#8212; Michel Promo","og_description":"3 LED pocket size torch made with RCS recycled aluminum Total recycled content: 50% based on total item weight. RCS","og_url":"https:\/\/test2.michel-promo.com\/hr\/proizvod\/flash-rcs-recycled-aluminium-keychain-torch\/","og_site_name":"Michel Promo","article_modified_time":"2025-11-18T11:45:52+00:00","og_image":[{"width":1024,"height":1024,"url":"https:\/\/test2.michel-promo.com\/wp-content\/uploads\/2025\/02\/x00p514-04-p514-0408-1.jpg","type":"image\/jpeg"}],"twitter_card":"summary_large_image","schema":{"@context":"https:\/\/schema.org","@graph":[{"@type":"WebPage","@id":"https:\/\/test2.michel-promo.com\/product\/flash-rcs-recycled-aluminium-keychain-torch\/","url":"https:\/\/test2.michel-promo.com\/product\/flash-rcs-recycled-aluminium-keychain-torch\/","name":"Flash RCS svjetiljka s privjeskom za klju\u010deve od recikliranog aluminija \u2014 Michel Promo","isPartOf":{"@id":"https:\/\/test2.michel-promo.com\/hr\/#website"},"primaryImageOfPage":{"@id":"https:\/\/test2.michel-promo.com\/product\/flash-rcs-recycled-aluminium-keychain-torch\/#primaryimage"},"image":{"@id":"https:\/\/test2.michel-promo.com\/product\/flash-rcs-recycled-aluminium-keychain-torch\/#primaryimage"},"thumbnailUrl":"https:\/\/test2.michel-promo.com\/wp-content\/uploads\/2025\/02\/x00p514-04-p514-0408-1.jpg","datePublished":"2025-02-01T01:06:15+00:00","dateModified":"2025-11-18T11:45:52+00:00","breadcrumb":{"@id":"https:\/\/test2.michel-promo.com\/product\/flash-rcs-recycled-aluminium-keychain-torch\/#breadcrumb"},"inLanguage":"hr","potentialAction":[{"@type":"ReadAction","target":["https:\/\/test2.michel-promo.com\/product\/flash-rcs-recycled-aluminium-keychain-torch\/"]}]},{"@type":"ImageObject","inLanguage":"hr","@id":"https:\/\/test2.michel-promo.com\/product\/flash-rcs-recycled-aluminium-keychain-torch\/#primaryimage","url":"https:\/\/test2.michel-promo.com\/wp-content\/uploads\/2025\/02\/x00p514-04-p514-0408-1.jpg","contentUrl":"https:\/\/test2.michel-promo.com\/wp-content\/uploads\/2025\/02\/x00p514-04-p514-0408-1.jpg","width":1024,"height":1024},{"@type":"BreadcrumbList","@id":"https:\/\/test2.michel-promo.com\/product\/flash-rcs-recycled-aluminium-keychain-torch\/#breadcrumb","itemListElement":[{"@type":"ListItem","position":1,"name":"Po\u010detna stranica","item":"https:\/\/test2.michel-promo.com\/hr\/"},{"@type":"ListItem","position":2,"name":"Shop","item":"https:\/\/test2.michel-promo.com\/shop\/"},{"@type":"ListItem","position":3,"name":"Flash RCS recycled aluminium keychain torch"}]},{"@type":"WebSite","@id":"https:\/\/test2.michel-promo.com\/hr\/#website","url":"https:\/\/test2.michel-promo.com\/hr\/","name":"Michel Promo","description":"Studio promotivnih proizvoda s karakterom","publisher":{"@id":"https:\/\/test2.michel-promo.com\/hr\/#organization"},"potentialAction":[{"@type":"SearchAction","target":{"@type":"EntryPoint","urlTemplate":"https:\/\/test2.michel-promo.com\/hr\/?s={search_term_string}"},"query-input":{"@type":"PropertyValueSpecification","valueRequired":true,"valueName":"search_term_string"}}],"inLanguage":"hr"},{"@type":"Organization","@id":"https:\/\/test2.michel-promo.com\/hr\/#organization","name":"Michel Promo","url":"https:\/\/test2.michel-promo.com\/hr\/","logo":{"@type":"ImageObject","inLanguage":"hr","@id":"https:\/\/test2.michel-promo.com\/hr\/#\/schema\/logo\/image\/","url":"https:\/\/test2.michel-promo.com\/wp-content\/uploads\/2024\/05\/cropped-Widget-logo.png","contentUrl":"https:\/\/test2.michel-promo.com\/wp-content\/uploads\/2024\/05\/cropped-Widget-logo.png","width":512,"height":512,"caption":"Michel Promo"},"image":{"@id":"https:\/\/test2.michel-promo.com\/hr\/#\/schema\/logo\/image\/"},"sameAs":["https:\/\/www.instagram.com\/promo_michel\/","https:\/\/www.linkedin.com\/company\/michel-promo\/"]}]}},"_links":{"self":[{"href":"https:\/\/test2.michel-promo.com\/hr\/wp-json\/wp\/v2\/product\/264845","targetHints":{"allow":["GET"]}}],"collection":[{"href":"https:\/\/test2.michel-promo.com\/hr\/wp-json\/wp\/v2\/product"}],"about":[{"href":"https:\/\/test2.michel-promo.com\/hr\/wp-json\/wp\/v2\/types\/product"}],"version-history":[{"count":0,"href":"https:\/\/test2.michel-promo.com\/hr\/wp-json\/wp\/v2\/product\/264845\/revisions"}],"wp:featuredmedia":[{"embeddable":true,"href":"https:\/\/test2.michel-promo.com\/hr\/wp-json\/wp\/v2\/media\/287363"}],"wp:attachment":[{"href":"https:\/\/test2.michel-promo.com\/hr\/wp-json\/wp\/v2\/media?parent=264845"}],"wp:term":[{"taxonomy":"product_brand","embeddable":true,"href":"https:\/\/test2.michel-promo.com\/hr\/wp-json\/wp\/v2\/product_brand?post=264845"},{"taxonomy":"product_cat","embeddable":true,"href":"https:\/\/test2.michel-promo.com\/hr\/wp-json\/wp\/v2\/product_cat?post=264845"},{"taxonomy":"product_tag","embeddable":true,"href":"https:\/\/test2.michel-promo.com\/hr\/wp-json\/wp\/v2\/product_tag?post=264845"}],"curies":[{"name":"radni list","href":"https:\/\/api.w.org\/{rel}","templated":true}]}}