{"id":26729,"date":"2024-04-19T13:26:11","date_gmt":"2024-04-19T11:26:11","guid":{"rendered":"https:\/\/test2.michel-promo.com\/product\/47-pcs-first-aid-car-kit\/"},"modified":"2024-05-31T10:30:13","modified_gmt":"2024-05-31T08:30:13","slug":"47-pcs-first-aid-car-kit","status":"publish","type":"product","link":"https:\/\/test2.michel-promo.com\/hr\/proizvod\/47-pcs-first-aid-car-kit\/","title":{"rendered":"Auto pribor prve pomo\u0107i od 47 komada"},"content":{"rendered":"<p>EVA torbica s reflektiraju\u0107im prslukom, dinamo lampom, srebrnom dekom za hitne slu\u010dajeve, trokutastim zavojem, PBT zavojima, alkoholnim jastu\u010di\u0107ima, antisepti\u010dkim \u0161tapi\u0107ima, ru\u010dnicima za \u010di\u0161\u0107enje, netkanim \u0161tapi\u0107ima, trakom, flasterima, iglama i plasti\u010dnim \u0161karama, sve je u skladu s EN13485: 2003. godine.<\/p>","protected":false},"excerpt":{"rendered":"<p>EVA torbica s reflektiraju\u0107im prslukom, dinamo lampom, srebrnom dekom za hitne slu\u010dajeve, trokutastim zavojem, PBT zavojima, alkoholnim jastu\u010di\u0107ima, antisepti\u010dkim \u0161tapi\u0107ima,<\/p>","protected":false},"featured_media":26731,"template":"","meta":{"_acf_changed":false},"product_brand":[],"product_cat":[149,85],"product_tag":[],"class_list":{"0":"post-26729","1":"product","2":"type-product","3":"status-publish","4":"has-post-thumbnail","6":"product_cat-car-accessories-and-first-aid-kits","7":"product_cat-keys-tools-and-auto-accessories","9":"first","10":"outofstock","11":"taxable","12":"shipping-taxable","13":"purchasable","14":"product-type-simple"},"acf":[],"yoast_head":"<!-- This site is optimized with the Yoast SEO plugin v26.4 - https:\/\/yoast.com\/wordpress\/plugins\/seo\/ -->\n<title>Auto pribor prve pomo\u0107i od 47 komada &#8212; Michel Promo<\/title>\n<meta name=\"robots\" content=\"noindex, follow, max-snippet:-1, max-image-preview:large, max-video-preview:-1\" \/>\n<meta property=\"og:locale\" content=\"hr_HR\" \/>\n<meta property=\"og:type\" content=\"article\" \/>\n<meta property=\"og:title\" content=\"Auto pribor prve pomo\u0107i od 47 komada &#8212; Michel Promo\" \/>\n<meta property=\"og:description\" content=\"EVA torbica s reflektiraju\u0107im prslukom, dinamo lampom, srebrnom dekom za hitne slu\u010dajeve, trokutastim zavojem, PBT zavojima, alkoholnim jastu\u010di\u0107ima, antisepti\u010dkim \u0161tapi\u0107ima,\" \/>\n<meta property=\"og:url\" content=\"https:\/\/test2.michel-promo.com\/hr\/proizvod\/47-pcs-first-aid-car-kit\/\" \/>\n<meta property=\"og:site_name\" content=\"Michel Promo\" \/>\n<meta property=\"article:modified_time\" content=\"2024-05-31T08:30:13+00:00\" \/>\n<meta property=\"og:image\" content=\"https:\/\/test2.michel-promo.com\/wp-content\/uploads\/2024\/04\/p239.304__b_1__665643a27e7e46348b4ed9e0d9332dbf.jpg\" \/>\n\t<meta property=\"og:image:width\" content=\"1024\" \/>\n\t<meta property=\"og:image:height\" content=\"1024\" \/>\n\t<meta property=\"og:image:type\" content=\"image\/jpeg\" \/>\n<meta name=\"twitter:card\" content=\"summary_large_image\" \/>\n<script type=\"application\/ld+json\" class=\"yoast-schema-graph\">{\"@context\":\"https:\/\/schema.org\",\"@graph\":[{\"@type\":\"WebPage\",\"@id\":\"https:\/\/test2.michel-promo.com\/product\/47-pcs-first-aid-car-kit\/\",\"url\":\"https:\/\/test2.michel-promo.com\/product\/47-pcs-first-aid-car-kit\/\",\"name\":\"Auto pribor prve pomo\u0107i od 47 komada &#8212; Michel Promo\",\"isPartOf\":{\"@id\":\"https:\/\/test2.michel-promo.com\/hr\/#website\"},\"primaryImageOfPage\":{\"@id\":\"https:\/\/test2.michel-promo.com\/product\/47-pcs-first-aid-car-kit\/#primaryimage\"},\"image\":{\"@id\":\"https:\/\/test2.michel-promo.com\/product\/47-pcs-first-aid-car-kit\/#primaryimage\"},\"thumbnailUrl\":\"https:\/\/test2.michel-promo.com\/wp-content\/uploads\/2024\/04\/p239.304__b_1__665643a27e7e46348b4ed9e0d9332dbf.jpg\",\"datePublished\":\"2024-04-19T11:26:11+00:00\",\"dateModified\":\"2024-05-31T08:30:13+00:00\",\"breadcrumb\":{\"@id\":\"https:\/\/test2.michel-promo.com\/product\/47-pcs-first-aid-car-kit\/#breadcrumb\"},\"inLanguage\":\"hr\",\"potentialAction\":[{\"@type\":\"ReadAction\",\"target\":[\"https:\/\/test2.michel-promo.com\/product\/47-pcs-first-aid-car-kit\/\"]}]},{\"@type\":\"ImageObject\",\"inLanguage\":\"hr\",\"@id\":\"https:\/\/test2.michel-promo.com\/product\/47-pcs-first-aid-car-kit\/#primaryimage\",\"url\":\"https:\/\/test2.michel-promo.com\/wp-content\/uploads\/2024\/04\/p239.304__b_1__665643a27e7e46348b4ed9e0d9332dbf.jpg\",\"contentUrl\":\"https:\/\/test2.michel-promo.com\/wp-content\/uploads\/2024\/04\/p239.304__b_1__665643a27e7e46348b4ed9e0d9332dbf.jpg\",\"width\":1024,\"height\":1024},{\"@type\":\"BreadcrumbList\",\"@id\":\"https:\/\/test2.michel-promo.com\/product\/47-pcs-first-aid-car-kit\/#breadcrumb\",\"itemListElement\":[{\"@type\":\"ListItem\",\"position\":1,\"name\":\"Po\u010detna stranica\",\"item\":\"https:\/\/test2.michel-promo.com\/hr\/\"},{\"@type\":\"ListItem\",\"position\":2,\"name\":\"Shop\",\"item\":\"https:\/\/test2.michel-promo.com\/shop\/\"},{\"@type\":\"ListItem\",\"position\":3,\"name\":\"Auto pribor prve pomo\u0107i od 47 komada\"}]},{\"@type\":\"WebSite\",\"@id\":\"https:\/\/test2.michel-promo.com\/hr\/#website\",\"url\":\"https:\/\/test2.michel-promo.com\/hr\/\",\"name\":\"Michel Promo\",\"description\":\"Promotional Products with Personality\",\"publisher\":{\"@id\":\"https:\/\/test2.michel-promo.com\/hr\/#organization\"},\"potentialAction\":[{\"@type\":\"SearchAction\",\"target\":{\"@type\":\"EntryPoint\",\"urlTemplate\":\"https:\/\/test2.michel-promo.com\/hr\/?s={search_term_string}\"},\"query-input\":{\"@type\":\"PropertyValueSpecification\",\"valueRequired\":true,\"valueName\":\"search_term_string\"}}],\"inLanguage\":\"hr\"},{\"@type\":\"Organization\",\"@id\":\"https:\/\/test2.michel-promo.com\/hr\/#organization\",\"name\":\"Michel Promo\",\"url\":\"https:\/\/test2.michel-promo.com\/hr\/\",\"logo\":{\"@type\":\"ImageObject\",\"inLanguage\":\"hr\",\"@id\":\"https:\/\/test2.michel-promo.com\/hr\/#\/schema\/logo\/image\/\",\"url\":\"https:\/\/test2.michel-promo.com\/wp-content\/uploads\/2024\/05\/cropped-Widget-logo.png\",\"contentUrl\":\"https:\/\/test2.michel-promo.com\/wp-content\/uploads\/2024\/05\/cropped-Widget-logo.png\",\"width\":512,\"height\":512,\"caption\":\"Michel Promo\"},\"image\":{\"@id\":\"https:\/\/test2.michel-promo.com\/hr\/#\/schema\/logo\/image\/\"},\"sameAs\":[\"https:\/\/www.instagram.com\/promo_michel\/\",\"https:\/\/www.linkedin.com\/company\/michel-promo\/\"]}]}<\/script>\n<!-- \/ Yoast SEO plugin. -->","yoast_head_json":{"title":"Auto pribor prve pomo\u0107i od 47 komada \u2014 Michel Promo","robots":{"index":"noindex","follow":"follow","max-snippet":"max-snippet:-1","max-image-preview":"max-image-preview:large","max-video-preview":"max-video-preview:-1"},"og_locale":"hr_HR","og_type":"article","og_title":"Auto pribor prve pomo\u0107i od 47 komada &#8212; Michel Promo","og_description":"EVA torbica s reflektiraju\u0107im prslukom, dinamo lampom, srebrnom dekom za hitne slu\u010dajeve, trokutastim zavojem, PBT zavojima, alkoholnim jastu\u010di\u0107ima, antisepti\u010dkim \u0161tapi\u0107ima,","og_url":"https:\/\/test2.michel-promo.com\/hr\/proizvod\/47-pcs-first-aid-car-kit\/","og_site_name":"Michel Promo","article_modified_time":"2024-05-31T08:30:13+00:00","og_image":[{"width":1024,"height":1024,"url":"https:\/\/test2.michel-promo.com\/wp-content\/uploads\/2024\/04\/p239.304__b_1__665643a27e7e46348b4ed9e0d9332dbf.jpg","type":"image\/jpeg"}],"twitter_card":"summary_large_image","schema":{"@context":"https:\/\/schema.org","@graph":[{"@type":"WebPage","@id":"https:\/\/test2.michel-promo.com\/product\/47-pcs-first-aid-car-kit\/","url":"https:\/\/test2.michel-promo.com\/product\/47-pcs-first-aid-car-kit\/","name":"Auto pribor prve pomo\u0107i od 47 komada \u2014 Michel Promo","isPartOf":{"@id":"https:\/\/test2.michel-promo.com\/hr\/#website"},"primaryImageOfPage":{"@id":"https:\/\/test2.michel-promo.com\/product\/47-pcs-first-aid-car-kit\/#primaryimage"},"image":{"@id":"https:\/\/test2.michel-promo.com\/product\/47-pcs-first-aid-car-kit\/#primaryimage"},"thumbnailUrl":"https:\/\/test2.michel-promo.com\/wp-content\/uploads\/2024\/04\/p239.304__b_1__665643a27e7e46348b4ed9e0d9332dbf.jpg","datePublished":"2024-04-19T11:26:11+00:00","dateModified":"2024-05-31T08:30:13+00:00","breadcrumb":{"@id":"https:\/\/test2.michel-promo.com\/product\/47-pcs-first-aid-car-kit\/#breadcrumb"},"inLanguage":"hr","potentialAction":[{"@type":"ReadAction","target":["https:\/\/test2.michel-promo.com\/product\/47-pcs-first-aid-car-kit\/"]}]},{"@type":"ImageObject","inLanguage":"hr","@id":"https:\/\/test2.michel-promo.com\/product\/47-pcs-first-aid-car-kit\/#primaryimage","url":"https:\/\/test2.michel-promo.com\/wp-content\/uploads\/2024\/04\/p239.304__b_1__665643a27e7e46348b4ed9e0d9332dbf.jpg","contentUrl":"https:\/\/test2.michel-promo.com\/wp-content\/uploads\/2024\/04\/p239.304__b_1__665643a27e7e46348b4ed9e0d9332dbf.jpg","width":1024,"height":1024},{"@type":"BreadcrumbList","@id":"https:\/\/test2.michel-promo.com\/product\/47-pcs-first-aid-car-kit\/#breadcrumb","itemListElement":[{"@type":"ListItem","position":1,"name":"Po\u010detna stranica","item":"https:\/\/test2.michel-promo.com\/hr\/"},{"@type":"ListItem","position":2,"name":"Shop","item":"https:\/\/test2.michel-promo.com\/shop\/"},{"@type":"ListItem","position":3,"name":"Auto pribor prve pomo\u0107i od 47 komada"}]},{"@type":"WebSite","@id":"https:\/\/test2.michel-promo.com\/hr\/#website","url":"https:\/\/test2.michel-promo.com\/hr\/","name":"Michel Promo","description":"Studio promotivnih proizvoda s karakterom","publisher":{"@id":"https:\/\/test2.michel-promo.com\/hr\/#organization"},"potentialAction":[{"@type":"SearchAction","target":{"@type":"EntryPoint","urlTemplate":"https:\/\/test2.michel-promo.com\/hr\/?s={search_term_string}"},"query-input":{"@type":"PropertyValueSpecification","valueRequired":true,"valueName":"search_term_string"}}],"inLanguage":"hr"},{"@type":"Organization","@id":"https:\/\/test2.michel-promo.com\/hr\/#organization","name":"Michel Promo","url":"https:\/\/test2.michel-promo.com\/hr\/","logo":{"@type":"ImageObject","inLanguage":"hr","@id":"https:\/\/test2.michel-promo.com\/hr\/#\/schema\/logo\/image\/","url":"https:\/\/test2.michel-promo.com\/wp-content\/uploads\/2024\/05\/cropped-Widget-logo.png","contentUrl":"https:\/\/test2.michel-promo.com\/wp-content\/uploads\/2024\/05\/cropped-Widget-logo.png","width":512,"height":512,"caption":"Michel Promo"},"image":{"@id":"https:\/\/test2.michel-promo.com\/hr\/#\/schema\/logo\/image\/"},"sameAs":["https:\/\/www.instagram.com\/promo_michel\/","https:\/\/www.linkedin.com\/company\/michel-promo\/"]}]}},"_links":{"self":[{"href":"https:\/\/test2.michel-promo.com\/hr\/wp-json\/wp\/v2\/product\/26729","targetHints":{"allow":["GET"]}}],"collection":[{"href":"https:\/\/test2.michel-promo.com\/hr\/wp-json\/wp\/v2\/product"}],"about":[{"href":"https:\/\/test2.michel-promo.com\/hr\/wp-json\/wp\/v2\/types\/product"}],"version-history":[{"count":0,"href":"https:\/\/test2.michel-promo.com\/hr\/wp-json\/wp\/v2\/product\/26729\/revisions"}],"wp:featuredmedia":[{"embeddable":true,"href":"https:\/\/test2.michel-promo.com\/hr\/wp-json\/wp\/v2\/media\/26731"}],"wp:attachment":[{"href":"https:\/\/test2.michel-promo.com\/hr\/wp-json\/wp\/v2\/media?parent=26729"}],"wp:term":[{"taxonomy":"product_brand","embeddable":true,"href":"https:\/\/test2.michel-promo.com\/hr\/wp-json\/wp\/v2\/product_brand?post=26729"},{"taxonomy":"product_cat","embeddable":true,"href":"https:\/\/test2.michel-promo.com\/hr\/wp-json\/wp\/v2\/product_cat?post=26729"},{"taxonomy":"product_tag","embeddable":true,"href":"https:\/\/test2.michel-promo.com\/hr\/wp-json\/wp\/v2\/product_tag?post=26729"}],"curies":[{"name":"radni list","href":"https:\/\/api.w.org\/{rel}","templated":true}]}}