{"id":27225,"date":"2024-04-19T13:29:37","date_gmt":"2024-04-19T11:29:37","guid":{"rendered":"https:\/\/test2.michel-promo.com\/product\/rcs-recycled-nubuck-pu-pouch-first-aid-set-mailable\/"},"modified":"2025-03-24T02:05:20","modified_gmt":"2025-03-24T00:05:20","slug":"rcs-recycled-nubuck-pu-pouch-first-aid-set-mailable","status":"publish","type":"product","link":"https:\/\/test2.michel-promo.com\/hr\/proizvod\/rcs-recycled-nubuck-pu-pouch-first-aid-set-mailable\/","title":{"rendered":"RCS pribor za prvu pomo\u0107 od recikliranog nubuck PU torbica mo\u017ee se poslati po\u0161tom"},"content":{"rendered":"<p>Luksuzni komplet prve pomo\u0107i, od vodootpornog nubuck-PU materijala koji je i moderan i prakti\u010dan. Materijal se lako \u010disti i odbija vodu, \u0161to ga \u010dini savr\u0161enim za kori\u0161tenje dok ste u pokretu. Sadr\u017eaj: 1 kom trokutasti zavoj, 1 kom PBT zavoj, 4 kom alkoholna jastu\u010di\u0107a, 1 kom tupfer, 5 kom flastera, 1 kom \u0161kare, 2 kom igle, 1 kom traka; Sav sadr\u017eaj prema Direktivama o medicinskim ure\u0111ajima: 93\/42\/EEC i EU (2017\/745), EN ISO 13485:2016; Sav sadr\u017eaj (osim pribada\u010da i \u0161kara) upakiran u papirnatu vre\u0107icu ozna\u010denu svim obveznim oznakama potrebnim za zakonodavstvo EU, poput \u201eDatum isteka, CE, LOT broj. Ukupni reciklirani sadr\u017eaj: 32% na temelju ukupne te\u017eine predmeta. RCS certifikat osigurava potpuno certificirani opskrbni lanac recikliranih materijala<\/p>","protected":false},"excerpt":{"rendered":"<p>Luksuzni komplet prve pomo\u0107i, od vodootpornog nubuck-PU materijala koji je i moderan i prakti\u010dan. Materijal je jednostavan za<\/p>","protected":false},"featured_media":271434,"template":"","meta":{"_acf_changed":false},"product_brand":[],"product_cat":[167,85,142],"product_tag":[],"class_list":{"0":"post-27225","1":"product","2":"type-product","3":"status-publish","4":"has-post-thumbnail","6":"product_cat-eco-friendly","7":"product_cat-keys-tools-and-auto-accessories","8":"product_cat-medical-products-and-first-aid","10":"first","11":"instock","12":"taxable","13":"shipping-taxable","14":"purchasable","15":"product-type-variable","16":"has-default-attributes"},"acf":[],"yoast_head":"<!-- This site is optimized with the Yoast SEO plugin v26.4 - https:\/\/yoast.com\/wordpress\/plugins\/seo\/ -->\n<title>RCS recycled nubuck PU pouch first aid set mailable &#8212; Michel Promo<\/title>\n<meta name=\"robots\" content=\"noindex, follow, max-snippet:-1, max-image-preview:large, max-video-preview:-1\" \/>\n<meta property=\"og:locale\" content=\"hr_HR\" \/>\n<meta property=\"og:type\" content=\"article\" \/>\n<meta property=\"og:title\" content=\"RCS recycled nubuck PU pouch first aid set mailable &#8212; Michel Promo\" \/>\n<meta property=\"og:description\" content=\"Luxury first aid kit, featuring a water-repellent nubuck-PU material that is both stylish and practical. The material is easy to\" \/>\n<meta property=\"og:url\" content=\"https:\/\/test2.michel-promo.com\/hr\/proizvod\/rcs-recycled-nubuck-pu-pouch-first-aid-set-mailable\/\" \/>\n<meta property=\"og:site_name\" content=\"Michel Promo\" \/>\n<meta property=\"article:modified_time\" content=\"2025-03-24T00:05:20+00:00\" \/>\n<meta property=\"og:image\" content=\"https:\/\/test2.michel-promo.com\/wp-content\/uploads\/2024\/04\/x00p265-40-p265-401-1.jpg\" \/>\n\t<meta property=\"og:image:width\" content=\"1024\" \/>\n\t<meta property=\"og:image:height\" content=\"1024\" \/>\n\t<meta property=\"og:image:type\" content=\"image\/jpeg\" \/>\n<meta name=\"twitter:card\" content=\"summary_large_image\" \/>\n<meta name=\"twitter:label1\" content=\"Procijenjeno vrijeme \u010ditanja\" \/>\n\t<meta name=\"twitter:data1\" content=\"1 minuta\" \/>\n<script type=\"application\/ld+json\" class=\"yoast-schema-graph\">{\"@context\":\"https:\/\/schema.org\",\"@graph\":[{\"@type\":\"WebPage\",\"@id\":\"https:\/\/test2.michel-promo.com\/product\/rcs-recycled-nubuck-pu-pouch-first-aid-set-mailable\/\",\"url\":\"https:\/\/test2.michel-promo.com\/product\/rcs-recycled-nubuck-pu-pouch-first-aid-set-mailable\/\",\"name\":\"RCS recycled nubuck PU pouch first aid set mailable &#8212; Michel Promo\",\"isPartOf\":{\"@id\":\"https:\/\/test2.michel-promo.com\/hr\/#website\"},\"primaryImageOfPage\":{\"@id\":\"https:\/\/test2.michel-promo.com\/product\/rcs-recycled-nubuck-pu-pouch-first-aid-set-mailable\/#primaryimage\"},\"image\":{\"@id\":\"https:\/\/test2.michel-promo.com\/product\/rcs-recycled-nubuck-pu-pouch-first-aid-set-mailable\/#primaryimage\"},\"thumbnailUrl\":\"https:\/\/test2.michel-promo.com\/wp-content\/uploads\/2024\/04\/x00p265-40-p265-401-1.jpg\",\"datePublished\":\"2024-04-19T11:29:37+00:00\",\"dateModified\":\"2025-03-24T00:05:20+00:00\",\"breadcrumb\":{\"@id\":\"https:\/\/test2.michel-promo.com\/product\/rcs-recycled-nubuck-pu-pouch-first-aid-set-mailable\/#breadcrumb\"},\"inLanguage\":\"hr\",\"potentialAction\":[{\"@type\":\"ReadAction\",\"target\":[\"https:\/\/test2.michel-promo.com\/product\/rcs-recycled-nubuck-pu-pouch-first-aid-set-mailable\/\"]}]},{\"@type\":\"ImageObject\",\"inLanguage\":\"hr\",\"@id\":\"https:\/\/test2.michel-promo.com\/product\/rcs-recycled-nubuck-pu-pouch-first-aid-set-mailable\/#primaryimage\",\"url\":\"https:\/\/test2.michel-promo.com\/wp-content\/uploads\/2024\/04\/x00p265-40-p265-401-1.jpg\",\"contentUrl\":\"https:\/\/test2.michel-promo.com\/wp-content\/uploads\/2024\/04\/x00p265-40-p265-401-1.jpg\",\"width\":1024,\"height\":1024},{\"@type\":\"BreadcrumbList\",\"@id\":\"https:\/\/test2.michel-promo.com\/product\/rcs-recycled-nubuck-pu-pouch-first-aid-set-mailable\/#breadcrumb\",\"itemListElement\":[{\"@type\":\"ListItem\",\"position\":1,\"name\":\"Po\u010detna stranica\",\"item\":\"https:\/\/test2.michel-promo.com\/hr\/\"},{\"@type\":\"ListItem\",\"position\":2,\"name\":\"Shop\",\"item\":\"https:\/\/test2.michel-promo.com\/shop\/\"},{\"@type\":\"ListItem\",\"position\":3,\"name\":\"RCS recycled nubuck PU pouch first aid set mailable\"}]},{\"@type\":\"WebSite\",\"@id\":\"https:\/\/test2.michel-promo.com\/hr\/#website\",\"url\":\"https:\/\/test2.michel-promo.com\/hr\/\",\"name\":\"Michel Promo\",\"description\":\"Promotional Products with Personality\",\"publisher\":{\"@id\":\"https:\/\/test2.michel-promo.com\/hr\/#organization\"},\"potentialAction\":[{\"@type\":\"SearchAction\",\"target\":{\"@type\":\"EntryPoint\",\"urlTemplate\":\"https:\/\/test2.michel-promo.com\/hr\/?s={search_term_string}\"},\"query-input\":{\"@type\":\"PropertyValueSpecification\",\"valueRequired\":true,\"valueName\":\"search_term_string\"}}],\"inLanguage\":\"hr\"},{\"@type\":\"Organization\",\"@id\":\"https:\/\/test2.michel-promo.com\/hr\/#organization\",\"name\":\"Michel Promo\",\"url\":\"https:\/\/test2.michel-promo.com\/hr\/\",\"logo\":{\"@type\":\"ImageObject\",\"inLanguage\":\"hr\",\"@id\":\"https:\/\/test2.michel-promo.com\/hr\/#\/schema\/logo\/image\/\",\"url\":\"https:\/\/test2.michel-promo.com\/wp-content\/uploads\/2024\/05\/cropped-Widget-logo.png\",\"contentUrl\":\"https:\/\/test2.michel-promo.com\/wp-content\/uploads\/2024\/05\/cropped-Widget-logo.png\",\"width\":512,\"height\":512,\"caption\":\"Michel Promo\"},\"image\":{\"@id\":\"https:\/\/test2.michel-promo.com\/hr\/#\/schema\/logo\/image\/\"},\"sameAs\":[\"https:\/\/www.instagram.com\/promo_michel\/\",\"https:\/\/www.linkedin.com\/company\/michel-promo\/\"]}]}<\/script>\n<!-- \/ Yoast SEO plugin. -->","yoast_head_json":{"title":"RCS pribor za prvu pomo\u0107 od recikliranog nubuck PU torbica za slanje \u2014 Michel Promo","robots":{"index":"noindex","follow":"follow","max-snippet":"max-snippet:-1","max-image-preview":"max-image-preview:large","max-video-preview":"max-video-preview:-1"},"og_locale":"hr_HR","og_type":"article","og_title":"RCS recycled nubuck PU pouch first aid set mailable &#8212; Michel Promo","og_description":"Luxury first aid kit, featuring a water-repellent nubuck-PU material that is both stylish and practical. The material is easy to","og_url":"https:\/\/test2.michel-promo.com\/hr\/proizvod\/rcs-recycled-nubuck-pu-pouch-first-aid-set-mailable\/","og_site_name":"Michel Promo","article_modified_time":"2025-03-24T00:05:20+00:00","og_image":[{"width":1024,"height":1024,"url":"https:\/\/test2.michel-promo.com\/wp-content\/uploads\/2024\/04\/x00p265-40-p265-401-1.jpg","type":"image\/jpeg"}],"twitter_card":"summary_large_image","twitter_misc":{"Procijenjeno vrijeme \u010ditanja":"1 minuta"},"schema":{"@context":"https:\/\/schema.org","@graph":[{"@type":"WebPage","@id":"https:\/\/test2.michel-promo.com\/product\/rcs-recycled-nubuck-pu-pouch-first-aid-set-mailable\/","url":"https:\/\/test2.michel-promo.com\/product\/rcs-recycled-nubuck-pu-pouch-first-aid-set-mailable\/","name":"RCS pribor za prvu pomo\u0107 od recikliranog nubuck PU torbica za slanje \u2014 Michel Promo","isPartOf":{"@id":"https:\/\/test2.michel-promo.com\/hr\/#website"},"primaryImageOfPage":{"@id":"https:\/\/test2.michel-promo.com\/product\/rcs-recycled-nubuck-pu-pouch-first-aid-set-mailable\/#primaryimage"},"image":{"@id":"https:\/\/test2.michel-promo.com\/product\/rcs-recycled-nubuck-pu-pouch-first-aid-set-mailable\/#primaryimage"},"thumbnailUrl":"https:\/\/test2.michel-promo.com\/wp-content\/uploads\/2024\/04\/x00p265-40-p265-401-1.jpg","datePublished":"2024-04-19T11:29:37+00:00","dateModified":"2025-03-24T00:05:20+00:00","breadcrumb":{"@id":"https:\/\/test2.michel-promo.com\/product\/rcs-recycled-nubuck-pu-pouch-first-aid-set-mailable\/#breadcrumb"},"inLanguage":"hr","potentialAction":[{"@type":"ReadAction","target":["https:\/\/test2.michel-promo.com\/product\/rcs-recycled-nubuck-pu-pouch-first-aid-set-mailable\/"]}]},{"@type":"ImageObject","inLanguage":"hr","@id":"https:\/\/test2.michel-promo.com\/product\/rcs-recycled-nubuck-pu-pouch-first-aid-set-mailable\/#primaryimage","url":"https:\/\/test2.michel-promo.com\/wp-content\/uploads\/2024\/04\/x00p265-40-p265-401-1.jpg","contentUrl":"https:\/\/test2.michel-promo.com\/wp-content\/uploads\/2024\/04\/x00p265-40-p265-401-1.jpg","width":1024,"height":1024},{"@type":"BreadcrumbList","@id":"https:\/\/test2.michel-promo.com\/product\/rcs-recycled-nubuck-pu-pouch-first-aid-set-mailable\/#breadcrumb","itemListElement":[{"@type":"ListItem","position":1,"name":"Po\u010detna stranica","item":"https:\/\/test2.michel-promo.com\/hr\/"},{"@type":"ListItem","position":2,"name":"Shop","item":"https:\/\/test2.michel-promo.com\/shop\/"},{"@type":"ListItem","position":3,"name":"RCS recycled nubuck PU pouch first aid set mailable"}]},{"@type":"WebSite","@id":"https:\/\/test2.michel-promo.com\/hr\/#website","url":"https:\/\/test2.michel-promo.com\/hr\/","name":"Michel Promo","description":"Studio promotivnih proizvoda s karakterom","publisher":{"@id":"https:\/\/test2.michel-promo.com\/hr\/#organization"},"potentialAction":[{"@type":"SearchAction","target":{"@type":"EntryPoint","urlTemplate":"https:\/\/test2.michel-promo.com\/hr\/?s={search_term_string}"},"query-input":{"@type":"PropertyValueSpecification","valueRequired":true,"valueName":"search_term_string"}}],"inLanguage":"hr"},{"@type":"Organization","@id":"https:\/\/test2.michel-promo.com\/hr\/#organization","name":"Michel Promo","url":"https:\/\/test2.michel-promo.com\/hr\/","logo":{"@type":"ImageObject","inLanguage":"hr","@id":"https:\/\/test2.michel-promo.com\/hr\/#\/schema\/logo\/image\/","url":"https:\/\/test2.michel-promo.com\/wp-content\/uploads\/2024\/05\/cropped-Widget-logo.png","contentUrl":"https:\/\/test2.michel-promo.com\/wp-content\/uploads\/2024\/05\/cropped-Widget-logo.png","width":512,"height":512,"caption":"Michel Promo"},"image":{"@id":"https:\/\/test2.michel-promo.com\/hr\/#\/schema\/logo\/image\/"},"sameAs":["https:\/\/www.instagram.com\/promo_michel\/","https:\/\/www.linkedin.com\/company\/michel-promo\/"]}]}},"_links":{"self":[{"href":"https:\/\/test2.michel-promo.com\/hr\/wp-json\/wp\/v2\/product\/27225","targetHints":{"allow":["GET"]}}],"collection":[{"href":"https:\/\/test2.michel-promo.com\/hr\/wp-json\/wp\/v2\/product"}],"about":[{"href":"https:\/\/test2.michel-promo.com\/hr\/wp-json\/wp\/v2\/types\/product"}],"version-history":[{"count":0,"href":"https:\/\/test2.michel-promo.com\/hr\/wp-json\/wp\/v2\/product\/27225\/revisions"}],"wp:featuredmedia":[{"embeddable":true,"href":"https:\/\/test2.michel-promo.com\/hr\/wp-json\/wp\/v2\/media\/271434"}],"wp:attachment":[{"href":"https:\/\/test2.michel-promo.com\/hr\/wp-json\/wp\/v2\/media?parent=27225"}],"wp:term":[{"taxonomy":"product_brand","embeddable":true,"href":"https:\/\/test2.michel-promo.com\/hr\/wp-json\/wp\/v2\/product_brand?post=27225"},{"taxonomy":"product_cat","embeddable":true,"href":"https:\/\/test2.michel-promo.com\/hr\/wp-json\/wp\/v2\/product_cat?post=27225"},{"taxonomy":"product_tag","embeddable":true,"href":"https:\/\/test2.michel-promo.com\/hr\/wp-json\/wp\/v2\/product_tag?post=27225"}],"curies":[{"name":"radni list","href":"https:\/\/api.w.org\/{rel}","templated":true}]}}