{"id":27589,"date":"2024-04-19T13:32:16","date_gmt":"2024-04-19T11:32:16","guid":{"rendered":"https:\/\/test2.michel-promo.com\/product\/swiss-peak-grs-recycled-pu-mousepad\/"},"modified":"2024-05-31T10:30:02","modified_gmt":"2024-05-31T08:30:02","slug":"swiss-peak-grs-recycled-pu-mousepad","status":"publish","type":"product","link":"https:\/\/test2.michel-promo.com\/hr\/proizvod-2\/swiss-peak-grs-recycled-pu-mousepad\/","title":{"rendered":"Swiss Peak GRS reciklirana PU podloga za mi\u0161a"},"content":{"rendered":"<p>Luksuzna podloga za mi\u0161a izra\u0111ena od GRS (globalni standard recikliranja) certificiranih recikliranih materijala. GRS certifikat osigurava potpuno certificirani opskrbni lanac recikliranih materijala. Glatka i luksuzna povr\u0161ina nadogra\u0111uje svaki stol u izvrsno radno okru\u017eenje. Veli\u010dina: 29x 19x 2 cm. Ekstra debeo za savr\u0161eno radno iskustvo. Izra\u0111en od GRS certificiranog recikliranog PU. Ukupni reciklirani sadr\u017eaj: 58 % temeljeno na ukupnoj te\u017eini artikla Bez PVC-a.<\/p>","protected":false},"excerpt":{"rendered":"<p>Luksuzna podloga za mi\u0161a izra\u0111ena od GRS (globalni standard recikliranja) certificiranih recikliranih materijala. GRS certifikat osigurava potpuno certificirani opskrbni lanac<\/p>","protected":false},"featured_media":27591,"template":"","meta":{"_acf_changed":false},"product_brand":[],"product_cat":[126,82],"product_tag":[],"class_list":{"0":"post-27589","1":"product","2":"type-product","3":"status-publish","4":"has-post-thumbnail","6":"product_cat-other-office-supplies","7":"product_cat-technology-and-electronics","9":"first","10":"instock","11":"taxable","12":"shipping-taxable","13":"purchasable","14":"product-type-simple"},"acf":[],"_links":{"self":[{"href":"https:\/\/test2.michel-promo.com\/hr\/wp-json\/wp\/v2\/product\/27589","targetHints":{"allow":["GET"]}}],"collection":[{"href":"https:\/\/test2.michel-promo.com\/hr\/wp-json\/wp\/v2\/product"}],"about":[{"href":"https:\/\/test2.michel-promo.com\/hr\/wp-json\/wp\/v2\/types\/product"}],"version-history":[{"count":0,"href":"https:\/\/test2.michel-promo.com\/hr\/wp-json\/wp\/v2\/product\/27589\/revisions"}],"wp:featuredmedia":[{"embeddable":true,"href":"https:\/\/test2.michel-promo.com\/hr\/wp-json\/wp\/v2\/media\/27591"}],"wp:attachment":[{"href":"https:\/\/test2.michel-promo.com\/hr\/wp-json\/wp\/v2\/media?parent=27589"}],"wp:term":[{"taxonomy":"product_brand","embeddable":true,"href":"https:\/\/test2.michel-promo.com\/hr\/wp-json\/wp\/v2\/product_brand?post=27589"},{"taxonomy":"product_cat","embeddable":true,"href":"https:\/\/test2.michel-promo.com\/hr\/wp-json\/wp\/v2\/product_cat?post=27589"},{"taxonomy":"product_tag","embeddable":true,"href":"https:\/\/test2.michel-promo.com\/hr\/wp-json\/wp\/v2\/product_tag?post=27589"}],"curies":[{"name":"radni list","href":"https:\/\/api.w.org\/{rel}","templated":true}]}}