{"id":31144,"date":"2024-04-19T13:59:51","date_gmt":"2024-04-19T11:59:51","guid":{"rendered":"https:\/\/test2.michel-promo.com\/product\/rcs-recycled-plastic-swiss-peak-anc-tws-earbuds\/"},"modified":"2025-03-24T02:08:43","modified_gmt":"2025-03-24T00:08:43","slug":"rcs-recycled-plastic-swiss-peak-anc-tws-earbuds","status":"publish","type":"product","link":"https:\/\/test2.michel-promo.com\/hr\/proizvod\/rcs-recycled-plastic-swiss-peak-anc-tws-earbuds\/","title":{"rendered":"RCS umetci za u\u0161i Swiss Peak ANC TWS od reciklirane plastike"},"content":{"rendered":"<p>U\u017eivajte u savr\u0161enom glazbenom iskustvu i blokirajte zvuk izvana ili okoline. Jednostavno uparite obje ABS slu\u0161alice za slu\u0161anje glazbe ili odgovaranje na pozive, oboje u stereo zvuku. Slu\u0161alice i ku\u0107i\u0161te za punjenje izra\u0111eni su od recikliranog ABS-a s certifikatom RCS (Recycled Claim Standard). Ukupni reciklirani sadr\u017eaj: 59% na temelju ukupne te\u017eine predmeta. RCS certifikat osigurava potpuno certificirani opskrbni lanac recikliranih materijala. Slu\u0161alice dolaze u kompaktnoj kutiji za punjenje od 400 mAh koja vam omogu\u0107uje punjenje i pono\u0161enje slu\u0161alica kamo god idete. Slu\u0161alice koriste BT 5.3 za automatsko uparivanje bez ikakvih problema i stabilnu vezu. Slu\u0161alice imaju bateriju od 50 mAh koja omogu\u0107uje vrijeme reprodukcije do 3,5 sata (s ANC-om) i 4,5 sata (bez ANC-a) i mogu se ponovno napuniti za 1,5 sat u ku\u0107i\u0161tu za punjenje. Domet be\u017ei\u010dne mre\u017ee je do 10 metara. ANC stupanj: 27 DB. Uklju\u010duju\u0107i olivice 3 veli\u010dine. Uklju\u010duju\u0107i tip C kabel za punjenje izra\u0111en od GRS certificiranog recikliranog TPE-a. Zapakiran u FSC\u00ae mix poklon<\/p>","protected":false},"excerpt":{"rendered":"<p>U\u017eivajte u savr\u0161enom glazbenom iskustvu i blokirajte zvuk izvana ili okoline. Jednostavno uparite obje ABS slu\u0161alice s<\/p>","protected":false},"featured_media":276134,"template":"","meta":{"_acf_changed":false},"product_brand":[],"product_cat":[167,114,82],"product_tag":[],"class_list":{"0":"post-31144","1":"product","2":"type-product","3":"status-publish","4":"has-post-thumbnail","6":"product_cat-eco-friendly","7":"product_cat-music-and-audio","8":"product_cat-technology-and-electronics","10":"first","11":"instock","12":"taxable","13":"shipping-taxable","14":"purchasable","15":"product-type-variable","16":"has-default-attributes"},"acf":[],"yoast_head":"<!-- This site is optimized with the Yoast SEO plugin v26.4 - https:\/\/yoast.com\/wordpress\/plugins\/seo\/ -->\n<title>RCS recycled plastic Swiss Peak ANC TWS earbuds &#8212; Michel Promo<\/title>\n<meta name=\"robots\" content=\"noindex, follow, max-snippet:-1, max-image-preview:large, max-video-preview:-1\" \/>\n<meta property=\"og:locale\" content=\"hr_HR\" \/>\n<meta property=\"og:type\" content=\"article\" \/>\n<meta property=\"og:title\" content=\"RCS recycled plastic Swiss Peak ANC TWS earbuds &#8212; Michel Promo\" \/>\n<meta property=\"og:description\" content=\"Enjoy the perfect music experience and block out sound from outside or your surroundings. Simply pair both ABS earbuds to\" \/>\n<meta property=\"og:url\" content=\"https:\/\/test2.michel-promo.com\/hr\/proizvod\/rcs-recycled-plastic-swiss-peak-anc-tws-earbuds\/\" \/>\n<meta property=\"og:site_name\" content=\"Michel Promo\" \/>\n<meta property=\"article:modified_time\" content=\"2025-03-24T00:08:43+00:00\" \/>\n<meta property=\"og:image\" content=\"https:\/\/test2.michel-promo.com\/wp-content\/uploads\/2024\/04\/x00p329-83-p329-831-1.jpg\" \/>\n\t<meta property=\"og:image:width\" content=\"1024\" \/>\n\t<meta property=\"og:image:height\" content=\"1024\" \/>\n\t<meta property=\"og:image:type\" content=\"image\/jpeg\" \/>\n<meta name=\"twitter:card\" content=\"summary_large_image\" \/>\n<meta name=\"twitter:label1\" content=\"Procijenjeno vrijeme \u010ditanja\" \/>\n\t<meta name=\"twitter:data1\" content=\"1 minuta\" \/>\n<script type=\"application\/ld+json\" class=\"yoast-schema-graph\">{\"@context\":\"https:\/\/schema.org\",\"@graph\":[{\"@type\":\"WebPage\",\"@id\":\"https:\/\/test2.michel-promo.com\/product\/rcs-recycled-plastic-swiss-peak-anc-tws-earbuds\/\",\"url\":\"https:\/\/test2.michel-promo.com\/product\/rcs-recycled-plastic-swiss-peak-anc-tws-earbuds\/\",\"name\":\"RCS recycled plastic Swiss Peak ANC TWS earbuds &#8212; Michel Promo\",\"isPartOf\":{\"@id\":\"https:\/\/test2.michel-promo.com\/hr\/#website\"},\"primaryImageOfPage\":{\"@id\":\"https:\/\/test2.michel-promo.com\/product\/rcs-recycled-plastic-swiss-peak-anc-tws-earbuds\/#primaryimage\"},\"image\":{\"@id\":\"https:\/\/test2.michel-promo.com\/product\/rcs-recycled-plastic-swiss-peak-anc-tws-earbuds\/#primaryimage\"},\"thumbnailUrl\":\"https:\/\/test2.michel-promo.com\/wp-content\/uploads\/2024\/04\/x00p329-83-p329-831-1.jpg\",\"datePublished\":\"2024-04-19T11:59:51+00:00\",\"dateModified\":\"2025-03-24T00:08:43+00:00\",\"breadcrumb\":{\"@id\":\"https:\/\/test2.michel-promo.com\/product\/rcs-recycled-plastic-swiss-peak-anc-tws-earbuds\/#breadcrumb\"},\"inLanguage\":\"hr\",\"potentialAction\":[{\"@type\":\"ReadAction\",\"target\":[\"https:\/\/test2.michel-promo.com\/product\/rcs-recycled-plastic-swiss-peak-anc-tws-earbuds\/\"]}]},{\"@type\":\"ImageObject\",\"inLanguage\":\"hr\",\"@id\":\"https:\/\/test2.michel-promo.com\/product\/rcs-recycled-plastic-swiss-peak-anc-tws-earbuds\/#primaryimage\",\"url\":\"https:\/\/test2.michel-promo.com\/wp-content\/uploads\/2024\/04\/x00p329-83-p329-831-1.jpg\",\"contentUrl\":\"https:\/\/test2.michel-promo.com\/wp-content\/uploads\/2024\/04\/x00p329-83-p329-831-1.jpg\",\"width\":1024,\"height\":1024},{\"@type\":\"BreadcrumbList\",\"@id\":\"https:\/\/test2.michel-promo.com\/product\/rcs-recycled-plastic-swiss-peak-anc-tws-earbuds\/#breadcrumb\",\"itemListElement\":[{\"@type\":\"ListItem\",\"position\":1,\"name\":\"Po\u010detna stranica\",\"item\":\"https:\/\/test2.michel-promo.com\/\"},{\"@type\":\"ListItem\",\"position\":2,\"name\":\"Shop\",\"item\":\"https:\/\/test2.michel-promo.com\/shop\/\"},{\"@type\":\"ListItem\",\"position\":3,\"name\":\"RCS recycled plastic Swiss Peak ANC TWS earbuds\"}]},{\"@type\":\"WebSite\",\"@id\":\"https:\/\/test2.michel-promo.com\/hr\/#website\",\"url\":\"https:\/\/test2.michel-promo.com\/hr\/\",\"name\":\"Michel Promo\",\"description\":\"Promotional Products with Personality\",\"publisher\":{\"@id\":\"https:\/\/test2.michel-promo.com\/hr\/#organization\"},\"potentialAction\":[{\"@type\":\"SearchAction\",\"target\":{\"@type\":\"EntryPoint\",\"urlTemplate\":\"https:\/\/test2.michel-promo.com\/hr\/?s={search_term_string}\"},\"query-input\":{\"@type\":\"PropertyValueSpecification\",\"valueRequired\":true,\"valueName\":\"search_term_string\"}}],\"inLanguage\":\"hr\"},{\"@type\":\"Organization\",\"@id\":\"https:\/\/test2.michel-promo.com\/hr\/#organization\",\"name\":\"Michel Promo\",\"url\":\"https:\/\/test2.michel-promo.com\/hr\/\",\"logo\":{\"@type\":\"ImageObject\",\"inLanguage\":\"hr\",\"@id\":\"https:\/\/test2.michel-promo.com\/hr\/#\/schema\/logo\/image\/\",\"url\":\"https:\/\/test2.michel-promo.com\/wp-content\/uploads\/2024\/05\/cropped-Widget-logo.png\",\"contentUrl\":\"https:\/\/test2.michel-promo.com\/wp-content\/uploads\/2024\/05\/cropped-Widget-logo.png\",\"width\":512,\"height\":512,\"caption\":\"Michel Promo\"},\"image\":{\"@id\":\"https:\/\/test2.michel-promo.com\/hr\/#\/schema\/logo\/image\/\"},\"sameAs\":[\"https:\/\/www.instagram.com\/promo_michel\/\",\"https:\/\/www.linkedin.com\/company\/michel-promo\/\"]}]}<\/script>\n<!-- \/ Yoast SEO plugin. -->","yoast_head_json":{"title":"RCS umeci za u\u0161i od reciklirane plastike Swiss Peak ANC TWS \u2014 Michel Promo","robots":{"index":"noindex","follow":"follow","max-snippet":"max-snippet:-1","max-image-preview":"max-image-preview:large","max-video-preview":"max-video-preview:-1"},"og_locale":"hr_HR","og_type":"article","og_title":"RCS recycled plastic Swiss Peak ANC TWS earbuds &#8212; Michel Promo","og_description":"Enjoy the perfect music experience and block out sound from outside or your surroundings. Simply pair both ABS earbuds to","og_url":"https:\/\/test2.michel-promo.com\/hr\/proizvod\/rcs-recycled-plastic-swiss-peak-anc-tws-earbuds\/","og_site_name":"Michel Promo","article_modified_time":"2025-03-24T00:08:43+00:00","og_image":[{"width":1024,"height":1024,"url":"https:\/\/test2.michel-promo.com\/wp-content\/uploads\/2024\/04\/x00p329-83-p329-831-1.jpg","type":"image\/jpeg"}],"twitter_card":"summary_large_image","twitter_misc":{"Procijenjeno vrijeme \u010ditanja":"1 minuta"},"schema":{"@context":"https:\/\/schema.org","@graph":[{"@type":"WebPage","@id":"https:\/\/test2.michel-promo.com\/product\/rcs-recycled-plastic-swiss-peak-anc-tws-earbuds\/","url":"https:\/\/test2.michel-promo.com\/product\/rcs-recycled-plastic-swiss-peak-anc-tws-earbuds\/","name":"RCS umeci za u\u0161i od reciklirane plastike Swiss Peak ANC TWS \u2014 Michel Promo","isPartOf":{"@id":"https:\/\/test2.michel-promo.com\/hr\/#website"},"primaryImageOfPage":{"@id":"https:\/\/test2.michel-promo.com\/product\/rcs-recycled-plastic-swiss-peak-anc-tws-earbuds\/#primaryimage"},"image":{"@id":"https:\/\/test2.michel-promo.com\/product\/rcs-recycled-plastic-swiss-peak-anc-tws-earbuds\/#primaryimage"},"thumbnailUrl":"https:\/\/test2.michel-promo.com\/wp-content\/uploads\/2024\/04\/x00p329-83-p329-831-1.jpg","datePublished":"2024-04-19T11:59:51+00:00","dateModified":"2025-03-24T00:08:43+00:00","breadcrumb":{"@id":"https:\/\/test2.michel-promo.com\/product\/rcs-recycled-plastic-swiss-peak-anc-tws-earbuds\/#breadcrumb"},"inLanguage":"hr","potentialAction":[{"@type":"ReadAction","target":["https:\/\/test2.michel-promo.com\/product\/rcs-recycled-plastic-swiss-peak-anc-tws-earbuds\/"]}]},{"@type":"ImageObject","inLanguage":"hr","@id":"https:\/\/test2.michel-promo.com\/product\/rcs-recycled-plastic-swiss-peak-anc-tws-earbuds\/#primaryimage","url":"https:\/\/test2.michel-promo.com\/wp-content\/uploads\/2024\/04\/x00p329-83-p329-831-1.jpg","contentUrl":"https:\/\/test2.michel-promo.com\/wp-content\/uploads\/2024\/04\/x00p329-83-p329-831-1.jpg","width":1024,"height":1024},{"@type":"BreadcrumbList","@id":"https:\/\/test2.michel-promo.com\/product\/rcs-recycled-plastic-swiss-peak-anc-tws-earbuds\/#breadcrumb","itemListElement":[{"@type":"ListItem","position":1,"name":"Po\u010detna stranica","item":"https:\/\/test2.michel-promo.com\/"},{"@type":"ListItem","position":2,"name":"Shop","item":"https:\/\/test2.michel-promo.com\/shop\/"},{"@type":"ListItem","position":3,"name":"RCS recycled plastic Swiss Peak ANC TWS earbuds"}]},{"@type":"WebSite","@id":"https:\/\/test2.michel-promo.com\/hr\/#website","url":"https:\/\/test2.michel-promo.com\/hr\/","name":"Michel Promo","description":"Studio promotivnih proizvoda s karakterom","publisher":{"@id":"https:\/\/test2.michel-promo.com\/hr\/#organization"},"potentialAction":[{"@type":"SearchAction","target":{"@type":"EntryPoint","urlTemplate":"https:\/\/test2.michel-promo.com\/hr\/?s={search_term_string}"},"query-input":{"@type":"PropertyValueSpecification","valueRequired":true,"valueName":"search_term_string"}}],"inLanguage":"hr"},{"@type":"Organization","@id":"https:\/\/test2.michel-promo.com\/hr\/#organization","name":"Michel Promo","url":"https:\/\/test2.michel-promo.com\/hr\/","logo":{"@type":"ImageObject","inLanguage":"hr","@id":"https:\/\/test2.michel-promo.com\/hr\/#\/schema\/logo\/image\/","url":"https:\/\/test2.michel-promo.com\/wp-content\/uploads\/2024\/05\/cropped-Widget-logo.png","contentUrl":"https:\/\/test2.michel-promo.com\/wp-content\/uploads\/2024\/05\/cropped-Widget-logo.png","width":512,"height":512,"caption":"Michel Promo"},"image":{"@id":"https:\/\/test2.michel-promo.com\/hr\/#\/schema\/logo\/image\/"},"sameAs":["https:\/\/www.instagram.com\/promo_michel\/","https:\/\/www.linkedin.com\/company\/michel-promo\/"]}]}},"_links":{"self":[{"href":"https:\/\/test2.michel-promo.com\/hr\/wp-json\/wp\/v2\/product\/31144","targetHints":{"allow":["GET"]}}],"collection":[{"href":"https:\/\/test2.michel-promo.com\/hr\/wp-json\/wp\/v2\/product"}],"about":[{"href":"https:\/\/test2.michel-promo.com\/hr\/wp-json\/wp\/v2\/types\/product"}],"version-history":[{"count":0,"href":"https:\/\/test2.michel-promo.com\/hr\/wp-json\/wp\/v2\/product\/31144\/revisions"}],"wp:featuredmedia":[{"embeddable":true,"href":"https:\/\/test2.michel-promo.com\/hr\/wp-json\/wp\/v2\/media\/276134"}],"wp:attachment":[{"href":"https:\/\/test2.michel-promo.com\/hr\/wp-json\/wp\/v2\/media?parent=31144"}],"wp:term":[{"taxonomy":"product_brand","embeddable":true,"href":"https:\/\/test2.michel-promo.com\/hr\/wp-json\/wp\/v2\/product_brand?post=31144"},{"taxonomy":"product_cat","embeddable":true,"href":"https:\/\/test2.michel-promo.com\/hr\/wp-json\/wp\/v2\/product_cat?post=31144"},{"taxonomy":"product_tag","embeddable":true,"href":"https:\/\/test2.michel-promo.com\/hr\/wp-json\/wp\/v2\/product_tag?post=31144"}],"curies":[{"name":"radni list","href":"https:\/\/api.w.org\/{rel}","templated":true}]}}