{"id":366291,"date":"2025-02-23T04:24:25","date_gmt":"2025-02-23T02:24:25","guid":{"rendered":"http:\/\/test2.michel-promo.com\/en\/product\/600d-polyester-canvas-15-inch-laptop-backpack-dennis\/"},"modified":"2025-11-18T13:45:39","modified_gmt":"2025-11-18T11:45:39","slug":"600d-polyester-canvas-15-inch-laptop-backpack-dennis","status":"publish","type":"product","link":"https:\/\/test2.michel-promo.com\/hr\/proizvod\/600d-polyester-canvas-15-inch-laptop-backpack-dennis\/","title":{"rendered":"Ruksak za prijenosno ra\u010dunalo Dennis od 600D poliesterskog platna od 15 in\u010da"},"content":{"rendered":"<p>Ruksak za laptop od 600D poliesterskog platna (15 in\u010da) s PVC detaljima i 210D podstavom. Sadr\u017ei mali prednji d\u017eep s patentnim zatvara\u010dem s karabinerom za klju\u010deve, jedan bo\u010dni pretinac s patentnim zatvara\u010dem, jedan uobi\u010dajeni bo\u010dni d\u017eep i veliki pretinac koji se zatvara magnetom i d\u017eepom za prijenosno ra\u010dunalo. Pritisnite gumbe sa strane za zatvaranje ruksaka kada nije potpuno napunjen. Prilagodljive ventilirane naramenice. Uklju\u010duje rPET naljepnicu na prednjoj strani.<\/p>","protected":false},"excerpt":{"rendered":"<p>Ruksak za laptop od 600D poliesterskog platna (15 in\u010da) s PVC detaljima i 210D podstavom. Sadr\u017ei mali prednji d\u017eep s patentnim zatvara\u010dem<\/p>","protected":false},"featured_media":366281,"template":"","meta":{"_acf_changed":false},"product_brand":[],"product_cat":[94,80,89,99,171,238],"product_tag":[],"class_list":{"0":"post-366291","1":"product","2":"type-product","3":"status-publish","4":"has-post-thumbnail","6":"product_cat-backpacks-and-shoulder-bags","7":"product_cat-bags-and-travel","8":"product_cat-theme","9":"product_cat-laptop-and-document-bags","10":"product_cat-trade-shows-and-exhibitions","11":"product_cat-kataloski","13":"first","14":"instock","15":"taxable","16":"shipping-taxable","17":"purchasable","18":"product-type-variable","19":"has-default-attributes"},"acf":[],"yoast_head":"<!-- This site is optimized with the Yoast SEO plugin v26.4 - https:\/\/yoast.com\/wordpress\/plugins\/seo\/ -->\n<title>600D polyester canvas 15 inch laptop backpack Dennis &#8212; Michel Promo<\/title>\n<meta name=\"robots\" content=\"noindex, follow, max-snippet:-1, max-image-preview:large, max-video-preview:-1\" \/>\n<meta property=\"og:locale\" content=\"hr_HR\" \/>\n<meta property=\"og:type\" content=\"article\" \/>\n<meta property=\"og:title\" content=\"600D polyester canvas 15 inch laptop backpack Dennis &#8212; Michel Promo\" \/>\n<meta property=\"og:description\" content=\"600D polyester canvas laptop backpack (15 inch) with PVC detail and 210D lining. Features a small zippered front pocket with\" \/>\n<meta property=\"og:url\" content=\"https:\/\/test2.michel-promo.com\/hr\/proizvod\/600d-polyester-canvas-15-inch-laptop-backpack-dennis\/\" \/>\n<meta property=\"og:site_name\" content=\"Michel Promo\" \/>\n<meta property=\"article:modified_time\" content=\"2025-11-18T11:45:39+00:00\" \/>\n<meta property=\"og:image\" content=\"https:\/\/test2.michel-promo.com\/wp-content\/uploads\/2025\/02\/g00g1171779-1.jpg\" \/>\n\t<meta property=\"og:image:width\" content=\"1024\" \/>\n\t<meta property=\"og:image:height\" content=\"1024\" \/>\n\t<meta property=\"og:image:type\" content=\"image\/jpeg\" \/>\n<meta name=\"twitter:card\" content=\"summary_large_image\" \/>\n<script type=\"application\/ld+json\" class=\"yoast-schema-graph\">{\"@context\":\"https:\/\/schema.org\",\"@graph\":[{\"@type\":\"WebPage\",\"@id\":\"https:\/\/test2.michel-promo.com\/product\/600d-polyester-canvas-15-inch-laptop-backpack-dennis\/\",\"url\":\"https:\/\/test2.michel-promo.com\/product\/600d-polyester-canvas-15-inch-laptop-backpack-dennis\/\",\"name\":\"600D polyester canvas 15 inch laptop backpack Dennis &#8212; Michel Promo\",\"isPartOf\":{\"@id\":\"https:\/\/test2.michel-promo.com\/hr\/#website\"},\"primaryImageOfPage\":{\"@id\":\"https:\/\/test2.michel-promo.com\/product\/600d-polyester-canvas-15-inch-laptop-backpack-dennis\/#primaryimage\"},\"image\":{\"@id\":\"https:\/\/test2.michel-promo.com\/product\/600d-polyester-canvas-15-inch-laptop-backpack-dennis\/#primaryimage\"},\"thumbnailUrl\":\"https:\/\/test2.michel-promo.com\/wp-content\/uploads\/2025\/02\/g00g1171779-1.jpg\",\"datePublished\":\"2025-02-23T02:24:25+00:00\",\"dateModified\":\"2025-11-18T11:45:39+00:00\",\"breadcrumb\":{\"@id\":\"https:\/\/test2.michel-promo.com\/product\/600d-polyester-canvas-15-inch-laptop-backpack-dennis\/#breadcrumb\"},\"inLanguage\":\"hr\",\"potentialAction\":[{\"@type\":\"ReadAction\",\"target\":[\"https:\/\/test2.michel-promo.com\/product\/600d-polyester-canvas-15-inch-laptop-backpack-dennis\/\"]}]},{\"@type\":\"ImageObject\",\"inLanguage\":\"hr\",\"@id\":\"https:\/\/test2.michel-promo.com\/product\/600d-polyester-canvas-15-inch-laptop-backpack-dennis\/#primaryimage\",\"url\":\"https:\/\/test2.michel-promo.com\/wp-content\/uploads\/2025\/02\/g00g1171779-1.jpg\",\"contentUrl\":\"https:\/\/test2.michel-promo.com\/wp-content\/uploads\/2025\/02\/g00g1171779-1.jpg\",\"width\":1024,\"height\":1024},{\"@type\":\"BreadcrumbList\",\"@id\":\"https:\/\/test2.michel-promo.com\/product\/600d-polyester-canvas-15-inch-laptop-backpack-dennis\/#breadcrumb\",\"itemListElement\":[{\"@type\":\"ListItem\",\"position\":1,\"name\":\"Po\u010detna stranica\",\"item\":\"https:\/\/test2.michel-promo.com\/hr\/\"},{\"@type\":\"ListItem\",\"position\":2,\"name\":\"Shop\",\"item\":\"https:\/\/test2.michel-promo.com\/shop\/\"},{\"@type\":\"ListItem\",\"position\":3,\"name\":\"600D polyester canvas 15 inch laptop backpack Dennis\"}]},{\"@type\":\"WebSite\",\"@id\":\"https:\/\/test2.michel-promo.com\/hr\/#website\",\"url\":\"https:\/\/test2.michel-promo.com\/hr\/\",\"name\":\"Michel Promo\",\"description\":\"Promotional Products with Personality\",\"publisher\":{\"@id\":\"https:\/\/test2.michel-promo.com\/hr\/#organization\"},\"potentialAction\":[{\"@type\":\"SearchAction\",\"target\":{\"@type\":\"EntryPoint\",\"urlTemplate\":\"https:\/\/test2.michel-promo.com\/hr\/?s={search_term_string}\"},\"query-input\":{\"@type\":\"PropertyValueSpecification\",\"valueRequired\":true,\"valueName\":\"search_term_string\"}}],\"inLanguage\":\"hr\"},{\"@type\":\"Organization\",\"@id\":\"https:\/\/test2.michel-promo.com\/hr\/#organization\",\"name\":\"Michel Promo\",\"url\":\"https:\/\/test2.michel-promo.com\/hr\/\",\"logo\":{\"@type\":\"ImageObject\",\"inLanguage\":\"hr\",\"@id\":\"https:\/\/test2.michel-promo.com\/hr\/#\/schema\/logo\/image\/\",\"url\":\"https:\/\/test2.michel-promo.com\/wp-content\/uploads\/2024\/05\/cropped-Widget-logo.png\",\"contentUrl\":\"https:\/\/test2.michel-promo.com\/wp-content\/uploads\/2024\/05\/cropped-Widget-logo.png\",\"width\":512,\"height\":512,\"caption\":\"Michel Promo\"},\"image\":{\"@id\":\"https:\/\/test2.michel-promo.com\/hr\/#\/schema\/logo\/image\/\"},\"sameAs\":[\"https:\/\/www.instagram.com\/promo_michel\/\",\"https:\/\/www.linkedin.com\/company\/michel-promo\/\"]}]}<\/script>\n<!-- \/ Yoast SEO plugin. -->","yoast_head_json":{"title":"Ruksak za prijenosno ra\u010dunalo od 600D poliesterskog platna od 15 in\u010da Dennis \u2014 Michel Promo","robots":{"index":"noindex","follow":"follow","max-snippet":"max-snippet:-1","max-image-preview":"max-image-preview:large","max-video-preview":"max-video-preview:-1"},"og_locale":"hr_HR","og_type":"article","og_title":"600D polyester canvas 15 inch laptop backpack Dennis &#8212; Michel Promo","og_description":"600D polyester canvas laptop backpack (15 inch) with PVC detail and 210D lining. Features a small zippered front pocket with","og_url":"https:\/\/test2.michel-promo.com\/hr\/proizvod\/600d-polyester-canvas-15-inch-laptop-backpack-dennis\/","og_site_name":"Michel Promo","article_modified_time":"2025-11-18T11:45:39+00:00","og_image":[{"width":1024,"height":1024,"url":"https:\/\/test2.michel-promo.com\/wp-content\/uploads\/2025\/02\/g00g1171779-1.jpg","type":"image\/jpeg"}],"twitter_card":"summary_large_image","schema":{"@context":"https:\/\/schema.org","@graph":[{"@type":"WebPage","@id":"https:\/\/test2.michel-promo.com\/product\/600d-polyester-canvas-15-inch-laptop-backpack-dennis\/","url":"https:\/\/test2.michel-promo.com\/product\/600d-polyester-canvas-15-inch-laptop-backpack-dennis\/","name":"Ruksak za prijenosno ra\u010dunalo od 600D poliesterskog platna od 15 in\u010da Dennis \u2014 Michel Promo","isPartOf":{"@id":"https:\/\/test2.michel-promo.com\/hr\/#website"},"primaryImageOfPage":{"@id":"https:\/\/test2.michel-promo.com\/product\/600d-polyester-canvas-15-inch-laptop-backpack-dennis\/#primaryimage"},"image":{"@id":"https:\/\/test2.michel-promo.com\/product\/600d-polyester-canvas-15-inch-laptop-backpack-dennis\/#primaryimage"},"thumbnailUrl":"https:\/\/test2.michel-promo.com\/wp-content\/uploads\/2025\/02\/g00g1171779-1.jpg","datePublished":"2025-02-23T02:24:25+00:00","dateModified":"2025-11-18T11:45:39+00:00","breadcrumb":{"@id":"https:\/\/test2.michel-promo.com\/product\/600d-polyester-canvas-15-inch-laptop-backpack-dennis\/#breadcrumb"},"inLanguage":"hr","potentialAction":[{"@type":"ReadAction","target":["https:\/\/test2.michel-promo.com\/product\/600d-polyester-canvas-15-inch-laptop-backpack-dennis\/"]}]},{"@type":"ImageObject","inLanguage":"hr","@id":"https:\/\/test2.michel-promo.com\/product\/600d-polyester-canvas-15-inch-laptop-backpack-dennis\/#primaryimage","url":"https:\/\/test2.michel-promo.com\/wp-content\/uploads\/2025\/02\/g00g1171779-1.jpg","contentUrl":"https:\/\/test2.michel-promo.com\/wp-content\/uploads\/2025\/02\/g00g1171779-1.jpg","width":1024,"height":1024},{"@type":"BreadcrumbList","@id":"https:\/\/test2.michel-promo.com\/product\/600d-polyester-canvas-15-inch-laptop-backpack-dennis\/#breadcrumb","itemListElement":[{"@type":"ListItem","position":1,"name":"Po\u010detna stranica","item":"https:\/\/test2.michel-promo.com\/hr\/"},{"@type":"ListItem","position":2,"name":"Shop","item":"https:\/\/test2.michel-promo.com\/shop\/"},{"@type":"ListItem","position":3,"name":"600D polyester canvas 15 inch laptop backpack Dennis"}]},{"@type":"WebSite","@id":"https:\/\/test2.michel-promo.com\/hr\/#website","url":"https:\/\/test2.michel-promo.com\/hr\/","name":"Michel Promo","description":"Studio promotivnih proizvoda s karakterom","publisher":{"@id":"https:\/\/test2.michel-promo.com\/hr\/#organization"},"potentialAction":[{"@type":"SearchAction","target":{"@type":"EntryPoint","urlTemplate":"https:\/\/test2.michel-promo.com\/hr\/?s={search_term_string}"},"query-input":{"@type":"PropertyValueSpecification","valueRequired":true,"valueName":"search_term_string"}}],"inLanguage":"hr"},{"@type":"Organization","@id":"https:\/\/test2.michel-promo.com\/hr\/#organization","name":"Michel Promo","url":"https:\/\/test2.michel-promo.com\/hr\/","logo":{"@type":"ImageObject","inLanguage":"hr","@id":"https:\/\/test2.michel-promo.com\/hr\/#\/schema\/logo\/image\/","url":"https:\/\/test2.michel-promo.com\/wp-content\/uploads\/2024\/05\/cropped-Widget-logo.png","contentUrl":"https:\/\/test2.michel-promo.com\/wp-content\/uploads\/2024\/05\/cropped-Widget-logo.png","width":512,"height":512,"caption":"Michel Promo"},"image":{"@id":"https:\/\/test2.michel-promo.com\/hr\/#\/schema\/logo\/image\/"},"sameAs":["https:\/\/www.instagram.com\/promo_michel\/","https:\/\/www.linkedin.com\/company\/michel-promo\/"]}]}},"_links":{"self":[{"href":"https:\/\/test2.michel-promo.com\/hr\/wp-json\/wp\/v2\/product\/366291","targetHints":{"allow":["GET"]}}],"collection":[{"href":"https:\/\/test2.michel-promo.com\/hr\/wp-json\/wp\/v2\/product"}],"about":[{"href":"https:\/\/test2.michel-promo.com\/hr\/wp-json\/wp\/v2\/types\/product"}],"version-history":[{"count":0,"href":"https:\/\/test2.michel-promo.com\/hr\/wp-json\/wp\/v2\/product\/366291\/revisions"}],"wp:featuredmedia":[{"embeddable":true,"href":"https:\/\/test2.michel-promo.com\/hr\/wp-json\/wp\/v2\/media\/366281"}],"wp:attachment":[{"href":"https:\/\/test2.michel-promo.com\/hr\/wp-json\/wp\/v2\/media?parent=366291"}],"wp:term":[{"taxonomy":"product_brand","embeddable":true,"href":"https:\/\/test2.michel-promo.com\/hr\/wp-json\/wp\/v2\/product_brand?post=366291"},{"taxonomy":"product_cat","embeddable":true,"href":"https:\/\/test2.michel-promo.com\/hr\/wp-json\/wp\/v2\/product_cat?post=366291"},{"taxonomy":"product_tag","embeddable":true,"href":"https:\/\/test2.michel-promo.com\/hr\/wp-json\/wp\/v2\/product_tag?post=366291"}],"curies":[{"name":"radni list","href":"https:\/\/api.w.org\/{rel}","templated":true}]}}