{"id":36710,"date":"2024-04-19T15:00:00","date_gmt":"2024-04-19T13:00:00","guid":{"rendered":"https:\/\/test2.michel-promo.com\/product\/rcs-recycled-aluminum-usb-rechargeable-heavy-duty-torch\/"},"modified":"2025-03-24T02:18:24","modified_gmt":"2025-03-24T00:18:24","slug":"rcs-recycled-aluminum-usb-rechargeable-heavy-duty-torch","status":"publish","type":"product","link":"https:\/\/test2.michel-promo.com\/hr\/proizvod\/rcs-recycled-aluminum-usb-rechargeable-heavy-duty-torch\/","title":{"rendered":"RCS baterijska lampa za te\u0161ke uvjete rada s punjivom USB-om od recikliranog aluminija"},"content":{"rendered":"<p>Funkcionalnost, izvedba i dizajn spojeni su u ovoj punjivoj svjetiljci od 10 W izra\u0111enoj od recikliranog aluminija s RCS certifikatom. Ukupni reciklirani sadr\u017eaj: 20% na temelju ukupne te\u017eine predmeta. RCS certifikat osigurava potpuno certificirani opskrbni lanac recikliranih materijala. Zbog svoje ocjene IP4, otporan je na vremenske uvjete pa se lako mo\u017ee iznijeti van. Sna\u017ena \u017earulja stvara do 1500 lumena i snop koji dose\u017ee do 800 metara. Svjetiljka koristi punjivu bateriju razreda A tako da nema potrebe za zamjenom baterija. Jednostavno ponovno napunite putem svoje USB uti\u010dnice i prilo\u017eenog RCS certificiranog recikliranog kabela tipa C. \u017darulja visoke kvalitete dolazi s 5 na\u010dina rada uklju\u010duju\u0107i SOS funkciju. Baterija od 4000 mah omogu\u0107uje kori\u0161tenje do 10 sati s jednim punjenjem i omogu\u0107uje punjenje va\u0161ih mobilnih ure\u0111aja preko tipa C. Aluminij ne gubi svoje karakteristike u procesu recikliranja i mo\u017ee se reciklirati beskona\u010dno. Stavka i pribor 100% bez PVC-a. Pakirano u FSC mix ambala\u017eu. Ulaz Type-C 5V, 1A; Izlaz 5V, 1A<\/p>","protected":false},"excerpt":{"rendered":"<p>Funkcionalnost, izvedba i dizajn spojeni su u ovoj punjivoj svjetiljci od 10 W izra\u0111enoj od recikliranog aluminija s RCS certifikatom. Totalno reciklirano<\/p>","protected":false},"featured_media":287186,"template":"","meta":{"_acf_changed":false},"product_brand":[],"product_cat":[167,152,85],"product_tag":[],"class_list":{"0":"post-36710","1":"product","2":"type-product","3":"status-publish","4":"has-post-thumbnail","6":"product_cat-eco-friendly","7":"product_cat-flashlights","8":"product_cat-keys-tools-and-auto-accessories","10":"first","11":"outofstock","12":"taxable","13":"shipping-taxable","14":"purchasable","15":"product-type-variable","16":"has-default-attributes"},"acf":[],"yoast_head":"<!-- This site is optimized with the Yoast SEO plugin v26.4 - https:\/\/yoast.com\/wordpress\/plugins\/seo\/ -->\n<title>RCS recycled aluminum USB-rechargeable heavy duty torch &#8212; Michel Promo<\/title>\n<meta name=\"robots\" content=\"noindex, follow, max-snippet:-1, max-image-preview:large, max-video-preview:-1\" \/>\n<meta property=\"og:locale\" content=\"hr_HR\" \/>\n<meta property=\"og:type\" content=\"article\" \/>\n<meta property=\"og:title\" content=\"RCS recycled aluminum USB-rechargeable heavy duty torch &#8212; Michel Promo\" \/>\n<meta property=\"og:description\" content=\"Functionality, performance and design all come together in this re-chargeable 10W torch made with RCS certified recycled aluminum. Total recycled\" \/>\n<meta property=\"og:url\" content=\"https:\/\/test2.michel-promo.com\/hr\/proizvod\/rcs-recycled-aluminum-usb-rechargeable-heavy-duty-torch\/\" \/>\n<meta property=\"og:site_name\" content=\"Michel Promo\" \/>\n<meta property=\"article:modified_time\" content=\"2025-03-24T00:18:24+00:00\" \/>\n<meta property=\"og:image\" content=\"https:\/\/test2.michel-promo.com\/wp-content\/uploads\/2024\/04\/x00p513-93-p513-931-1.jpg\" \/>\n\t<meta property=\"og:image:width\" content=\"1024\" \/>\n\t<meta property=\"og:image:height\" content=\"1024\" \/>\n\t<meta property=\"og:image:type\" content=\"image\/jpeg\" \/>\n<meta name=\"twitter:card\" content=\"summary_large_image\" \/>\n<meta name=\"twitter:label1\" content=\"Procijenjeno vrijeme \u010ditanja\" \/>\n\t<meta name=\"twitter:data1\" content=\"1 minuta\" \/>\n<script type=\"application\/ld+json\" class=\"yoast-schema-graph\">{\"@context\":\"https:\/\/schema.org\",\"@graph\":[{\"@type\":\"WebPage\",\"@id\":\"https:\/\/test2.michel-promo.com\/product\/rcs-recycled-aluminum-usb-rechargeable-heavy-duty-torch\/\",\"url\":\"https:\/\/test2.michel-promo.com\/product\/rcs-recycled-aluminum-usb-rechargeable-heavy-duty-torch\/\",\"name\":\"RCS recycled aluminum USB-rechargeable heavy duty torch &#8212; Michel Promo\",\"isPartOf\":{\"@id\":\"https:\/\/test2.michel-promo.com\/hr\/#website\"},\"primaryImageOfPage\":{\"@id\":\"https:\/\/test2.michel-promo.com\/product\/rcs-recycled-aluminum-usb-rechargeable-heavy-duty-torch\/#primaryimage\"},\"image\":{\"@id\":\"https:\/\/test2.michel-promo.com\/product\/rcs-recycled-aluminum-usb-rechargeable-heavy-duty-torch\/#primaryimage\"},\"thumbnailUrl\":\"https:\/\/test2.michel-promo.com\/wp-content\/uploads\/2024\/04\/x00p513-93-p513-931-1.jpg\",\"datePublished\":\"2024-04-19T13:00:00+00:00\",\"dateModified\":\"2025-03-24T00:18:24+00:00\",\"breadcrumb\":{\"@id\":\"https:\/\/test2.michel-promo.com\/product\/rcs-recycled-aluminum-usb-rechargeable-heavy-duty-torch\/#breadcrumb\"},\"inLanguage\":\"hr\",\"potentialAction\":[{\"@type\":\"ReadAction\",\"target\":[\"https:\/\/test2.michel-promo.com\/product\/rcs-recycled-aluminum-usb-rechargeable-heavy-duty-torch\/\"]}]},{\"@type\":\"ImageObject\",\"inLanguage\":\"hr\",\"@id\":\"https:\/\/test2.michel-promo.com\/product\/rcs-recycled-aluminum-usb-rechargeable-heavy-duty-torch\/#primaryimage\",\"url\":\"https:\/\/test2.michel-promo.com\/wp-content\/uploads\/2024\/04\/x00p513-93-p513-931-1.jpg\",\"contentUrl\":\"https:\/\/test2.michel-promo.com\/wp-content\/uploads\/2024\/04\/x00p513-93-p513-931-1.jpg\",\"width\":1024,\"height\":1024},{\"@type\":\"BreadcrumbList\",\"@id\":\"https:\/\/test2.michel-promo.com\/product\/rcs-recycled-aluminum-usb-rechargeable-heavy-duty-torch\/#breadcrumb\",\"itemListElement\":[{\"@type\":\"ListItem\",\"position\":1,\"name\":\"Po\u010detna stranica\",\"item\":\"https:\/\/test2.michel-promo.com\/hr\/\"},{\"@type\":\"ListItem\",\"position\":2,\"name\":\"Shop\",\"item\":\"https:\/\/test2.michel-promo.com\/shop\/\"},{\"@type\":\"ListItem\",\"position\":3,\"name\":\"RCS recycled aluminum USB-rechargeable heavy duty torch\"}]},{\"@type\":\"WebSite\",\"@id\":\"https:\/\/test2.michel-promo.com\/hr\/#website\",\"url\":\"https:\/\/test2.michel-promo.com\/hr\/\",\"name\":\"Michel Promo\",\"description\":\"Promotional Products with Personality\",\"publisher\":{\"@id\":\"https:\/\/test2.michel-promo.com\/hr\/#organization\"},\"potentialAction\":[{\"@type\":\"SearchAction\",\"target\":{\"@type\":\"EntryPoint\",\"urlTemplate\":\"https:\/\/test2.michel-promo.com\/hr\/?s={search_term_string}\"},\"query-input\":{\"@type\":\"PropertyValueSpecification\",\"valueRequired\":true,\"valueName\":\"search_term_string\"}}],\"inLanguage\":\"hr\"},{\"@type\":\"Organization\",\"@id\":\"https:\/\/test2.michel-promo.com\/hr\/#organization\",\"name\":\"Michel Promo\",\"url\":\"https:\/\/test2.michel-promo.com\/hr\/\",\"logo\":{\"@type\":\"ImageObject\",\"inLanguage\":\"hr\",\"@id\":\"https:\/\/test2.michel-promo.com\/hr\/#\/schema\/logo\/image\/\",\"url\":\"https:\/\/test2.michel-promo.com\/wp-content\/uploads\/2024\/05\/cropped-Widget-logo.png\",\"contentUrl\":\"https:\/\/test2.michel-promo.com\/wp-content\/uploads\/2024\/05\/cropped-Widget-logo.png\",\"width\":512,\"height\":512,\"caption\":\"Michel Promo\"},\"image\":{\"@id\":\"https:\/\/test2.michel-promo.com\/hr\/#\/schema\/logo\/image\/\"},\"sameAs\":[\"https:\/\/www.instagram.com\/promo_michel\/\",\"https:\/\/www.linkedin.com\/company\/michel-promo\/\"]}]}<\/script>\n<!-- \/ Yoast SEO plugin. -->","yoast_head_json":{"title":"RCS baterijska svjetiljka za te\u0161ke uvjete rada od recikliranog aluminija s punjivom USB-om \u2014 Michel Promo","robots":{"index":"noindex","follow":"follow","max-snippet":"max-snippet:-1","max-image-preview":"max-image-preview:large","max-video-preview":"max-video-preview:-1"},"og_locale":"hr_HR","og_type":"article","og_title":"RCS recycled aluminum USB-rechargeable heavy duty torch &#8212; Michel Promo","og_description":"Functionality, performance and design all come together in this re-chargeable 10W torch made with RCS certified recycled aluminum. Total recycled","og_url":"https:\/\/test2.michel-promo.com\/hr\/proizvod\/rcs-recycled-aluminum-usb-rechargeable-heavy-duty-torch\/","og_site_name":"Michel Promo","article_modified_time":"2025-03-24T00:18:24+00:00","og_image":[{"width":1024,"height":1024,"url":"https:\/\/test2.michel-promo.com\/wp-content\/uploads\/2024\/04\/x00p513-93-p513-931-1.jpg","type":"image\/jpeg"}],"twitter_card":"summary_large_image","twitter_misc":{"Procijenjeno vrijeme \u010ditanja":"1 minuta"},"schema":{"@context":"https:\/\/schema.org","@graph":[{"@type":"WebPage","@id":"https:\/\/test2.michel-promo.com\/product\/rcs-recycled-aluminum-usb-rechargeable-heavy-duty-torch\/","url":"https:\/\/test2.michel-promo.com\/product\/rcs-recycled-aluminum-usb-rechargeable-heavy-duty-torch\/","name":"RCS baterijska svjetiljka za te\u0161ke uvjete rada od recikliranog aluminija s punjivom USB-om \u2014 Michel Promo","isPartOf":{"@id":"https:\/\/test2.michel-promo.com\/hr\/#website"},"primaryImageOfPage":{"@id":"https:\/\/test2.michel-promo.com\/product\/rcs-recycled-aluminum-usb-rechargeable-heavy-duty-torch\/#primaryimage"},"image":{"@id":"https:\/\/test2.michel-promo.com\/product\/rcs-recycled-aluminum-usb-rechargeable-heavy-duty-torch\/#primaryimage"},"thumbnailUrl":"https:\/\/test2.michel-promo.com\/wp-content\/uploads\/2024\/04\/x00p513-93-p513-931-1.jpg","datePublished":"2024-04-19T13:00:00+00:00","dateModified":"2025-03-24T00:18:24+00:00","breadcrumb":{"@id":"https:\/\/test2.michel-promo.com\/product\/rcs-recycled-aluminum-usb-rechargeable-heavy-duty-torch\/#breadcrumb"},"inLanguage":"hr","potentialAction":[{"@type":"ReadAction","target":["https:\/\/test2.michel-promo.com\/product\/rcs-recycled-aluminum-usb-rechargeable-heavy-duty-torch\/"]}]},{"@type":"ImageObject","inLanguage":"hr","@id":"https:\/\/test2.michel-promo.com\/product\/rcs-recycled-aluminum-usb-rechargeable-heavy-duty-torch\/#primaryimage","url":"https:\/\/test2.michel-promo.com\/wp-content\/uploads\/2024\/04\/x00p513-93-p513-931-1.jpg","contentUrl":"https:\/\/test2.michel-promo.com\/wp-content\/uploads\/2024\/04\/x00p513-93-p513-931-1.jpg","width":1024,"height":1024},{"@type":"BreadcrumbList","@id":"https:\/\/test2.michel-promo.com\/product\/rcs-recycled-aluminum-usb-rechargeable-heavy-duty-torch\/#breadcrumb","itemListElement":[{"@type":"ListItem","position":1,"name":"Po\u010detna stranica","item":"https:\/\/test2.michel-promo.com\/hr\/"},{"@type":"ListItem","position":2,"name":"Shop","item":"https:\/\/test2.michel-promo.com\/shop\/"},{"@type":"ListItem","position":3,"name":"RCS recycled aluminum USB-rechargeable heavy duty torch"}]},{"@type":"WebSite","@id":"https:\/\/test2.michel-promo.com\/hr\/#website","url":"https:\/\/test2.michel-promo.com\/hr\/","name":"Michel Promo","description":"Studio promotivnih proizvoda s karakterom","publisher":{"@id":"https:\/\/test2.michel-promo.com\/hr\/#organization"},"potentialAction":[{"@type":"SearchAction","target":{"@type":"EntryPoint","urlTemplate":"https:\/\/test2.michel-promo.com\/hr\/?s={search_term_string}"},"query-input":{"@type":"PropertyValueSpecification","valueRequired":true,"valueName":"search_term_string"}}],"inLanguage":"hr"},{"@type":"Organization","@id":"https:\/\/test2.michel-promo.com\/hr\/#organization","name":"Michel Promo","url":"https:\/\/test2.michel-promo.com\/hr\/","logo":{"@type":"ImageObject","inLanguage":"hr","@id":"https:\/\/test2.michel-promo.com\/hr\/#\/schema\/logo\/image\/","url":"https:\/\/test2.michel-promo.com\/wp-content\/uploads\/2024\/05\/cropped-Widget-logo.png","contentUrl":"https:\/\/test2.michel-promo.com\/wp-content\/uploads\/2024\/05\/cropped-Widget-logo.png","width":512,"height":512,"caption":"Michel Promo"},"image":{"@id":"https:\/\/test2.michel-promo.com\/hr\/#\/schema\/logo\/image\/"},"sameAs":["https:\/\/www.instagram.com\/promo_michel\/","https:\/\/www.linkedin.com\/company\/michel-promo\/"]}]}},"_links":{"self":[{"href":"https:\/\/test2.michel-promo.com\/hr\/wp-json\/wp\/v2\/product\/36710","targetHints":{"allow":["GET"]}}],"collection":[{"href":"https:\/\/test2.michel-promo.com\/hr\/wp-json\/wp\/v2\/product"}],"about":[{"href":"https:\/\/test2.michel-promo.com\/hr\/wp-json\/wp\/v2\/types\/product"}],"version-history":[{"count":0,"href":"https:\/\/test2.michel-promo.com\/hr\/wp-json\/wp\/v2\/product\/36710\/revisions"}],"wp:featuredmedia":[{"embeddable":true,"href":"https:\/\/test2.michel-promo.com\/hr\/wp-json\/wp\/v2\/media\/287186"}],"wp:attachment":[{"href":"https:\/\/test2.michel-promo.com\/hr\/wp-json\/wp\/v2\/media?parent=36710"}],"wp:term":[{"taxonomy":"product_brand","embeddable":true,"href":"https:\/\/test2.michel-promo.com\/hr\/wp-json\/wp\/v2\/product_brand?post=36710"},{"taxonomy":"product_cat","embeddable":true,"href":"https:\/\/test2.michel-promo.com\/hr\/wp-json\/wp\/v2\/product_cat?post=36710"},{"taxonomy":"product_tag","embeddable":true,"href":"https:\/\/test2.michel-promo.com\/hr\/wp-json\/wp\/v2\/product_tag?post=36710"}],"curies":[{"name":"radni list","href":"https:\/\/api.w.org\/{rel}","templated":true}]}}