{"id":369112,"date":"2025-03-19T13:59:50","date_gmt":"2025-03-19T11:59:50","guid":{"rendered":"https:\/\/test2.michel-promo.com\/?post_type=product&#038;p=369112"},"modified":"2025-03-19T16:07:41","modified_gmt":"2025-03-19T14:07:41","slug":"phil-textile-roll-with-pencils-or-colored-pencils-upcycling","status":"publish","type":"product","link":"https:\/\/test2.michel-promo.com\/hr\/proizvod-2\/phil-textile-roll-with-pencils-or-colored-pencils-upcycling\/","title":{"rendered":"Phil Tekstilna rola sa olovkama ili olovkama u boji (upcycling)"},"content":{"rendered":"","protected":false},"excerpt":{"rendered":"<p>12 olovaka razli\u010ditih boja ili 6 olovaka u boji i 6 grafitnih olovaka u tekstilnoj roli.<\/p>\n<p>Olovke dostupne sa ili bez tiska logotipa.<\/p>\n<p><strong>Opcija 1:<\/strong> Mje\u0161avina posebnih boja izvana (crvena, plava, zelena, \u017euta, naran\u010dasta, crna) i recikliranog tekstila iznutra.<\/p>\n<p><strong>Opcija 2:<\/strong> U potpunosti izra\u0111en od recikliranog tekstila (kombinacija boja nasumi\u010dna).<\/p>","protected":false},"featured_media":369116,"template":"","meta":{"_acf_changed":false},"product_brand":[],"product_cat":[167],"product_tag":[],"class_list":{"0":"post-369112","1":"product","2":"type-product","3":"status-publish","4":"has-post-thumbnail","6":"product_cat-eco-friendly","8":"first","9":"instock","10":"taxable","11":"shipping-taxable","12":"purchasable","13":"product-type-simple"},"acf":[],"_links":{"self":[{"href":"https:\/\/test2.michel-promo.com\/hr\/wp-json\/wp\/v2\/product\/369112","targetHints":{"allow":["GET"]}}],"collection":[{"href":"https:\/\/test2.michel-promo.com\/hr\/wp-json\/wp\/v2\/product"}],"about":[{"href":"https:\/\/test2.michel-promo.com\/hr\/wp-json\/wp\/v2\/types\/product"}],"version-history":[{"count":0,"href":"https:\/\/test2.michel-promo.com\/hr\/wp-json\/wp\/v2\/product\/369112\/revisions"}],"wp:featuredmedia":[{"embeddable":true,"href":"https:\/\/test2.michel-promo.com\/hr\/wp-json\/wp\/v2\/media\/369116"}],"wp:attachment":[{"href":"https:\/\/test2.michel-promo.com\/hr\/wp-json\/wp\/v2\/media?parent=369112"}],"wp:term":[{"taxonomy":"product_brand","embeddable":true,"href":"https:\/\/test2.michel-promo.com\/hr\/wp-json\/wp\/v2\/product_brand?post=369112"},{"taxonomy":"product_cat","embeddable":true,"href":"https:\/\/test2.michel-promo.com\/hr\/wp-json\/wp\/v2\/product_cat?post=369112"},{"taxonomy":"product_tag","embeddable":true,"href":"https:\/\/test2.michel-promo.com\/hr\/wp-json\/wp\/v2\/product_tag?post=369112"}],"curies":[{"name":"radni list","href":"https:\/\/api.w.org\/{rel}","templated":true}]}}