{"id":369127,"date":"2025-03-19T16:23:45","date_gmt":"2025-03-19T14:23:45","guid":{"rendered":"https:\/\/test2.michel-promo.com\/?post_type=product&#038;p=369127"},"modified":"2025-03-19T16:40:26","modified_gmt":"2025-03-19T14:40:26","slug":"pferdeapfel-angel-devil-2-piece-set-including-customer-branding","status":"publish","type":"product","link":"https:\/\/test2.michel-promo.com\/hr\/proizvod-2\/pferdeapfel-angel-devil-2-piece-set-including-customer-branding\/","title":{"rendered":"Pferdeapfel 2-dijelni set An\u0111eo\/\u0110avo uklju\u010duju\u0107i robnu marku kupca"},"content":{"rendered":"","protected":false},"excerpt":{"rendered":"<p>Vre\u0107a kutija napunjena organskim prirodnim gnojivom, 100% porijeklom iz Austrije. Kutija se mo\u017ee prilagoditi naljepnicom ili kompletno otisnuti u dizajnu kupca (4 boje).<\/p>\n<p><strong>Sadr\u017eaj:<\/strong> 140 g gnojiva<\/p>\n<p><strong>Pferdeapfel<\/strong> je organsko NPK gnojivo bez mirisa i lako za kori\u0161tenje (<strong>N<\/strong> = du\u0161ik, <strong>P<\/strong> = fosfor, <strong>K<\/strong> = kalij) napravljen od konjskog gnoja u prakti\u010dnom obliku peleta. Zahvaljuju\u0107i posebnom u\u010dinku koprive u kombinaciji s lavandom, idealan je za sobne biljke, grmlje, ru\u017ee, povr\u0107e, za\u010dinsko bilje itd.<\/p>\n<p>The <strong>Pferdeapfel \u201cBIO\u201d prirodno gnojivo<\/strong> proizvodi se u Austriji izravno na obiteljskoj farmi konja. Od trave koja se koristi za sijeno kao sto\u010dna hrana do kona\u010dnog pre\u0161anog peleta, sve dolazi iz jednog izvora. Energiju za proizvodnju dobiva fotonaponski sustav, \u010dime se osigurava najmanji mogu\u0107i CO2 otisak.<\/p>\n<p><strong>Sastojci prirodnog gnojiva:<\/strong><\/p>\n<ul>\n<li>Konjsko gnojivo: <strong>91%<\/strong><\/li>\n<li>Kopriva: <strong>3%<\/strong><\/li>\n<li>(Prethodno kompostirano) bra\u0161no od sjemenki gro\u017e\u0111a: <strong>3%<\/strong><\/li>\n<li>Lavanda: <strong>3%<\/strong><\/li>\n<\/ul>\n<p>Bra\u0161no od sjemenki gro\u017e\u0111a poma\u017ee biljkama da u\u010dinkovito apsorbiraju du\u0161ik (<strong>N = 1,51%<\/strong>), fosfor (<strong>P2O5 = 0,7%<\/strong>), i kalij (<strong>K\u2082O = 3,12%<\/strong>).<\/p>\n<p>Ovaj <strong>dugotrajno gnojivo<\/strong> opskrbljuje biljke hranjivim tvarima za otprilike <strong>3 mjeseca<\/strong>. Za upotrebu ubacite jednu kuglicu (cca. <strong>3 cm<\/strong> dugo) po <strong>2 cm promjera posude<\/strong> u tlo. <strong>VA\u017dNO:<\/strong> U potpunosti ugradite gnojivo u tlo. Kuglica se \u0161iri s vlagom i <strong>prekomjerna gnojidba nije mogu\u0107a!<\/strong><\/p>","protected":false},"featured_media":369129,"template":"","meta":{"_acf_changed":false},"product_brand":[],"product_cat":[167],"product_tag":[],"class_list":{"0":"post-369127","1":"product","2":"type-product","3":"status-publish","4":"has-post-thumbnail","6":"product_cat-eco-friendly","8":"first","9":"instock","10":"taxable","11":"shipping-taxable","12":"purchasable","13":"product-type-simple"},"acf":[],"_links":{"self":[{"href":"https:\/\/test2.michel-promo.com\/hr\/wp-json\/wp\/v2\/product\/369127","targetHints":{"allow":["GET"]}}],"collection":[{"href":"https:\/\/test2.michel-promo.com\/hr\/wp-json\/wp\/v2\/product"}],"about":[{"href":"https:\/\/test2.michel-promo.com\/hr\/wp-json\/wp\/v2\/types\/product"}],"version-history":[{"count":0,"href":"https:\/\/test2.michel-promo.com\/hr\/wp-json\/wp\/v2\/product\/369127\/revisions"}],"wp:featuredmedia":[{"embeddable":true,"href":"https:\/\/test2.michel-promo.com\/hr\/wp-json\/wp\/v2\/media\/369129"}],"wp:attachment":[{"href":"https:\/\/test2.michel-promo.com\/hr\/wp-json\/wp\/v2\/media?parent=369127"}],"wp:term":[{"taxonomy":"product_brand","embeddable":true,"href":"https:\/\/test2.michel-promo.com\/hr\/wp-json\/wp\/v2\/product_brand?post=369127"},{"taxonomy":"product_cat","embeddable":true,"href":"https:\/\/test2.michel-promo.com\/hr\/wp-json\/wp\/v2\/product_cat?post=369127"},{"taxonomy":"product_tag","embeddable":true,"href":"https:\/\/test2.michel-promo.com\/hr\/wp-json\/wp\/v2\/product_tag?post=369127"}],"curies":[{"name":"radni list","href":"https:\/\/api.w.org\/{rel}","templated":true}]}}