{"id":369132,"date":"2025-03-19T16:33:47","date_gmt":"2025-03-19T14:33:47","guid":{"rendered":"https:\/\/test2.michel-promo.com\/?post_type=product&#038;p=369132"},"modified":"2025-03-19T16:43:37","modified_gmt":"2025-03-19T14:43:37","slug":"pferdeapfel-mini-growing-set-including-customer-branding","status":"publish","type":"product","link":"https:\/\/test2.michel-promo.com\/hr\/proizvod-2\/pferdeapfel-mini-growing-set-including-customer-branding\/","title":{"rendered":"Pferdeapfel Mini set za uzgoj uklju\u010duju\u0107i i brendiranje kupaca"},"content":{"rendered":"","protected":false},"excerpt":{"rendered":"<p>The <strong>set za uzgoj u biorazgradivoj posudi od kokosa<\/strong> uklju\u010duju\u0107i logo kupca!<\/p>\n<p><strong>Sadr\u017eaj:<\/strong><\/p>\n<ul>\n<li>Posuda za sadnice kokosa<\/li>\n<li>Tableta za tlo<\/li>\n<li>sjemenke<\/li>\n<li>Gnojivo\/poja\u010diva\u010d rasta*<\/li>\n<\/ul>\n<p><strong>Izbor sjemena:<\/strong><br \/>\nTikvice \/ Romaine zelena salata \/ Glavna salata \/ \u0160pinat \/ Kre\u0161a \/ Divlja rikula \/ Bosiljak \/ Cherry raj\u010dica \/ Bundeva \/ Rotkvica \/ Habanero paprika \/ Sjemenke \u010dilija <strong>&quot;Crveni teufeli&quot;<\/strong> \/ Jela \/ Pjetlov \u010de\u0161alj \/ Datulja \/ Mrkva <strong>Yellowstone<\/strong> \/ Mrkva <strong>Crveni samuraj<\/strong> \/ Mrkva <strong>Ljubi\u010dasto sunce<\/strong> \/ Paprika \/ Jalape\u00f1o<\/p>\n<p><strong>Pojedinosti o gnojivu:<\/strong><br \/>\n<em>Pferdeapfel<\/em> je <strong>organsko NPK gnojivo bez mirisa i jednostavno za kori\u0161tenje<\/strong> (<strong>N<\/strong> = du\u0161ik, <strong>P<\/strong> = fosfor, <strong>K<\/strong> = kalij) napravljen od konjskog gnoja u prakti\u010dnom obliku peleta. Zahvaljuju\u0107i <strong>poseban u\u010dinak koprive u kombinaciji s lavandom<\/strong>, idealan je za sobne biljke, grmlje, ru\u017ee, povr\u0107e, za\u010dinsko bilje i jo\u0161 mnogo toga.<\/p>\n<p>The <em>Pferdeapfel \u201cBIO\u201d prirodno gnojivo<\/em> proizvodi se u Austriji izravno na a <strong>obiteljska farma konja<\/strong>. Od <strong>trava koja se koristi za sijeno kao sto\u010dna hrana<\/strong> prema <strong>finalno pre\u0161ani pelet<\/strong>, sve dolazi iz jednog izvora. Energija za proizvodnju je <strong>napaja fotonaponski sustav<\/strong>, osiguravaju\u0107i <strong>najmanji mogu\u0107i CO\u2082 otisak<\/strong>.<\/p>\n<p><strong>Sastojci prirodnog gnojiva:<\/strong><\/p>\n<ul>\n<li>Konjsko gnojivo: <strong>91%<\/strong><\/li>\n<li>Kopriva: <strong>3%<\/strong><\/li>\n<li>(Prethodno kompostirano) bra\u0161no od sjemenki gro\u017e\u0111a: <strong>3%<\/strong><\/li>\n<li>Lavanda: <strong>3%<\/strong><\/li>\n<\/ul>\n<p>Bra\u0161no od sjemenki gro\u017e\u0111a poma\u017ee biljkama da u\u010dinkovito apsorbiraju du\u0161ik (<strong>N = 1,51%<\/strong>), fosfor (<strong>P2O5 = 0,7%<\/strong>), i kalij (<strong>K\u2082O = 3,12%<\/strong>).<\/p>\n<p>Ovaj <strong>dugotrajno gnojivo<\/strong> opskrbljuje biljke hranjivim tvarima za otprilike <strong>3 mjeseca<\/strong>. Za upotrebu ubacite jednu kuglicu (cca. <strong>3 cm<\/strong> dugo) po <strong>2 cm promjera posude<\/strong> u tlo. <strong>VA\u017dNO:<\/strong> U potpunosti ugradite gnojivo u tlo. Pelet <strong>\u0161iri se vlagom<\/strong>, i <strong>prekomjerna gnojidba nije mogu\u0107a!<\/strong><\/p>","protected":false},"featured_media":369134,"template":"","meta":{"_acf_changed":false},"product_brand":[],"product_cat":[167],"product_tag":[],"class_list":{"0":"post-369132","1":"product","2":"type-product","3":"status-publish","4":"has-post-thumbnail","6":"product_cat-eco-friendly","8":"first","9":"instock","10":"taxable","11":"shipping-taxable","12":"purchasable","13":"product-type-simple"},"acf":[],"_links":{"self":[{"href":"https:\/\/test2.michel-promo.com\/hr\/wp-json\/wp\/v2\/product\/369132","targetHints":{"allow":["GET"]}}],"collection":[{"href":"https:\/\/test2.michel-promo.com\/hr\/wp-json\/wp\/v2\/product"}],"about":[{"href":"https:\/\/test2.michel-promo.com\/hr\/wp-json\/wp\/v2\/types\/product"}],"version-history":[{"count":0,"href":"https:\/\/test2.michel-promo.com\/hr\/wp-json\/wp\/v2\/product\/369132\/revisions"}],"wp:featuredmedia":[{"embeddable":true,"href":"https:\/\/test2.michel-promo.com\/hr\/wp-json\/wp\/v2\/media\/369134"}],"wp:attachment":[{"href":"https:\/\/test2.michel-promo.com\/hr\/wp-json\/wp\/v2\/media?parent=369132"}],"wp:term":[{"taxonomy":"product_brand","embeddable":true,"href":"https:\/\/test2.michel-promo.com\/hr\/wp-json\/wp\/v2\/product_brand?post=369132"},{"taxonomy":"product_cat","embeddable":true,"href":"https:\/\/test2.michel-promo.com\/hr\/wp-json\/wp\/v2\/product_cat?post=369132"},{"taxonomy":"product_tag","embeddable":true,"href":"https:\/\/test2.michel-promo.com\/hr\/wp-json\/wp\/v2\/product_tag?post=369132"}],"curies":[{"name":"radni list","href":"https:\/\/api.w.org\/{rel}","templated":true}]}}