{"id":369152,"date":"2025-03-20T10:31:31","date_gmt":"2025-03-20T08:31:31","guid":{"rendered":"https:\/\/test2.michel-promo.com\/?post_type=product&#038;p=369152"},"modified":"2025-03-20T12:11:19","modified_gmt":"2025-03-20T10:11:19","slug":"ecobee-bee-hotel-villa-in-custom-design-with-customer-branding","status":"publish","type":"product","link":"https:\/\/test2.michel-promo.com\/hr\/proizvod-2\/ecobee-bee-hotel-villa-in-custom-design-with-customer-branding\/","title":{"rendered":"ecoBee \u2013 Bee hotel \u201cVilla\u201d u dizajnu po narud\u017ebi s brendiranjem kupaca."},"content":{"rendered":"","protected":false},"excerpt":{"rendered":"<p>Spremno za upotrebu <strong>hotel za p\u010dele<\/strong> od drveta \u2013 jednostavno ga postavite i podr\u017eite opstanak svega \u0161to \u201ezuji i zuji\u201c za bolji okoli\u0161.<\/p>\n<p>Izra\u0111eno od <strong>drvo i stabljike<\/strong> razli\u010ditih veli\u010dina kako bi se osigurali optimalni uvjeti za gnije\u017e\u0111enje. Potpuno sastavljen i spreman za kori\u0161tenje.<\/p>\n<p><strong>Uklju\u010duje:<\/strong><\/p>\n<ul>\n<li>Tableta za tlo<\/li>\n<li>Sjeme cvije\u0107a<\/li>\n<li>Potica\u010d rasta <strong>&quot;Pferdeapfel&quot;<\/strong><\/li>\n<\/ul>\n<p><strong>Dimenzije:<\/strong> V x \u0160 x D <strong>17 x 10 x 18 cm<\/strong><\/p>","protected":false},"featured_media":369153,"template":"","meta":{"_acf_changed":false},"product_brand":[],"product_cat":[167],"product_tag":[],"class_list":{"0":"post-369152","1":"product","2":"type-product","3":"status-publish","4":"has-post-thumbnail","6":"product_cat-eco-friendly","8":"first","9":"instock","10":"taxable","11":"shipping-taxable","12":"purchasable","13":"product-type-simple"},"acf":[],"_links":{"self":[{"href":"https:\/\/test2.michel-promo.com\/hr\/wp-json\/wp\/v2\/product\/369152","targetHints":{"allow":["GET"]}}],"collection":[{"href":"https:\/\/test2.michel-promo.com\/hr\/wp-json\/wp\/v2\/product"}],"about":[{"href":"https:\/\/test2.michel-promo.com\/hr\/wp-json\/wp\/v2\/types\/product"}],"version-history":[{"count":0,"href":"https:\/\/test2.michel-promo.com\/hr\/wp-json\/wp\/v2\/product\/369152\/revisions"}],"wp:featuredmedia":[{"embeddable":true,"href":"https:\/\/test2.michel-promo.com\/hr\/wp-json\/wp\/v2\/media\/369153"}],"wp:attachment":[{"href":"https:\/\/test2.michel-promo.com\/hr\/wp-json\/wp\/v2\/media?parent=369152"}],"wp:term":[{"taxonomy":"product_brand","embeddable":true,"href":"https:\/\/test2.michel-promo.com\/hr\/wp-json\/wp\/v2\/product_brand?post=369152"},{"taxonomy":"product_cat","embeddable":true,"href":"https:\/\/test2.michel-promo.com\/hr\/wp-json\/wp\/v2\/product_cat?post=369152"},{"taxonomy":"product_tag","embeddable":true,"href":"https:\/\/test2.michel-promo.com\/hr\/wp-json\/wp\/v2\/product_tag?post=369152"}],"curies":[{"name":"radni list","href":"https:\/\/api.w.org\/{rel}","templated":true}]}}