{"id":369175,"date":"2025-03-20T12:32:13","date_gmt":"2025-03-20T10:32:13","guid":{"rendered":"https:\/\/test2.michel-promo.com\/?post_type=product&#038;p=369175"},"modified":"2025-03-20T12:39:32","modified_gmt":"2025-03-20T10:39:32","slug":"ecobee-beeswax-wrap-m-in-a-banderole","status":"publish","type":"product","link":"https:\/\/test2.michel-promo.com\/hr\/proizvod-2\/ecobee-beeswax-wrap-m-in-a-banderole\/","title":{"rendered":"ecoBee \u2013 Beeswax Wrap M u banderolu"},"content":{"rendered":"","protected":false},"excerpt":{"rendered":"<p><strong>Obloga od p\u010delinjeg voska M<\/strong> s banderolom u standardnoj izvedbi<br \/>\n<strong>Veli\u010dina:<\/strong> 25 x 25 cm<\/p>\n<p>Oblozi od p\u010delinjeg voska su <strong>odr\u017eiv, za vi\u0161ekratnu upotrebu, bez plastike, prozra\u010dan, antibakterijski<\/strong>, i poma\u017ee da hrana ostane svje\u017ea dulje.<br \/>\n<strong>Proizvedeno u Njema\u010dkoj<\/strong> \u2013 ekolo\u0161ka alternativa aluminijskoj i plasti\u010dnoj foliji.<\/p>\n<p><strong>Materijali:<\/strong><\/p>\n<ul>\n<li><strong>100% organski pamuk<\/strong><\/li>\n<li><strong>Prirodni p\u010delinji vosak<\/strong><\/li>\n<li><strong>Borova smola<\/strong><\/li>\n<\/ul>\n<p><em>Dostupno na zahtjev sa <strong>organski p\u010delinji vosak<\/strong> ili <strong>veganski vosak<\/strong> (kandelila vosak).<\/em><\/p>\n<p><strong>Mogu\u0107nosti prilagodbe:<\/strong><\/p>\n<ul>\n<li><strong>Omota\u010d od p\u010delinjeg voska po narud\u017ebi<\/strong> (4 boje, ispis preko cijele povr\u0161ine)<\/li>\n<li><strong>Presavijeno i omotano banderolom od travnatog papira<\/strong> (standardni dizajn)<\/li>\n<\/ul>\n<p><em>Imajte na umu: Budu\u0107i da se koriste prirodne sirovine, mogu\u0107e su male varijacije u boji i mirisu. Ovo nisu razlozi za prigovor.<\/em><\/p>","protected":false},"featured_media":369159,"template":"","meta":{"_acf_changed":false},"product_brand":[],"product_cat":[167],"product_tag":[],"class_list":{"0":"post-369175","1":"product","2":"type-product","3":"status-publish","4":"has-post-thumbnail","6":"product_cat-eco-friendly","8":"first","9":"instock","10":"taxable","11":"shipping-taxable","12":"purchasable","13":"product-type-simple"},"acf":[],"_links":{"self":[{"href":"https:\/\/test2.michel-promo.com\/hr\/wp-json\/wp\/v2\/product\/369175","targetHints":{"allow":["GET"]}}],"collection":[{"href":"https:\/\/test2.michel-promo.com\/hr\/wp-json\/wp\/v2\/product"}],"about":[{"href":"https:\/\/test2.michel-promo.com\/hr\/wp-json\/wp\/v2\/types\/product"}],"version-history":[{"count":0,"href":"https:\/\/test2.michel-promo.com\/hr\/wp-json\/wp\/v2\/product\/369175\/revisions"}],"wp:featuredmedia":[{"embeddable":true,"href":"https:\/\/test2.michel-promo.com\/hr\/wp-json\/wp\/v2\/media\/369159"}],"wp:attachment":[{"href":"https:\/\/test2.michel-promo.com\/hr\/wp-json\/wp\/v2\/media?parent=369175"}],"wp:term":[{"taxonomy":"product_brand","embeddable":true,"href":"https:\/\/test2.michel-promo.com\/hr\/wp-json\/wp\/v2\/product_brand?post=369175"},{"taxonomy":"product_cat","embeddable":true,"href":"https:\/\/test2.michel-promo.com\/hr\/wp-json\/wp\/v2\/product_cat?post=369175"},{"taxonomy":"product_tag","embeddable":true,"href":"https:\/\/test2.michel-promo.com\/hr\/wp-json\/wp\/v2\/product_tag?post=369175"}],"curies":[{"name":"radni list","href":"https:\/\/api.w.org\/{rel}","templated":true}]}}