{"id":369195,"date":"2025-03-20T13:00:32","date_gmt":"2025-03-20T11:00:32","guid":{"rendered":"https:\/\/test2.michel-promo.com\/?post_type=product&#038;p=369195"},"modified":"2025-03-20T13:09:43","modified_gmt":"2025-03-20T11:09:43","slug":"sprout-pencil","status":"publish","type":"product","link":"https:\/\/test2.michel-promo.com\/hr\/proizvod-2\/sprout-pencil\/","title":{"rendered":"KLICA \u2013 Olovka"},"content":{"rendered":"","protected":false},"excerpt":{"rendered":"<p data-start=\"0\" data-end=\"42\"><strong data-start=\"0\" data-end=\"40\">Svjetski patentirana olovka sa sjemenkama<\/strong><\/p>\n<p data-start=\"44\" data-end=\"226\"><strong data-start=\"44\" data-end=\"69\">Ru\u010dno izra\u0111eno u Europi<\/strong> iz <strong data-start=\"75\" data-end=\"111\">vrhunsko drvo iz odr\u017eivih izvora<\/strong> (lipa ili sli\u010dno), <strong data-start=\"135\" data-end=\"146\">HB olovo<\/strong>, zajam\u010deno <strong data-start=\"159\" data-end=\"223\">ekolo\u0161ki prihvatljiva i dru\u0161tveno odgovorna proizvodnja<\/strong>.<\/p>\n<h3 data-start=\"228\" data-end=\"269\"><strong data-start=\"232\" data-end=\"267\">Dostupan u 20 sorti sjemena:<\/strong><\/h3>\n<p data-start=\"270\" data-end=\"471\">\u010cili, korijander, chia, bosiljak, timijan, cherry raj\u010dica, kadulja, nezaborav, suncokret, tratin\u010dica, dinja, jagoda, slama, karanfil, krastavac, divlje cvije\u0107e, patlid\u017ean, per\u0161in, bo\u017ei\u0107no drvce, smreka.<\/p>\n<h3 data-start=\"473\" data-end=\"505\"><strong data-start=\"477\" data-end=\"503\">Mogu\u0107nosti prilagodbe:<\/strong><\/h3>\n<ul data-start=\"506\" data-end=\"876\">\n<li data-start=\"506\" data-end=\"571\"><strong data-start=\"508\" data-end=\"531\">Gravirano ili tiskano<\/strong> s vrstom sjemena i logotipom &quot;Sprout&quot;.<\/li>\n<li data-start=\"572\" data-end=\"636\"><strong data-start=\"574\" data-end=\"620\">Maksimalna povr\u0161ina za graviranje\/tisak za va\u0161 logo:<\/strong> <strong data-start=\"621\" data-end=\"634\">95 x 5 mm<\/strong><\/li>\n<li data-start=\"637\" data-end=\"713\">Vrsta sjemena mo\u017ee biti <strong data-start=\"656\" data-end=\"685\">laserski gravirano ili tiskano<\/strong> u <strong data-start=\"689\" data-end=\"710\">njema\u010dki ili engleski<\/strong>.<\/li>\n<li data-start=\"714\" data-end=\"809\"><strong data-start=\"716\" data-end=\"742\">Nenao\u0161treno prema zadanim postavkama<\/strong> (o\u0161trenje mogu\u0107e uz nadoplatu od 500 komada).<\/li>\n<li data-start=\"810\" data-end=\"876\">Vrste sjemena mogu biti <strong data-start=\"834\" data-end=\"873\">mije\u0161ano u serijama od 100 jedinica po narud\u017ebi<\/strong>.<\/li>\n<\/ul>\n<hr data-start=\"878\" data-end=\"881\" \/>\n<h3 data-start=\"883\" data-end=\"926\"><strong data-start=\"887\" data-end=\"924\">Sorte na zalihama \u2013 ispisane u boji<\/strong><\/h3>\n<p data-start=\"927\" data-end=\"1235\"><em data-start=\"927\" data-end=\"1048\">(Narud\u017ebe do 2500 komada \u2013 proizvodnja uklju\u010duju\u0107i logo kupca otisnut unutar 2 tjedna ili 3 tjedna uklju\u010duju\u0107i tiskane kartice po narud\u017ebi):<\/em><br data-start=\"1048\" data-end=\"1051\" \/>Bosiljak, cherry raj\u010dica, suncokret, jagoda, tratin\u010dica, kadulja, maj\u010dina du\u0161ica, dinja, nezaboravnica, korijander, chia, smilje, krastavac, bo\u017ei\u0107no drvce, smreka. <em data-start=\"1201\" data-end=\"1233\">(Tip sjemena tiskan na njema\u010dkom).<\/em><\/p>\n<h3 data-start=\"1237\" data-end=\"1281\"><strong data-start=\"1241\" data-end=\"1279\">Skladi\u0161ne sorte \u2013 laserski gravirane<\/strong><\/h3>\n<p data-start=\"1282\" data-end=\"1553\"><em data-start=\"1282\" data-end=\"1404\">(Narud\u017ebe do 2500 komada \u2013 proizvodnja uklju\u010duju\u0107i logotip kupca ugraviran unutar 2 tjedna ili 3 tjedna uklju\u010duju\u0107i tiskane kartice po narud\u017ebi):<\/em><br data-start=\"1404\" data-end=\"1407\" \/>Bosiljak, Cherry raj\u010dica, Nezaboravnica, Suncokret, Jagoda, Tratin\u010dica, Kadulja, Maj\u010dina du\u0161ica, Dinja, Bo\u017ei\u0107no drvce, Smreka. <em data-start=\"1518\" data-end=\"1551\">(Vrsta sjemena ugravirana na njema\u010dkom).<\/em><\/p>\n<p data-start=\"1555\" data-end=\"1649\" data-is-last-node=\"\" data-is-only-node=\"\">\u2714 <strong data-start=\"1557\" data-end=\"1583\">Nenao\u0161treno prema zadanim postavkama<\/strong><br data-start=\"1583\" data-end=\"1586\" \/>\u2714 <strong data-start=\"1588\" data-end=\"1649\" data-is-last-node=\"\">Sorte sjemena mogu se mije\u0161ati u serijama od 100 jedinica po narud\u017ebi<\/strong><\/p>","protected":false},"featured_media":369196,"template":"","meta":{"_acf_changed":false},"product_brand":[],"product_cat":[167],"product_tag":[],"class_list":{"0":"post-369195","1":"product","2":"type-product","3":"status-publish","4":"has-post-thumbnail","6":"product_cat-eco-friendly","8":"first","9":"instock","10":"taxable","11":"shipping-taxable","12":"purchasable","13":"product-type-simple"},"acf":[],"_links":{"self":[{"href":"https:\/\/test2.michel-promo.com\/hr\/wp-json\/wp\/v2\/product\/369195","targetHints":{"allow":["GET"]}}],"collection":[{"href":"https:\/\/test2.michel-promo.com\/hr\/wp-json\/wp\/v2\/product"}],"about":[{"href":"https:\/\/test2.michel-promo.com\/hr\/wp-json\/wp\/v2\/types\/product"}],"version-history":[{"count":0,"href":"https:\/\/test2.michel-promo.com\/hr\/wp-json\/wp\/v2\/product\/369195\/revisions"}],"wp:featuredmedia":[{"embeddable":true,"href":"https:\/\/test2.michel-promo.com\/hr\/wp-json\/wp\/v2\/media\/369196"}],"wp:attachment":[{"href":"https:\/\/test2.michel-promo.com\/hr\/wp-json\/wp\/v2\/media?parent=369195"}],"wp:term":[{"taxonomy":"product_brand","embeddable":true,"href":"https:\/\/test2.michel-promo.com\/hr\/wp-json\/wp\/v2\/product_brand?post=369195"},{"taxonomy":"product_cat","embeddable":true,"href":"https:\/\/test2.michel-promo.com\/hr\/wp-json\/wp\/v2\/product_cat?post=369195"},{"taxonomy":"product_tag","embeddable":true,"href":"https:\/\/test2.michel-promo.com\/hr\/wp-json\/wp\/v2\/product_tag?post=369195"}],"curies":[{"name":"radni list","href":"https:\/\/api.w.org\/{rel}","templated":true}]}}