{"id":369209,"date":"2025-03-20T14:32:46","date_gmt":"2025-03-20T12:32:46","guid":{"rendered":"https:\/\/test2.michel-promo.com\/?post_type=product&#038;p=369209"},"modified":"2025-03-20T14:36:54","modified_gmt":"2025-03-20T12:36:54","slug":"sprout-colored-pencil-cosprout-multicolored-pencilpy","status":"publish","type":"product","link":"https:\/\/test2.michel-promo.com\/hr\/proizvod-2\/sprout-colored-pencil-cosprout-multicolored-pencilpy\/","title":{"rendered":"SPROUT \u2013 Vi\u0161ebojna olovka"},"content":{"rendered":"","protected":false},"excerpt":{"rendered":"<p><strong>\u0160irom svijeta patentirana vi\u0161ebojna olovka sa sjemenkama<\/strong> <em>(Dostupno od 500 komada)<\/em><\/p>\n<p><strong>Ru\u010dno izra\u0111eno u Europi<\/strong> iz <strong>drvo iz odr\u017eivog izvora<\/strong> (lipa ili sli\u010dno), <strong>zajam\u010dena ekolo\u0161ki prihvatljiva i dru\u0161tveno odgovorna proizvodnja<\/strong>.<\/p>\n<h3><strong>Zna\u010dajke:<\/strong><\/h3>\n<ul>\n<li><strong>Boje olova:<\/strong> Crvena, Plava i \u017duta<\/li>\n<li><strong>Dostupan u 20 sorti sjemena<\/strong> <em>(isto kao Sprout Pencil \u2013 pogledajte popis u nastavku)<\/em><\/li>\n<li><strong>Dolazi prethodno nao\u0161tren<\/strong><\/li>\n<\/ul>\n<h3><strong>Mogu\u0107nosti prilagodbe:<\/strong><\/h3>\n<ul>\n<li><strong>Gravirano ili tiskano<\/strong> s vrstom sjemena, logotipom \u201eSprout\u201c i <strong>va\u0161 logo<\/strong>.<\/li>\n<li><strong>Maksimalna povr\u0161ina za graviranje\/tisak:<\/strong> <strong>95 x 5 mm<\/strong><\/li>\n<li>Vrsta sjemena mo\u017ee biti <strong>laserski gravirano ili tiskano<\/strong> u <strong>njema\u010dki ili engleski<\/strong>.<\/li>\n<li><strong>Sorte sjemena mogu se mije\u0161ati u serijama od 100 jedinica po narud\u017ebi<\/strong>.<\/li>\n<\/ul>\n<h3><strong>Dostupne sorte sjemena:<\/strong><\/h3>\n<p>\u010cili, korijander, chia, bosiljak, timijan, cherry raj\u010dica, kadulja, nezaborav, suncokret, tratin\u010dica, dinja, jagoda, slama, karanfil, krastavac, divlje cvije\u0107e, patlid\u017ean, per\u0161in, bo\u017ei\u0107no drvce, smreka.<\/p>","protected":false},"featured_media":369208,"template":"","meta":{"_acf_changed":false},"product_brand":[],"product_cat":[167],"product_tag":[],"class_list":{"0":"post-369209","1":"product","2":"type-product","3":"status-publish","4":"has-post-thumbnail","6":"product_cat-eco-friendly","8":"first","9":"instock","10":"taxable","11":"shipping-taxable","12":"purchasable","13":"product-type-simple"},"acf":[],"_links":{"self":[{"href":"https:\/\/test2.michel-promo.com\/hr\/wp-json\/wp\/v2\/product\/369209","targetHints":{"allow":["GET"]}}],"collection":[{"href":"https:\/\/test2.michel-promo.com\/hr\/wp-json\/wp\/v2\/product"}],"about":[{"href":"https:\/\/test2.michel-promo.com\/hr\/wp-json\/wp\/v2\/types\/product"}],"version-history":[{"count":0,"href":"https:\/\/test2.michel-promo.com\/hr\/wp-json\/wp\/v2\/product\/369209\/revisions"}],"wp:featuredmedia":[{"embeddable":true,"href":"https:\/\/test2.michel-promo.com\/hr\/wp-json\/wp\/v2\/media\/369208"}],"wp:attachment":[{"href":"https:\/\/test2.michel-promo.com\/hr\/wp-json\/wp\/v2\/media?parent=369209"}],"wp:term":[{"taxonomy":"product_brand","embeddable":true,"href":"https:\/\/test2.michel-promo.com\/hr\/wp-json\/wp\/v2\/product_brand?post=369209"},{"taxonomy":"product_cat","embeddable":true,"href":"https:\/\/test2.michel-promo.com\/hr\/wp-json\/wp\/v2\/product_cat?post=369209"},{"taxonomy":"product_tag","embeddable":true,"href":"https:\/\/test2.michel-promo.com\/hr\/wp-json\/wp\/v2\/product_tag?post=369209"}],"curies":[{"name":"radni list","href":"https:\/\/api.w.org\/{rel}","templated":true}]}}