{"id":369211,"date":"2025-03-20T14:37:08","date_gmt":"2025-03-20T12:37:08","guid":{"rendered":"https:\/\/test2.michel-promo.com\/?post_type=product&#038;p=369211"},"modified":"2025-03-20T14:44:05","modified_gmt":"2025-03-20T12:44:05","slug":"sprout-mini-pencil","status":"publish","type":"product","link":"https:\/\/test2.michel-promo.com\/hr\/proizvod-2\/sprout-mini-pencil\/","title":{"rendered":"SPROUT \u2013 Mini olovka"},"content":{"rendered":"","protected":false},"excerpt":{"rendered":"<p><strong>Svjetski patentirana mini olovka sa sjemenkama<\/strong> <em>(Dostupno od 500 komada)<\/em><\/p>\n<p><strong>Ru\u010dno izra\u0111eno u Europi<\/strong> iz <strong>vrhunsko drvo iz odr\u017eivih izvora<\/strong> (lipa ili sli\u010dno), <strong>HB olovo<\/strong>, zajam\u010deno <strong>ekolo\u0161ki prihvatljiva i dru\u0161tveno odgovorna proizvodnja<\/strong>.<\/p>\n<h3><strong>Zna\u010dajke:<\/strong><\/h3>\n<ul>\n<li><strong>Dostupan u 20 sorti sjemena<\/strong> <em>(isto kao Sprout Pencil \u2013 pogledajte popis u nastavku)<\/em><\/li>\n<li><strong>Sorte sjemena mogu se mije\u0161ati u serijama od 100 jedinica po narud\u017ebi<\/strong><\/li>\n<li><strong>Vrsta sjemena mo\u017ee biti laserski gravirana ili tiskana na njema\u010dkom ili engleskom jeziku<\/strong><\/li>\n<li><strong>Maksimalna povr\u0161ina za graviranje\/tisak za va\u0161 logo:<\/strong> <strong>40 x 5 mm<\/strong><\/li>\n<li><strong>Nenao\u0161treno prema zadanim postavkama<\/strong> (mogu\u0107nost o\u0161trenja uz nadoplatu)<\/li>\n<\/ul>\n<h3><strong>Dostupne sorte sjemena:<\/strong><\/h3>\n<p>Bosiljak, maj\u010dina du\u0161ica, \u010deri raj\u010dica, kadulja, korijander, chia, nezaborav, suncokret, tratin\u010dica, karanfil, divlji cvijet, krastavac, slama, dinja, jagoda, patlid\u017ean, per\u0161in i <strong>Bo\u017ei\u0107no drvce\/smreka (dostupno uz nadoplatu).<\/strong><\/p>","protected":false},"featured_media":369212,"template":"","meta":{"_acf_changed":false},"product_brand":[],"product_cat":[167],"product_tag":[],"class_list":{"0":"post-369211","1":"product","2":"type-product","3":"status-publish","4":"has-post-thumbnail","6":"product_cat-eco-friendly","8":"first","9":"instock","10":"taxable","11":"shipping-taxable","12":"purchasable","13":"product-type-simple"},"acf":[],"_links":{"self":[{"href":"https:\/\/test2.michel-promo.com\/hr\/wp-json\/wp\/v2\/product\/369211","targetHints":{"allow":["GET"]}}],"collection":[{"href":"https:\/\/test2.michel-promo.com\/hr\/wp-json\/wp\/v2\/product"}],"about":[{"href":"https:\/\/test2.michel-promo.com\/hr\/wp-json\/wp\/v2\/types\/product"}],"version-history":[{"count":0,"href":"https:\/\/test2.michel-promo.com\/hr\/wp-json\/wp\/v2\/product\/369211\/revisions"}],"wp:featuredmedia":[{"embeddable":true,"href":"https:\/\/test2.michel-promo.com\/hr\/wp-json\/wp\/v2\/media\/369212"}],"wp:attachment":[{"href":"https:\/\/test2.michel-promo.com\/hr\/wp-json\/wp\/v2\/media?parent=369211"}],"wp:term":[{"taxonomy":"product_brand","embeddable":true,"href":"https:\/\/test2.michel-promo.com\/hr\/wp-json\/wp\/v2\/product_brand?post=369211"},{"taxonomy":"product_cat","embeddable":true,"href":"https:\/\/test2.michel-promo.com\/hr\/wp-json\/wp\/v2\/product_cat?post=369211"},{"taxonomy":"product_tag","embeddable":true,"href":"https:\/\/test2.michel-promo.com\/hr\/wp-json\/wp\/v2\/product_tag?post=369211"}],"curies":[{"name":"radni list","href":"https:\/\/api.w.org\/{rel}","templated":true}]}}