{"id":369215,"date":"2025-03-20T15:04:56","date_gmt":"2025-03-20T13:04:56","guid":{"rendered":"https:\/\/test2.michel-promo.com\/?post_type=product&#038;p=369215"},"modified":"2025-03-20T15:15:09","modified_gmt":"2025-03-20T13:15:09","slug":"sprout-mini-pencil-with-pin-on-card","status":"publish","type":"product","link":"https:\/\/test2.michel-promo.com\/hr\/proizvod-2\/sprout-mini-pencil-with-pin-on-card\/","title":{"rendered":"SPROUT \u2013 Mini olovka s Pin-on karticom"},"content":{"rendered":"","protected":false},"excerpt":{"rendered":"<p><strong>Mini olovka s prilago\u0111enom karticom za pri\u010dvr\u0161\u0107ivanje<\/strong><\/p>\n<h3><strong>Zna\u010dajke:<\/strong><\/h3>\n<ul>\n<li><strong>Olovka prilago\u0111ena s ugraviranim ili tiskanim logotipom kupca<\/strong><\/li>\n<li><strong>Posebno dizajnirana pin-on kartica<\/strong> dostupno od <strong>1.000 komada<\/strong><\/li>\n<li><strong>Dostupan u 16 sorti sjemena<\/strong> (vidi popis ispod)<\/li>\n<li><strong>Vrsta sjemena mo\u017ee biti laserski gravirana ili tiskana na njema\u010dkom ili engleskom jeziku<\/strong><\/li>\n<li><strong>Maksimalna povr\u0161ina za graviranje\/tisak za va\u0161 logo:<\/strong> <strong>40 x 5 mm<\/strong><\/li>\n<li><strong>Nenao\u0161treno prema zadanim postavkama<\/strong> (mogu\u0107nost o\u0161trenja uz nadoplatu)<\/li>\n<li><strong>Uklju\u010duje potpuno sastavljanje<\/strong><\/li>\n<\/ul>\n<h3><strong>Dostupne sorte sjemena:<\/strong><\/h3>\n<p>Bosiljak, timijan, cherry raj\u010dica, kadulja, korijander, chia, nezaboravnica, suncokret, tratin\u010dica, karanfil, divlje cvije\u0107e, krastavac, slama, dinja, jagoda i <strong>Bo\u017ei\u0107no drvce\/Smreka<\/strong> <em>(0,05 \u20ac doplata po komadu).<\/em><\/p>\n<h3><strong>Specifikacije Pin-on kartice:<\/strong><\/h3>\n<ul>\n<li><strong>Prilago\u0111ena grafika<\/strong> i na prednjoj i na stra\u017enjoj strani<\/li>\n<li><strong>Digitalni tisak u 4 boje<\/strong><\/li>\n<li><strong>Preporuka:<\/strong> Stavite upute za sadnju na stra\u017enju stranu<\/li>\n<\/ul>\n<p>\u2714 <strong>Cijena uklju\u010duje kompletnu monta\u017eu!<\/strong><\/p>","protected":false},"featured_media":369216,"template":"","meta":{"_acf_changed":false},"product_brand":[],"product_cat":[167],"product_tag":[],"class_list":{"0":"post-369215","1":"product","2":"type-product","3":"status-publish","4":"has-post-thumbnail","6":"product_cat-eco-friendly","8":"first","9":"instock","10":"taxable","11":"shipping-taxable","12":"purchasable","13":"product-type-simple"},"acf":[],"_links":{"self":[{"href":"https:\/\/test2.michel-promo.com\/hr\/wp-json\/wp\/v2\/product\/369215","targetHints":{"allow":["GET"]}}],"collection":[{"href":"https:\/\/test2.michel-promo.com\/hr\/wp-json\/wp\/v2\/product"}],"about":[{"href":"https:\/\/test2.michel-promo.com\/hr\/wp-json\/wp\/v2\/types\/product"}],"version-history":[{"count":0,"href":"https:\/\/test2.michel-promo.com\/hr\/wp-json\/wp\/v2\/product\/369215\/revisions"}],"wp:featuredmedia":[{"embeddable":true,"href":"https:\/\/test2.michel-promo.com\/hr\/wp-json\/wp\/v2\/media\/369216"}],"wp:attachment":[{"href":"https:\/\/test2.michel-promo.com\/hr\/wp-json\/wp\/v2\/media?parent=369215"}],"wp:term":[{"taxonomy":"product_brand","embeddable":true,"href":"https:\/\/test2.michel-promo.com\/hr\/wp-json\/wp\/v2\/product_brand?post=369215"},{"taxonomy":"product_cat","embeddable":true,"href":"https:\/\/test2.michel-promo.com\/hr\/wp-json\/wp\/v2\/product_cat?post=369215"},{"taxonomy":"product_tag","embeddable":true,"href":"https:\/\/test2.michel-promo.com\/hr\/wp-json\/wp\/v2\/product_tag?post=369215"}],"curies":[{"name":"radni list","href":"https:\/\/api.w.org\/{rel}","templated":true}]}}