{"id":369386,"date":"2025-03-21T02:00:30","date_gmt":"2025-03-21T00:00:30","guid":{"rendered":"https:\/\/test2.michel-promo.com\/?post_type=product&#038;p=369386"},"modified":"2025-03-21T02:06:41","modified_gmt":"2025-03-21T00:06:41","slug":"ecotaste-ecotaste-2-piece-drinking-straw-set-colored-glass-germany-in-a-4-color-printed-cardboard-box-incl-laser-engraving","status":"publish","type":"product","link":"https:\/\/test2.michel-promo.com\/hr\/proizvod-2\/ecotaste-ecotaste-2-piece-drinking-straw-set-colored-glass-germany-in-a-4-color-printed-cardboard-box-incl-laser-engraving\/","title":{"rendered":"Ecotaste ecotaste \u2013 2-dijelni set slamki Staklo u boji \u201eNjema\u010dka\u201d u kartonskoj kutiji s tiskanim 4 boje, uklj. lasersko graviranje"},"content":{"rendered":"","protected":false},"excerpt":{"rendered":"<p>Dvodijelni set slamki za pi\u0107e izra\u0111en od obojenog stakla, s \u010detkom za \u010di\u0161\u0107enje, pakiran u kartonsku kutiju od 2 dijela, dostupan u bijeloj ili sme\u0111oj boji.<\/p>\n<p>Lasersko graviranje na slamkama, kartonska kutija otisnuta u 4 boje.<\/p>","protected":false},"featured_media":369382,"template":"","meta":{"_acf_changed":false},"product_brand":[],"product_cat":[167],"product_tag":[],"class_list":{"0":"post-369386","1":"product","2":"type-product","3":"status-publish","4":"has-post-thumbnail","6":"product_cat-eco-friendly","8":"first","9":"instock","10":"taxable","11":"shipping-taxable","12":"purchasable","13":"product-type-simple"},"acf":[],"_links":{"self":[{"href":"https:\/\/test2.michel-promo.com\/hr\/wp-json\/wp\/v2\/product\/369386","targetHints":{"allow":["GET"]}}],"collection":[{"href":"https:\/\/test2.michel-promo.com\/hr\/wp-json\/wp\/v2\/product"}],"about":[{"href":"https:\/\/test2.michel-promo.com\/hr\/wp-json\/wp\/v2\/types\/product"}],"version-history":[{"count":0,"href":"https:\/\/test2.michel-promo.com\/hr\/wp-json\/wp\/v2\/product\/369386\/revisions"}],"wp:featuredmedia":[{"embeddable":true,"href":"https:\/\/test2.michel-promo.com\/hr\/wp-json\/wp\/v2\/media\/369382"}],"wp:attachment":[{"href":"https:\/\/test2.michel-promo.com\/hr\/wp-json\/wp\/v2\/media?parent=369386"}],"wp:term":[{"taxonomy":"product_brand","embeddable":true,"href":"https:\/\/test2.michel-promo.com\/hr\/wp-json\/wp\/v2\/product_brand?post=369386"},{"taxonomy":"product_cat","embeddable":true,"href":"https:\/\/test2.michel-promo.com\/hr\/wp-json\/wp\/v2\/product_cat?post=369386"},{"taxonomy":"product_tag","embeddable":true,"href":"https:\/\/test2.michel-promo.com\/hr\/wp-json\/wp\/v2\/product_tag?post=369386"}],"curies":[{"name":"radni list","href":"https:\/\/api.w.org\/{rel}","templated":true}]}}