{"id":379778,"date":"2025-05-04T23:25:49","date_gmt":"2025-05-04T21:25:49","guid":{"rendered":"https:\/\/test2.michel-promo.com\/en\/product\/tiro-league-backpack\/"},"modified":"2025-08-14T14:25:07","modified_gmt":"2025-08-14T12:25:07","slug":"tiro-league-backpack","status":"publish","type":"product","link":"https:\/\/test2.michel-promo.com\/hr\/proizvod-2\/tiro-league-backpack\/","title":{"rendered":"Ruksak Tiro League"},"content":{"rendered":"<p>Poka\u017eite svoj nogometni stil. Lebde\u0107e 3 pruge i sitotisak s 3 trake na ovom adidas ruksaku isti\u010du va\u0161e sportske akreditacije. Kao dio Tiro 23 League asortimana, dolazi s podstavljenim naramenicama za udobnost u pokretu. Ima \u010dak i poseban pretinac za prozra\u010divanje kopa\u010dki nakon \u0161to zavr\u0161ite s igranjem. Izra\u0111en od niza recikliranih materijala i najmanje 40% recikliranog sadr\u017eaja, ovaj proizvod predstavlja samo jedno od na\u0161ih rje\u0161enja za pomo\u0107 u borbi protiv plasti\u010dnog otpada.<\/p>","protected":false},"excerpt":{"rendered":"<p>Tisak na zahtjev. Mogu\u0107nost koli\u010dinskog popusta.<\/p>","protected":false},"featured_media":377177,"template":"","meta":{"_acf_changed":false},"product_brand":[],"product_cat":[80,238],"product_tag":[],"class_list":{"0":"post-379778","1":"product","2":"type-product","3":"status-publish","4":"has-post-thumbnail","6":"product_cat-bags-and-travel","7":"product_cat-kataloski","9":"first","10":"instock","11":"taxable","12":"shipping-taxable","13":"purchasable","14":"product-type-variable"},"acf":[],"yoast_head":"<!-- This site is optimized with the Yoast SEO plugin v27.5 - https:\/\/yoast.com\/product\/yoast-seo-wordpress\/ -->\n<title>Tiro League Backpack &#8212; Michel Promo<\/title>\n<meta name=\"robots\" content=\"noindex, follow, max-snippet:-1, max-image-preview:large, max-video-preview:-1\" \/>\n<meta property=\"og:locale\" content=\"hr_HR\" \/>\n<meta property=\"og:type\" content=\"article\" \/>\n<meta property=\"og:title\" content=\"Tiro League Backpack &#8212; Michel Promo\" \/>\n<meta property=\"og:description\" content=\"Print on request. Quantity discount available.\" \/>\n<meta property=\"og:url\" content=\"https:\/\/test2.michel-promo.com\/hr\/proizvod-2\/tiro-league-backpack\/\" \/>\n<meta property=\"og:site_name\" content=\"Michel Promo\" \/>\n<meta property=\"article:modified_time\" content=\"2025-08-14T12:25:07+00:00\" \/>\n<meta property=\"og:image\" content=\"http:\/\/test2.michel-promo.com\/wp-content\/uploads\/2025\/05\/HS9758-Tiro-League-Backpack-Navy.jpg\" \/>\n\t<meta property=\"og:image:width\" content=\"2000\" \/>\n\t<meta property=\"og:image:height\" content=\"2000\" \/>\n\t<meta property=\"og:image:type\" content=\"image\/jpeg\" \/>\n<meta name=\"twitter:card\" content=\"summary_large_image\" \/>\n<script type=\"application\/ld+json\" class=\"yoast-schema-graph\">{\"@context\":\"https:\\\/\\\/schema.org\",\"@graph\":[{\"@type\":\"WebPage\",\"@id\":\"https:\\\/\\\/test2.michel-promo.com\\\/en\\\/product\\\/tiro-league-backpack\\\/\",\"url\":\"https:\\\/\\\/test2.michel-promo.com\\\/en\\\/product\\\/tiro-league-backpack\\\/\",\"name\":\"Tiro League Backpack &#8212; Michel Promo\",\"isPartOf\":{\"@id\":\"https:\\\/\\\/test2.michel-promo.com\\\/#website\"},\"primaryImageOfPage\":{\"@id\":\"https:\\\/\\\/test2.michel-promo.com\\\/en\\\/product\\\/tiro-league-backpack\\\/#primaryimage\"},\"image\":{\"@id\":\"https:\\\/\\\/test2.michel-promo.com\\\/en\\\/product\\\/tiro-league-backpack\\\/#primaryimage\"},\"thumbnailUrl\":\"https:\\\/\\\/test2.michel-promo.com\\\/wp-content\\\/uploads\\\/2025\\\/05\\\/HS9758-Tiro-League-Backpack-Navy.jpg\",\"datePublished\":\"2025-05-04T21:25:49+00:00\",\"dateModified\":\"2025-08-14T12:25:07+00:00\",\"breadcrumb\":{\"@id\":\"https:\\\/\\\/test2.michel-promo.com\\\/en\\\/product\\\/tiro-league-backpack\\\/#breadcrumb\"},\"inLanguage\":\"hr\",\"potentialAction\":[{\"@type\":\"ReadAction\",\"target\":[\"https:\\\/\\\/test2.michel-promo.com\\\/en\\\/product\\\/tiro-league-backpack\\\/\"]}]},{\"@type\":\"ImageObject\",\"inLanguage\":\"hr\",\"@id\":\"https:\\\/\\\/test2.michel-promo.com\\\/en\\\/product\\\/tiro-league-backpack\\\/#primaryimage\",\"url\":\"https:\\\/\\\/test2.michel-promo.com\\\/wp-content\\\/uploads\\\/2025\\\/05\\\/HS9758-Tiro-League-Backpack-Navy.jpg\",\"contentUrl\":\"https:\\\/\\\/test2.michel-promo.com\\\/wp-content\\\/uploads\\\/2025\\\/05\\\/HS9758-Tiro-League-Backpack-Navy.jpg\",\"width\":2000,\"height\":2000},{\"@type\":\"BreadcrumbList\",\"@id\":\"https:\\\/\\\/test2.michel-promo.com\\\/en\\\/product\\\/tiro-league-backpack\\\/#breadcrumb\",\"itemListElement\":[{\"@type\":\"ListItem\",\"position\":1,\"name\":\"Po\u010detna stranica\",\"item\":\"https:\\\/\\\/test2.michel-promo.com\\\/\"},{\"@type\":\"ListItem\",\"position\":2,\"name\":\"Shop\",\"item\":\"https:\\\/\\\/test2.michel-promo.com\\\/en\\\/shop\\\/\"},{\"@type\":\"ListItem\",\"position\":3,\"name\":\"Tiro League Backpack\"}]},{\"@type\":\"WebSite\",\"@id\":\"https:\\\/\\\/test2.michel-promo.com\\\/#website\",\"url\":\"https:\\\/\\\/test2.michel-promo.com\\\/\",\"name\":\"Michel Promo - Webshop promotivnih materijala\",\"description\":\"Poslovni pokloni i promo materijali\",\"publisher\":{\"@id\":\"https:\\\/\\\/test2.michel-promo.com\\\/#organization\"},\"alternateName\":\"Webshop promotivnih materijala\",\"potentialAction\":[{\"@type\":\"SearchAction\",\"target\":{\"@type\":\"EntryPoint\",\"urlTemplate\":\"https:\\\/\\\/test2.michel-promo.com\\\/?s={search_term_string}\"},\"query-input\":{\"@type\":\"PropertyValueSpecification\",\"valueRequired\":true,\"valueName\":\"search_term_string\"}}],\"inLanguage\":\"hr\"},{\"@type\":\"Organization\",\"@id\":\"https:\\\/\\\/test2.michel-promo.com\\\/#organization\",\"name\":\"Michel Promo\",\"alternateName\":\"Studio promotivnih materijala\",\"url\":\"https:\\\/\\\/test2.michel-promo.com\\\/\",\"logo\":{\"@type\":\"ImageObject\",\"inLanguage\":\"hr\",\"@id\":\"https:\\\/\\\/test2.michel-promo.com\\\/#\\\/schema\\\/logo\\\/image\\\/\",\"url\":\"http:\\\/\\\/test2.michel-promo.com\\\/wp-content\\\/uploads\\\/2024\\\/05\\\/cropped-Widget-logo.png\",\"contentUrl\":\"http:\\\/\\\/test2.michel-promo.com\\\/wp-content\\\/uploads\\\/2024\\\/05\\\/cropped-Widget-logo.png\",\"width\":512,\"height\":512,\"caption\":\"Michel Promo\"},\"image\":{\"@id\":\"https:\\\/\\\/test2.michel-promo.com\\\/#\\\/schema\\\/logo\\\/image\\\/\"},\"sameAs\":[\"https:\\\/\\\/www.instagram.com\\\/promo_michel\\\/\",\"https:\\\/\\\/www.linkedin.com\\\/company\\\/michel-promo\\\/\"]}]}<\/script>\n<!-- \/ Yoast SEO plugin. -->","yoast_head_json":{"title":"Ruksak Tiro lige \u2014 Michel Promo","robots":{"index":"noindex","follow":"follow","max-snippet":"max-snippet:-1","max-image-preview":"max-image-preview:large","max-video-preview":"max-video-preview:-1"},"og_locale":"hr_HR","og_type":"article","og_title":"Tiro League Backpack &#8212; Michel Promo","og_description":"Print on request. Quantity discount available.","og_url":"https:\/\/test2.michel-promo.com\/hr\/proizvod-2\/tiro-league-backpack\/","og_site_name":"Michel Promo","article_modified_time":"2025-08-14T12:25:07+00:00","og_image":[{"width":2000,"height":2000,"url":"http:\/\/test2.michel-promo.com\/wp-content\/uploads\/2025\/05\/HS9758-Tiro-League-Backpack-Navy.jpg","type":"image\/jpeg"}],"twitter_card":"summary_large_image","schema":{"@context":"https:\/\/schema.org","@graph":[{"@type":"WebPage","@id":"https:\/\/test2.michel-promo.com\/en\/product\/tiro-league-backpack\/","url":"https:\/\/test2.michel-promo.com\/en\/product\/tiro-league-backpack\/","name":"Ruksak Tiro lige \u2014 Michel Promo","isPartOf":{"@id":"https:\/\/test2.michel-promo.com\/#website"},"primaryImageOfPage":{"@id":"https:\/\/test2.michel-promo.com\/en\/product\/tiro-league-backpack\/#primaryimage"},"image":{"@id":"https:\/\/test2.michel-promo.com\/en\/product\/tiro-league-backpack\/#primaryimage"},"thumbnailUrl":"https:\/\/test2.michel-promo.com\/wp-content\/uploads\/2025\/05\/HS9758-Tiro-League-Backpack-Navy.jpg","datePublished":"2025-05-04T21:25:49+00:00","dateModified":"2025-08-14T12:25:07+00:00","breadcrumb":{"@id":"https:\/\/test2.michel-promo.com\/en\/product\/tiro-league-backpack\/#breadcrumb"},"inLanguage":"hr","potentialAction":[{"@type":"ReadAction","target":["https:\/\/test2.michel-promo.com\/en\/product\/tiro-league-backpack\/"]}]},{"@type":"ImageObject","inLanguage":"hr","@id":"https:\/\/test2.michel-promo.com\/en\/product\/tiro-league-backpack\/#primaryimage","url":"https:\/\/test2.michel-promo.com\/wp-content\/uploads\/2025\/05\/HS9758-Tiro-League-Backpack-Navy.jpg","contentUrl":"https:\/\/test2.michel-promo.com\/wp-content\/uploads\/2025\/05\/HS9758-Tiro-League-Backpack-Navy.jpg","width":2000,"height":2000},{"@type":"BreadcrumbList","@id":"https:\/\/test2.michel-promo.com\/en\/product\/tiro-league-backpack\/#breadcrumb","itemListElement":[{"@type":"ListItem","position":1,"name":"Po\u010detna stranica","item":"https:\/\/test2.michel-promo.com\/"},{"@type":"ListItem","position":2,"name":"Shop","item":"https:\/\/test2.michel-promo.com\/en\/shop\/"},{"@type":"ListItem","position":3,"name":"Tiro League Backpack"}]},{"@type":"WebSite","@id":"https:\/\/test2.michel-promo.com\/#website","url":"https:\/\/test2.michel-promo.com\/","name":"Michel Promo - Webshop promotivnih materijala","description":"Poslovni pokloni i promo materijali","publisher":{"@id":"https:\/\/test2.michel-promo.com\/#organization"},"alternateName":"Webshop promotivnih materijala","potentialAction":[{"@type":"SearchAction","target":{"@type":"EntryPoint","urlTemplate":"https:\/\/test2.michel-promo.com\/?s={search_term_string}"},"query-input":{"@type":"PropertyValueSpecification","valueRequired":true,"valueName":"search_term_string"}}],"inLanguage":"hr"},{"@type":"Organization","@id":"https:\/\/test2.michel-promo.com\/#organization","name":"Michel Promo","alternateName":"Studio promotivnih materijala","url":"https:\/\/test2.michel-promo.com\/","logo":{"@type":"ImageObject","inLanguage":"hr","@id":"https:\/\/test2.michel-promo.com\/#\/schema\/logo\/image\/","url":"http:\/\/test2.michel-promo.com\/wp-content\/uploads\/2024\/05\/cropped-Widget-logo.png","contentUrl":"http:\/\/test2.michel-promo.com\/wp-content\/uploads\/2024\/05\/cropped-Widget-logo.png","width":512,"height":512,"caption":"Michel Promo"},"image":{"@id":"https:\/\/test2.michel-promo.com\/#\/schema\/logo\/image\/"},"sameAs":["https:\/\/www.instagram.com\/promo_michel\/","https:\/\/www.linkedin.com\/company\/michel-promo\/"]}]}},"_links":{"self":[{"href":"https:\/\/test2.michel-promo.com\/hr\/wp-json\/wp\/v2\/product\/379778","targetHints":{"allow":["GET"]}}],"collection":[{"href":"https:\/\/test2.michel-promo.com\/hr\/wp-json\/wp\/v2\/product"}],"about":[{"href":"https:\/\/test2.michel-promo.com\/hr\/wp-json\/wp\/v2\/types\/product"}],"version-history":[{"count":0,"href":"https:\/\/test2.michel-promo.com\/hr\/wp-json\/wp\/v2\/product\/379778\/revisions"}],"wp:featuredmedia":[{"embeddable":true,"href":"https:\/\/test2.michel-promo.com\/hr\/wp-json\/wp\/v2\/media\/377177"}],"wp:attachment":[{"href":"https:\/\/test2.michel-promo.com\/hr\/wp-json\/wp\/v2\/media?parent=379778"}],"wp:term":[{"taxonomy":"product_brand","embeddable":true,"href":"https:\/\/test2.michel-promo.com\/hr\/wp-json\/wp\/v2\/product_brand?post=379778"},{"taxonomy":"product_cat","embeddable":true,"href":"https:\/\/test2.michel-promo.com\/hr\/wp-json\/wp\/v2\/product_cat?post=379778"},{"taxonomy":"product_tag","embeddable":true,"href":"https:\/\/test2.michel-promo.com\/hr\/wp-json\/wp\/v2\/product_tag?post=379778"}],"curies":[{"name":"radni list","href":"https:\/\/api.w.org\/{rel}","templated":true}]}}