{"id":380098,"date":"2025-05-04T23:28:29","date_gmt":"2025-05-04T21:28:29","guid":{"rendered":"https:\/\/test2.michel-promo.com\/en\/product\/mens-fast-trek-ii-full-zip-fleece\/"},"modified":"2025-08-14T14:29:50","modified_gmt":"2025-08-14T12:29:50","slug":"mens-fast-trek-ii-full-zip-fleece","status":"publish","type":"product","link":"https:\/\/test2.michel-promo.com\/hr\/proizvod-2\/mens-fast-trek-ii-full-zip-fleece\/","title":{"rendered":"Mu\u0161ka flis jakna s patentnim zatvara\u010dem Fast Trek II"},"content":{"rendered":"<p>Ostanite topli i ugodni dok planinarite, kampirate i hodate bez obzira na vremenske uvjete. Izra\u0111en od laganog poliesterskog mikroflisa, ovaj Columbia flis odr\u017eava vas toplim i udobnim od trenutka kada ga obu\u010dete kako biste se mogli opustiti i u\u017eivati u prirodi.<\/p>","protected":false},"excerpt":{"rendered":"<p>Tisak na zahtjev. Mogu\u0107nost koli\u010dinskog popusta.<\/p>","protected":false},"featured_media":377527,"template":"","meta":{"_acf_changed":false},"product_brand":[],"product_cat":[175,238,90],"product_tag":[],"class_list":{"0":"post-380098","1":"product","2":"type-product","3":"status-publish","4":"has-post-thumbnail","6":"product_cat-jackets","7":"product_cat-kataloski","8":"product_cat-textiles-and-fashion","10":"first","11":"instock","12":"taxable","13":"shipping-taxable","14":"purchasable","15":"product-type-variable"},"acf":[],"_links":{"self":[{"href":"https:\/\/test2.michel-promo.com\/hr\/wp-json\/wp\/v2\/product\/380098","targetHints":{"allow":["GET"]}}],"collection":[{"href":"https:\/\/test2.michel-promo.com\/hr\/wp-json\/wp\/v2\/product"}],"about":[{"href":"https:\/\/test2.michel-promo.com\/hr\/wp-json\/wp\/v2\/types\/product"}],"version-history":[{"count":0,"href":"https:\/\/test2.michel-promo.com\/hr\/wp-json\/wp\/v2\/product\/380098\/revisions"}],"wp:featuredmedia":[{"embeddable":true,"href":"https:\/\/test2.michel-promo.com\/hr\/wp-json\/wp\/v2\/media\/377527"}],"wp:attachment":[{"href":"https:\/\/test2.michel-promo.com\/hr\/wp-json\/wp\/v2\/media?parent=380098"}],"wp:term":[{"taxonomy":"product_brand","embeddable":true,"href":"https:\/\/test2.michel-promo.com\/hr\/wp-json\/wp\/v2\/product_brand?post=380098"},{"taxonomy":"product_cat","embeddable":true,"href":"https:\/\/test2.michel-promo.com\/hr\/wp-json\/wp\/v2\/product_cat?post=380098"},{"taxonomy":"product_tag","embeddable":true,"href":"https:\/\/test2.michel-promo.com\/hr\/wp-json\/wp\/v2\/product_tag?post=380098"}],"curies":[{"name":"radni list","href":"https:\/\/api.w.org\/{rel}","templated":true}]}}