{"id":380116,"date":"2025-05-04T23:28:37","date_gmt":"2025-05-04T21:28:37","guid":{"rendered":"https:\/\/test2.michel-promo.com\/en\/product\/mens-pouring-adventure-iii-jacket\/"},"modified":"2025-08-14T14:29:59","modified_gmt":"2025-08-14T12:29:59","slug":"mens-pouring-adventure-iii-jacket","status":"publish","type":"product","link":"https:\/\/test2.michel-promo.com\/hr\/proizvod-2\/mens-pouring-adventure-iii-jacket\/","title":{"rendered":"Mu\u0161ka jakna Pouring Adventure III"},"content":{"rendered":"<p>Ki\u0161a, vjetar i zimska hladno\u0107a ne\u0107e vas sprije\u010diti u va\u0161im zakazanim avanturama s Pouring Adventure II. Ova lagana jakna je vodootporna i prozra\u010dna te ima podesivu kapulja\u010du, d\u017eepove s patentnim zatvara\u010dem, podesive man\u017eete i izdr\u017eljivu \u0161koljku izra\u0111enu od Omni-Tech\u2122 Full-Dull Rip-Stop 100% najlona. Mo\u017ee se spakirati u d\u017eep za ruku radi lak\u0161eg spremanja i pristupa.<\/p>","protected":false},"excerpt":{"rendered":"<p>Tisak na zahtjev. Mogu\u0107nost koli\u010dinskog popusta.<\/p>","protected":false},"featured_media":377554,"template":"","meta":{"_acf_changed":false},"product_brand":[],"product_cat":[175,238,90],"product_tag":[],"class_list":{"0":"post-380116","1":"product","2":"type-product","3":"status-publish","4":"has-post-thumbnail","6":"product_cat-jackets","7":"product_cat-kataloski","8":"product_cat-textiles-and-fashion","10":"first","11":"instock","12":"taxable","13":"shipping-taxable","14":"purchasable","15":"product-type-variable"},"acf":[],"_links":{"self":[{"href":"https:\/\/test2.michel-promo.com\/hr\/wp-json\/wp\/v2\/product\/380116","targetHints":{"allow":["GET"]}}],"collection":[{"href":"https:\/\/test2.michel-promo.com\/hr\/wp-json\/wp\/v2\/product"}],"about":[{"href":"https:\/\/test2.michel-promo.com\/hr\/wp-json\/wp\/v2\/types\/product"}],"version-history":[{"count":0,"href":"https:\/\/test2.michel-promo.com\/hr\/wp-json\/wp\/v2\/product\/380116\/revisions"}],"wp:featuredmedia":[{"embeddable":true,"href":"https:\/\/test2.michel-promo.com\/hr\/wp-json\/wp\/v2\/media\/377554"}],"wp:attachment":[{"href":"https:\/\/test2.michel-promo.com\/hr\/wp-json\/wp\/v2\/media?parent=380116"}],"wp:term":[{"taxonomy":"product_brand","embeddable":true,"href":"https:\/\/test2.michel-promo.com\/hr\/wp-json\/wp\/v2\/product_brand?post=380116"},{"taxonomy":"product_cat","embeddable":true,"href":"https:\/\/test2.michel-promo.com\/hr\/wp-json\/wp\/v2\/product_cat?post=380116"},{"taxonomy":"product_tag","embeddable":true,"href":"https:\/\/test2.michel-promo.com\/hr\/wp-json\/wp\/v2\/product_tag?post=380116"}],"curies":[{"name":"radni list","href":"https:\/\/api.w.org\/{rel}","templated":true}]}}