{"id":380134,"date":"2025-05-04T23:28:41","date_gmt":"2025-05-04T21:28:41","guid":{"rendered":"https:\/\/test2.michel-promo.com\/en\/product\/mens-powder-pass-hybrid-vest\/"},"modified":"2025-08-14T14:30:09","modified_gmt":"2025-08-14T12:30:09","slug":"mens-powder-pass-hybrid-vest","status":"publish","type":"product","link":"https:\/\/test2.michel-promo.com\/hr\/proizvod-2\/mens-powder-pass-hybrid-vest\/","title":{"rendered":"Mu\u0161ki hibridni prsluk Powder Pass"},"content":{"rendered":"<p>Planinarite, cijepajte drva ili se skijajte udobnije s ovim pufnastim prslukom. Sinteti\u010dka izolacija zadr\u017eava toplinu. Ovaj prsluk mo\u017ee udobno podnijeti laganu snje\u017enu ki\u0161icu ili rosulju zahvaljuju\u0107i vodoodbojnom vanjskom sloju.<\/p>","protected":false},"excerpt":{"rendered":"<p>Tisak na zahtjev. Mogu\u0107nost koli\u010dinskog popusta.<\/p>","protected":false},"featured_media":377580,"template":"","meta":{"_acf_changed":false},"product_brand":[],"product_cat":[175,238,90],"product_tag":[],"class_list":{"0":"post-380134","1":"product","2":"type-product","3":"status-publish","4":"has-post-thumbnail","6":"product_cat-jackets","7":"product_cat-kataloski","8":"product_cat-textiles-and-fashion","10":"first","11":"instock","12":"taxable","13":"shipping-taxable","14":"purchasable","15":"product-type-variable"},"acf":[],"_links":{"self":[{"href":"https:\/\/test2.michel-promo.com\/hr\/wp-json\/wp\/v2\/product\/380134","targetHints":{"allow":["GET"]}}],"collection":[{"href":"https:\/\/test2.michel-promo.com\/hr\/wp-json\/wp\/v2\/product"}],"about":[{"href":"https:\/\/test2.michel-promo.com\/hr\/wp-json\/wp\/v2\/types\/product"}],"version-history":[{"count":0,"href":"https:\/\/test2.michel-promo.com\/hr\/wp-json\/wp\/v2\/product\/380134\/revisions"}],"wp:featuredmedia":[{"embeddable":true,"href":"https:\/\/test2.michel-promo.com\/hr\/wp-json\/wp\/v2\/media\/377580"}],"wp:attachment":[{"href":"https:\/\/test2.michel-promo.com\/hr\/wp-json\/wp\/v2\/media?parent=380134"}],"wp:term":[{"taxonomy":"product_brand","embeddable":true,"href":"https:\/\/test2.michel-promo.com\/hr\/wp-json\/wp\/v2\/product_brand?post=380134"},{"taxonomy":"product_cat","embeddable":true,"href":"https:\/\/test2.michel-promo.com\/hr\/wp-json\/wp\/v2\/product_cat?post=380134"},{"taxonomy":"product_tag","embeddable":true,"href":"https:\/\/test2.michel-promo.com\/hr\/wp-json\/wp\/v2\/product_tag?post=380134"}],"curies":[{"name":"radni list","href":"https:\/\/api.w.org\/{rel}","templated":true}]}}