{"id":380140,"date":"2025-05-04T23:28:42","date_gmt":"2025-05-04T21:28:42","guid":{"rendered":"https:\/\/test2.michel-promo.com\/en\/product\/mens-silver-falls-ii-jacket\/"},"modified":"2025-08-14T14:30:09","modified_gmt":"2025-08-14T12:30:09","slug":"mens-silver-falls-ii-jacket","status":"publish","type":"product","link":"https:\/\/test2.michel-promo.com\/hr\/proizvod-2\/mens-silver-falls-ii-jacket\/","title":{"rendered":"Mu\u0161ka jakna Silver Falls II"},"content":{"rendered":"<p>Lagani sloj koji se mo\u017ee spakirati kada ste u pokretu. Ova puhasta jakna izolirana je recikliranim poliesterom 100% i radi prakti\u010dnosti se sla\u017ee u vlastiti d\u017eep.<\/p>","protected":false},"excerpt":{"rendered":"<p>Tisak na zahtjev. Mogu\u0107nost koli\u010dinskog popusta.<\/p>","protected":false},"featured_media":377589,"template":"","meta":{"_acf_changed":false},"product_brand":[],"product_cat":[175,238,90],"product_tag":[],"class_list":{"0":"post-380140","1":"product","2":"type-product","3":"status-publish","4":"has-post-thumbnail","6":"product_cat-jackets","7":"product_cat-kataloski","8":"product_cat-textiles-and-fashion","10":"first","11":"instock","12":"taxable","13":"shipping-taxable","14":"purchasable","15":"product-type-variable"},"acf":[],"_links":{"self":[{"href":"https:\/\/test2.michel-promo.com\/hr\/wp-json\/wp\/v2\/product\/380140","targetHints":{"allow":["GET"]}}],"collection":[{"href":"https:\/\/test2.michel-promo.com\/hr\/wp-json\/wp\/v2\/product"}],"about":[{"href":"https:\/\/test2.michel-promo.com\/hr\/wp-json\/wp\/v2\/types\/product"}],"version-history":[{"count":0,"href":"https:\/\/test2.michel-promo.com\/hr\/wp-json\/wp\/v2\/product\/380140\/revisions"}],"wp:featuredmedia":[{"embeddable":true,"href":"https:\/\/test2.michel-promo.com\/hr\/wp-json\/wp\/v2\/media\/377589"}],"wp:attachment":[{"href":"https:\/\/test2.michel-promo.com\/hr\/wp-json\/wp\/v2\/media?parent=380140"}],"wp:term":[{"taxonomy":"product_brand","embeddable":true,"href":"https:\/\/test2.michel-promo.com\/hr\/wp-json\/wp\/v2\/product_brand?post=380140"},{"taxonomy":"product_cat","embeddable":true,"href":"https:\/\/test2.michel-promo.com\/hr\/wp-json\/wp\/v2\/product_cat?post=380140"},{"taxonomy":"product_tag","embeddable":true,"href":"https:\/\/test2.michel-promo.com\/hr\/wp-json\/wp\/v2\/product_tag?post=380140"}],"curies":[{"name":"radni list","href":"https:\/\/api.w.org\/{rel}","templated":true}]}}