{"id":380218,"date":"2025-05-04T23:29:05","date_gmt":"2025-05-04T21:29:05","guid":{"rendered":"https:\/\/test2.michel-promo.com\/en\/product\/mens-expert-kiwi-long-sleeved-shirt\/"},"modified":"2025-08-14T14:31:16","modified_gmt":"2025-08-14T12:31:16","slug":"mens-expert-kiwi-long-sleeved-shirt","status":"publish","type":"product","link":"https:\/\/test2.michel-promo.com\/hr\/proizvod-2\/mens-expert-kiwi-long-sleeved-shirt\/","title":{"rendered":"Mu\u0161ka majica dugih rukava Expert Kiwi"},"content":{"rendered":"<p>Izdr\u017eljiva majica za vanjske aktivnosti napravljena za dugotrajnost. Izra\u0111ena od reciklirane tkanine otporne na sunce i ubode insekata, s opu\u0161tenim krojem, ova majica koja se lako odr\u017eava pru\u017ea pouzdanu i u\u010dinkovitu pokrivenost tijekom cijele godine.<\/p>","protected":false},"excerpt":{"rendered":"<p>Tisak na zahtjev. Mogu\u0107nost koli\u010dinskog popusta.<\/p>","protected":false},"featured_media":377692,"template":"","meta":{"_acf_changed":false},"product_brand":[],"product_cat":[238,90],"product_tag":[],"class_list":{"0":"post-380218","1":"product","2":"type-product","3":"status-publish","4":"has-post-thumbnail","6":"product_cat-kataloski","7":"product_cat-textiles-and-fashion","9":"first","10":"instock","11":"taxable","12":"shipping-taxable","13":"purchasable","14":"product-type-variable"},"acf":[],"_links":{"self":[{"href":"https:\/\/test2.michel-promo.com\/hr\/wp-json\/wp\/v2\/product\/380218","targetHints":{"allow":["GET"]}}],"collection":[{"href":"https:\/\/test2.michel-promo.com\/hr\/wp-json\/wp\/v2\/product"}],"about":[{"href":"https:\/\/test2.michel-promo.com\/hr\/wp-json\/wp\/v2\/types\/product"}],"version-history":[{"count":0,"href":"https:\/\/test2.michel-promo.com\/hr\/wp-json\/wp\/v2\/product\/380218\/revisions"}],"wp:featuredmedia":[{"embeddable":true,"href":"https:\/\/test2.michel-promo.com\/hr\/wp-json\/wp\/v2\/media\/377692"}],"wp:attachment":[{"href":"https:\/\/test2.michel-promo.com\/hr\/wp-json\/wp\/v2\/media?parent=380218"}],"wp:term":[{"taxonomy":"product_brand","embeddable":true,"href":"https:\/\/test2.michel-promo.com\/hr\/wp-json\/wp\/v2\/product_brand?post=380218"},{"taxonomy":"product_cat","embeddable":true,"href":"https:\/\/test2.michel-promo.com\/hr\/wp-json\/wp\/v2\/product_cat?post=380218"},{"taxonomy":"product_tag","embeddable":true,"href":"https:\/\/test2.michel-promo.com\/hr\/wp-json\/wp\/v2\/product_tag?post=380218"}],"curies":[{"name":"radni list","href":"https:\/\/api.w.org\/{rel}","templated":true}]}}