{"id":380241,"date":"2025-05-04T23:29:09","date_gmt":"2025-05-04T21:29:09","guid":{"rendered":"https:\/\/test2.michel-promo.com\/en\/product\/mens-expert-kiwi-tailored-trousers-2\/"},"modified":"2025-08-14T14:31:28","modified_gmt":"2025-08-14T12:31:28","slug":"mens-expert-kiwi-tailored-trousers-2","status":"publish","type":"product","link":"https:\/\/test2.michel-promo.com\/hr\/proizvod-2\/mens-expert-kiwi-tailored-trousers-2\/","title":{"rendered":"Mu\u0161ke hla\u010de krojene po mjeri u kivi stilu"},"content":{"rendered":"<p>Dizajnirana za izvanredne performanse u promjenjivim uvjetima. Konstrukcija od poliestera i pamuka boje breskve nudi za\u0161titu od sunca i uboda insekata s oja\u010danim stra\u017enjim dijelom i koljenima za dodatnu izdr\u017eljivost. Kompletna s 9 d\u017eepova i dijelom elasti\u010dnim strukom.<\/p>","protected":false},"excerpt":{"rendered":"<p>Tisak na zahtjev. Mogu\u0107nost koli\u010dinskog popusta.<\/p>","protected":false},"featured_media":377708,"template":"","meta":{"_acf_changed":false},"product_brand":[],"product_cat":[238,90],"product_tag":[],"class_list":{"0":"post-380241","1":"product","2":"type-product","3":"status-publish","4":"has-post-thumbnail","6":"product_cat-kataloski","7":"product_cat-textiles-and-fashion","9":"first","10":"instock","11":"taxable","12":"shipping-taxable","13":"purchasable","14":"product-type-variable"},"acf":[],"_links":{"self":[{"href":"https:\/\/test2.michel-promo.com\/hr\/wp-json\/wp\/v2\/product\/380241","targetHints":{"allow":["GET"]}}],"collection":[{"href":"https:\/\/test2.michel-promo.com\/hr\/wp-json\/wp\/v2\/product"}],"about":[{"href":"https:\/\/test2.michel-promo.com\/hr\/wp-json\/wp\/v2\/types\/product"}],"version-history":[{"count":0,"href":"https:\/\/test2.michel-promo.com\/hr\/wp-json\/wp\/v2\/product\/380241\/revisions"}],"wp:featuredmedia":[{"embeddable":true,"href":"https:\/\/test2.michel-promo.com\/hr\/wp-json\/wp\/v2\/media\/377708"}],"wp:attachment":[{"href":"https:\/\/test2.michel-promo.com\/hr\/wp-json\/wp\/v2\/media?parent=380241"}],"wp:term":[{"taxonomy":"product_brand","embeddable":true,"href":"https:\/\/test2.michel-promo.com\/hr\/wp-json\/wp\/v2\/product_brand?post=380241"},{"taxonomy":"product_cat","embeddable":true,"href":"https:\/\/test2.michel-promo.com\/hr\/wp-json\/wp\/v2\/product_cat?post=380241"},{"taxonomy":"product_tag","embeddable":true,"href":"https:\/\/test2.michel-promo.com\/hr\/wp-json\/wp\/v2\/product_tag?post=380241"}],"curies":[{"name":"radni list","href":"https:\/\/api.w.org\/{rel}","templated":true}]}}