{"id":380271,"date":"2025-05-04T23:29:17","date_gmt":"2025-05-04T21:29:17","guid":{"rendered":"https:\/\/test2.michel-promo.com\/en\/product\/unisex-expert-expolite-thermal-jacket\/"},"modified":"2025-08-14T14:31:48","modified_gmt":"2025-08-14T12:31:48","slug":"unisex-expert-expolite-thermal-jacket","status":"publish","type":"product","link":"https:\/\/test2.michel-promo.com\/hr\/proizvod-2\/unisex-expert-expolite-thermal-jacket\/","title":{"rendered":"Unisex Expert Expolite termalna jakna"},"content":{"rendered":"<p>Standard za hladno vrijeme, ova superlagana kompresibilna jakna odli\u010dan je dodatak svakoj kolekciji radne odje\u0107e. Expolites uske dijagonalne pregrade imaju visokokvalitetno ThermoPro sinteti\u010dko punjenje za izolaciju sli\u010dnu paperju. Uklju\u010duju\u0107i prakti\u010dne d\u017eepove s patentnim zatvara\u010dem, jedan slu\u017ei i kao d\u017eep za odlaganje stvari.<\/p>","protected":false},"excerpt":{"rendered":"<p>Tisak na zahtjev. Mogu\u0107nost koli\u010dinskog popusta.<\/p>","protected":false},"featured_media":377742,"template":"","meta":{"_acf_changed":false},"product_brand":[],"product_cat":[175,238,90],"product_tag":[],"class_list":{"0":"post-380271","1":"product","2":"type-product","3":"status-publish","4":"has-post-thumbnail","6":"product_cat-jackets","7":"product_cat-kataloski","8":"product_cat-textiles-and-fashion","10":"first","11":"instock","12":"taxable","13":"shipping-taxable","14":"purchasable","15":"product-type-variable"},"acf":[],"_links":{"self":[{"href":"https:\/\/test2.michel-promo.com\/hr\/wp-json\/wp\/v2\/product\/380271","targetHints":{"allow":["GET"]}}],"collection":[{"href":"https:\/\/test2.michel-promo.com\/hr\/wp-json\/wp\/v2\/product"}],"about":[{"href":"https:\/\/test2.michel-promo.com\/hr\/wp-json\/wp\/v2\/types\/product"}],"version-history":[{"count":0,"href":"https:\/\/test2.michel-promo.com\/hr\/wp-json\/wp\/v2\/product\/380271\/revisions"}],"wp:featuredmedia":[{"embeddable":true,"href":"https:\/\/test2.michel-promo.com\/hr\/wp-json\/wp\/v2\/media\/377742"}],"wp:attachment":[{"href":"https:\/\/test2.michel-promo.com\/hr\/wp-json\/wp\/v2\/media?parent=380271"}],"wp:term":[{"taxonomy":"product_brand","embeddable":true,"href":"https:\/\/test2.michel-promo.com\/hr\/wp-json\/wp\/v2\/product_brand?post=380271"},{"taxonomy":"product_cat","embeddable":true,"href":"https:\/\/test2.michel-promo.com\/hr\/wp-json\/wp\/v2\/product_cat?post=380271"},{"taxonomy":"product_tag","embeddable":true,"href":"https:\/\/test2.michel-promo.com\/hr\/wp-json\/wp\/v2\/product_tag?post=380271"}],"curies":[{"name":"radni list","href":"https:\/\/api.w.org\/{rel}","templated":true}]}}