{"id":380363,"date":"2025-05-04T23:29:33","date_gmt":"2025-05-04T21:29:33","guid":{"rendered":"https:\/\/test2.michel-promo.com\/en\/product\/womens-expert-kiwi-long-sleeved-shirt\/"},"modified":"2025-08-14T14:32:23","modified_gmt":"2025-08-14T12:32:23","slug":"womens-expert-kiwi-long-sleeved-shirt","status":"publish","type":"product","link":"https:\/\/test2.michel-promo.com\/hr\/proizvod-2\/womens-expert-kiwi-long-sleeved-shirt\/","title":{"rendered":"\u017denska majica dugih rukava Expert Kiwi"},"content":{"rendered":"<p>Klasi\u010dna radna ko\u0161ulja stvorena za udobnost. Brzosu\u0161e\u0107a mje\u0161avina polipamuka ima \u010dvrsto tkanje koje djeluje kao u\u010dinkovita fizi\u010dka barijera protiv uboda insekata.<\/p>","protected":false},"excerpt":{"rendered":"<p>Tisak na zahtjev. Mogu\u0107nost koli\u010dinskog popusta.<\/p>","protected":false},"featured_media":377851,"template":"","meta":{"_acf_changed":false},"product_brand":[],"product_cat":[238,90],"product_tag":[],"class_list":{"0":"post-380363","1":"product","2":"type-product","3":"status-publish","4":"has-post-thumbnail","6":"product_cat-kataloski","7":"product_cat-textiles-and-fashion","9":"first","10":"instock","11":"taxable","12":"shipping-taxable","13":"purchasable","14":"product-type-variable"},"acf":[],"_links":{"self":[{"href":"https:\/\/test2.michel-promo.com\/hr\/wp-json\/wp\/v2\/product\/380363","targetHints":{"allow":["GET"]}}],"collection":[{"href":"https:\/\/test2.michel-promo.com\/hr\/wp-json\/wp\/v2\/product"}],"about":[{"href":"https:\/\/test2.michel-promo.com\/hr\/wp-json\/wp\/v2\/types\/product"}],"version-history":[{"count":0,"href":"https:\/\/test2.michel-promo.com\/hr\/wp-json\/wp\/v2\/product\/380363\/revisions"}],"wp:featuredmedia":[{"embeddable":true,"href":"https:\/\/test2.michel-promo.com\/hr\/wp-json\/wp\/v2\/media\/377851"}],"wp:attachment":[{"href":"https:\/\/test2.michel-promo.com\/hr\/wp-json\/wp\/v2\/media?parent=380363"}],"wp:term":[{"taxonomy":"product_brand","embeddable":true,"href":"https:\/\/test2.michel-promo.com\/hr\/wp-json\/wp\/v2\/product_brand?post=380363"},{"taxonomy":"product_cat","embeddable":true,"href":"https:\/\/test2.michel-promo.com\/hr\/wp-json\/wp\/v2\/product_cat?post=380363"},{"taxonomy":"product_tag","embeddable":true,"href":"https:\/\/test2.michel-promo.com\/hr\/wp-json\/wp\/v2\/product_tag?post=380363"}],"curies":[{"name":"radni list","href":"https:\/\/api.w.org\/{rel}","templated":true}]}}