{"id":380834,"date":"2025-05-05T00:08:50","date_gmt":"2025-05-04T22:08:50","guid":{"rendered":"https:\/\/test2.michel-promo.com\/en\/product\/volker\/"},"modified":"2025-08-14T14:35:36","modified_gmt":"2025-08-14T12:35:36","slug":"volker","status":"publish","type":"product","link":"https:\/\/test2.michel-promo.com\/hr\/proizvod-2\/volker\/","title":{"rendered":"Volker"},"content":{"rendered":"<p>Na\u0161 svakodnevni ruksak dizajniran za urbane profesionalce. Napunite ga dvostrukim pretincima, ugra\u0111enim d\u017eepom za prijenosno ra\u010dunalo i dr\u017ea\u010dem za boce za putovanje po gradu.<\/p>","protected":false},"excerpt":{"rendered":"<p>Tisak na zahtjev. Mogu\u0107nost koli\u010dinskog popusta.<\/p>","protected":false},"featured_media":395638,"template":"","meta":{"_acf_changed":false},"product_brand":[],"product_cat":[80,238],"product_tag":[],"class_list":{"0":"post-380834","1":"product","2":"type-product","3":"status-publish","4":"has-post-thumbnail","6":"product_cat-bags-and-travel","7":"product_cat-kataloski","9":"first","10":"instock","11":"taxable","12":"shipping-taxable","13":"purchasable","14":"product-type-variable"},"acf":[],"yoast_head":"<!-- This site is optimized with the Yoast SEO plugin v27.5 - https:\/\/yoast.com\/product\/yoast-seo-wordpress\/ -->\n<title>Volker &#8212; Michel Promo<\/title>\n<meta name=\"robots\" content=\"noindex, follow, max-snippet:-1, max-image-preview:large, max-video-preview:-1\" \/>\n<meta property=\"og:locale\" content=\"hr_HR\" \/>\n<meta property=\"og:type\" content=\"article\" \/>\n<meta property=\"og:title\" content=\"Volker &#8212; Michel Promo\" \/>\n<meta property=\"og:description\" content=\"Print on request. Quantity discount available.\" \/>\n<meta property=\"og:url\" content=\"https:\/\/test2.michel-promo.com\/hr\/proizvod-2\/volker\/\" \/>\n<meta property=\"og:site_name\" content=\"Michel Promo\" \/>\n<meta property=\"article:modified_time\" content=\"2025-08-14T12:35:36+00:00\" \/>\n<meta property=\"og:image\" content=\"http:\/\/test2.michel-promo.com\/wp-content\/uploads\/2025\/05\/EK0-A5-BEW-W33-AUTH-UC215819-m-Mid-scaled-6.jpg\" \/>\n\t<meta property=\"og:image:width\" content=\"2560\" \/>\n\t<meta property=\"og:image:height\" content=\"2560\" \/>\n\t<meta property=\"og:image:type\" content=\"image\/jpeg\" \/>\n<meta name=\"twitter:card\" content=\"summary_large_image\" \/>\n<script type=\"application\/ld+json\" class=\"yoast-schema-graph\">{\"@context\":\"https:\\\/\\\/schema.org\",\"@graph\":[{\"@type\":\"WebPage\",\"@id\":\"https:\\\/\\\/test2.michel-promo.com\\\/en\\\/product\\\/volker\\\/\",\"url\":\"https:\\\/\\\/test2.michel-promo.com\\\/en\\\/product\\\/volker\\\/\",\"name\":\"Volker &#8212; Michel Promo\",\"isPartOf\":{\"@id\":\"https:\\\/\\\/test2.michel-promo.com\\\/#website\"},\"primaryImageOfPage\":{\"@id\":\"https:\\\/\\\/test2.michel-promo.com\\\/en\\\/product\\\/volker\\\/#primaryimage\"},\"image\":{\"@id\":\"https:\\\/\\\/test2.michel-promo.com\\\/en\\\/product\\\/volker\\\/#primaryimage\"},\"thumbnailUrl\":\"https:\\\/\\\/test2.michel-promo.com\\\/wp-content\\\/uploads\\\/2025\\\/05\\\/EK0-A5-BEW-W33-AUTH-UC215819-m-Mid-scaled-6.jpg\",\"datePublished\":\"2025-05-04T22:08:50+00:00\",\"dateModified\":\"2025-08-14T12:35:36+00:00\",\"breadcrumb\":{\"@id\":\"https:\\\/\\\/test2.michel-promo.com\\\/en\\\/product\\\/volker\\\/#breadcrumb\"},\"inLanguage\":\"hr\",\"potentialAction\":[{\"@type\":\"ReadAction\",\"target\":[\"https:\\\/\\\/test2.michel-promo.com\\\/en\\\/product\\\/volker\\\/\"]}]},{\"@type\":\"ImageObject\",\"inLanguage\":\"hr\",\"@id\":\"https:\\\/\\\/test2.michel-promo.com\\\/en\\\/product\\\/volker\\\/#primaryimage\",\"url\":\"https:\\\/\\\/test2.michel-promo.com\\\/wp-content\\\/uploads\\\/2025\\\/05\\\/EK0-A5-BEW-W33-AUTH-UC215819-m-Mid-scaled-6.jpg\",\"contentUrl\":\"https:\\\/\\\/test2.michel-promo.com\\\/wp-content\\\/uploads\\\/2025\\\/05\\\/EK0-A5-BEW-W33-AUTH-UC215819-m-Mid-scaled-6.jpg\",\"width\":2560,\"height\":2560},{\"@type\":\"BreadcrumbList\",\"@id\":\"https:\\\/\\\/test2.michel-promo.com\\\/en\\\/product\\\/volker\\\/#breadcrumb\",\"itemListElement\":[{\"@type\":\"ListItem\",\"position\":1,\"name\":\"Po\u010detna stranica\",\"item\":\"https:\\\/\\\/test2.michel-promo.com\\\/\"},{\"@type\":\"ListItem\",\"position\":2,\"name\":\"Shop\",\"item\":\"https:\\\/\\\/test2.michel-promo.com\\\/en\\\/shop\\\/\"},{\"@type\":\"ListItem\",\"position\":3,\"name\":\"Volker\"}]},{\"@type\":\"WebSite\",\"@id\":\"https:\\\/\\\/test2.michel-promo.com\\\/#website\",\"url\":\"https:\\\/\\\/test2.michel-promo.com\\\/\",\"name\":\"Michel Promo - Webshop promotivnih materijala\",\"description\":\"Poslovni pokloni i promo materijali\",\"publisher\":{\"@id\":\"https:\\\/\\\/test2.michel-promo.com\\\/#organization\"},\"alternateName\":\"Webshop promotivnih materijala\",\"potentialAction\":[{\"@type\":\"SearchAction\",\"target\":{\"@type\":\"EntryPoint\",\"urlTemplate\":\"https:\\\/\\\/test2.michel-promo.com\\\/?s={search_term_string}\"},\"query-input\":{\"@type\":\"PropertyValueSpecification\",\"valueRequired\":true,\"valueName\":\"search_term_string\"}}],\"inLanguage\":\"hr\"},{\"@type\":\"Organization\",\"@id\":\"https:\\\/\\\/test2.michel-promo.com\\\/#organization\",\"name\":\"Michel Promo\",\"alternateName\":\"Studio promotivnih materijala\",\"url\":\"https:\\\/\\\/test2.michel-promo.com\\\/\",\"logo\":{\"@type\":\"ImageObject\",\"inLanguage\":\"hr\",\"@id\":\"https:\\\/\\\/test2.michel-promo.com\\\/#\\\/schema\\\/logo\\\/image\\\/\",\"url\":\"http:\\\/\\\/test2.michel-promo.com\\\/wp-content\\\/uploads\\\/2024\\\/05\\\/cropped-Widget-logo.png\",\"contentUrl\":\"http:\\\/\\\/test2.michel-promo.com\\\/wp-content\\\/uploads\\\/2024\\\/05\\\/cropped-Widget-logo.png\",\"width\":512,\"height\":512,\"caption\":\"Michel Promo\"},\"image\":{\"@id\":\"https:\\\/\\\/test2.michel-promo.com\\\/#\\\/schema\\\/logo\\\/image\\\/\"},\"sameAs\":[\"https:\\\/\\\/www.instagram.com\\\/promo_michel\\\/\",\"https:\\\/\\\/www.linkedin.com\\\/company\\\/michel-promo\\\/\"]}]}<\/script>\n<!-- \/ Yoast SEO plugin. -->","yoast_head_json":{"title":"Volker \u2014 Michel Promo","robots":{"index":"noindex","follow":"follow","max-snippet":"max-snippet:-1","max-image-preview":"max-image-preview:large","max-video-preview":"max-video-preview:-1"},"og_locale":"hr_HR","og_type":"article","og_title":"Volker &#8212; Michel Promo","og_description":"Print on request. Quantity discount available.","og_url":"https:\/\/test2.michel-promo.com\/hr\/proizvod-2\/volker\/","og_site_name":"Michel Promo","article_modified_time":"2025-08-14T12:35:36+00:00","og_image":[{"width":2560,"height":2560,"url":"http:\/\/test2.michel-promo.com\/wp-content\/uploads\/2025\/05\/EK0-A5-BEW-W33-AUTH-UC215819-m-Mid-scaled-6.jpg","type":"image\/jpeg"}],"twitter_card":"summary_large_image","schema":{"@context":"https:\/\/schema.org","@graph":[{"@type":"WebPage","@id":"https:\/\/test2.michel-promo.com\/en\/product\/volker\/","url":"https:\/\/test2.michel-promo.com\/en\/product\/volker\/","name":"Volker \u2014 Michel Promo","isPartOf":{"@id":"https:\/\/test2.michel-promo.com\/#website"},"primaryImageOfPage":{"@id":"https:\/\/test2.michel-promo.com\/en\/product\/volker\/#primaryimage"},"image":{"@id":"https:\/\/test2.michel-promo.com\/en\/product\/volker\/#primaryimage"},"thumbnailUrl":"https:\/\/test2.michel-promo.com\/wp-content\/uploads\/2025\/05\/EK0-A5-BEW-W33-AUTH-UC215819-m-Mid-scaled-6.jpg","datePublished":"2025-05-04T22:08:50+00:00","dateModified":"2025-08-14T12:35:36+00:00","breadcrumb":{"@id":"https:\/\/test2.michel-promo.com\/en\/product\/volker\/#breadcrumb"},"inLanguage":"hr","potentialAction":[{"@type":"ReadAction","target":["https:\/\/test2.michel-promo.com\/en\/product\/volker\/"]}]},{"@type":"ImageObject","inLanguage":"hr","@id":"https:\/\/test2.michel-promo.com\/en\/product\/volker\/#primaryimage","url":"https:\/\/test2.michel-promo.com\/wp-content\/uploads\/2025\/05\/EK0-A5-BEW-W33-AUTH-UC215819-m-Mid-scaled-6.jpg","contentUrl":"https:\/\/test2.michel-promo.com\/wp-content\/uploads\/2025\/05\/EK0-A5-BEW-W33-AUTH-UC215819-m-Mid-scaled-6.jpg","width":2560,"height":2560},{"@type":"BreadcrumbList","@id":"https:\/\/test2.michel-promo.com\/en\/product\/volker\/#breadcrumb","itemListElement":[{"@type":"ListItem","position":1,"name":"Po\u010detna stranica","item":"https:\/\/test2.michel-promo.com\/"},{"@type":"ListItem","position":2,"name":"Shop","item":"https:\/\/test2.michel-promo.com\/en\/shop\/"},{"@type":"ListItem","position":3,"name":"Volker"}]},{"@type":"WebSite","@id":"https:\/\/test2.michel-promo.com\/#website","url":"https:\/\/test2.michel-promo.com\/","name":"Michel Promo - Webshop promotivnih materijala","description":"Poslovni pokloni i promo materijali","publisher":{"@id":"https:\/\/test2.michel-promo.com\/#organization"},"alternateName":"Webshop promotivnih materijala","potentialAction":[{"@type":"SearchAction","target":{"@type":"EntryPoint","urlTemplate":"https:\/\/test2.michel-promo.com\/?s={search_term_string}"},"query-input":{"@type":"PropertyValueSpecification","valueRequired":true,"valueName":"search_term_string"}}],"inLanguage":"hr"},{"@type":"Organization","@id":"https:\/\/test2.michel-promo.com\/#organization","name":"Michel Promo","alternateName":"Studio promotivnih materijala","url":"https:\/\/test2.michel-promo.com\/","logo":{"@type":"ImageObject","inLanguage":"hr","@id":"https:\/\/test2.michel-promo.com\/#\/schema\/logo\/image\/","url":"http:\/\/test2.michel-promo.com\/wp-content\/uploads\/2024\/05\/cropped-Widget-logo.png","contentUrl":"http:\/\/test2.michel-promo.com\/wp-content\/uploads\/2024\/05\/cropped-Widget-logo.png","width":512,"height":512,"caption":"Michel Promo"},"image":{"@id":"https:\/\/test2.michel-promo.com\/#\/schema\/logo\/image\/"},"sameAs":["https:\/\/www.instagram.com\/promo_michel\/","https:\/\/www.linkedin.com\/company\/michel-promo\/"]}]}},"_links":{"self":[{"href":"https:\/\/test2.michel-promo.com\/hr\/wp-json\/wp\/v2\/product\/380834","targetHints":{"allow":["GET"]}}],"collection":[{"href":"https:\/\/test2.michel-promo.com\/hr\/wp-json\/wp\/v2\/product"}],"about":[{"href":"https:\/\/test2.michel-promo.com\/hr\/wp-json\/wp\/v2\/types\/product"}],"version-history":[{"count":0,"href":"https:\/\/test2.michel-promo.com\/hr\/wp-json\/wp\/v2\/product\/380834\/revisions"}],"wp:featuredmedia":[{"embeddable":true,"href":"https:\/\/test2.michel-promo.com\/hr\/wp-json\/wp\/v2\/media\/395638"}],"wp:attachment":[{"href":"https:\/\/test2.michel-promo.com\/hr\/wp-json\/wp\/v2\/media?parent=380834"}],"wp:term":[{"taxonomy":"product_brand","embeddable":true,"href":"https:\/\/test2.michel-promo.com\/hr\/wp-json\/wp\/v2\/product_brand?post=380834"},{"taxonomy":"product_cat","embeddable":true,"href":"https:\/\/test2.michel-promo.com\/hr\/wp-json\/wp\/v2\/product_cat?post=380834"},{"taxonomy":"product_tag","embeddable":true,"href":"https:\/\/test2.michel-promo.com\/hr\/wp-json\/wp\/v2\/product_tag?post=380834"}],"curies":[{"name":"radni list","href":"https:\/\/api.w.org\/{rel}","templated":true}]}}