{"id":380852,"date":"2025-05-05T00:09:40","date_gmt":"2025-05-04T22:09:40","guid":{"rendered":"https:\/\/test2.michel-promo.com\/en\/product\/tight-daypack\/"},"modified":"2025-08-14T14:36:38","modified_gmt":"2025-08-14T12:36:38","slug":"tight-daypack","status":"publish","type":"product","link":"https:\/\/test2.michel-promo.com\/hr\/proizvod-2\/tight-daypack\/","title":{"rendered":"Uski ruksak"},"content":{"rendered":"<p>Nova generacija Tight ruksaka kombinira reciklirane materijale s prepoznatljivim, ikoni\u010dnim dizajnom. Prednji i bo\u010dni paneli u obliku suze pru\u017eaju nisko te\u017ei\u0161te, \u0161to ga \u010dini idealnim za sve vrste aktivnosti i - kao \u0161to i samo ime govori - \u010dvrsto prianja uz le\u0111a zahvaljuju\u0107i konturiranim naramenicama i ergonomski oblikovanoj stra\u017enjoj plo\u010di. Opremljen je dodatnim to\u010dkama za no\u0161enje i pametnim zna\u010dajkama.<\/p>","protected":false},"excerpt":{"rendered":"<p>Tisak na zahtjev. Mogu\u0107nost koli\u010dinskog popusta.<\/p>","protected":false},"featured_media":395656,"template":"","meta":{"_acf_changed":false},"product_brand":[],"product_cat":[80,238],"product_tag":[],"class_list":{"0":"post-380852","1":"product","2":"type-product","3":"status-publish","4":"has-post-thumbnail","6":"product_cat-bags-and-travel","7":"product_cat-kataloski","9":"first","10":"instock","11":"taxable","12":"shipping-taxable","13":"purchasable","14":"product-type-variable"},"acf":[],"_links":{"self":[{"href":"https:\/\/test2.michel-promo.com\/hr\/wp-json\/wp\/v2\/product\/380852","targetHints":{"allow":["GET"]}}],"collection":[{"href":"https:\/\/test2.michel-promo.com\/hr\/wp-json\/wp\/v2\/product"}],"about":[{"href":"https:\/\/test2.michel-promo.com\/hr\/wp-json\/wp\/v2\/types\/product"}],"version-history":[{"count":0,"href":"https:\/\/test2.michel-promo.com\/hr\/wp-json\/wp\/v2\/product\/380852\/revisions"}],"wp:featuredmedia":[{"embeddable":true,"href":"https:\/\/test2.michel-promo.com\/hr\/wp-json\/wp\/v2\/media\/395656"}],"wp:attachment":[{"href":"https:\/\/test2.michel-promo.com\/hr\/wp-json\/wp\/v2\/media?parent=380852"}],"wp:term":[{"taxonomy":"product_brand","embeddable":true,"href":"https:\/\/test2.michel-promo.com\/hr\/wp-json\/wp\/v2\/product_brand?post=380852"},{"taxonomy":"product_cat","embeddable":true,"href":"https:\/\/test2.michel-promo.com\/hr\/wp-json\/wp\/v2\/product_cat?post=380852"},{"taxonomy":"product_tag","embeddable":true,"href":"https:\/\/test2.michel-promo.com\/hr\/wp-json\/wp\/v2\/product_tag?post=380852"}],"curies":[{"name":"radni list","href":"https:\/\/api.w.org\/{rel}","templated":true}]}}