{"id":380855,"date":"2025-05-05T00:09:47","date_gmt":"2025-05-04T22:09:47","guid":{"rendered":"https:\/\/test2.michel-promo.com\/en\/product\/womens-buteo-mid-jacket\/"},"modified":"2025-08-14T14:36:38","modified_gmt":"2025-08-14T12:36:38","slug":"womens-buteo-mid-jacket","status":"publish","type":"product","link":"https:\/\/test2.michel-promo.com\/hr\/proizvod-2\/womens-buteo-mid-jacket\/","title":{"rendered":"\u017denska Buteo Mid jakna"},"content":{"rendered":"<p>S toliko avantura na otvorenom koje vas o\u010dekuju, svakako u svojoj opremi imajte pri ruci pouzdani srednji sloj. Ova vi\u0161enamjenska jakna nudi izvrsna svojstva upravljanja vlagom i izolacije, \u0161to je \u010dini idealnom za slojevito obla\u010denje ili jednostavno samostalno no\u0161enje. Izra\u0111ena je od recikliranog poliestera i ima optimiziran uzorak za smanjenje otpada. Opremljena je s dva d\u017eepa s patentnim zatvara\u010dem za va\u0161e osnovne stvari. Savr\u0161ena je za planinarenje, ali dovoljno svestrana za sve vrste aktivnosti na otvorenom.<\/p>","protected":false},"excerpt":{"rendered":"<p>Tisak na zahtjev. Mogu\u0107nost koli\u010dinskog popusta.<\/p>","protected":false},"featured_media":395659,"template":"","meta":{"_acf_changed":false},"product_brand":[],"product_cat":[175,238,90],"product_tag":[],"class_list":{"0":"post-380855","1":"product","2":"type-product","3":"status-publish","4":"has-post-thumbnail","6":"product_cat-jackets","7":"product_cat-kataloski","8":"product_cat-textiles-and-fashion","10":"first","11":"instock","12":"taxable","13":"shipping-taxable","14":"purchasable","15":"product-type-variable"},"acf":[],"_links":{"self":[{"href":"https:\/\/test2.michel-promo.com\/hr\/wp-json\/wp\/v2\/product\/380855","targetHints":{"allow":["GET"]}}],"collection":[{"href":"https:\/\/test2.michel-promo.com\/hr\/wp-json\/wp\/v2\/product"}],"about":[{"href":"https:\/\/test2.michel-promo.com\/hr\/wp-json\/wp\/v2\/types\/product"}],"version-history":[{"count":0,"href":"https:\/\/test2.michel-promo.com\/hr\/wp-json\/wp\/v2\/product\/380855\/revisions"}],"wp:featuredmedia":[{"embeddable":true,"href":"https:\/\/test2.michel-promo.com\/hr\/wp-json\/wp\/v2\/media\/395659"}],"wp:attachment":[{"href":"https:\/\/test2.michel-promo.com\/hr\/wp-json\/wp\/v2\/media?parent=380855"}],"wp:term":[{"taxonomy":"product_brand","embeddable":true,"href":"https:\/\/test2.michel-promo.com\/hr\/wp-json\/wp\/v2\/product_brand?post=380855"},{"taxonomy":"product_cat","embeddable":true,"href":"https:\/\/test2.michel-promo.com\/hr\/wp-json\/wp\/v2\/product_cat?post=380855"},{"taxonomy":"product_tag","embeddable":true,"href":"https:\/\/test2.michel-promo.com\/hr\/wp-json\/wp\/v2\/product_tag?post=380855"}],"curies":[{"name":"radni list","href":"https:\/\/api.w.org\/{rel}","templated":true}]}}