{"id":380883,"date":"2025-05-05T00:11:04","date_gmt":"2025-05-04T22:11:04","guid":{"rendered":"https:\/\/test2.michel-promo.com\/en\/product\/mens-classic-polo\/"},"modified":"2025-08-14T14:38:18","modified_gmt":"2025-08-14T12:38:18","slug":"mens-classic-polo","status":"publish","type":"product","link":"https:\/\/test2.michel-promo.com\/hr\/proizvod-2\/mens-classic-polo\/","title":{"rendered":"Mu\u0161ka klasi\u010dna polo majica"},"content":{"rendered":"<p>Manchester Polo obavlja posao. Dio je na\u0161e osnovne kolekcije s naglaskom na dobar kroj i kvalitetne tkanine.<\/p>","protected":false},"excerpt":{"rendered":"<p>Tisak na zahtjev. Mogu\u0107nost koli\u010dinskog popusta.<\/p>","protected":false},"featured_media":395684,"template":"","meta":{"_acf_changed":false},"product_brand":[],"product_cat":[238,183,90],"product_tag":[],"class_list":{"0":"post-380883","1":"product","2":"type-product","3":"status-publish","4":"has-post-thumbnail","6":"product_cat-kataloski","7":"product_cat-t-shirts","8":"product_cat-textiles-and-fashion","10":"first","11":"instock","12":"taxable","13":"shipping-taxable","14":"purchasable","15":"product-type-variable"},"acf":[],"_links":{"self":[{"href":"https:\/\/test2.michel-promo.com\/hr\/wp-json\/wp\/v2\/product\/380883","targetHints":{"allow":["GET"]}}],"collection":[{"href":"https:\/\/test2.michel-promo.com\/hr\/wp-json\/wp\/v2\/product"}],"about":[{"href":"https:\/\/test2.michel-promo.com\/hr\/wp-json\/wp\/v2\/types\/product"}],"version-history":[{"count":0,"href":"https:\/\/test2.michel-promo.com\/hr\/wp-json\/wp\/v2\/product\/380883\/revisions"}],"wp:featuredmedia":[{"embeddable":true,"href":"https:\/\/test2.michel-promo.com\/hr\/wp-json\/wp\/v2\/media\/395684"}],"wp:attachment":[{"href":"https:\/\/test2.michel-promo.com\/hr\/wp-json\/wp\/v2\/media?parent=380883"}],"wp:term":[{"taxonomy":"product_brand","embeddable":true,"href":"https:\/\/test2.michel-promo.com\/hr\/wp-json\/wp\/v2\/product_brand?post=380883"},{"taxonomy":"product_cat","embeddable":true,"href":"https:\/\/test2.michel-promo.com\/hr\/wp-json\/wp\/v2\/product_cat?post=380883"},{"taxonomy":"product_tag","embeddable":true,"href":"https:\/\/test2.michel-promo.com\/hr\/wp-json\/wp\/v2\/product_tag?post=380883"}],"curies":[{"name":"radni list","href":"https:\/\/api.w.org\/{rel}","templated":true}]}}