{"id":380913,"date":"2025-05-05T00:12:19","date_gmt":"2025-05-04T22:12:19","guid":{"rendered":"https:\/\/test2.michel-promo.com\/en\/product\/mens-kensington-softshell-jacket\/"},"modified":"2025-08-14T14:39:37","modified_gmt":"2025-08-14T12:39:37","slug":"mens-kensington-softshell-jacket","status":"publish","type":"product","link":"https:\/\/test2.michel-promo.com\/hr\/proizvod-2\/mens-kensington-softshell-jacket\/","title":{"rendered":"Mu\u0161ka Kensington softshell jakna"},"content":{"rendered":"<p>Kensington Softshell jakna izvrstan je izbor za obrtnike koji cijene jednostavnost i prakti\u010dnost. Visoki ovratnik ima unutra\u0161njost od bru\u0161enog flisa, a stra\u017enji rub je produ\u017een za pobolj\u0161anu udobnost. Jakna tako\u0111er ima vi\u0161e YKK d\u017eepova s patentnim zatvara\u010dem i d\u017eep na prsima s rupom za kabel slu\u0161alica koji smanjuje nepotrebno petljanje.<\/p>","protected":false},"excerpt":{"rendered":"<p>Tisak na zahtjev. Mogu\u0107nost koli\u010dinskog popusta.<\/p>","protected":false},"featured_media":395716,"template":"","meta":{"_acf_changed":false},"product_brand":[],"product_cat":[175,238,90],"product_tag":[],"class_list":{"0":"post-380913","1":"product","2":"type-product","3":"status-publish","4":"has-post-thumbnail","6":"product_cat-jackets","7":"product_cat-kataloski","8":"product_cat-textiles-and-fashion","10":"first","11":"instock","12":"taxable","13":"shipping-taxable","14":"purchasable","15":"product-type-variable"},"acf":[],"_links":{"self":[{"href":"https:\/\/test2.michel-promo.com\/hr\/wp-json\/wp\/v2\/product\/380913","targetHints":{"allow":["GET"]}}],"collection":[{"href":"https:\/\/test2.michel-promo.com\/hr\/wp-json\/wp\/v2\/product"}],"about":[{"href":"https:\/\/test2.michel-promo.com\/hr\/wp-json\/wp\/v2\/types\/product"}],"version-history":[{"count":0,"href":"https:\/\/test2.michel-promo.com\/hr\/wp-json\/wp\/v2\/product\/380913\/revisions"}],"wp:featuredmedia":[{"embeddable":true,"href":"https:\/\/test2.michel-promo.com\/hr\/wp-json\/wp\/v2\/media\/395716"}],"wp:attachment":[{"href":"https:\/\/test2.michel-promo.com\/hr\/wp-json\/wp\/v2\/media?parent=380913"}],"wp:term":[{"taxonomy":"product_brand","embeddable":true,"href":"https:\/\/test2.michel-promo.com\/hr\/wp-json\/wp\/v2\/product_brand?post=380913"},{"taxonomy":"product_cat","embeddable":true,"href":"https:\/\/test2.michel-promo.com\/hr\/wp-json\/wp\/v2\/product_cat?post=380913"},{"taxonomy":"product_tag","embeddable":true,"href":"https:\/\/test2.michel-promo.com\/hr\/wp-json\/wp\/v2\/product_tag?post=380913"}],"curies":[{"name":"radni list","href":"https:\/\/api.w.org\/{rel}","templated":true}]}}